{"id":1089,"date":"2026-03-12T22:46:51","date_gmt":"2026-03-12T22:46:51","guid":{"rendered":"https:\/\/www.cuscoairporttransport.com\/es\/?post_type=product&#038;p=1089"},"modified":"2026-03-12T22:48:25","modified_gmt":"2026-03-12T22:48:25","slug":"tour-ano-nuevo-en-cusco-y-machu-picchu","status":"publish","type":"product","link":"https:\/\/www.cuscoairporttransport.com\/es\/tours\/tour-ano-nuevo-en-cusco-y-machu-picchu\/","title":{"rendered":"Tour A\u00f1o Nuevo en Cusco y Machu Picchu 2027"},"content":{"rendered":"<p><strong>Tour A\u00f1o Nuevo en Cusco y Machu Picchu 2027<\/strong>. Recibe el a\u00f1o nuevo en la <a href=\"https:\/\/www.mountainvinicunca.com\/es\/tours\/city-tour-en-la-ciudad-del-cusco\/\" target=\"_blank\" rel=\"noopener\">ciudad del Cusco<\/a> y vive una de las mejores experiencias, este tour se puede adaptar a las fecha de tu viaje y podemos armarte un itinerario flexible para tu viaje. Tambi\u00e9n tenemos itinerarios ya disponibles para que puedas escoger y reservar tu viaje a Cusco y <a href=\"https:\/\/www.cuscoairporttransport.com\/es\/tours\/tour-privado-machu-picchu-en-1-dia\/\" target=\"_blank\" rel=\"noopener\">Machu Picchu<\/a> y recibir el nuevo a\u00f1o.<\/p>\n<h2>A\u00f1o Nuevo en Cusco<\/h2>\n<p>Solicita tu cotizaci\u00f3n en linea v\u00eda <strong>WhatsApp<\/strong> y nuestro agente te ayudara r\u00e1pidamente.<\/p>\n<table style=\"height: 86px;\" width=\"240\">\n<tbody>\n<tr>\n<td style=\"background-color: #ff3333; border-color: #ff3333; text-align: center;\"><a href=\"https:\/\/wa.me\/51989694842\"><span style=\"color: #ffffff;\">WhatsApp: Reservar<\/span><\/a><\/td>\n<\/tr>\n<tr>\n<td style=\"border-color: #ffffff;\"><\/td>\n<\/tr>\n<\/tbody>\n<\/table>\n<p><strong>Incluye<\/strong><br \/>\n<i class=\"fa fa-check icon-tick icon-tick--on\"><\/i> Recojo del Aeropuerto a tu Hotel\/Airbnb en Cusco<br \/>\n<i class=\"fa fa-check icon-tick icon-tick--on\"><\/i> Gu\u00eda profesional para cada tour<br \/>\n<i class=\"fa fa-check icon-tick icon-tick--on\"><\/i> Transporte tur\u00edstico para cada tour<br \/>\n<i class=\"fa fa-check icon-tick icon-tick--on\"><\/i> Tren tur\u00edstico desde <a href=\"https:\/\/www.cuscoairporttransport.com\/es\/traslado-desde-cusco-a-ollantaytambo\/\" target=\"_blank\" rel=\"noopener\">Ollantaytambo<\/a> a Aguas Calientes ida y vuelta<br \/>\n<i class=\"fa fa-check icon-tick icon-tick--on\"><\/i> Entrada a Machu Picchu Circuito 2<br \/>\n<i class=\"fa fa-check icon-tick icon-tick--on\"><\/i> Bus desde aguas calientes a Machu picchu ida y vuelta (Compartido)<br \/>\n<i class=\"fa fa-check icon-tick icon-tick--on\"><\/i> Entrada a todos los atractivos tur\u00edsticos a visitar.<br \/>\n<i class=\"fa fa-check icon-tick icon-tick--on\"><\/i> 1 Noche en Aguas Calientes<br \/>\n<i class=\"fa fa-check icon-tick icon-tick--on\"><\/i> Recojo del Hotel\/Airbnb a Aeropuerto Cusco<br \/>\n<i class=\"fa fa-check icon-tick icon-tick--on\"><\/i> Asistencia personalizada<\/p>\n<h3>Itinerario<\/h3>\n<p>Este itinerario puede adaptarse a las fechas de tu viaje, si tienes mas d\u00edas podemos agregar otros tours, solo debes indicarnos al momento de solicitar este tour de a\u00f1o nuevo en Cusco.<\/p>\n<div class=\"timeline\"><div class=\"timeline__item\">\n\t<div class=\"timeline__item__icon-wrap\">\n\t\t<div class=\"timeline__item__icon\">\n\t\t\t<div class=\"timeline__item__icon__text\">1<\/div>\n\t\t<\/div>\n\t<\/div>\n\t<div class=\"timeline__item__content padding-left\">\n\t\t<h3 class=\"timeline__item__title\">29 de diciembre<\/h3>\t\t<div class=\"timeline__item__description\">Recojo del <a href=\"https:\/\/www.cuscoairporttransport.com\/es\/tours\/traslado-aeropuerto-cusco-a-hotel-en-cusco\/\" target=\"_blank\" rel=\"noopener\">Aeropuerto Cusco<\/a> y traslado privado hacia tu hotel en Cusco. Este ideal para aclimatarse.<\/div>\t<\/div>\n<\/div>\n<div class=\"timeline__item\">\n\t<div class=\"timeline__item__icon-wrap\">\n\t\t<div class=\"timeline__item__icon\">\n\t\t\t<div class=\"timeline__item__icon__text\">2<\/div>\n\t\t<\/div>\n\t<\/div>\n\t<div class=\"timeline__item__content padding-left\">\n\t\t<h3 class=\"timeline__item__title\">30 de diciembre<\/h3>\t\t<div class=\"timeline__item__description\">07:30 Comenzara nuestro viaje de Cusco hacia la estaci\u00f3n de Ollantaytambo y durante el viaje haremos paradas para visitar Chinchero, Andenes de Moray, las Salinera de Maras y ollantaytambo.<\/p>\n<p>Para este d\u00eda esta incluido el almuerzo buffet en Urubamba.<\/p>\n<p>15:00 Debes presentarte en la estaci\u00f3n de Ollantaytambo<br \/>\n15:36 Abordaremos el tren tur\u00edstico desde Ollantaytambo a Aguas Calientes<br \/>\n17:10 aprox Llegada a Aguas Calientes, debes dirigirte a la plaza principal y el agente del hotel vendr\u00e1 para llevarte a tu alojamiento respectivo.<\/p>\n<p><strong>Opci\u00f3n<\/strong>: Puedes seleccionar el tren tur\u00edstico expedition (Semi panoramico) o tren vistadome observatory (Panor\u00e1mico)<\/p>\n<p><\/div>\t<\/div>\n<\/div>\n<div class=\"timeline__item\">\n\t<div class=\"timeline__item__icon-wrap\">\n\t\t<div class=\"timeline__item__icon\">\n\t\t\t<div class=\"timeline__item__icon__text\">2<\/div>\n\t\t<\/div>\n\t<\/div>\n\t<div class=\"timeline__item__content padding-left\">\n\t\t<h3 class=\"timeline__item__title\">31 de diciembre<\/h3>\t\t<div class=\"timeline__item__description\"><\/p>\n<p>07:00 Desayuno en el alojamiento<br \/>\n08:00 Bus de subida desde Aguas Calientes a Machu Picchu (Compartido)<br \/>\n09:00 <a href=\"https:\/\/www.mountainpalcoyo.com\/es\/entrada-a-machu-picchu\/\" target=\"_blank\" rel=\"noopener\">Entrada a Machu Picchu<\/a> y guia privado durante 2 horas<br \/>\n11:10 aprox Bus de bajada desde Machu Picchu a Aguas Calientes<br \/>\n16:00 Debes presentarte en la estacion de Aguas Calientes<br \/>\n16:22 Tren turistico desde Aguas Calientes a Ollantaytambo<br \/>\n18:00 Llegada a Ollantaytambo y nuestro conductor te espera en la estaci\u00f3n de Ollantaytambo para retornar a la ciudad del Cusco,<br \/>\n19:30 Llegada a Cusco y drop off en tu Hotel.<\/p>\n<p><strong>Opcional<\/strong>:<\/p>\n<p>Por la noche puedes dirigirte a la plaza de armas del Cusco donde miles de personas se re\u00fanen en este punto para recibir el a\u00f1o nuevo, una tradici\u00f3n muy bonita en la ciudad Cusco y tambien podr\u00e1s disfrutar de un concierto en vivo y fuegos artificiales. Una vez recibido el a\u00f1o nuevo puedes dar vuelta toda la plaza de armas cantando con miles de personas a tu alrededor. Una experiencia \u00fanica en la vida!<\/p>\n<p><strong>PD<\/strong>: Los horarios de entrada a Machu Picchu puede variar, esta sujeto a disponibilidad.<\/p>\n<p><\/div>\t<\/div>\n<\/div>\n<div class=\"timeline__item\">\n\t<div class=\"timeline__item__icon-wrap\">\n\t\t<div class=\"timeline__item__icon\">\n\t\t\t<div class=\"timeline__item__icon__text\">2<\/div>\n\t\t<\/div>\n\t<\/div>\n\t<div class=\"timeline__item__content padding-left\">\n\t\t<h3 class=\"timeline__item__title\">1 de Enero<\/h3>\t\t<div class=\"timeline__item__description\"><\/p>\n<p>00:00 A la hora acordada nuestro conductor vendr\u00e1 a tu Hotel para llevarte al Aeropuerto del Cusco.<br \/>\nFin de nuestros servicios!<\/p>\n<p><\/div>\t<\/div>\n<\/div>\n<\/div>\n<p><img loading=\"lazy\" decoding=\"async\" class=\"alignnone size-full wp-image-1091\" src=\"https:\/\/www.cuscoairporttransport.com\/es\/wp-content\/uploads\/2026\/03\/machu-picchu-ano-nuevo.jpg\" alt=\"machu picchu a\u00f1o nuevo\" width=\"1280\" height=\"960\" srcset=\"https:\/\/www.cuscoairporttransport.com\/es\/wp-content\/uploads\/2026\/03\/machu-picchu-ano-nuevo.jpg 1280w, https:\/\/www.cuscoairporttransport.com\/es\/wp-content\/uploads\/2026\/03\/machu-picchu-ano-nuevo-300x225.jpg 300w, https:\/\/www.cuscoairporttransport.com\/es\/wp-content\/uploads\/2026\/03\/machu-picchu-ano-nuevo-1024x768.jpg 1024w, https:\/\/www.cuscoairporttransport.com\/es\/wp-content\/uploads\/2026\/03\/machu-picchu-ano-nuevo-768x576.jpg 768w, https:\/\/www.cuscoairporttransport.com\/es\/wp-content\/uploads\/2026\/03\/machu-picchu-ano-nuevo-600x450.jpg 600w\" sizes=\"auto, (max-width: 1280px) 100vw, 1280px\" \/><\/p>\n<p><img loading=\"lazy\" decoding=\"async\" class=\"alignnone size-full wp-image-1092\" src=\"https:\/\/www.cuscoairporttransport.com\/es\/wp-content\/uploads\/2026\/03\/ano-nuevo-cusco.jpg\" alt=\"a\u00f1o nuevo cusco\" width=\"1280\" height=\"702\" srcset=\"https:\/\/www.cuscoairporttransport.com\/es\/wp-content\/uploads\/2026\/03\/ano-nuevo-cusco.jpg 1280w, https:\/\/www.cuscoairporttransport.com\/es\/wp-content\/uploads\/2026\/03\/ano-nuevo-cusco-300x165.jpg 300w, https:\/\/www.cuscoairporttransport.com\/es\/wp-content\/uploads\/2026\/03\/ano-nuevo-cusco-1024x562.jpg 1024w, https:\/\/www.cuscoairporttransport.com\/es\/wp-content\/uploads\/2026\/03\/ano-nuevo-cusco-768x421.jpg 768w, https:\/\/www.cuscoairporttransport.com\/es\/wp-content\/uploads\/2026\/03\/ano-nuevo-cusco-600x329.jpg 600w\" sizes=\"auto, (max-width: 1280px) 100vw, 1280px\" \/> <img loading=\"lazy\" decoding=\"async\" class=\"alignnone size-full wp-image-1093\" src=\"https:\/\/www.cuscoairporttransport.com\/es\/wp-content\/uploads\/2026\/03\/cusco-ano-nuevo.jpg\" alt=\"cusco a\u00f1o nuevo\" width=\"1280\" height=\"702\" srcset=\"https:\/\/www.cuscoairporttransport.com\/es\/wp-content\/uploads\/2026\/03\/cusco-ano-nuevo.jpg 1280w, https:\/\/www.cuscoairporttransport.com\/es\/wp-content\/uploads\/2026\/03\/cusco-ano-nuevo-300x165.jpg 300w, https:\/\/www.cuscoairporttransport.com\/es\/wp-content\/uploads\/2026\/03\/cusco-ano-nuevo-1024x562.jpg 1024w, https:\/\/www.cuscoairporttransport.com\/es\/wp-content\/uploads\/2026\/03\/cusco-ano-nuevo-768x421.jpg 768w, https:\/\/www.cuscoairporttransport.com\/es\/wp-content\/uploads\/2026\/03\/cusco-ano-nuevo-600x329.jpg 600w\" sizes=\"auto, (max-width: 1280px) 100vw, 1280px\" \/><\/p>\n<blockquote class=\"instagram-media\" style=\"background: #FFF; border: 0; border-radius: 3px; box-shadow: 0 0 1px 0 rgba(0,0,0,0.5),0 1px 10px 0 rgba(0,0,0,0.15); margin: 1px; max-width: 540px; min-width: 326px; padding: 0; width: calc(100% - 2px);\" data-instgrm-captioned=\"\" data-instgrm-permalink=\"https:\/\/www.instagram.com\/reel\/DVzSkh2D4oO\/?utm_source=ig_embed&amp;utm_campaign=loading\" data-instgrm-version=\"14\">\n<div style=\"padding: 16px;\">\n<p>&nbsp;<\/p>\n<div style=\"display: flex; flex-direction: row; align-items: center;\">\n<div style=\"background-color: #f4f4f4; border-radius: 50%; flex-grow: 0; height: 40px; margin-right: 14px; width: 40px;\"><\/div>\n<div style=\"display: flex; flex-direction: column; flex-grow: 1; justify-content: center;\">\n<div style=\"background-color: #f4f4f4; border-radius: 4px; flex-grow: 0; height: 14px; margin-bottom: 6px; width: 100px;\"><\/div>\n<div style=\"background-color: #f4f4f4; border-radius: 4px; flex-grow: 0; height: 14px; width: 60px;\"><\/div>\n<\/div>\n<\/div>\n<div style=\"padding: 19% 0;\"><\/div>\n<div style=\"display: block; height: 50px; margin: 0 auto 12px; width: 50px;\"><\/div>\n<div style=\"padding-top: 8px;\">\n<div style=\"color: #3897f0; font-family: Arial,sans-serif; font-size: 14px; font-style: normal; font-weight: 550; line-height: 18px;\">Ver esta publicaci\u00f3n en Instagram<\/div>\n<\/div>\n<div style=\"padding: 12.5% 0;\"><\/div>\n<div style=\"display: flex; flex-direction: row; margin-bottom: 14px; align-items: center;\">\n<div>\n<div style=\"background-color: #f4f4f4; border-radius: 50%; height: 12.5px; width: 12.5px; transform: translateX(0px) translateY(7px);\"><\/div>\n<div style=\"background-color: #f4f4f4; height: 12.5px; transform: rotate(-45deg) translateX(3px) translateY(1px); width: 12.5px; flex-grow: 0; margin-right: 14px; margin-left: 2px;\"><\/div>\n<div style=\"background-color: #f4f4f4; border-radius: 50%; height: 12.5px; width: 12.5px; transform: translateX(9px) translateY(-18px);\"><\/div>\n<\/div>\n<div style=\"margin-left: 8px;\">\n<div style=\"background-color: #f4f4f4; border-radius: 50%; flex-grow: 0; height: 20px; width: 20px;\"><\/div>\n<div style=\"width: 0; height: 0; border-top: 2px solid transparent; border-left: 6px solid #f4f4f4; border-bottom: 2px solid transparent; transform: translateX(16px) translateY(-4px) rotate(30deg);\"><\/div>\n<\/div>\n<div style=\"margin-left: auto;\">\n<div style=\"width: 0px; border-top: 8px solid #F4F4F4; border-right: 8px solid transparent; transform: translateY(16px);\"><\/div>\n<div style=\"background-color: #f4f4f4; flex-grow: 0; height: 12px; width: 16px; transform: translateY(-4px);\"><\/div>\n<div style=\"width: 0; height: 0; border-top: 8px solid #F4F4F4; border-left: 8px solid transparent; transform: translateY(-4px) translateX(8px);\"><\/div>\n<\/div>\n<\/div>\n<div style=\"display: flex; flex-direction: column; flex-grow: 1; justify-content: center; margin-bottom: 24px;\">\n<div style=\"background-color: #f4f4f4; border-radius: 4px; flex-grow: 0; height: 14px; margin-bottom: 6px; width: 224px;\"><\/div>\n<div style=\"background-color: #f4f4f4; border-radius: 4px; flex-grow: 0; height: 14px; width: 144px;\"><\/div>\n<\/div>\n<p>&nbsp;<\/p>\n<p style=\"color: #c9c8cd; font-family: Arial,sans-serif; font-size: 14px; line-height: 17px; margin-bottom: 0; margin-top: 8px; overflow: hidden; padding: 8px 0 7px; text-align: center; text-overflow: ellipsis; white-space: nowrap;\"><a style=\"color: #c9c8cd; font-family: Arial,sans-serif; font-size: 14px; font-style: normal; font-weight: normal; line-height: 17px; text-decoration: none;\" href=\"https:\/\/www.instagram.com\/reel\/DVzSkh2D4oO\/?utm_source=ig_embed&amp;utm_campaign=loading\" target=\"_blank\" rel=\"noopener\">Una publicaci\u00f3n compartida por Cusco Airport Transport (@cuscoairporttransport)<\/a><\/p>\n<\/div>\n<\/blockquote>\n<p><script async src=\"\/\/www.instagram.com\/embed.js\"><\/script><\/p>\n","protected":false},"excerpt":{"rendered":"<div class=\"padding-top text-center\"><a href=\"https:\/\/www.cuscoairporttransport.com\/es\/tours\/tour-ano-nuevo-en-cusco-y-machu-picchu\/\" class=\"atbtn atbtn--medium atbtn--rounded atbtn--transparent\">Continuar lectura<i class=\"atbtn__icon atbtn__icon--right fa fa-long-arrow-right\"><\/i><\/a><\/div>\n","protected":false},"featured_media":1090,"comment_status":"closed","ping_status":"closed","template":"","meta":[],"product_brand":[],"product_cat":[20],"product_tag":[],"class_list":{"0":"post-1089","1":"product","2":"type-product","3":"status-publish","4":"has-post-thumbnail","6":"product_cat-tour-privados","7":"tour_category-cusco-tour-privados","9":"first","10":"instock","11":"shipping-taxable","12":"product-type-tour"},"yoast_head":"<!-- This site is optimized with the Yoast SEO plugin v27.1.1 - https:\/\/yoast.com\/product\/yoast-seo-wordpress\/ -->\n<title>Tour A\u00f1o Nuevo en Cusco y Machu Picchu 2027<\/title>\n<meta name=\"description\" content=\"Tour A\u00f1o Nuevo en Cusco y Machu Picchu 2027. Tour ideal para recibir el a\u00f1o nuevo 2027 en la ciudad del Cusco, reserva con anticipaci\u00f3n tu viaje!\" \/>\n<meta name=\"robots\" content=\"index, follow, max-snippet:-1, max-image-preview:large, max-video-preview:-1\" \/>\n<link rel=\"canonical\" href=\"https:\/\/www.cuscoairporttransport.com\/es\/tours\/tour-ano-nuevo-en-cusco-y-machu-picchu\/\" \/>\n<meta property=\"og:locale\" content=\"es_ES\" \/>\n<meta property=\"og:type\" content=\"article\" \/>\n<meta property=\"og:title\" content=\"Tour A\u00f1o Nuevo en Cusco y Machu Picchu 2027\" \/>\n<meta property=\"og:description\" content=\"Tour A\u00f1o Nuevo en Cusco y Machu Picchu 2027. Tour ideal para recibir el a\u00f1o nuevo 2027 en la ciudad del Cusco, reserva con anticipaci\u00f3n tu viaje!\" \/>\n<meta property=\"og:url\" content=\"https:\/\/www.cuscoairporttransport.com\/es\/tours\/tour-ano-nuevo-en-cusco-y-machu-picchu\/\" \/>\n<meta property=\"og:site_name\" content=\"Traslados privados Cusco\" \/>\n<meta property=\"article:publisher\" content=\"https:\/\/www.facebook.com\/cuscoairport\" \/>\n<meta property=\"article:modified_time\" content=\"2026-03-12T22:48:25+00:00\" \/>\n<meta property=\"og:image\" content=\"https:\/\/www.cuscoairporttransport.com\/es\/wp-content\/uploads\/2026\/03\/ano-nuevo-en-Cusco.jpg\" \/>\n\t<meta property=\"og:image:width\" content=\"2000\" \/>\n\t<meta property=\"og:image:height\" content=\"726\" \/>\n\t<meta property=\"og:image:type\" content=\"image\/jpeg\" \/>\n<meta name=\"twitter:card\" content=\"summary_large_image\" \/>\n<meta name=\"twitter:label1\" content=\"Tiempo de lectura\" \/>\n\t<meta name=\"twitter:data1\" content=\"4 minutos\" \/>\n<script type=\"application\/ld+json\" class=\"yoast-schema-graph\">{\"@context\":\"https:\/\/schema.org\",\"@graph\":[{\"@type\":\"WebPage\",\"@id\":\"https:\/\/www.cuscoairporttransport.com\/es\/tours\/tour-ano-nuevo-en-cusco-y-machu-picchu\/\",\"url\":\"https:\/\/www.cuscoairporttransport.com\/es\/tours\/tour-ano-nuevo-en-cusco-y-machu-picchu\/\",\"name\":\"Tour A\u00f1o Nuevo en Cusco y Machu Picchu 2027\",\"isPartOf\":{\"@id\":\"https:\/\/www.cuscoairporttransport.com\/es\/#website\"},\"primaryImageOfPage\":{\"@id\":\"https:\/\/www.cuscoairporttransport.com\/es\/tours\/tour-ano-nuevo-en-cusco-y-machu-picchu\/#primaryimage\"},\"image\":{\"@id\":\"https:\/\/www.cuscoairporttransport.com\/es\/tours\/tour-ano-nuevo-en-cusco-y-machu-picchu\/#primaryimage\"},\"thumbnailUrl\":\"https:\/\/www.cuscoairporttransport.com\/es\/wp-content\/uploads\/2026\/03\/ano-nuevo-en-Cusco.jpg\",\"datePublished\":\"2026-03-12T22:46:51+00:00\",\"dateModified\":\"2026-03-12T22:48:25+00:00\",\"description\":\"Tour A\u00f1o Nuevo en Cusco y Machu Picchu 2027. Tour ideal para recibir el a\u00f1o nuevo 2027 en la ciudad del Cusco, reserva con anticipaci\u00f3n tu viaje!\",\"breadcrumb\":{\"@id\":\"https:\/\/www.cuscoairporttransport.com\/es\/tours\/tour-ano-nuevo-en-cusco-y-machu-picchu\/#breadcrumb\"},\"inLanguage\":\"es\",\"potentialAction\":[{\"@type\":\"ReadAction\",\"target\":[\"https:\/\/www.cuscoairporttransport.com\/es\/tours\/tour-ano-nuevo-en-cusco-y-machu-picchu\/\"]}]},{\"@type\":\"ImageObject\",\"inLanguage\":\"es\",\"@id\":\"https:\/\/www.cuscoairporttransport.com\/es\/tours\/tour-ano-nuevo-en-cusco-y-machu-picchu\/#primaryimage\",\"url\":\"https:\/\/www.cuscoairporttransport.com\/es\/wp-content\/uploads\/2026\/03\/ano-nuevo-en-Cusco.jpg\",\"contentUrl\":\"https:\/\/www.cuscoairporttransport.com\/es\/wp-content\/uploads\/2026\/03\/ano-nuevo-en-Cusco.jpg\",\"width\":2000,\"height\":726,\"caption\":\"a\u00f1o nuevo en Cusco\"},{\"@type\":\"BreadcrumbList\",\"@id\":\"https:\/\/www.cuscoairporttransport.com\/es\/tours\/tour-ano-nuevo-en-cusco-y-machu-picchu\/#breadcrumb\",\"itemListElement\":[{\"@type\":\"ListItem\",\"position\":1,\"name\":\"Portada\",\"item\":\"https:\/\/www.cuscoairporttransport.com\/es\/\"},{\"@type\":\"ListItem\",\"position\":2,\"name\":\"Productos\",\"item\":\"https:\/\/www.cuscoairporttransport.com\/es\/shop\/\"},{\"@type\":\"ListItem\",\"position\":3,\"name\":\"Tour A\u00f1o Nuevo en Cusco y Machu Picchu 2027\"}]},{\"@type\":\"WebSite\",\"@id\":\"https:\/\/www.cuscoairporttransport.com\/es\/#website\",\"url\":\"https:\/\/www.cuscoairporttransport.com\/es\/\",\"name\":\"Traslados Aeropuerto a Hotel en Cusco\",\"description\":\"\",\"publisher\":{\"@id\":\"https:\/\/www.cuscoairporttransport.com\/es\/#organization\"},\"potentialAction\":[{\"@type\":\"SearchAction\",\"target\":{\"@type\":\"EntryPoint\",\"urlTemplate\":\"https:\/\/www.cuscoairporttransport.com\/es\/?s={search_term_string}\"},\"query-input\":{\"@type\":\"PropertyValueSpecification\",\"valueRequired\":true,\"valueName\":\"search_term_string\"}}],\"inLanguage\":\"es\"},{\"@type\":\"Organization\",\"@id\":\"https:\/\/www.cuscoairporttransport.com\/es\/#organization\",\"name\":\"Traslados Aeropuerto a Hotel en Cusco\",\"url\":\"https:\/\/www.cuscoairporttransport.com\/es\/\",\"logo\":{\"@type\":\"ImageObject\",\"inLanguage\":\"es\",\"@id\":\"https:\/\/www.cuscoairporttransport.com\/es\/#\/schema\/logo\/image\/\",\"url\":\"https:\/\/www.cuscoairporttransport.com\/es\/wp-content\/uploads\/2019\/10\/cuscoairporttransport.jpg\",\"contentUrl\":\"https:\/\/www.cuscoairporttransport.com\/es\/wp-content\/uploads\/2019\/10\/cuscoairporttransport.jpg\",\"width\":348,\"height\":113,\"caption\":\"Traslados Aeropuerto a Hotel en Cusco\"},\"image\":{\"@id\":\"https:\/\/www.cuscoairporttransport.com\/es\/#\/schema\/logo\/image\/\"},\"sameAs\":[\"https:\/\/www.facebook.com\/cuscoairport\",\"https:\/\/www.instagram.com\/cuscoairporttransport\/\"]}]}<\/script>\n<!-- \/ Yoast SEO plugin. -->","yoast_head_json":{"title":"Tour A\u00f1o Nuevo en Cusco y Machu Picchu 2027","description":"Tour A\u00f1o Nuevo en Cusco y Machu Picchu 2027. Tour ideal para recibir el a\u00f1o nuevo 2027 en la ciudad del Cusco, reserva con anticipaci\u00f3n tu viaje!","robots":{"index":"index","follow":"follow","max-snippet":"max-snippet:-1","max-image-preview":"max-image-preview:large","max-video-preview":"max-video-preview:-1"},"canonical":"https:\/\/www.cuscoairporttransport.com\/es\/tours\/tour-ano-nuevo-en-cusco-y-machu-picchu\/","og_locale":"es_ES","og_type":"article","og_title":"Tour A\u00f1o Nuevo en Cusco y Machu Picchu 2027","og_description":"Tour A\u00f1o Nuevo en Cusco y Machu Picchu 2027. Tour ideal para recibir el a\u00f1o nuevo 2027 en la ciudad del Cusco, reserva con anticipaci\u00f3n tu viaje!","og_url":"https:\/\/www.cuscoairporttransport.com\/es\/tours\/tour-ano-nuevo-en-cusco-y-machu-picchu\/","og_site_name":"Traslados privados Cusco","article_publisher":"https:\/\/www.facebook.com\/cuscoairport","article_modified_time":"2026-03-12T22:48:25+00:00","og_image":[{"width":2000,"height":726,"url":"https:\/\/www.cuscoairporttransport.com\/es\/wp-content\/uploads\/2026\/03\/ano-nuevo-en-Cusco.jpg","type":"image\/jpeg"}],"twitter_card":"summary_large_image","twitter_misc":{"Tiempo de lectura":"4 minutos"},"schema":{"@context":"https:\/\/schema.org","@graph":[{"@type":"WebPage","@id":"https:\/\/www.cuscoairporttransport.com\/es\/tours\/tour-ano-nuevo-en-cusco-y-machu-picchu\/","url":"https:\/\/www.cuscoairporttransport.com\/es\/tours\/tour-ano-nuevo-en-cusco-y-machu-picchu\/","name":"Tour A\u00f1o Nuevo en Cusco y Machu Picchu 2027","isPartOf":{"@id":"https:\/\/www.cuscoairporttransport.com\/es\/#website"},"primaryImageOfPage":{"@id":"https:\/\/www.cuscoairporttransport.com\/es\/tours\/tour-ano-nuevo-en-cusco-y-machu-picchu\/#primaryimage"},"image":{"@id":"https:\/\/www.cuscoairporttransport.com\/es\/tours\/tour-ano-nuevo-en-cusco-y-machu-picchu\/#primaryimage"},"thumbnailUrl":"https:\/\/www.cuscoairporttransport.com\/es\/wp-content\/uploads\/2026\/03\/ano-nuevo-en-Cusco.jpg","datePublished":"2026-03-12T22:46:51+00:00","dateModified":"2026-03-12T22:48:25+00:00","description":"Tour A\u00f1o Nuevo en Cusco y Machu Picchu 2027. Tour ideal para recibir el a\u00f1o nuevo 2027 en la ciudad del Cusco, reserva con anticipaci\u00f3n tu viaje!","breadcrumb":{"@id":"https:\/\/www.cuscoairporttransport.com\/es\/tours\/tour-ano-nuevo-en-cusco-y-machu-picchu\/#breadcrumb"},"inLanguage":"es","potentialAction":[{"@type":"ReadAction","target":["https:\/\/www.cuscoairporttransport.com\/es\/tours\/tour-ano-nuevo-en-cusco-y-machu-picchu\/"]}]},{"@type":"ImageObject","inLanguage":"es","@id":"https:\/\/www.cuscoairporttransport.com\/es\/tours\/tour-ano-nuevo-en-cusco-y-machu-picchu\/#primaryimage","url":"https:\/\/www.cuscoairporttransport.com\/es\/wp-content\/uploads\/2026\/03\/ano-nuevo-en-Cusco.jpg","contentUrl":"https:\/\/www.cuscoairporttransport.com\/es\/wp-content\/uploads\/2026\/03\/ano-nuevo-en-Cusco.jpg","width":2000,"height":726,"caption":"a\u00f1o nuevo en Cusco"},{"@type":"BreadcrumbList","@id":"https:\/\/www.cuscoairporttransport.com\/es\/tours\/tour-ano-nuevo-en-cusco-y-machu-picchu\/#breadcrumb","itemListElement":[{"@type":"ListItem","position":1,"name":"Portada","item":"https:\/\/www.cuscoairporttransport.com\/es\/"},{"@type":"ListItem","position":2,"name":"Productos","item":"https:\/\/www.cuscoairporttransport.com\/es\/shop\/"},{"@type":"ListItem","position":3,"name":"Tour A\u00f1o Nuevo en Cusco y Machu Picchu 2027"}]},{"@type":"WebSite","@id":"https:\/\/www.cuscoairporttransport.com\/es\/#website","url":"https:\/\/www.cuscoairporttransport.com\/es\/","name":"Traslados Aeropuerto a Hotel en Cusco","description":"","publisher":{"@id":"https:\/\/www.cuscoairporttransport.com\/es\/#organization"},"potentialAction":[{"@type":"SearchAction","target":{"@type":"EntryPoint","urlTemplate":"https:\/\/www.cuscoairporttransport.com\/es\/?s={search_term_string}"},"query-input":{"@type":"PropertyValueSpecification","valueRequired":true,"valueName":"search_term_string"}}],"inLanguage":"es"},{"@type":"Organization","@id":"https:\/\/www.cuscoairporttransport.com\/es\/#organization","name":"Traslados Aeropuerto a Hotel en Cusco","url":"https:\/\/www.cuscoairporttransport.com\/es\/","logo":{"@type":"ImageObject","inLanguage":"es","@id":"https:\/\/www.cuscoairporttransport.com\/es\/#\/schema\/logo\/image\/","url":"https:\/\/www.cuscoairporttransport.com\/es\/wp-content\/uploads\/2019\/10\/cuscoairporttransport.jpg","contentUrl":"https:\/\/www.cuscoairporttransport.com\/es\/wp-content\/uploads\/2019\/10\/cuscoairporttransport.jpg","width":348,"height":113,"caption":"Traslados Aeropuerto a Hotel en Cusco"},"image":{"@id":"https:\/\/www.cuscoairporttransport.com\/es\/#\/schema\/logo\/image\/"},"sameAs":["https:\/\/www.facebook.com\/cuscoairport","https:\/\/www.instagram.com\/cuscoairporttransport\/"]}]}},"_links":{"self":[{"href":"https:\/\/www.cuscoairporttransport.com\/es\/wp-json\/wp\/v2\/product\/1089","targetHints":{"allow":["GET"]}}],"collection":[{"href":"https:\/\/www.cuscoairporttransport.com\/es\/wp-json\/wp\/v2\/product"}],"about":[{"href":"https:\/\/www.cuscoairporttransport.com\/es\/wp-json\/wp\/v2\/types\/product"}],"replies":[{"embeddable":true,"href":"https:\/\/www.cuscoairporttransport.com\/es\/wp-json\/wp\/v2\/comments?post=1089"}],"wp:featuredmedia":[{"embeddable":true,"href":"https:\/\/www.cuscoairporttransport.com\/es\/wp-json\/wp\/v2\/media\/1090"}],"wp:attachment":[{"href":"https:\/\/www.cuscoairporttransport.com\/es\/wp-json\/wp\/v2\/media?parent=1089"}],"wp:term":[{"taxonomy":"product_brand","embeddable":true,"href":"https:\/\/www.cuscoairporttransport.com\/es\/wp-json\/wp\/v2\/product_brand?post=1089"},{"taxonomy":"product_cat","embeddable":true,"href":"https:\/\/www.cuscoairporttransport.com\/es\/wp-json\/wp\/v2\/product_cat?post=1089"},{"taxonomy":"product_tag","embeddable":true,"href":"https:\/\/www.cuscoairporttransport.com\/es\/wp-json\/wp\/v2\/product_tag?post=1089"}],"curies":[{"name":"wp","href":"https:\/\/api.w.org\/{rel}","templated":true}]}}