{"id":1096,"date":"2026-03-26T00:34:51","date_gmt":"2026-03-26T00:34:51","guid":{"rendered":"https:\/\/www.cuscoairporttransport.com\/es\/?post_type=product&#038;p=1096"},"modified":"2026-03-26T00:36:46","modified_gmt":"2026-03-26T00:36:46","slug":"transporte-privado-aeropuerto-cusco-a-hotel-en-cusco","status":"publish","type":"product","link":"https:\/\/www.cuscoairporttransport.com\/es\/tours\/transporte-privado-aeropuerto-cusco-a-hotel-en-cusco\/","title":{"rendered":"Transporte privado Aeropuerto Cusco a Hotel en Cusco"},"content":{"rendered":"<p><strong>Transporte privado Aeropuerto Cusco a Hotel en Cusco<\/strong>. Nuestra agencia de transporte Cusco Airport Transport ofrece traslado desde el Aeropuerto de Cusco a diferentes hoteles de Cusco, entre ellos: Palacio del Inka, Palacio Manco Capac by Ananay, Hilton Garden, Jw Marriot, Hampton by Hilton, Belmond Hotel Monasterio, Aranwa Cusco, Hotel hacienda Cusco, Wyndham Costa del Sol, Casa Andina Premium, Tariq Boutique Cusco, Novotel Cusco, Terra Andina Hotel, Casa Cartagena Boutique Hotel, Sonesta hotel, Antigua Casona de San Blas, Andean Wings Hotels, Xima Cusco, Hotel San Agustin Plaza, Atiq Hotel, Taypikala Hotel, San Agust\u00edn el Dorado, Estacion San Pedro, Royal In Cusco, Katari Apart Hotel, Tierra Viva y muchos m\u00e1s. Si tu hotel no est\u00e1 en la lista, solo debes indicarnos la direcci\u00f3n de tu <a href=\"https:\/\/www.trasladosaeropuertocusco.com\/tours\/traslado-aeropuerto-cusco-a-hotel-en-cusco\/\" target=\"_blank\" rel=\"noopener\">hotel en Cusco<\/a> o Airbnb y nuestros agentes te ayudaran r\u00e1pidamente.<\/p>\n<h2>Aeropuerto Cusco a Hotel en Cusco<\/h2>\n<table style=\"height: 86px;\" width=\"240\">\n<tbody>\n<tr>\n<td style=\"background-color: #ff3333; border-color: #ff3333; text-align: center;\"><a href=\"https:\/\/wa.me\/51989694842\"><span style=\"color: #ffffff;\">WhatsApp: Reservar<\/span><\/a><\/td>\n<\/tr>\n<tr>\n<td style=\"border-color: #ffffff;\"><\/td>\n<\/tr>\n<\/tbody>\n<\/table>\n<p><strong>Incluye<\/strong><br \/>\n<i class=\"fa fa-check icon-tick icon-tick--on\"><\/i> Recojo en <a href=\"https:\/\/www.cuscoairporttransport.com\/es\/tours\/traslado-aeropuerto-cusco-a-hotel-en-cusco\/\" target=\"_blank\" rel=\"noopener\">Aeropuerto Cusco<\/a><br \/>\n<i class=\"fa fa-check icon-tick icon-tick--on\"><\/i> Movilidad y Conductor<br \/>\n<i class=\"fa fa-check icon-tick icon-tick--on\"><\/i> Drop off en Cusco (Indicar direcci\u00f3n)<\/p>\n<p><strong>No incluye<\/strong>:<br \/>\n<i class=\"fa fa-times icon-tick icon-tick--off\"><\/i> Seguro de viaje y otros servicios no mencionados.<\/p>\n<p><strong>Importante<\/strong>:<br \/>\n\u2022 Puede solicitar el traslado privado ida y vuelta, o si deseas solo un tramo. Puede solicitar solo ida o retorno.<br \/>\n\u2022 Tenemos salidas diarias, y para todas las frecuencias de vuelo.<br \/>\n\u2022 Contamos con autos, camionetas, suv, van y sprinter. Ideales para pasajeros solitarios, familias, amigos y promociones.<br \/>\n\u2022 Si deseas traslado del Aeropuerto Cusco a Hotel en el <a href=\"https:\/\/www.donperutours.com\/es\/turismoperu\/traslado-aeropuerto-cusco-a-valle-sagrado\/\" target=\"_blank\" rel=\"noopener\">Valle Sagrado de los incas<\/a> (<a href=\"https:\/\/www.mountainpalcoyo.com\/es\/tour-privado-pisac-y-ollantaytambo\/\" target=\"_blank\" rel=\"noopener\">Pisac<\/a>, Calca, Maras, Urubamba y Ollantaytambo) tambi\u00e9n puedes solicitarlo y nuestras agentes te ayudaran r\u00e1pidamente.<br \/>\n\u2022 Tambi\u00e9n puedes solicitar tu transporte privado desde Aeropuerto Cusco a estaci\u00f3n de tren de Wanchaq, <a href=\"https:\/\/www.cuscoairporttransport.com\/es\/tours\/traslado-desde-cusco-a-la-estacion-de-tren-de-poroy\/\" target=\"_blank\" rel=\"noopener\">Poro<\/a>y, <a href=\"https:\/\/www.cuscoairporttransport.com\/es\/tours\/traslado-privado-cusco-a-urubamba-ida-y-vuelta\/\" target=\"_blank\" rel=\"noopener\">Urubamba<\/a> y <a href=\"https:\/\/www.cuscoairporttransport.com\/es\/tours\/hotel-en-cusco-a-estacion-de-tren-de-ollantaytambo\/\" target=\"_blank\" rel=\"noopener\">Ollantaytambo<\/a>.<\/p>\n<p><img loading=\"lazy\" decoding=\"async\" class=\"alignnone size-full wp-image-1098\" src=\"https:\/\/www.cuscoairporttransport.com\/es\/wp-content\/uploads\/2026\/03\/traslado-aeropuerto-cusco-privado.jpg\" alt=\"traslado aeropuerto cusco privado\" width=\"899\" height=\"1493\" srcset=\"https:\/\/www.cuscoairporttransport.com\/es\/wp-content\/uploads\/2026\/03\/traslado-aeropuerto-cusco-privado.jpg 899w, https:\/\/www.cuscoairporttransport.com\/es\/wp-content\/uploads\/2026\/03\/traslado-aeropuerto-cusco-privado-181x300.jpg 181w, https:\/\/www.cuscoairporttransport.com\/es\/wp-content\/uploads\/2026\/03\/traslado-aeropuerto-cusco-privado-617x1024.jpg 617w, https:\/\/www.cuscoairporttransport.com\/es\/wp-content\/uploads\/2026\/03\/traslado-aeropuerto-cusco-privado-768x1275.jpg 768w, https:\/\/www.cuscoairporttransport.com\/es\/wp-content\/uploads\/2026\/03\/traslado-aeropuerto-cusco-privado-600x996.jpg 600w\" sizes=\"auto, (max-width: 899px) 100vw, 899px\" \/><\/p>\n","protected":false},"excerpt":{"rendered":"<div class=\"padding-top text-center\"><a href=\"https:\/\/www.cuscoairporttransport.com\/es\/tours\/transporte-privado-aeropuerto-cusco-a-hotel-en-cusco\/\" class=\"atbtn atbtn--medium atbtn--rounded atbtn--transparent\">Continuar lectura<i class=\"atbtn__icon atbtn__icon--right fa fa-long-arrow-right\"><\/i><\/a><\/div>\n","protected":false},"featured_media":1097,"comment_status":"closed","ping_status":"closed","template":"","meta":[],"product_brand":[],"product_cat":[18],"product_tag":[],"class_list":{"0":"post-1096","1":"product","2":"type-product","3":"status-publish","4":"has-post-thumbnail","6":"product_cat-traslados-cusco","7":"tour_category-cusco-traslados","9":"first","10":"instock","11":"shipping-taxable","12":"product-type-tour"},"yoast_head":"<!-- This site is optimized with the Yoast SEO plugin v27.1.1 - https:\/\/yoast.com\/product\/yoast-seo-wordpress\/ -->\n<title>Transporte privado Aeropuerto Cusco a Hotel en Cusco<\/title>\n<meta name=\"description\" content=\"Transporte privado Aeropuerto Cusco a Hotel en Cusco. Traslado privado Aeropuerto Cusco a Hilton Garden, Jw Marriot, Palacio del Inka, Wyndham Costa Del Sol\" \/>\n<meta name=\"robots\" content=\"index, follow, max-snippet:-1, max-image-preview:large, max-video-preview:-1\" \/>\n<link rel=\"canonical\" href=\"https:\/\/www.cuscoairporttransport.com\/es\/tours\/transporte-privado-aeropuerto-cusco-a-hotel-en-cusco\/\" \/>\n<meta property=\"og:locale\" content=\"es_ES\" \/>\n<meta property=\"og:type\" content=\"article\" \/>\n<meta property=\"og:title\" content=\"Transporte privado Aeropuerto Cusco a Hotel en Cusco\" \/>\n<meta property=\"og:description\" content=\"Transporte privado Aeropuerto Cusco a Hotel en Cusco. Traslado privado Aeropuerto Cusco a Hilton Garden, Jw Marriot, Palacio del Inka, Wyndham Costa Del Sol\" \/>\n<meta property=\"og:url\" content=\"https:\/\/www.cuscoairporttransport.com\/es\/tours\/transporte-privado-aeropuerto-cusco-a-hotel-en-cusco\/\" \/>\n<meta property=\"og:site_name\" content=\"Traslados privados Cusco\" \/>\n<meta property=\"article:publisher\" content=\"https:\/\/www.facebook.com\/cuscoairport\" \/>\n<meta property=\"article:modified_time\" content=\"2026-03-26T00:36:46+00:00\" \/>\n<meta property=\"og:image\" content=\"https:\/\/www.cuscoairporttransport.com\/es\/wp-content\/uploads\/2026\/03\/aeropuerto-cusco-transporte-privado.jpg\" \/>\n\t<meta property=\"og:image:width\" content=\"2000\" \/>\n\t<meta property=\"og:image:height\" content=\"726\" \/>\n\t<meta property=\"og:image:type\" content=\"image\/jpeg\" \/>\n<meta name=\"twitter:card\" content=\"summary_large_image\" \/>\n<meta name=\"twitter:label1\" content=\"Tiempo de lectura\" \/>\n\t<meta name=\"twitter:data1\" content=\"2 minutos\" \/>\n<script type=\"application\/ld+json\" class=\"yoast-schema-graph\">{\"@context\":\"https:\/\/schema.org\",\"@graph\":[{\"@type\":\"WebPage\",\"@id\":\"https:\/\/www.cuscoairporttransport.com\/es\/tours\/transporte-privado-aeropuerto-cusco-a-hotel-en-cusco\/\",\"url\":\"https:\/\/www.cuscoairporttransport.com\/es\/tours\/transporte-privado-aeropuerto-cusco-a-hotel-en-cusco\/\",\"name\":\"Transporte privado Aeropuerto Cusco a Hotel en Cusco\",\"isPartOf\":{\"@id\":\"https:\/\/www.cuscoairporttransport.com\/es\/#website\"},\"primaryImageOfPage\":{\"@id\":\"https:\/\/www.cuscoairporttransport.com\/es\/tours\/transporte-privado-aeropuerto-cusco-a-hotel-en-cusco\/#primaryimage\"},\"image\":{\"@id\":\"https:\/\/www.cuscoairporttransport.com\/es\/tours\/transporte-privado-aeropuerto-cusco-a-hotel-en-cusco\/#primaryimage\"},\"thumbnailUrl\":\"https:\/\/www.cuscoairporttransport.com\/es\/wp-content\/uploads\/2026\/03\/aeropuerto-cusco-transporte-privado.jpg\",\"datePublished\":\"2026-03-26T00:34:51+00:00\",\"dateModified\":\"2026-03-26T00:36:46+00:00\",\"description\":\"Transporte privado Aeropuerto Cusco a Hotel en Cusco. Traslado privado Aeropuerto Cusco a Hilton Garden, Jw Marriot, Palacio del Inka, Wyndham Costa Del Sol\",\"breadcrumb\":{\"@id\":\"https:\/\/www.cuscoairporttransport.com\/es\/tours\/transporte-privado-aeropuerto-cusco-a-hotel-en-cusco\/#breadcrumb\"},\"inLanguage\":\"es\",\"potentialAction\":[{\"@type\":\"ReadAction\",\"target\":[\"https:\/\/www.cuscoairporttransport.com\/es\/tours\/transporte-privado-aeropuerto-cusco-a-hotel-en-cusco\/\"]}]},{\"@type\":\"ImageObject\",\"inLanguage\":\"es\",\"@id\":\"https:\/\/www.cuscoairporttransport.com\/es\/tours\/transporte-privado-aeropuerto-cusco-a-hotel-en-cusco\/#primaryimage\",\"url\":\"https:\/\/www.cuscoairporttransport.com\/es\/wp-content\/uploads\/2026\/03\/aeropuerto-cusco-transporte-privado.jpg\",\"contentUrl\":\"https:\/\/www.cuscoairporttransport.com\/es\/wp-content\/uploads\/2026\/03\/aeropuerto-cusco-transporte-privado.jpg\",\"width\":2000,\"height\":726,\"caption\":\"aeropuerto cusco transporte privado\"},{\"@type\":\"BreadcrumbList\",\"@id\":\"https:\/\/www.cuscoairporttransport.com\/es\/tours\/transporte-privado-aeropuerto-cusco-a-hotel-en-cusco\/#breadcrumb\",\"itemListElement\":[{\"@type\":\"ListItem\",\"position\":1,\"name\":\"Portada\",\"item\":\"https:\/\/www.cuscoairporttransport.com\/es\/\"},{\"@type\":\"ListItem\",\"position\":2,\"name\":\"Productos\",\"item\":\"https:\/\/www.cuscoairporttransport.com\/es\/shop\/\"},{\"@type\":\"ListItem\",\"position\":3,\"name\":\"Transporte privado Aeropuerto Cusco a Hotel en Cusco\"}]},{\"@type\":\"WebSite\",\"@id\":\"https:\/\/www.cuscoairporttransport.com\/es\/#website\",\"url\":\"https:\/\/www.cuscoairporttransport.com\/es\/\",\"name\":\"Traslados Aeropuerto a Hotel en Cusco\",\"description\":\"\",\"publisher\":{\"@id\":\"https:\/\/www.cuscoairporttransport.com\/es\/#organization\"},\"potentialAction\":[{\"@type\":\"SearchAction\",\"target\":{\"@type\":\"EntryPoint\",\"urlTemplate\":\"https:\/\/www.cuscoairporttransport.com\/es\/?s={search_term_string}\"},\"query-input\":{\"@type\":\"PropertyValueSpecification\",\"valueRequired\":true,\"valueName\":\"search_term_string\"}}],\"inLanguage\":\"es\"},{\"@type\":\"Organization\",\"@id\":\"https:\/\/www.cuscoairporttransport.com\/es\/#organization\",\"name\":\"Traslados Aeropuerto a Hotel en Cusco\",\"url\":\"https:\/\/www.cuscoairporttransport.com\/es\/\",\"logo\":{\"@type\":\"ImageObject\",\"inLanguage\":\"es\",\"@id\":\"https:\/\/www.cuscoairporttransport.com\/es\/#\/schema\/logo\/image\/\",\"url\":\"https:\/\/www.cuscoairporttransport.com\/es\/wp-content\/uploads\/2019\/10\/cuscoairporttransport.jpg\",\"contentUrl\":\"https:\/\/www.cuscoairporttransport.com\/es\/wp-content\/uploads\/2019\/10\/cuscoairporttransport.jpg\",\"width\":348,\"height\":113,\"caption\":\"Traslados Aeropuerto a Hotel en Cusco\"},\"image\":{\"@id\":\"https:\/\/www.cuscoairporttransport.com\/es\/#\/schema\/logo\/image\/\"},\"sameAs\":[\"https:\/\/www.facebook.com\/cuscoairport\",\"https:\/\/www.instagram.com\/cuscoairporttransport\/\"]}]}<\/script>\n<!-- \/ Yoast SEO plugin. -->","yoast_head_json":{"title":"Transporte privado Aeropuerto Cusco a Hotel en Cusco","description":"Transporte privado Aeropuerto Cusco a Hotel en Cusco. Traslado privado Aeropuerto Cusco a Hilton Garden, Jw Marriot, Palacio del Inka, Wyndham Costa Del Sol","robots":{"index":"index","follow":"follow","max-snippet":"max-snippet:-1","max-image-preview":"max-image-preview:large","max-video-preview":"max-video-preview:-1"},"canonical":"https:\/\/www.cuscoairporttransport.com\/es\/tours\/transporte-privado-aeropuerto-cusco-a-hotel-en-cusco\/","og_locale":"es_ES","og_type":"article","og_title":"Transporte privado Aeropuerto Cusco a Hotel en Cusco","og_description":"Transporte privado Aeropuerto Cusco a Hotel en Cusco. Traslado privado Aeropuerto Cusco a Hilton Garden, Jw Marriot, Palacio del Inka, Wyndham Costa Del Sol","og_url":"https:\/\/www.cuscoairporttransport.com\/es\/tours\/transporte-privado-aeropuerto-cusco-a-hotel-en-cusco\/","og_site_name":"Traslados privados Cusco","article_publisher":"https:\/\/www.facebook.com\/cuscoairport","article_modified_time":"2026-03-26T00:36:46+00:00","og_image":[{"width":2000,"height":726,"url":"https:\/\/www.cuscoairporttransport.com\/es\/wp-content\/uploads\/2026\/03\/aeropuerto-cusco-transporte-privado.jpg","type":"image\/jpeg"}],"twitter_card":"summary_large_image","twitter_misc":{"Tiempo de lectura":"2 minutos"},"schema":{"@context":"https:\/\/schema.org","@graph":[{"@type":"WebPage","@id":"https:\/\/www.cuscoairporttransport.com\/es\/tours\/transporte-privado-aeropuerto-cusco-a-hotel-en-cusco\/","url":"https:\/\/www.cuscoairporttransport.com\/es\/tours\/transporte-privado-aeropuerto-cusco-a-hotel-en-cusco\/","name":"Transporte privado Aeropuerto Cusco a Hotel en Cusco","isPartOf":{"@id":"https:\/\/www.cuscoairporttransport.com\/es\/#website"},"primaryImageOfPage":{"@id":"https:\/\/www.cuscoairporttransport.com\/es\/tours\/transporte-privado-aeropuerto-cusco-a-hotel-en-cusco\/#primaryimage"},"image":{"@id":"https:\/\/www.cuscoairporttransport.com\/es\/tours\/transporte-privado-aeropuerto-cusco-a-hotel-en-cusco\/#primaryimage"},"thumbnailUrl":"https:\/\/www.cuscoairporttransport.com\/es\/wp-content\/uploads\/2026\/03\/aeropuerto-cusco-transporte-privado.jpg","datePublished":"2026-03-26T00:34:51+00:00","dateModified":"2026-03-26T00:36:46+00:00","description":"Transporte privado Aeropuerto Cusco a Hotel en Cusco. Traslado privado Aeropuerto Cusco a Hilton Garden, Jw Marriot, Palacio del Inka, Wyndham Costa Del Sol","breadcrumb":{"@id":"https:\/\/www.cuscoairporttransport.com\/es\/tours\/transporte-privado-aeropuerto-cusco-a-hotel-en-cusco\/#breadcrumb"},"inLanguage":"es","potentialAction":[{"@type":"ReadAction","target":["https:\/\/www.cuscoairporttransport.com\/es\/tours\/transporte-privado-aeropuerto-cusco-a-hotel-en-cusco\/"]}]},{"@type":"ImageObject","inLanguage":"es","@id":"https:\/\/www.cuscoairporttransport.com\/es\/tours\/transporte-privado-aeropuerto-cusco-a-hotel-en-cusco\/#primaryimage","url":"https:\/\/www.cuscoairporttransport.com\/es\/wp-content\/uploads\/2026\/03\/aeropuerto-cusco-transporte-privado.jpg","contentUrl":"https:\/\/www.cuscoairporttransport.com\/es\/wp-content\/uploads\/2026\/03\/aeropuerto-cusco-transporte-privado.jpg","width":2000,"height":726,"caption":"aeropuerto cusco transporte privado"},{"@type":"BreadcrumbList","@id":"https:\/\/www.cuscoairporttransport.com\/es\/tours\/transporte-privado-aeropuerto-cusco-a-hotel-en-cusco\/#breadcrumb","itemListElement":[{"@type":"ListItem","position":1,"name":"Portada","item":"https:\/\/www.cuscoairporttransport.com\/es\/"},{"@type":"ListItem","position":2,"name":"Productos","item":"https:\/\/www.cuscoairporttransport.com\/es\/shop\/"},{"@type":"ListItem","position":3,"name":"Transporte privado Aeropuerto Cusco a Hotel en Cusco"}]},{"@type":"WebSite","@id":"https:\/\/www.cuscoairporttransport.com\/es\/#website","url":"https:\/\/www.cuscoairporttransport.com\/es\/","name":"Traslados Aeropuerto a Hotel en Cusco","description":"","publisher":{"@id":"https:\/\/www.cuscoairporttransport.com\/es\/#organization"},"potentialAction":[{"@type":"SearchAction","target":{"@type":"EntryPoint","urlTemplate":"https:\/\/www.cuscoairporttransport.com\/es\/?s={search_term_string}"},"query-input":{"@type":"PropertyValueSpecification","valueRequired":true,"valueName":"search_term_string"}}],"inLanguage":"es"},{"@type":"Organization","@id":"https:\/\/www.cuscoairporttransport.com\/es\/#organization","name":"Traslados Aeropuerto a Hotel en Cusco","url":"https:\/\/www.cuscoairporttransport.com\/es\/","logo":{"@type":"ImageObject","inLanguage":"es","@id":"https:\/\/www.cuscoairporttransport.com\/es\/#\/schema\/logo\/image\/","url":"https:\/\/www.cuscoairporttransport.com\/es\/wp-content\/uploads\/2019\/10\/cuscoairporttransport.jpg","contentUrl":"https:\/\/www.cuscoairporttransport.com\/es\/wp-content\/uploads\/2019\/10\/cuscoairporttransport.jpg","width":348,"height":113,"caption":"Traslados Aeropuerto a Hotel en Cusco"},"image":{"@id":"https:\/\/www.cuscoairporttransport.com\/es\/#\/schema\/logo\/image\/"},"sameAs":["https:\/\/www.facebook.com\/cuscoairport","https:\/\/www.instagram.com\/cuscoairporttransport\/"]}]}},"_links":{"self":[{"href":"https:\/\/www.cuscoairporttransport.com\/es\/wp-json\/wp\/v2\/product\/1096","targetHints":{"allow":["GET"]}}],"collection":[{"href":"https:\/\/www.cuscoairporttransport.com\/es\/wp-json\/wp\/v2\/product"}],"about":[{"href":"https:\/\/www.cuscoairporttransport.com\/es\/wp-json\/wp\/v2\/types\/product"}],"replies":[{"embeddable":true,"href":"https:\/\/www.cuscoairporttransport.com\/es\/wp-json\/wp\/v2\/comments?post=1096"}],"wp:featuredmedia":[{"embeddable":true,"href":"https:\/\/www.cuscoairporttransport.com\/es\/wp-json\/wp\/v2\/media\/1097"}],"wp:attachment":[{"href":"https:\/\/www.cuscoairporttransport.com\/es\/wp-json\/wp\/v2\/media?parent=1096"}],"wp:term":[{"taxonomy":"product_brand","embeddable":true,"href":"https:\/\/www.cuscoairporttransport.com\/es\/wp-json\/wp\/v2\/product_brand?post=1096"},{"taxonomy":"product_cat","embeddable":true,"href":"https:\/\/www.cuscoairporttransport.com\/es\/wp-json\/wp\/v2\/product_cat?post=1096"},{"taxonomy":"product_tag","embeddable":true,"href":"https:\/\/www.cuscoairporttransport.com\/es\/wp-json\/wp\/v2\/product_tag?post=1096"}],"curies":[{"name":"wp","href":"https:\/\/api.w.org\/{rel}","templated":true}]}}