{"id":258,"date":"2021-11-20T20:40:56","date_gmt":"2021-11-20T20:40:56","guid":{"rendered":"https:\/\/www.cuscoairporttransport.com\/es\/?post_type=product&#038;p=258"},"modified":"2025-03-26T22:05:12","modified_gmt":"2025-03-26T22:05:12","slug":"traslado-cusco-a-valle-sagrado-de-los-incas","status":"publish","type":"product","link":"https:\/\/www.cuscoairporttransport.com\/es\/tours\/traslado-cusco-a-valle-sagrado-de-los-incas\/","title":{"rendered":"Traslado Cusco a Valle Sagrado de los Incas"},"content":{"rendered":"<p>Ofrecemos el servicio de <strong>traslado desde Cusco a Valle Sagrado de los Incas<\/strong>. Nuestro servicio de traslado es privado y contamos con todos los protocolos de Bioseguridad. El <a href=\"https:\/\/www.cuscoairporttransport.com\/es\/tours\/tour-privado-por-el-valle-sagrado-de-los-incas\/\">valle sagrado de los incas<\/a> est\u00e1 ubicado al norte de la ciudad del Cusco. Los lugares que se encuentran en el <strong>Valle Sagrado<\/strong>: Pisac, <a href=\"https:\/\/www.cuscoairporttransport.com\/es\/2021\/08\/04\/traslado-cusco-a-urubamba\/\" target=\"_blank\" rel=\"noopener\">Urubamba<\/a>, <a href=\"https:\/\/www.cuscoairporttransport.com\/es\/tours\/hotel-en-cusco-a-estacion-de-tren-de-ollantaytambo\/\" target=\"_blank\" rel=\"noopener\">Ollantaytambo<\/a>, Moray, Chinchero y Maras. Tenemos salidas diarias, las 24 horas del d\u00eda. Solicite su traslado seguro a nuestro canal de WhatsApp y un agente de viajes r\u00e1pidamente le brindara la informaci\u00f3n.<\/p>\n<h2>Transporte Cusco a Valle Sagrado de los Incas<\/h2>\n<table style=\"height: 86px;\" width=\"240\">\n<tbody>\n<tr>\n<td style=\"background-color: #ff3333; border-color: #ff3333; text-align: center;\"><a href=\"https:\/\/wa.me\/51989694842\"><span style=\"color: #ffffff;\">WhatsApp: Reservar<\/span><\/a><\/td>\n<\/tr>\n<tr>\n<td style=\"border-color: #ffffff;\"><\/td>\n<\/tr>\n<\/tbody>\n<\/table>\n<p><strong>Incluye<\/strong>:<br \/>\n<i class=\"fa fa-check icon-tick icon-tick--on\"><\/i> Movilidad y Conductor<br \/>\n<i class=\"fa fa-check icon-tick icon-tick--on\"><\/i> Recojo desde el (<a href=\"https:\/\/www.cuscoairporttransport.com\/es\/tours\/traslado-aeropuerto-cusco-a-hotel-en-cusco\/\" target=\"_blank\" rel=\"noopener\">Aeropuerto Cusco<\/a> \/ Hotel en Cusco \/ Airbnb en Cusco)<br \/>\n<i class=\"fa fa-check icon-tick icon-tick--on\"><\/i> Drop off (Debe indicar su direcci\u00f3n exacta en el Valle Sagrado de los Incas)<\/p>\n<h2>Traslado Cusco a Valle Sagrado<\/h2>\n<table style=\"width: 100%; height: 144px;\">\n<tbody>\n<tr style=\"height: 48px;\">\n<td style=\"background-color: #55ab30; height: 48px; width: 25.344%;\"><span style=\"color: #ffffff;\">Ruta:<\/span><\/td>\n<td style=\"background-color: #1787bf; height: 48px; width: 15.7132%;\"><span style=\"color: #ffffff;\">Auto (Max 2 personas)<\/span><\/td>\n<td style=\"background-color: #bf16d9; width: 21.9406%;\"><span style=\"color: #ffffff;\">Camioneta (Max 4 personas)<br \/>\n<\/span><\/td>\n<td style=\"background-color: #ff4e21; height: 48px; width: 19.9855%;\"><span style=\"color: #ffffff;\">Van\/H1 (Max 6 personas)<\/span><\/td>\n<td style=\"background-color: #472bfc; width: 16.1477%;\"><span style=\"color: #ffffff;\">Sprinter (7 a 12 personas)<br \/>\n<\/span><\/td>\n<\/tr>\n<tr style=\"height: 24px;\">\n<td style=\"height: 24px; width: 25.344%;\">Cusco a Valle Sagrado de los Incas<\/td>\n<td style=\"height: 24px; width: 15.7132%;\">US$ 50<\/td>\n<td style=\"width: 21.9406%;\">US$ 60<\/td>\n<td style=\"height: 24px; width: 19.9855%;\">US$ 85<\/td>\n<td style=\"width: 16.1477%;\">US$ 125<\/td>\n<\/tr>\n<tr style=\"height: 24px;\">\n<td style=\"height: 24px; width: 25.344%;\"><a href=\"https:\/\/www.mountainpalcoyo.com\/es\/tours\/tour-valle-sagrado-de-los-incas-en-1-dia\/\" target=\"_blank\" rel=\"noopener noreferrer\">Valle Sagrado de los Incas<\/a> a Cusco<\/td>\n<td style=\"height: 24px; width: 15.7132%;\">US$ 50<\/td>\n<td style=\"width: 21.9406%;\">US$ 60<\/td>\n<td style=\"height: 24px; width: 19.9855%;\">US$ 85<\/td>\n<td style=\"width: 16.1477%;\">US$ 125<\/td>\n<\/tr>\n<\/tbody>\n<\/table>\n<p><strong>Importante<\/strong>: Si son m\u00e1s viajeros por favor solicite una cotizaci\u00f3n en l\u00ednea, directamente en nuestro canal de <strong>WhatsApp<\/strong> <a href=\"https:\/\/wa.me\/51989694842\">+ 51989694842<\/a><\/p>\n<h2>Valle Sagrado de los Incas<\/h2>\n<p><img loading=\"lazy\" decoding=\"async\" class=\"alignnone size-full wp-image-259\" src=\"https:\/\/www.cuscoairporttransport.com\/es\/wp-content\/uploads\/2021\/11\/cusco-valle-sagrado.jpg\" alt=\"cusco valle sagrado\" width=\"1080\" height=\"1080\" srcset=\"https:\/\/www.cuscoairporttransport.com\/es\/wp-content\/uploads\/2021\/11\/cusco-valle-sagrado.jpg 1080w, https:\/\/www.cuscoairporttransport.com\/es\/wp-content\/uploads\/2021\/11\/cusco-valle-sagrado-300x300.jpg 300w, https:\/\/www.cuscoairporttransport.com\/es\/wp-content\/uploads\/2021\/11\/cusco-valle-sagrado-1024x1024.jpg 1024w, https:\/\/www.cuscoairporttransport.com\/es\/wp-content\/uploads\/2021\/11\/cusco-valle-sagrado-150x150.jpg 150w, https:\/\/www.cuscoairporttransport.com\/es\/wp-content\/uploads\/2021\/11\/cusco-valle-sagrado-768x768.jpg 768w, https:\/\/www.cuscoairporttransport.com\/es\/wp-content\/uploads\/2021\/11\/cusco-valle-sagrado-600x600.jpg 600w\" sizes=\"auto, (max-width: 1080px) 100vw, 1080px\" \/> <img loading=\"lazy\" decoding=\"async\" class=\"alignnone size-full wp-image-260\" src=\"https:\/\/www.cuscoairporttransport.com\/es\/wp-content\/uploads\/2021\/11\/valle-sagrado-de-los-incas.jpg\" alt=\"valle sagrado de los incas\" width=\"1080\" height=\"1350\" srcset=\"https:\/\/www.cuscoairporttransport.com\/es\/wp-content\/uploads\/2021\/11\/valle-sagrado-de-los-incas.jpg 1080w, https:\/\/www.cuscoairporttransport.com\/es\/wp-content\/uploads\/2021\/11\/valle-sagrado-de-los-incas-240x300.jpg 240w, https:\/\/www.cuscoairporttransport.com\/es\/wp-content\/uploads\/2021\/11\/valle-sagrado-de-los-incas-819x1024.jpg 819w, https:\/\/www.cuscoairporttransport.com\/es\/wp-content\/uploads\/2021\/11\/valle-sagrado-de-los-incas-768x960.jpg 768w, https:\/\/www.cuscoairporttransport.com\/es\/wp-content\/uploads\/2021\/11\/valle-sagrado-de-los-incas-600x750.jpg 600w\" sizes=\"auto, (max-width: 1080px) 100vw, 1080px\" \/> <img loading=\"lazy\" decoding=\"async\" class=\"alignnone size-full wp-image-261\" src=\"https:\/\/www.cuscoairporttransport.com\/es\/wp-content\/uploads\/2021\/11\/valle-sagrado.jpg\" alt=\"valle sagrado\" width=\"1080\" height=\"1350\" srcset=\"https:\/\/www.cuscoairporttransport.com\/es\/wp-content\/uploads\/2021\/11\/valle-sagrado.jpg 1080w, https:\/\/www.cuscoairporttransport.com\/es\/wp-content\/uploads\/2021\/11\/valle-sagrado-240x300.jpg 240w, https:\/\/www.cuscoairporttransport.com\/es\/wp-content\/uploads\/2021\/11\/valle-sagrado-819x1024.jpg 819w, https:\/\/www.cuscoairporttransport.com\/es\/wp-content\/uploads\/2021\/11\/valle-sagrado-768x960.jpg 768w, https:\/\/www.cuscoairporttransport.com\/es\/wp-content\/uploads\/2021\/11\/valle-sagrado-600x750.jpg 600w\" sizes=\"auto, (max-width: 1080px) 100vw, 1080px\" \/> <img loading=\"lazy\" decoding=\"async\" class=\"alignnone size-full wp-image-262\" src=\"https:\/\/www.cuscoairporttransport.com\/es\/wp-content\/uploads\/2021\/11\/vallesagradodelosincas.jpg\" alt=\"valle sagrado de los incas\" width=\"720\" height=\"900\" srcset=\"https:\/\/www.cuscoairporttransport.com\/es\/wp-content\/uploads\/2021\/11\/vallesagradodelosincas.jpg 720w, https:\/\/www.cuscoairporttransport.com\/es\/wp-content\/uploads\/2021\/11\/vallesagradodelosincas-240x300.jpg 240w, https:\/\/www.cuscoairporttransport.com\/es\/wp-content\/uploads\/2021\/11\/vallesagradodelosincas-600x750.jpg 600w\" sizes=\"auto, (max-width: 720px) 100vw, 720px\" \/><\/p>\n","protected":false},"excerpt":{"rendered":"<div class=\"padding-top text-center\"><a href=\"https:\/\/www.cuscoairporttransport.com\/es\/tours\/traslado-cusco-a-valle-sagrado-de-los-incas\/\" class=\"atbtn atbtn--medium atbtn--rounded atbtn--transparent\">Continuar lectura<i class=\"atbtn__icon atbtn__icon--right fa fa-long-arrow-right\"><\/i><\/a><\/div>\n","protected":false},"featured_media":262,"comment_status":"closed","ping_status":"closed","template":"","meta":[],"product_brand":[],"product_cat":[18],"product_tag":[],"class_list":{"0":"post-258","1":"product","2":"type-product","3":"status-publish","4":"has-post-thumbnail","6":"product_cat-traslados-cusco","7":"tour_category-cusco-traslados","9":"first","10":"instock","11":"shipping-taxable","12":"product-type-tour"},"yoast_head":"<!-- This site is optimized with the Yoast SEO plugin v27.1.1 - https:\/\/yoast.com\/product\/yoast-seo-wordpress\/ -->\n<title>Traslado Cusco a Valle Sagrado de los Incas<\/title>\n<meta name=\"description\" content=\"Traslado Cusco a Valle Sagrado de los Incas. Servicio de transporte desde Cusco al Valle Sagrado de los Incas: Pisac, Urubamba, Ollantaytambo, Maras Moray.\" \/>\n<meta name=\"robots\" content=\"index, follow, max-snippet:-1, max-image-preview:large, max-video-preview:-1\" \/>\n<link rel=\"canonical\" href=\"https:\/\/www.cuscoairporttransport.com\/es\/tours\/traslado-cusco-a-valle-sagrado-de-los-incas\/\" \/>\n<meta property=\"og:locale\" content=\"es_ES\" \/>\n<meta property=\"og:type\" content=\"article\" \/>\n<meta property=\"og:title\" content=\"Traslado Cusco a Valle Sagrado de los Incas\" \/>\n<meta property=\"og:description\" content=\"Traslado Cusco a Valle Sagrado de los Incas. Servicio de transporte desde Cusco al Valle Sagrado de los Incas: Pisac, Urubamba, Ollantaytambo, Maras Moray.\" \/>\n<meta property=\"og:url\" content=\"https:\/\/www.cuscoairporttransport.com\/es\/tours\/traslado-cusco-a-valle-sagrado-de-los-incas\/\" \/>\n<meta property=\"og:site_name\" content=\"Traslados privados Cusco\" \/>\n<meta property=\"article:publisher\" content=\"https:\/\/www.facebook.com\/cuscoairport\" \/>\n<meta property=\"article:modified_time\" content=\"2025-03-26T22:05:12+00:00\" \/>\n<meta property=\"og:image\" content=\"https:\/\/www.cuscoairporttransport.com\/es\/wp-content\/uploads\/2021\/11\/vallesagradodelosincas.jpg\" \/>\n\t<meta property=\"og:image:width\" content=\"720\" \/>\n\t<meta property=\"og:image:height\" content=\"900\" \/>\n\t<meta property=\"og:image:type\" content=\"image\/jpeg\" \/>\n<meta name=\"twitter:card\" content=\"summary_large_image\" \/>\n<meta name=\"twitter:label1\" content=\"Tiempo de lectura\" \/>\n\t<meta name=\"twitter:data1\" content=\"2 minutos\" \/>\n<script type=\"application\/ld+json\" class=\"yoast-schema-graph\">{\"@context\":\"https:\/\/schema.org\",\"@graph\":[{\"@type\":\"WebPage\",\"@id\":\"https:\/\/www.cuscoairporttransport.com\/es\/tours\/traslado-cusco-a-valle-sagrado-de-los-incas\/\",\"url\":\"https:\/\/www.cuscoairporttransport.com\/es\/tours\/traslado-cusco-a-valle-sagrado-de-los-incas\/\",\"name\":\"Traslado Cusco a Valle Sagrado de los Incas\",\"isPartOf\":{\"@id\":\"https:\/\/www.cuscoairporttransport.com\/es\/#website\"},\"primaryImageOfPage\":{\"@id\":\"https:\/\/www.cuscoairporttransport.com\/es\/tours\/traslado-cusco-a-valle-sagrado-de-los-incas\/#primaryimage\"},\"image\":{\"@id\":\"https:\/\/www.cuscoairporttransport.com\/es\/tours\/traslado-cusco-a-valle-sagrado-de-los-incas\/#primaryimage\"},\"thumbnailUrl\":\"https:\/\/www.cuscoairporttransport.com\/es\/wp-content\/uploads\/2021\/11\/vallesagradodelosincas.jpg\",\"datePublished\":\"2021-11-20T20:40:56+00:00\",\"dateModified\":\"2025-03-26T22:05:12+00:00\",\"description\":\"Traslado Cusco a Valle Sagrado de los Incas. Servicio de transporte desde Cusco al Valle Sagrado de los Incas: Pisac, Urubamba, Ollantaytambo, Maras Moray.\",\"breadcrumb\":{\"@id\":\"https:\/\/www.cuscoairporttransport.com\/es\/tours\/traslado-cusco-a-valle-sagrado-de-los-incas\/#breadcrumb\"},\"inLanguage\":\"es\",\"potentialAction\":[{\"@type\":\"ReadAction\",\"target\":[\"https:\/\/www.cuscoairporttransport.com\/es\/tours\/traslado-cusco-a-valle-sagrado-de-los-incas\/\"]}]},{\"@type\":\"ImageObject\",\"inLanguage\":\"es\",\"@id\":\"https:\/\/www.cuscoairporttransport.com\/es\/tours\/traslado-cusco-a-valle-sagrado-de-los-incas\/#primaryimage\",\"url\":\"https:\/\/www.cuscoairporttransport.com\/es\/wp-content\/uploads\/2021\/11\/vallesagradodelosincas.jpg\",\"contentUrl\":\"https:\/\/www.cuscoairporttransport.com\/es\/wp-content\/uploads\/2021\/11\/vallesagradodelosincas.jpg\",\"width\":720,\"height\":900,\"caption\":\"valle sagrado de los incas\"},{\"@type\":\"BreadcrumbList\",\"@id\":\"https:\/\/www.cuscoairporttransport.com\/es\/tours\/traslado-cusco-a-valle-sagrado-de-los-incas\/#breadcrumb\",\"itemListElement\":[{\"@type\":\"ListItem\",\"position\":1,\"name\":\"Portada\",\"item\":\"https:\/\/www.cuscoairporttransport.com\/es\/\"},{\"@type\":\"ListItem\",\"position\":2,\"name\":\"Productos\",\"item\":\"https:\/\/www.cuscoairporttransport.com\/es\/shop\/\"},{\"@type\":\"ListItem\",\"position\":3,\"name\":\"Traslado Cusco a Valle Sagrado de los Incas\"}]},{\"@type\":\"WebSite\",\"@id\":\"https:\/\/www.cuscoairporttransport.com\/es\/#website\",\"url\":\"https:\/\/www.cuscoairporttransport.com\/es\/\",\"name\":\"Traslados Aeropuerto a Hotel en Cusco\",\"description\":\"\",\"publisher\":{\"@id\":\"https:\/\/www.cuscoairporttransport.com\/es\/#organization\"},\"potentialAction\":[{\"@type\":\"SearchAction\",\"target\":{\"@type\":\"EntryPoint\",\"urlTemplate\":\"https:\/\/www.cuscoairporttransport.com\/es\/?s={search_term_string}\"},\"query-input\":{\"@type\":\"PropertyValueSpecification\",\"valueRequired\":true,\"valueName\":\"search_term_string\"}}],\"inLanguage\":\"es\"},{\"@type\":\"Organization\",\"@id\":\"https:\/\/www.cuscoairporttransport.com\/es\/#organization\",\"name\":\"Traslados Aeropuerto a Hotel en Cusco\",\"url\":\"https:\/\/www.cuscoairporttransport.com\/es\/\",\"logo\":{\"@type\":\"ImageObject\",\"inLanguage\":\"es\",\"@id\":\"https:\/\/www.cuscoairporttransport.com\/es\/#\/schema\/logo\/image\/\",\"url\":\"https:\/\/www.cuscoairporttransport.com\/es\/wp-content\/uploads\/2019\/10\/cuscoairporttransport.jpg\",\"contentUrl\":\"https:\/\/www.cuscoairporttransport.com\/es\/wp-content\/uploads\/2019\/10\/cuscoairporttransport.jpg\",\"width\":348,\"height\":113,\"caption\":\"Traslados Aeropuerto a Hotel en Cusco\"},\"image\":{\"@id\":\"https:\/\/www.cuscoairporttransport.com\/es\/#\/schema\/logo\/image\/\"},\"sameAs\":[\"https:\/\/www.facebook.com\/cuscoairport\",\"https:\/\/www.instagram.com\/cuscoairporttransport\/\"]}]}<\/script>\n<!-- \/ Yoast SEO plugin. -->","yoast_head_json":{"title":"Traslado Cusco a Valle Sagrado de los Incas","description":"Traslado Cusco a Valle Sagrado de los Incas. Servicio de transporte desde Cusco al Valle Sagrado de los Incas: Pisac, Urubamba, Ollantaytambo, Maras Moray.","robots":{"index":"index","follow":"follow","max-snippet":"max-snippet:-1","max-image-preview":"max-image-preview:large","max-video-preview":"max-video-preview:-1"},"canonical":"https:\/\/www.cuscoairporttransport.com\/es\/tours\/traslado-cusco-a-valle-sagrado-de-los-incas\/","og_locale":"es_ES","og_type":"article","og_title":"Traslado Cusco a Valle Sagrado de los Incas","og_description":"Traslado Cusco a Valle Sagrado de los Incas. Servicio de transporte desde Cusco al Valle Sagrado de los Incas: Pisac, Urubamba, Ollantaytambo, Maras Moray.","og_url":"https:\/\/www.cuscoairporttransport.com\/es\/tours\/traslado-cusco-a-valle-sagrado-de-los-incas\/","og_site_name":"Traslados privados Cusco","article_publisher":"https:\/\/www.facebook.com\/cuscoairport","article_modified_time":"2025-03-26T22:05:12+00:00","og_image":[{"width":720,"height":900,"url":"https:\/\/www.cuscoairporttransport.com\/es\/wp-content\/uploads\/2021\/11\/vallesagradodelosincas.jpg","type":"image\/jpeg"}],"twitter_card":"summary_large_image","twitter_misc":{"Tiempo de lectura":"2 minutos"},"schema":{"@context":"https:\/\/schema.org","@graph":[{"@type":"WebPage","@id":"https:\/\/www.cuscoairporttransport.com\/es\/tours\/traslado-cusco-a-valle-sagrado-de-los-incas\/","url":"https:\/\/www.cuscoairporttransport.com\/es\/tours\/traslado-cusco-a-valle-sagrado-de-los-incas\/","name":"Traslado Cusco a Valle Sagrado de los Incas","isPartOf":{"@id":"https:\/\/www.cuscoairporttransport.com\/es\/#website"},"primaryImageOfPage":{"@id":"https:\/\/www.cuscoairporttransport.com\/es\/tours\/traslado-cusco-a-valle-sagrado-de-los-incas\/#primaryimage"},"image":{"@id":"https:\/\/www.cuscoairporttransport.com\/es\/tours\/traslado-cusco-a-valle-sagrado-de-los-incas\/#primaryimage"},"thumbnailUrl":"https:\/\/www.cuscoairporttransport.com\/es\/wp-content\/uploads\/2021\/11\/vallesagradodelosincas.jpg","datePublished":"2021-11-20T20:40:56+00:00","dateModified":"2025-03-26T22:05:12+00:00","description":"Traslado Cusco a Valle Sagrado de los Incas. Servicio de transporte desde Cusco al Valle Sagrado de los Incas: Pisac, Urubamba, Ollantaytambo, Maras Moray.","breadcrumb":{"@id":"https:\/\/www.cuscoairporttransport.com\/es\/tours\/traslado-cusco-a-valle-sagrado-de-los-incas\/#breadcrumb"},"inLanguage":"es","potentialAction":[{"@type":"ReadAction","target":["https:\/\/www.cuscoairporttransport.com\/es\/tours\/traslado-cusco-a-valle-sagrado-de-los-incas\/"]}]},{"@type":"ImageObject","inLanguage":"es","@id":"https:\/\/www.cuscoairporttransport.com\/es\/tours\/traslado-cusco-a-valle-sagrado-de-los-incas\/#primaryimage","url":"https:\/\/www.cuscoairporttransport.com\/es\/wp-content\/uploads\/2021\/11\/vallesagradodelosincas.jpg","contentUrl":"https:\/\/www.cuscoairporttransport.com\/es\/wp-content\/uploads\/2021\/11\/vallesagradodelosincas.jpg","width":720,"height":900,"caption":"valle sagrado de los incas"},{"@type":"BreadcrumbList","@id":"https:\/\/www.cuscoairporttransport.com\/es\/tours\/traslado-cusco-a-valle-sagrado-de-los-incas\/#breadcrumb","itemListElement":[{"@type":"ListItem","position":1,"name":"Portada","item":"https:\/\/www.cuscoairporttransport.com\/es\/"},{"@type":"ListItem","position":2,"name":"Productos","item":"https:\/\/www.cuscoairporttransport.com\/es\/shop\/"},{"@type":"ListItem","position":3,"name":"Traslado Cusco a Valle Sagrado de los Incas"}]},{"@type":"WebSite","@id":"https:\/\/www.cuscoairporttransport.com\/es\/#website","url":"https:\/\/www.cuscoairporttransport.com\/es\/","name":"Traslados Aeropuerto a Hotel en Cusco","description":"","publisher":{"@id":"https:\/\/www.cuscoairporttransport.com\/es\/#organization"},"potentialAction":[{"@type":"SearchAction","target":{"@type":"EntryPoint","urlTemplate":"https:\/\/www.cuscoairporttransport.com\/es\/?s={search_term_string}"},"query-input":{"@type":"PropertyValueSpecification","valueRequired":true,"valueName":"search_term_string"}}],"inLanguage":"es"},{"@type":"Organization","@id":"https:\/\/www.cuscoairporttransport.com\/es\/#organization","name":"Traslados Aeropuerto a Hotel en Cusco","url":"https:\/\/www.cuscoairporttransport.com\/es\/","logo":{"@type":"ImageObject","inLanguage":"es","@id":"https:\/\/www.cuscoairporttransport.com\/es\/#\/schema\/logo\/image\/","url":"https:\/\/www.cuscoairporttransport.com\/es\/wp-content\/uploads\/2019\/10\/cuscoairporttransport.jpg","contentUrl":"https:\/\/www.cuscoairporttransport.com\/es\/wp-content\/uploads\/2019\/10\/cuscoairporttransport.jpg","width":348,"height":113,"caption":"Traslados Aeropuerto a Hotel en Cusco"},"image":{"@id":"https:\/\/www.cuscoairporttransport.com\/es\/#\/schema\/logo\/image\/"},"sameAs":["https:\/\/www.facebook.com\/cuscoairport","https:\/\/www.instagram.com\/cuscoairporttransport\/"]}]}},"_links":{"self":[{"href":"https:\/\/www.cuscoairporttransport.com\/es\/wp-json\/wp\/v2\/product\/258","targetHints":{"allow":["GET"]}}],"collection":[{"href":"https:\/\/www.cuscoairporttransport.com\/es\/wp-json\/wp\/v2\/product"}],"about":[{"href":"https:\/\/www.cuscoairporttransport.com\/es\/wp-json\/wp\/v2\/types\/product"}],"replies":[{"embeddable":true,"href":"https:\/\/www.cuscoairporttransport.com\/es\/wp-json\/wp\/v2\/comments?post=258"}],"wp:featuredmedia":[{"embeddable":true,"href":"https:\/\/www.cuscoairporttransport.com\/es\/wp-json\/wp\/v2\/media\/262"}],"wp:attachment":[{"href":"https:\/\/www.cuscoairporttransport.com\/es\/wp-json\/wp\/v2\/media?parent=258"}],"wp:term":[{"taxonomy":"product_brand","embeddable":true,"href":"https:\/\/www.cuscoairporttransport.com\/es\/wp-json\/wp\/v2\/product_brand?post=258"},{"taxonomy":"product_cat","embeddable":true,"href":"https:\/\/www.cuscoairporttransport.com\/es\/wp-json\/wp\/v2\/product_cat?post=258"},{"taxonomy":"product_tag","embeddable":true,"href":"https:\/\/www.cuscoairporttransport.com\/es\/wp-json\/wp\/v2\/product_tag?post=258"}],"curies":[{"name":"wp","href":"https:\/\/api.w.org\/{rel}","templated":true}]}}