{"id":272,"date":"2022-03-14T14:30:53","date_gmt":"2022-03-14T14:30:53","guid":{"rendered":"https:\/\/www.cuscoairporttransport.com\/es\/?post_type=product&#038;p=272"},"modified":"2025-03-27T01:40:09","modified_gmt":"2025-03-27T01:40:09","slug":"tour-privado-montana-palcoyo-en-1-dia","status":"publish","type":"product","link":"https:\/\/www.cuscoairporttransport.com\/es\/tours\/tour-privado-montana-palcoyo-en-1-dia\/","title":{"rendered":"Tour Privado Monta\u00f1a Palcoyo en 1 Dia"},"content":{"rendered":"<p>Tour Privado Monta\u00f1a Palcoyo en 1 D\u00eda. Visita la monta\u00f1a arco\u00edris de Palcoyo, o tambi\u00e9n conocida como la <a href=\"https:\/\/www.donperutours.com\/es\/tours\/tour-montana-arcoiris-palcoyo\/\" target=\"_blank\" rel=\"noopener noreferrer\">monta\u00f1a de colores de Palccoyo<\/a> en 1 d\u00eda de forma privada. Palcoyo es la otra monta\u00f1a de colores ubicada en Cusco y es totalmente hermosa, <a href=\"https:\/\/www.mountainvinicunca.com\/es\/tours\/tour-montana-arcoiris-palcoyo\/\" target=\"_blank\" rel=\"noopener noreferrer\">Palcoyo<\/a> se caracteriza por tener varias monta\u00f1as de colores y un bosque de piedras espectacular. La monta\u00f1a Palcoyo se encuentra a 4900 msnm y no requiere mucha caminata.<\/p>\n<h2>Visita Monta\u00f1a Palcoyo<\/h2>\n<p><strong>Hora<\/strong>: Horario flexible<br \/>\n<strong>Duraci\u00f3n<\/strong>: 11 horas aproximadamente<br \/>\n<strong>Grupo privado<\/strong><br \/>\n<strong>Salidas diarias<\/strong><\/p>\n<table style=\"height: 86px;\" width=\"240\">\n<tbody>\n<tr>\n<td style=\"background-color: #ff3333; border-color: #ff3333; text-align: center;\"><a href=\"https:\/\/wa.me\/51989694842\"><span style=\"color: #ffffff;\">WhatsApp: Reservar<\/span><\/a><\/td>\n<\/tr>\n<tr>\n<td style=\"border-color: #ffffff;\"><\/td>\n<\/tr>\n<\/tbody>\n<\/table>\n<p><strong>Importante<\/strong>: Para realizar este recorrido solo necesitamos el nombre de todos los pasajeros y la direcci\u00f3n de su hotel para el recojo.<\/p>\n<p><strong>Precio por Vehiculo + Conductor<\/strong><br \/>\n1 a 2 personas: USD 160<br \/>\n3 a 4 personas: USD 190<br \/>\n5 a 7 personas: USD 250<br \/>\n8 a 12 personas: USD 320<\/p>\n<p><strong>Nota<\/strong>: El conductor (Chofer) \u00fanicamente lo llevara al punto de partida de la caminata hacia la Monta\u00f1a Arco\u00edris Palcoyo.<\/p>\n<p><strong>Precio por Vehiculo + Conductor + Guia (Bilingue)<\/strong><br \/>\n1 a 2 personas: USD 220<br \/>\n3 a 4 personas: USD 250<br \/>\n5 a 7 personas: USD 310<br \/>\n8 a 12 personas: USD 380<\/p>\n<p><strong>Nota:<\/strong> El gu\u00eda los acompa\u00f1ara y les brindara informaci\u00f3n importante del lugar.<\/p>\n<p><strong>Incluye:<\/strong><br \/>\n<i class=\"fa fa-check icon-tick icon-tick--on\"><\/i> Transporte privado<br \/>\n<i class=\"fa fa-check icon-tick icon-tick--on\"><\/i> Recojo y Drop off en tu Hotel<\/p>\n<p><strong>No incluye:<\/strong><br \/>\n<i class=\"fa fa-times icon-tick icon-tick--off\"><\/i> Desayuno<br \/>\n<i class=\"fa fa-times icon-tick icon-tick--off\"><\/i> Almuerzo<br \/>\n<i class=\"fa fa-times icon-tick icon-tick--off\"><\/i> Ticket de entrada<br \/>\n<i class=\"fa fa-times icon-tick icon-tick--off\"><\/i> Seguro de viaje<\/p>\n<h2>Itinerario Monta\u00f1a de Colores Palcoyo<\/h2>\n<p>Nuestro circuito comenzar\u00e1 a la hora acordada y en el lugar acordado.<\/p>\n<p>00:00 Pasaremos a recogerte en tu Hotel (Hora por confirmar) y luego tendremos un viaje al sur de la <a href=\"https:\/\/www.cuscoairporttransport.com\/es\/tours\/tour-privado-por-la-ciudad-del-cusco\/\" target=\"_blank\" rel=\"noopener noreferrer\">ciudad del Cusco<\/a> con rumbo al distrito de Combapata. Durante el viaje podr\u00e1s observar hermosos paisajes y animales andinos de la zona. Posteriormente llegaremos al punto de inicio de la caminata donde ya podr\u00e1s ver a lo lejos la monta\u00f1a de colores de Palcoyo. La caminata es totalmente f\u00e1cil y tiene una duraci\u00f3n de aproximadamente 30 minutos, todo depender\u00e1 del estado f\u00edsico de cada persona.<\/p>\n<p>Una vez en la monta\u00f1a arco\u00edris de Palcoyo podr\u00e1s visitar el lugar y tomar fotos hermosas de Palcoyo, y tambi\u00e9n tienes la opci\u00f3n de visitar el Bosque de Piedras que se encuentra al frente de la <a href=\"https:\/\/www.cuscoairporttransport.com\/es\/tours\/tour-privado-montana-de-7-colores-en-1-dia\/\" target=\"_blank\" rel=\"noopener noreferrer\">monta\u00f1a de colores<\/a>. Luego de visitar Palcoyo retornaremos a nuestra movilidad y seguidamente retornar a la ciudad del Cusco.<\/p>\n","protected":false},"excerpt":{"rendered":"<div class=\"padding-top text-center\"><a href=\"https:\/\/www.cuscoairporttransport.com\/es\/tours\/tour-privado-montana-palcoyo-en-1-dia\/\" class=\"atbtn atbtn--medium atbtn--rounded atbtn--transparent\">Continuar lectura<i class=\"atbtn__icon atbtn__icon--right fa fa-long-arrow-right\"><\/i><\/a><\/div>\n","protected":false},"featured_media":273,"comment_status":"closed","ping_status":"closed","template":"","meta":[],"product_brand":[],"product_cat":[20],"product_tag":[],"class_list":{"0":"post-272","1":"product","2":"type-product","3":"status-publish","4":"has-post-thumbnail","6":"product_cat-tour-privados","7":"tour_category-cusco-tour-privados","9":"first","10":"instock","11":"sale","12":"shipping-taxable","13":"purchasable","14":"product-type-tour"},"yoast_head":"<!-- This site is optimized with the Yoast SEO plugin v27.1.1 - https:\/\/yoast.com\/product\/yoast-seo-wordpress\/ -->\n<title>Tour Privado Monta\u00f1a Palcoyo en 1 Dia<\/title>\n<meta name=\"description\" content=\"Tour Privado Monta\u00f1a Palcoyo en 1 D\u00eda completo, visita la monta\u00f1a arco\u00edris de Palcoyo con un circuito privado. La monta\u00f1a Palccoyo incluye traslado privado.\" \/>\n<meta name=\"robots\" content=\"index, follow, max-snippet:-1, max-image-preview:large, max-video-preview:-1\" \/>\n<link rel=\"canonical\" href=\"https:\/\/www.cuscoairporttransport.com\/es\/tours\/tour-privado-montana-palcoyo-en-1-dia\/\" \/>\n<meta property=\"og:locale\" content=\"es_ES\" \/>\n<meta property=\"og:type\" content=\"article\" \/>\n<meta property=\"og:title\" content=\"Tour Privado Monta\u00f1a Palcoyo en 1 Dia\" \/>\n<meta property=\"og:description\" content=\"Tour Privado Monta\u00f1a Palcoyo en 1 D\u00eda completo, visita la monta\u00f1a arco\u00edris de Palcoyo con un circuito privado. La monta\u00f1a Palccoyo incluye traslado privado.\" \/>\n<meta property=\"og:url\" content=\"https:\/\/www.cuscoairporttransport.com\/es\/tours\/tour-privado-montana-palcoyo-en-1-dia\/\" \/>\n<meta property=\"og:site_name\" content=\"Traslados privados Cusco\" \/>\n<meta property=\"article:publisher\" content=\"https:\/\/www.facebook.com\/cuscoairport\" \/>\n<meta property=\"article:modified_time\" content=\"2025-03-27T01:40:09+00:00\" \/>\n<meta property=\"og:image\" content=\"https:\/\/www.cuscoairporttransport.com\/es\/wp-content\/uploads\/2022\/03\/palcoyo-privado.jpg\" \/>\n\t<meta property=\"og:image:width\" content=\"2560\" \/>\n\t<meta property=\"og:image:height\" content=\"752\" \/>\n\t<meta property=\"og:image:type\" content=\"image\/jpeg\" \/>\n<meta name=\"twitter:card\" content=\"summary_large_image\" \/>\n<meta name=\"twitter:label1\" content=\"Tiempo de lectura\" \/>\n\t<meta name=\"twitter:data1\" content=\"2 minutos\" \/>\n<script type=\"application\/ld+json\" class=\"yoast-schema-graph\">{\"@context\":\"https:\/\/schema.org\",\"@graph\":[{\"@type\":\"WebPage\",\"@id\":\"https:\/\/www.cuscoairporttransport.com\/es\/tours\/tour-privado-montana-palcoyo-en-1-dia\/\",\"url\":\"https:\/\/www.cuscoairporttransport.com\/es\/tours\/tour-privado-montana-palcoyo-en-1-dia\/\",\"name\":\"Tour Privado Monta\u00f1a Palcoyo en 1 Dia\",\"isPartOf\":{\"@id\":\"https:\/\/www.cuscoairporttransport.com\/es\/#website\"},\"primaryImageOfPage\":{\"@id\":\"https:\/\/www.cuscoairporttransport.com\/es\/tours\/tour-privado-montana-palcoyo-en-1-dia\/#primaryimage\"},\"image\":{\"@id\":\"https:\/\/www.cuscoairporttransport.com\/es\/tours\/tour-privado-montana-palcoyo-en-1-dia\/#primaryimage\"},\"thumbnailUrl\":\"https:\/\/www.cuscoairporttransport.com\/es\/wp-content\/uploads\/2022\/03\/palcoyo-privado.jpg\",\"datePublished\":\"2022-03-14T14:30:53+00:00\",\"dateModified\":\"2025-03-27T01:40:09+00:00\",\"description\":\"Tour Privado Monta\u00f1a Palcoyo en 1 D\u00eda completo, visita la monta\u00f1a arco\u00edris de Palcoyo con un circuito privado. La monta\u00f1a Palccoyo incluye traslado privado.\",\"breadcrumb\":{\"@id\":\"https:\/\/www.cuscoairporttransport.com\/es\/tours\/tour-privado-montana-palcoyo-en-1-dia\/#breadcrumb\"},\"inLanguage\":\"es\",\"potentialAction\":[{\"@type\":\"ReadAction\",\"target\":[\"https:\/\/www.cuscoairporttransport.com\/es\/tours\/tour-privado-montana-palcoyo-en-1-dia\/\"]}]},{\"@type\":\"ImageObject\",\"inLanguage\":\"es\",\"@id\":\"https:\/\/www.cuscoairporttransport.com\/es\/tours\/tour-privado-montana-palcoyo-en-1-dia\/#primaryimage\",\"url\":\"https:\/\/www.cuscoairporttransport.com\/es\/wp-content\/uploads\/2022\/03\/palcoyo-privado.jpg\",\"contentUrl\":\"https:\/\/www.cuscoairporttransport.com\/es\/wp-content\/uploads\/2022\/03\/palcoyo-privado.jpg\",\"width\":2560,\"height\":752,\"caption\":\"palcoyo privado\"},{\"@type\":\"BreadcrumbList\",\"@id\":\"https:\/\/www.cuscoairporttransport.com\/es\/tours\/tour-privado-montana-palcoyo-en-1-dia\/#breadcrumb\",\"itemListElement\":[{\"@type\":\"ListItem\",\"position\":1,\"name\":\"Portada\",\"item\":\"https:\/\/www.cuscoairporttransport.com\/es\/\"},{\"@type\":\"ListItem\",\"position\":2,\"name\":\"Productos\",\"item\":\"https:\/\/www.cuscoairporttransport.com\/es\/shop\/\"},{\"@type\":\"ListItem\",\"position\":3,\"name\":\"Tour Privado Monta\u00f1a Palcoyo en 1 Dia\"}]},{\"@type\":\"WebSite\",\"@id\":\"https:\/\/www.cuscoairporttransport.com\/es\/#website\",\"url\":\"https:\/\/www.cuscoairporttransport.com\/es\/\",\"name\":\"Traslados Aeropuerto a Hotel en Cusco\",\"description\":\"\",\"publisher\":{\"@id\":\"https:\/\/www.cuscoairporttransport.com\/es\/#organization\"},\"potentialAction\":[{\"@type\":\"SearchAction\",\"target\":{\"@type\":\"EntryPoint\",\"urlTemplate\":\"https:\/\/www.cuscoairporttransport.com\/es\/?s={search_term_string}\"},\"query-input\":{\"@type\":\"PropertyValueSpecification\",\"valueRequired\":true,\"valueName\":\"search_term_string\"}}],\"inLanguage\":\"es\"},{\"@type\":\"Organization\",\"@id\":\"https:\/\/www.cuscoairporttransport.com\/es\/#organization\",\"name\":\"Traslados Aeropuerto a Hotel en Cusco\",\"url\":\"https:\/\/www.cuscoairporttransport.com\/es\/\",\"logo\":{\"@type\":\"ImageObject\",\"inLanguage\":\"es\",\"@id\":\"https:\/\/www.cuscoairporttransport.com\/es\/#\/schema\/logo\/image\/\",\"url\":\"https:\/\/www.cuscoairporttransport.com\/es\/wp-content\/uploads\/2019\/10\/cuscoairporttransport.jpg\",\"contentUrl\":\"https:\/\/www.cuscoairporttransport.com\/es\/wp-content\/uploads\/2019\/10\/cuscoairporttransport.jpg\",\"width\":348,\"height\":113,\"caption\":\"Traslados Aeropuerto a Hotel en Cusco\"},\"image\":{\"@id\":\"https:\/\/www.cuscoairporttransport.com\/es\/#\/schema\/logo\/image\/\"},\"sameAs\":[\"https:\/\/www.facebook.com\/cuscoairport\",\"https:\/\/www.instagram.com\/cuscoairporttransport\/\"]}]}<\/script>\n<!-- \/ Yoast SEO plugin. -->","yoast_head_json":{"title":"Tour Privado Monta\u00f1a Palcoyo en 1 Dia","description":"Tour Privado Monta\u00f1a Palcoyo en 1 D\u00eda completo, visita la monta\u00f1a arco\u00edris de Palcoyo con un circuito privado. La monta\u00f1a Palccoyo incluye traslado privado.","robots":{"index":"index","follow":"follow","max-snippet":"max-snippet:-1","max-image-preview":"max-image-preview:large","max-video-preview":"max-video-preview:-1"},"canonical":"https:\/\/www.cuscoairporttransport.com\/es\/tours\/tour-privado-montana-palcoyo-en-1-dia\/","og_locale":"es_ES","og_type":"article","og_title":"Tour Privado Monta\u00f1a Palcoyo en 1 Dia","og_description":"Tour Privado Monta\u00f1a Palcoyo en 1 D\u00eda completo, visita la monta\u00f1a arco\u00edris de Palcoyo con un circuito privado. La monta\u00f1a Palccoyo incluye traslado privado.","og_url":"https:\/\/www.cuscoairporttransport.com\/es\/tours\/tour-privado-montana-palcoyo-en-1-dia\/","og_site_name":"Traslados privados Cusco","article_publisher":"https:\/\/www.facebook.com\/cuscoairport","article_modified_time":"2025-03-27T01:40:09+00:00","og_image":[{"width":2560,"height":752,"url":"https:\/\/www.cuscoairporttransport.com\/es\/wp-content\/uploads\/2022\/03\/palcoyo-privado.jpg","type":"image\/jpeg"}],"twitter_card":"summary_large_image","twitter_misc":{"Tiempo de lectura":"2 minutos"},"schema":{"@context":"https:\/\/schema.org","@graph":[{"@type":"WebPage","@id":"https:\/\/www.cuscoairporttransport.com\/es\/tours\/tour-privado-montana-palcoyo-en-1-dia\/","url":"https:\/\/www.cuscoairporttransport.com\/es\/tours\/tour-privado-montana-palcoyo-en-1-dia\/","name":"Tour Privado Monta\u00f1a Palcoyo en 1 Dia","isPartOf":{"@id":"https:\/\/www.cuscoairporttransport.com\/es\/#website"},"primaryImageOfPage":{"@id":"https:\/\/www.cuscoairporttransport.com\/es\/tours\/tour-privado-montana-palcoyo-en-1-dia\/#primaryimage"},"image":{"@id":"https:\/\/www.cuscoairporttransport.com\/es\/tours\/tour-privado-montana-palcoyo-en-1-dia\/#primaryimage"},"thumbnailUrl":"https:\/\/www.cuscoairporttransport.com\/es\/wp-content\/uploads\/2022\/03\/palcoyo-privado.jpg","datePublished":"2022-03-14T14:30:53+00:00","dateModified":"2025-03-27T01:40:09+00:00","description":"Tour Privado Monta\u00f1a Palcoyo en 1 D\u00eda completo, visita la monta\u00f1a arco\u00edris de Palcoyo con un circuito privado. La monta\u00f1a Palccoyo incluye traslado privado.","breadcrumb":{"@id":"https:\/\/www.cuscoairporttransport.com\/es\/tours\/tour-privado-montana-palcoyo-en-1-dia\/#breadcrumb"},"inLanguage":"es","potentialAction":[{"@type":"ReadAction","target":["https:\/\/www.cuscoairporttransport.com\/es\/tours\/tour-privado-montana-palcoyo-en-1-dia\/"]}]},{"@type":"ImageObject","inLanguage":"es","@id":"https:\/\/www.cuscoairporttransport.com\/es\/tours\/tour-privado-montana-palcoyo-en-1-dia\/#primaryimage","url":"https:\/\/www.cuscoairporttransport.com\/es\/wp-content\/uploads\/2022\/03\/palcoyo-privado.jpg","contentUrl":"https:\/\/www.cuscoairporttransport.com\/es\/wp-content\/uploads\/2022\/03\/palcoyo-privado.jpg","width":2560,"height":752,"caption":"palcoyo privado"},{"@type":"BreadcrumbList","@id":"https:\/\/www.cuscoairporttransport.com\/es\/tours\/tour-privado-montana-palcoyo-en-1-dia\/#breadcrumb","itemListElement":[{"@type":"ListItem","position":1,"name":"Portada","item":"https:\/\/www.cuscoairporttransport.com\/es\/"},{"@type":"ListItem","position":2,"name":"Productos","item":"https:\/\/www.cuscoairporttransport.com\/es\/shop\/"},{"@type":"ListItem","position":3,"name":"Tour Privado Monta\u00f1a Palcoyo en 1 Dia"}]},{"@type":"WebSite","@id":"https:\/\/www.cuscoairporttransport.com\/es\/#website","url":"https:\/\/www.cuscoairporttransport.com\/es\/","name":"Traslados Aeropuerto a Hotel en Cusco","description":"","publisher":{"@id":"https:\/\/www.cuscoairporttransport.com\/es\/#organization"},"potentialAction":[{"@type":"SearchAction","target":{"@type":"EntryPoint","urlTemplate":"https:\/\/www.cuscoairporttransport.com\/es\/?s={search_term_string}"},"query-input":{"@type":"PropertyValueSpecification","valueRequired":true,"valueName":"search_term_string"}}],"inLanguage":"es"},{"@type":"Organization","@id":"https:\/\/www.cuscoairporttransport.com\/es\/#organization","name":"Traslados Aeropuerto a Hotel en Cusco","url":"https:\/\/www.cuscoairporttransport.com\/es\/","logo":{"@type":"ImageObject","inLanguage":"es","@id":"https:\/\/www.cuscoairporttransport.com\/es\/#\/schema\/logo\/image\/","url":"https:\/\/www.cuscoairporttransport.com\/es\/wp-content\/uploads\/2019\/10\/cuscoairporttransport.jpg","contentUrl":"https:\/\/www.cuscoairporttransport.com\/es\/wp-content\/uploads\/2019\/10\/cuscoairporttransport.jpg","width":348,"height":113,"caption":"Traslados Aeropuerto a Hotel en Cusco"},"image":{"@id":"https:\/\/www.cuscoairporttransport.com\/es\/#\/schema\/logo\/image\/"},"sameAs":["https:\/\/www.facebook.com\/cuscoairport","https:\/\/www.instagram.com\/cuscoairporttransport\/"]}]}},"_links":{"self":[{"href":"https:\/\/www.cuscoairporttransport.com\/es\/wp-json\/wp\/v2\/product\/272","targetHints":{"allow":["GET"]}}],"collection":[{"href":"https:\/\/www.cuscoairporttransport.com\/es\/wp-json\/wp\/v2\/product"}],"about":[{"href":"https:\/\/www.cuscoairporttransport.com\/es\/wp-json\/wp\/v2\/types\/product"}],"replies":[{"embeddable":true,"href":"https:\/\/www.cuscoairporttransport.com\/es\/wp-json\/wp\/v2\/comments?post=272"}],"wp:featuredmedia":[{"embeddable":true,"href":"https:\/\/www.cuscoairporttransport.com\/es\/wp-json\/wp\/v2\/media\/273"}],"wp:attachment":[{"href":"https:\/\/www.cuscoairporttransport.com\/es\/wp-json\/wp\/v2\/media?parent=272"}],"wp:term":[{"taxonomy":"product_brand","embeddable":true,"href":"https:\/\/www.cuscoairporttransport.com\/es\/wp-json\/wp\/v2\/product_brand?post=272"},{"taxonomy":"product_cat","embeddable":true,"href":"https:\/\/www.cuscoairporttransport.com\/es\/wp-json\/wp\/v2\/product_cat?post=272"},{"taxonomy":"product_tag","embeddable":true,"href":"https:\/\/www.cuscoairporttransport.com\/es\/wp-json\/wp\/v2\/product_tag?post=272"}],"curies":[{"name":"wp","href":"https:\/\/api.w.org\/{rel}","templated":true}]}}