{"id":324,"date":"2022-11-02T01:56:01","date_gmt":"2022-11-02T01:56:01","guid":{"rendered":"https:\/\/www.cuscoairporttransport.com\/es\/?post_type=product&#038;p=324"},"modified":"2025-03-27T01:26:55","modified_gmt":"2025-03-27T01:26:55","slug":"tour-privado-machu-picchu-en-1-dia","status":"publish","type":"product","link":"https:\/\/www.cuscoairporttransport.com\/es\/tours\/tour-privado-machu-picchu-en-1-dia\/","title":{"rendered":"Tour privado Machu Picchu en 1 Dia"},"content":{"rendered":"<p><strong>Tour privado Machu Picchu en 1 D\u00eda<\/strong>. Si estas planificando viajar a <a href=\"https:\/\/www.donperutours.com\/es\/tours\/reservar-machu-picchu-2023\/\" target=\"_blank\" rel=\"noopener noreferrer\">Machu Picchu<\/a> nuestra agencia de Viajes te recomienda reservar con varios meses de anticipaci\u00f3n. Actualmente Machu Picchu tiene cupos limitados y es mejor reservar con antelaci\u00f3n y as\u00ed asegurar tu <a href=\"https:\/\/www.riorojocusco.com\/tours\/tour-machu-picchu-2023-privado\/\" target=\"_blank\" rel=\"noopener noreferrer\">visita a Machu Picchu<\/a>, y si est\u00e1s buscando una agencia de viajes en Cusco que te ayude con ello nosotros somos la mejor opci\u00f3n, organizaremos tu viaje a Machu Picchu de una forma personalizada y de forma privada.<\/p>\n<h2>Machu Picchu<\/h2>\n<p><strong>Hora<\/strong>: Te brindaremos diferentes opciones de acuerdo a la disponibilidad.<br \/>\n<strong>Duraci\u00f3n<\/strong>: 12 horas aproximadamente<br \/>\n<strong>Grupo privado<\/strong><br \/>\n<strong>Salidas diarias<\/strong><\/p>\n<p><strong>Importante<\/strong>: Para realizar este recorrido solo necesitamos una foto de los pasaportes y la direcci\u00f3n de su hotel para recogerlo.<\/p>\n<table style=\"height: 86px;\" width=\"240\">\n<tbody>\n<tr>\n<td style=\"background-color: #ff3333; border-color: #ff3333; text-align: center;\"><a href=\"https:\/\/wa.me\/51989694842\"><span style=\"color: #ffffff;\">WhatsApp: Reservar<\/span><\/a><\/td>\n<\/tr>\n<tr>\n<td style=\"border-color: #ffffff;\"><\/td>\n<\/tr>\n<\/tbody>\n<\/table>\n<p><strong>Precio por persona<\/strong>: El precio var\u00eda de acuerdo al n\u00famero de pasajeros.<\/p>\n<p><strong>Que incluye<\/strong>:<br \/>\n<i class=\"fa fa-check icon-tick icon-tick--on\"><\/i> Recojo y Drop off en tu Hotel<br \/>\n<i class=\"fa fa-check icon-tick icon-tick--on\"><\/i> Traslado ida y vuelta privado. (Cusco \u2013 <a href=\"https:\/\/www.cuscoairporttransport.com\/es\/tours\/hotel-en-cusco-a-estacion-de-tren-de-ollantaytambo\/\" target=\"_blank\" rel=\"noopener noreferrer\">Ollantaytambo &#8211; Cusco<\/a>)<br \/>\n<i class=\"fa fa-check icon-tick icon-tick--on\"><\/i> Gu\u00eda profesional certificado privado (Espa\u00f1ol \/ Ingles)<br \/>\n<i class=\"fa fa-check icon-tick icon-tick--on\"><\/i> Entrada a Machu Picchu<br \/>\n<i class=\"fa fa-check icon-tick icon-tick--on\"><\/i> Tren turistico expedition (Ollantaytambo \u2013 Aguas Calientes \u2013 Ollantaytambo).<br \/>\n<i class=\"fa fa-check icon-tick icon-tick--on\"><\/i> Bus consettur ida y vuelta (Aguas Calientes &#8211; Machu Picchu \u2013 Aguas Calientes)<br \/>\n<i class=\"fa fa-check icon-tick icon-tick--on\"><\/i> Asistencia Personalizada.<\/p>\n<p><strong>No Incluye<\/strong><br \/>\n<i class=\"fa fa-times icon-tick icon-tick--off\"><\/i> Seguro de viaje y otros servicios no mencionados.<\/p>\n<p><strong>Importante<\/strong>: El tren tur\u00edstico expedition y el bus consettur son servicios compartidos.<\/p>\n<p><strong>Adicional:<\/strong><br \/>\n\u2022 Puedes cambiar el tren tur\u00edstico expedition por el tren tur\u00edstico vistadome. Solicitar en el momento de la cotizaci\u00f3n.<\/p>\n<table style=\"height: 86px;\" width=\"240\">\n<tbody>\n<tr>\n<td style=\"background-color: #ff3333; border-color: #ff3333; text-align: center;\"><a href=\"https:\/\/wa.me\/51989694842\"><span style=\"color: #ffffff;\">WhatsApp: Reservar<\/span><\/a><\/td>\n<\/tr>\n<tr>\n<td style=\"border-color: #ffffff;\"><\/td>\n<\/tr>\n<\/tbody>\n<\/table>\n<h2>Itinerario<\/h2>\n<p>04:00 A la hora acordada pasaremos a recogerte a tu Hotel para luego ir a la estaci\u00f3n de <a href=\"https:\/\/www.trasladosaeropuertocusco.com\/tours\/traslado-cusco-a-estacion-de-ollantaytambo\/\" target=\"_blank\" rel=\"noopener noreferrer\">Ollantaytambo<\/a>. El viaje durara aproximadamente 1 hora y 30 minutos.<\/p>\n<p>05:30 Deber\u00e1s presentarte en la estaci\u00f3n de Ollantaytambo<\/p>\n<p>06:05 Tren tur\u00edstico expedition desde Ollantaytambo hacia el pueblo de Machu Picchu, tambi\u00e9n conocido como Aguas Calientes<\/p>\n<p>07:40 Llegada a Aguas Calientes.<\/p>\n<p>00:00 Subiremos en el Bus consettur desde Aguas Calientes a Machu Picchu<\/p>\n<p>00:00 De acuerdo a tu horario de entrada el Gu\u00eda te brindara informaci\u00f3n importante de Machu Picchu y tendr\u00e1s un guiado de aproximadamente 2 horas y de acuerdo a las pol\u00edticas del Estado Peruano tu visita no puede ser mayor a 3 horas.<\/p>\n<p>00:00 Bus de bajada desde Machu Picchu a Aguas Calientes<\/p>\n<p>Tarde Libre<\/p>\n<p>16:20 Deber\u00e1s presentarte en la estaci\u00f3n de Aguas Calientes.<\/p>\n<p>16:43 Tren turistico expediton desde Aguas Calientes a Ollantaytambo<br \/>\n18:31 Llegada a Ollantaytambo y nuestro transfer estar\u00e1 esper\u00e1ndote en la estaci\u00f3n de Ollantaytambo para retornar a la ciudad del Cusco, el viaje durara aproximadamente 1 hora y 30 minutos. Y al llegar a Cusco te dejara en tu mismo Hotel.<\/p>\n<h2>Privado Machu Picchu<\/h2>\n<p><img loading=\"lazy\" decoding=\"async\" class=\"alignnone size-full wp-image-328\" src=\"https:\/\/www.cuscoairporttransport.com\/es\/wp-content\/uploads\/2022\/11\/tourrmachupicchu.jpg\" alt=\"tour rmachupicchu\" width=\"1349\" height=\"1687\" srcset=\"https:\/\/www.cuscoairporttransport.com\/es\/wp-content\/uploads\/2022\/11\/tourrmachupicchu.jpg 1349w, https:\/\/www.cuscoairporttransport.com\/es\/wp-content\/uploads\/2022\/11\/tourrmachupicchu-240x300.jpg 240w, https:\/\/www.cuscoairporttransport.com\/es\/wp-content\/uploads\/2022\/11\/tourrmachupicchu-819x1024.jpg 819w, https:\/\/www.cuscoairporttransport.com\/es\/wp-content\/uploads\/2022\/11\/tourrmachupicchu-768x960.jpg 768w, https:\/\/www.cuscoairporttransport.com\/es\/wp-content\/uploads\/2022\/11\/tourrmachupicchu-1228x1536.jpg 1228w, https:\/\/www.cuscoairporttransport.com\/es\/wp-content\/uploads\/2022\/11\/tourrmachupicchu-600x750.jpg 600w\" sizes=\"auto, (max-width: 1349px) 100vw, 1349px\" \/><\/p>\n","protected":false},"excerpt":{"rendered":"<div class=\"padding-top text-center\"><a href=\"https:\/\/www.cuscoairporttransport.com\/es\/tours\/tour-privado-machu-picchu-en-1-dia\/\" class=\"atbtn atbtn--medium atbtn--rounded atbtn--transparent\">Continuar lectura<i class=\"atbtn__icon atbtn__icon--right fa fa-long-arrow-right\"><\/i><\/a><\/div>\n","protected":false},"featured_media":325,"comment_status":"closed","ping_status":"closed","template":"","meta":[],"product_brand":[],"product_cat":[20],"product_tag":[],"class_list":{"0":"post-324","1":"product","2":"type-product","3":"status-publish","4":"has-post-thumbnail","6":"product_cat-tour-privados","7":"tour_category-cusco-tour-privados","9":"first","10":"instock","11":"shipping-taxable","12":"product-type-tour"},"yoast_head":"<!-- This site is optimized with the Yoast SEO plugin v27.1.1 - https:\/\/yoast.com\/product\/yoast-seo-wordpress\/ -->\n<title>Tour privado Machu Picchu en 1 Dia<\/title>\n<meta name=\"description\" content=\"Tour privado Machu Picchu en 1 D\u00eda, ofrecemos el tour a Machu Picchu de forma privada todo incluido desde Cusco, tenemos salidas diarias.\" \/>\n<meta name=\"robots\" content=\"index, follow, max-snippet:-1, max-image-preview:large, max-video-preview:-1\" \/>\n<link rel=\"canonical\" href=\"https:\/\/www.cuscoairporttransport.com\/es\/tours\/tour-privado-machu-picchu-en-1-dia\/\" \/>\n<meta property=\"og:locale\" content=\"es_ES\" \/>\n<meta property=\"og:type\" content=\"article\" \/>\n<meta property=\"og:title\" content=\"Tour privado Machu Picchu en 1 Dia\" \/>\n<meta property=\"og:description\" content=\"Tour privado Machu Picchu en 1 D\u00eda, ofrecemos el tour a Machu Picchu de forma privada todo incluido desde Cusco, tenemos salidas diarias.\" \/>\n<meta property=\"og:url\" content=\"https:\/\/www.cuscoairporttransport.com\/es\/tours\/tour-privado-machu-picchu-en-1-dia\/\" \/>\n<meta property=\"og:site_name\" content=\"Traslados privados Cusco\" \/>\n<meta property=\"article:publisher\" content=\"https:\/\/www.facebook.com\/cuscoairport\" \/>\n<meta property=\"article:modified_time\" content=\"2025-03-27T01:26:55+00:00\" \/>\n<meta property=\"og:image\" content=\"https:\/\/www.cuscoairporttransport.com\/es\/wp-content\/uploads\/2022\/11\/machu-picchu-tour-privado.jpg\" \/>\n\t<meta property=\"og:image:width\" content=\"2560\" \/>\n\t<meta property=\"og:image:height\" content=\"752\" \/>\n\t<meta property=\"og:image:type\" content=\"image\/jpeg\" \/>\n<meta name=\"twitter:card\" content=\"summary_large_image\" \/>\n<meta name=\"twitter:label1\" content=\"Tiempo de lectura\" \/>\n\t<meta name=\"twitter:data1\" content=\"3 minutos\" \/>\n<script type=\"application\/ld+json\" class=\"yoast-schema-graph\">{\"@context\":\"https:\/\/schema.org\",\"@graph\":[{\"@type\":\"WebPage\",\"@id\":\"https:\/\/www.cuscoairporttransport.com\/es\/tours\/tour-privado-machu-picchu-en-1-dia\/\",\"url\":\"https:\/\/www.cuscoairporttransport.com\/es\/tours\/tour-privado-machu-picchu-en-1-dia\/\",\"name\":\"Tour privado Machu Picchu en 1 Dia\",\"isPartOf\":{\"@id\":\"https:\/\/www.cuscoairporttransport.com\/es\/#website\"},\"primaryImageOfPage\":{\"@id\":\"https:\/\/www.cuscoairporttransport.com\/es\/tours\/tour-privado-machu-picchu-en-1-dia\/#primaryimage\"},\"image\":{\"@id\":\"https:\/\/www.cuscoairporttransport.com\/es\/tours\/tour-privado-machu-picchu-en-1-dia\/#primaryimage\"},\"thumbnailUrl\":\"https:\/\/www.cuscoairporttransport.com\/es\/wp-content\/uploads\/2022\/11\/machu-picchu-tour-privado.jpg\",\"datePublished\":\"2022-11-02T01:56:01+00:00\",\"dateModified\":\"2025-03-27T01:26:55+00:00\",\"description\":\"Tour privado Machu Picchu en 1 D\u00eda, ofrecemos el tour a Machu Picchu de forma privada todo incluido desde Cusco, tenemos salidas diarias.\",\"breadcrumb\":{\"@id\":\"https:\/\/www.cuscoairporttransport.com\/es\/tours\/tour-privado-machu-picchu-en-1-dia\/#breadcrumb\"},\"inLanguage\":\"es\",\"potentialAction\":[{\"@type\":\"ReadAction\",\"target\":[\"https:\/\/www.cuscoairporttransport.com\/es\/tours\/tour-privado-machu-picchu-en-1-dia\/\"]}]},{\"@type\":\"ImageObject\",\"inLanguage\":\"es\",\"@id\":\"https:\/\/www.cuscoairporttransport.com\/es\/tours\/tour-privado-machu-picchu-en-1-dia\/#primaryimage\",\"url\":\"https:\/\/www.cuscoairporttransport.com\/es\/wp-content\/uploads\/2022\/11\/machu-picchu-tour-privado.jpg\",\"contentUrl\":\"https:\/\/www.cuscoairporttransport.com\/es\/wp-content\/uploads\/2022\/11\/machu-picchu-tour-privado.jpg\",\"width\":2560,\"height\":752,\"caption\":\"machu picchu tour privado\"},{\"@type\":\"BreadcrumbList\",\"@id\":\"https:\/\/www.cuscoairporttransport.com\/es\/tours\/tour-privado-machu-picchu-en-1-dia\/#breadcrumb\",\"itemListElement\":[{\"@type\":\"ListItem\",\"position\":1,\"name\":\"Portada\",\"item\":\"https:\/\/www.cuscoairporttransport.com\/es\/\"},{\"@type\":\"ListItem\",\"position\":2,\"name\":\"Productos\",\"item\":\"https:\/\/www.cuscoairporttransport.com\/es\/shop\/\"},{\"@type\":\"ListItem\",\"position\":3,\"name\":\"Tour privado Machu Picchu en 1 Dia\"}]},{\"@type\":\"WebSite\",\"@id\":\"https:\/\/www.cuscoairporttransport.com\/es\/#website\",\"url\":\"https:\/\/www.cuscoairporttransport.com\/es\/\",\"name\":\"Traslados Aeropuerto a Hotel en Cusco\",\"description\":\"\",\"publisher\":{\"@id\":\"https:\/\/www.cuscoairporttransport.com\/es\/#organization\"},\"potentialAction\":[{\"@type\":\"SearchAction\",\"target\":{\"@type\":\"EntryPoint\",\"urlTemplate\":\"https:\/\/www.cuscoairporttransport.com\/es\/?s={search_term_string}\"},\"query-input\":{\"@type\":\"PropertyValueSpecification\",\"valueRequired\":true,\"valueName\":\"search_term_string\"}}],\"inLanguage\":\"es\"},{\"@type\":\"Organization\",\"@id\":\"https:\/\/www.cuscoairporttransport.com\/es\/#organization\",\"name\":\"Traslados Aeropuerto a Hotel en Cusco\",\"url\":\"https:\/\/www.cuscoairporttransport.com\/es\/\",\"logo\":{\"@type\":\"ImageObject\",\"inLanguage\":\"es\",\"@id\":\"https:\/\/www.cuscoairporttransport.com\/es\/#\/schema\/logo\/image\/\",\"url\":\"https:\/\/www.cuscoairporttransport.com\/es\/wp-content\/uploads\/2019\/10\/cuscoairporttransport.jpg\",\"contentUrl\":\"https:\/\/www.cuscoairporttransport.com\/es\/wp-content\/uploads\/2019\/10\/cuscoairporttransport.jpg\",\"width\":348,\"height\":113,\"caption\":\"Traslados Aeropuerto a Hotel en Cusco\"},\"image\":{\"@id\":\"https:\/\/www.cuscoairporttransport.com\/es\/#\/schema\/logo\/image\/\"},\"sameAs\":[\"https:\/\/www.facebook.com\/cuscoairport\",\"https:\/\/www.instagram.com\/cuscoairporttransport\/\"]}]}<\/script>\n<!-- \/ Yoast SEO plugin. -->","yoast_head_json":{"title":"Tour privado Machu Picchu en 1 Dia","description":"Tour privado Machu Picchu en 1 D\u00eda, ofrecemos el tour a Machu Picchu de forma privada todo incluido desde Cusco, tenemos salidas diarias.","robots":{"index":"index","follow":"follow","max-snippet":"max-snippet:-1","max-image-preview":"max-image-preview:large","max-video-preview":"max-video-preview:-1"},"canonical":"https:\/\/www.cuscoairporttransport.com\/es\/tours\/tour-privado-machu-picchu-en-1-dia\/","og_locale":"es_ES","og_type":"article","og_title":"Tour privado Machu Picchu en 1 Dia","og_description":"Tour privado Machu Picchu en 1 D\u00eda, ofrecemos el tour a Machu Picchu de forma privada todo incluido desde Cusco, tenemos salidas diarias.","og_url":"https:\/\/www.cuscoairporttransport.com\/es\/tours\/tour-privado-machu-picchu-en-1-dia\/","og_site_name":"Traslados privados Cusco","article_publisher":"https:\/\/www.facebook.com\/cuscoairport","article_modified_time":"2025-03-27T01:26:55+00:00","og_image":[{"width":2560,"height":752,"url":"https:\/\/www.cuscoairporttransport.com\/es\/wp-content\/uploads\/2022\/11\/machu-picchu-tour-privado.jpg","type":"image\/jpeg"}],"twitter_card":"summary_large_image","twitter_misc":{"Tiempo de lectura":"3 minutos"},"schema":{"@context":"https:\/\/schema.org","@graph":[{"@type":"WebPage","@id":"https:\/\/www.cuscoairporttransport.com\/es\/tours\/tour-privado-machu-picchu-en-1-dia\/","url":"https:\/\/www.cuscoairporttransport.com\/es\/tours\/tour-privado-machu-picchu-en-1-dia\/","name":"Tour privado Machu Picchu en 1 Dia","isPartOf":{"@id":"https:\/\/www.cuscoairporttransport.com\/es\/#website"},"primaryImageOfPage":{"@id":"https:\/\/www.cuscoairporttransport.com\/es\/tours\/tour-privado-machu-picchu-en-1-dia\/#primaryimage"},"image":{"@id":"https:\/\/www.cuscoairporttransport.com\/es\/tours\/tour-privado-machu-picchu-en-1-dia\/#primaryimage"},"thumbnailUrl":"https:\/\/www.cuscoairporttransport.com\/es\/wp-content\/uploads\/2022\/11\/machu-picchu-tour-privado.jpg","datePublished":"2022-11-02T01:56:01+00:00","dateModified":"2025-03-27T01:26:55+00:00","description":"Tour privado Machu Picchu en 1 D\u00eda, ofrecemos el tour a Machu Picchu de forma privada todo incluido desde Cusco, tenemos salidas diarias.","breadcrumb":{"@id":"https:\/\/www.cuscoairporttransport.com\/es\/tours\/tour-privado-machu-picchu-en-1-dia\/#breadcrumb"},"inLanguage":"es","potentialAction":[{"@type":"ReadAction","target":["https:\/\/www.cuscoairporttransport.com\/es\/tours\/tour-privado-machu-picchu-en-1-dia\/"]}]},{"@type":"ImageObject","inLanguage":"es","@id":"https:\/\/www.cuscoairporttransport.com\/es\/tours\/tour-privado-machu-picchu-en-1-dia\/#primaryimage","url":"https:\/\/www.cuscoairporttransport.com\/es\/wp-content\/uploads\/2022\/11\/machu-picchu-tour-privado.jpg","contentUrl":"https:\/\/www.cuscoairporttransport.com\/es\/wp-content\/uploads\/2022\/11\/machu-picchu-tour-privado.jpg","width":2560,"height":752,"caption":"machu picchu tour privado"},{"@type":"BreadcrumbList","@id":"https:\/\/www.cuscoairporttransport.com\/es\/tours\/tour-privado-machu-picchu-en-1-dia\/#breadcrumb","itemListElement":[{"@type":"ListItem","position":1,"name":"Portada","item":"https:\/\/www.cuscoairporttransport.com\/es\/"},{"@type":"ListItem","position":2,"name":"Productos","item":"https:\/\/www.cuscoairporttransport.com\/es\/shop\/"},{"@type":"ListItem","position":3,"name":"Tour privado Machu Picchu en 1 Dia"}]},{"@type":"WebSite","@id":"https:\/\/www.cuscoairporttransport.com\/es\/#website","url":"https:\/\/www.cuscoairporttransport.com\/es\/","name":"Traslados Aeropuerto a Hotel en Cusco","description":"","publisher":{"@id":"https:\/\/www.cuscoairporttransport.com\/es\/#organization"},"potentialAction":[{"@type":"SearchAction","target":{"@type":"EntryPoint","urlTemplate":"https:\/\/www.cuscoairporttransport.com\/es\/?s={search_term_string}"},"query-input":{"@type":"PropertyValueSpecification","valueRequired":true,"valueName":"search_term_string"}}],"inLanguage":"es"},{"@type":"Organization","@id":"https:\/\/www.cuscoairporttransport.com\/es\/#organization","name":"Traslados Aeropuerto a Hotel en Cusco","url":"https:\/\/www.cuscoairporttransport.com\/es\/","logo":{"@type":"ImageObject","inLanguage":"es","@id":"https:\/\/www.cuscoairporttransport.com\/es\/#\/schema\/logo\/image\/","url":"https:\/\/www.cuscoairporttransport.com\/es\/wp-content\/uploads\/2019\/10\/cuscoairporttransport.jpg","contentUrl":"https:\/\/www.cuscoairporttransport.com\/es\/wp-content\/uploads\/2019\/10\/cuscoairporttransport.jpg","width":348,"height":113,"caption":"Traslados Aeropuerto a Hotel en Cusco"},"image":{"@id":"https:\/\/www.cuscoairporttransport.com\/es\/#\/schema\/logo\/image\/"},"sameAs":["https:\/\/www.facebook.com\/cuscoairport","https:\/\/www.instagram.com\/cuscoairporttransport\/"]}]}},"_links":{"self":[{"href":"https:\/\/www.cuscoairporttransport.com\/es\/wp-json\/wp\/v2\/product\/324","targetHints":{"allow":["GET"]}}],"collection":[{"href":"https:\/\/www.cuscoairporttransport.com\/es\/wp-json\/wp\/v2\/product"}],"about":[{"href":"https:\/\/www.cuscoairporttransport.com\/es\/wp-json\/wp\/v2\/types\/product"}],"replies":[{"embeddable":true,"href":"https:\/\/www.cuscoairporttransport.com\/es\/wp-json\/wp\/v2\/comments?post=324"}],"wp:featuredmedia":[{"embeddable":true,"href":"https:\/\/www.cuscoairporttransport.com\/es\/wp-json\/wp\/v2\/media\/325"}],"wp:attachment":[{"href":"https:\/\/www.cuscoairporttransport.com\/es\/wp-json\/wp\/v2\/media?parent=324"}],"wp:term":[{"taxonomy":"product_brand","embeddable":true,"href":"https:\/\/www.cuscoairporttransport.com\/es\/wp-json\/wp\/v2\/product_brand?post=324"},{"taxonomy":"product_cat","embeddable":true,"href":"https:\/\/www.cuscoairporttransport.com\/es\/wp-json\/wp\/v2\/product_cat?post=324"},{"taxonomy":"product_tag","embeddable":true,"href":"https:\/\/www.cuscoairporttransport.com\/es\/wp-json\/wp\/v2\/product_tag?post=324"}],"curies":[{"name":"wp","href":"https:\/\/api.w.org\/{rel}","templated":true}]}}