{"id":330,"date":"2023-01-02T17:06:11","date_gmt":"2023-01-02T17:06:11","guid":{"rendered":"https:\/\/www.cuscoairporttransport.com\/es\/?post_type=product&#038;p=330"},"modified":"2025-03-26T23:30:58","modified_gmt":"2025-03-26T23:30:58","slug":"traslado-privado-cusco-a-pisac","status":"publish","type":"product","link":"https:\/\/www.cuscoairporttransport.com\/es\/tours\/traslado-privado-cusco-a-pisac\/","title":{"rendered":"Traslado Privado Cusco a Pisac"},"content":{"rendered":"<p><strong>Traslado Privado Cusco a Pisac<\/strong>. Nuestra agencia de viajes <a href=\"https:\/\/www.cuscoairporttransport.com\/es\/tours\/hotel-en-cusco-a-estacion-de-tren-de-ollantaytambo\/\" target=\"_blank\" rel=\"noopener noreferrer\">Cusco<\/a> Airport Transport tambi\u00e9n ofrece el servicio de <strong>traslado privado desde Cusco a Pisac o Viceversa<\/strong>. Contamos con diferentes tipos de movilidad: Autos, Camionetas, Van, H1 y Sprinter, tenemos salidas diarias. Contamos con todos los protocolos de bioseguridad.<\/p>\n<table style=\"height: 86px;\" width=\"240\">\n<tbody>\n<tr>\n<td style=\"background-color: #ff3333; border-color: #ff3333; text-align: center;\"><a href=\"https:\/\/wa.me\/51989694842\"><span style=\"color: #ffffff;\">WhatsApp: Reservar<\/span><\/a><\/td>\n<\/tr>\n<tr>\n<td style=\"border-color: #ffffff;\"><\/td>\n<\/tr>\n<\/tbody>\n<\/table>\n<h2>Cusco a Pisac<\/h2>\n<table>\n<tbody>\n<tr>\n<td style=\"background-color: #55ab30;\"><span style=\"color: #ffffff;\">Destino<\/span><\/td>\n<td style=\"background-color: #1787bf;\"><span style=\"color: #ffffff;\">Auto (Max 2 personas)<\/span><\/td>\n<td style=\"background-color: #ff4e21;\"><span style=\"color: #ffffff;\">Camioneta (of 3 a 4 personas)<\/span><\/td>\n<td style=\"background-color: #8d0b8f;\"><span style=\"color: #ffffff;\">Van \/ H1 (of 4 a 7 personas)<br \/>\n<\/span><\/td>\n<\/tr>\n<tr>\n<td>Cusco a <a href=\"https:\/\/www.cuscoairporttransport.com\/es\/tours\/tour-privado-chinchero-moray-salinera-maras-ollantaytambo-y-pisac\/\" target=\"_blank\" rel=\"noopener noreferrer\">Pisac<\/a><\/td>\n<td>US$ 40<\/td>\n<td>US$ 55<\/td>\n<td>US$ 85<\/td>\n<\/tr>\n<tr>\n<td>Pisac a Cusco<\/td>\n<td>US$ 40<\/td>\n<td>US$ 55<\/td>\n<td>US$ 85<\/td>\n<\/tr>\n<\/tbody>\n<\/table>\n<p><strong>Incluye<\/strong><br \/>\n\u2022 Recojo (Indicar Direcci\u00f3n: <a href=\"https:\/\/www.donperutours.com\/es\/traslado-aeropuerto-cusco-a-hotel\/\" target=\"_blank\" rel=\"noopener noreferrer\">Aeropuerto Cusco<\/a> \/ Hotel en Cusco \/ Airbnb en Cusco)<br \/>\n\u2022 Movilidad y Conductor<br \/>\n\u2022 Drop off (Indicar Direcci\u00f3n)<\/p>\n<p><strong>No Incluye:<\/strong><br \/>\n\u2022 Seguro de viaje y otros servicios no mencionados.<\/p>\n<p><strong>Importante:<\/strong> Para solicitar el servicio debe indicar la fecha exacta, hora de recojo y n\u00famero de pasajeros. Si son m\u00e1s viajeros por favor solicite una cotizaci\u00f3n en l\u00ednea, directamente en nuestro canal de <strong>WhatsApp<\/strong> <a href=\"https:\/\/wa.me\/51989694842\">+ 51989694842<\/a><\/p>\n<h2>Trasporte privado Cusco a Pisac<\/h2>\n<p><img loading=\"lazy\" decoding=\"async\" class=\"alignnone size-full wp-image-333\" src=\"https:\/\/www.cuscoairporttransport.com\/es\/wp-content\/uploads\/2023\/01\/transporte-cusco-pisac.jpg\" alt=\"\" width=\"899\" height=\"1327\" srcset=\"https:\/\/www.cuscoairporttransport.com\/es\/wp-content\/uploads\/2023\/01\/transporte-cusco-pisac.jpg 899w, https:\/\/www.cuscoairporttransport.com\/es\/wp-content\/uploads\/2023\/01\/transporte-cusco-pisac-203x300.jpg 203w, https:\/\/www.cuscoairporttransport.com\/es\/wp-content\/uploads\/2023\/01\/transporte-cusco-pisac-694x1024.jpg 694w, https:\/\/www.cuscoairporttransport.com\/es\/wp-content\/uploads\/2023\/01\/transporte-cusco-pisac-768x1134.jpg 768w, https:\/\/www.cuscoairporttransport.com\/es\/wp-content\/uploads\/2023\/01\/transporte-cusco-pisac-600x886.jpg 600w\" sizes=\"auto, (max-width: 899px) 100vw, 899px\" \/> <img loading=\"lazy\" decoding=\"async\" class=\"alignnone size-full wp-image-334\" src=\"https:\/\/www.cuscoairporttransport.com\/es\/wp-content\/uploads\/2023\/01\/cusco-a-pisac-privado.jpg\" alt=\"\" width=\"899\" height=\"1327\" \/> <img loading=\"lazy\" decoding=\"async\" class=\"alignnone size-full wp-image-335\" src=\"https:\/\/www.cuscoairporttransport.com\/es\/wp-content\/uploads\/2023\/01\/pisac-a-cusco.jpg\" alt=\"\" width=\"899\" height=\"1327\" srcset=\"https:\/\/www.cuscoairporttransport.com\/es\/wp-content\/uploads\/2023\/01\/pisac-a-cusco.jpg 899w, https:\/\/www.cuscoairporttransport.com\/es\/wp-content\/uploads\/2023\/01\/pisac-a-cusco-203x300.jpg 203w, https:\/\/www.cuscoairporttransport.com\/es\/wp-content\/uploads\/2023\/01\/pisac-a-cusco-694x1024.jpg 694w, https:\/\/www.cuscoairporttransport.com\/es\/wp-content\/uploads\/2023\/01\/pisac-a-cusco-768x1134.jpg 768w, https:\/\/www.cuscoairporttransport.com\/es\/wp-content\/uploads\/2023\/01\/pisac-a-cusco-600x886.jpg 600w\" sizes=\"auto, (max-width: 899px) 100vw, 899px\" \/><\/p>\n<p>&nbsp;<\/p>\n","protected":false},"excerpt":{"rendered":"<div class=\"padding-top text-center\"><a href=\"https:\/\/www.cuscoairporttransport.com\/es\/tours\/traslado-privado-cusco-a-pisac\/\" class=\"atbtn atbtn--medium atbtn--rounded atbtn--transparent\">Continuar lectura<i class=\"atbtn__icon atbtn__icon--right fa fa-long-arrow-right\"><\/i><\/a><\/div>\n","protected":false},"featured_media":331,"comment_status":"closed","ping_status":"closed","template":"","meta":[],"product_brand":[],"product_cat":[18],"product_tag":[],"class_list":{"0":"post-330","1":"product","2":"type-product","3":"status-publish","4":"has-post-thumbnail","6":"product_cat-traslados-cusco","7":"tour_category-cusco-traslados","9":"first","10":"instock","11":"shipping-taxable","12":"product-type-tour"},"yoast_head":"<!-- This site is optimized with the Yoast SEO plugin v27.1.1 - https:\/\/yoast.com\/product\/yoast-seo-wordpress\/ -->\n<title>Traslado Privado Cusco a Pisac<\/title>\n<meta name=\"description\" content=\"Traslado privado de Cusco a Pisac. Ofrecemos el servicio de traslado privado desde el Aeropuerto de Cusco y\/o Hotel en Cusco a Pisac o viceversa!\" \/>\n<meta name=\"robots\" content=\"index, follow, max-snippet:-1, max-image-preview:large, max-video-preview:-1\" \/>\n<link rel=\"canonical\" href=\"https:\/\/www.cuscoairporttransport.com\/es\/tours\/traslado-privado-cusco-a-pisac\/\" \/>\n<meta property=\"og:locale\" content=\"es_ES\" \/>\n<meta property=\"og:type\" content=\"article\" \/>\n<meta property=\"og:title\" content=\"Traslado Privado Cusco a Pisac\" \/>\n<meta property=\"og:description\" content=\"Traslado privado de Cusco a Pisac. Ofrecemos el servicio de traslado privado desde el Aeropuerto de Cusco y\/o Hotel en Cusco a Pisac o viceversa!\" \/>\n<meta property=\"og:url\" content=\"https:\/\/www.cuscoairporttransport.com\/es\/tours\/traslado-privado-cusco-a-pisac\/\" \/>\n<meta property=\"og:site_name\" content=\"Traslados privados Cusco\" \/>\n<meta property=\"article:publisher\" content=\"https:\/\/www.facebook.com\/cuscoairport\" \/>\n<meta property=\"article:modified_time\" content=\"2025-03-26T23:30:58+00:00\" \/>\n<meta property=\"og:image\" content=\"https:\/\/www.cuscoairporttransport.com\/es\/wp-content\/uploads\/2023\/01\/pisac-traslado.jpg\" \/>\n\t<meta property=\"og:image:width\" content=\"2560\" \/>\n\t<meta property=\"og:image:height\" content=\"752\" \/>\n\t<meta property=\"og:image:type\" content=\"image\/jpeg\" \/>\n<meta name=\"twitter:card\" content=\"summary_large_image\" \/>\n<meta name=\"twitter:label1\" content=\"Tiempo de lectura\" \/>\n\t<meta name=\"twitter:data1\" content=\"2 minutos\" \/>\n<script type=\"application\/ld+json\" class=\"yoast-schema-graph\">{\"@context\":\"https:\/\/schema.org\",\"@graph\":[{\"@type\":\"WebPage\",\"@id\":\"https:\/\/www.cuscoairporttransport.com\/es\/tours\/traslado-privado-cusco-a-pisac\/\",\"url\":\"https:\/\/www.cuscoairporttransport.com\/es\/tours\/traslado-privado-cusco-a-pisac\/\",\"name\":\"Traslado Privado Cusco a Pisac\",\"isPartOf\":{\"@id\":\"https:\/\/www.cuscoairporttransport.com\/es\/#website\"},\"primaryImageOfPage\":{\"@id\":\"https:\/\/www.cuscoairporttransport.com\/es\/tours\/traslado-privado-cusco-a-pisac\/#primaryimage\"},\"image\":{\"@id\":\"https:\/\/www.cuscoairporttransport.com\/es\/tours\/traslado-privado-cusco-a-pisac\/#primaryimage\"},\"thumbnailUrl\":\"https:\/\/www.cuscoairporttransport.com\/es\/wp-content\/uploads\/2023\/01\/pisac-traslado.jpg\",\"datePublished\":\"2023-01-02T17:06:11+00:00\",\"dateModified\":\"2025-03-26T23:30:58+00:00\",\"description\":\"Traslado privado de Cusco a Pisac. Ofrecemos el servicio de traslado privado desde el Aeropuerto de Cusco y\/o Hotel en Cusco a Pisac o viceversa!\",\"breadcrumb\":{\"@id\":\"https:\/\/www.cuscoairporttransport.com\/es\/tours\/traslado-privado-cusco-a-pisac\/#breadcrumb\"},\"inLanguage\":\"es\",\"potentialAction\":[{\"@type\":\"ReadAction\",\"target\":[\"https:\/\/www.cuscoairporttransport.com\/es\/tours\/traslado-privado-cusco-a-pisac\/\"]}]},{\"@type\":\"ImageObject\",\"inLanguage\":\"es\",\"@id\":\"https:\/\/www.cuscoairporttransport.com\/es\/tours\/traslado-privado-cusco-a-pisac\/#primaryimage\",\"url\":\"https:\/\/www.cuscoairporttransport.com\/es\/wp-content\/uploads\/2023\/01\/pisac-traslado.jpg\",\"contentUrl\":\"https:\/\/www.cuscoairporttransport.com\/es\/wp-content\/uploads\/2023\/01\/pisac-traslado.jpg\",\"width\":2560,\"height\":752},{\"@type\":\"BreadcrumbList\",\"@id\":\"https:\/\/www.cuscoairporttransport.com\/es\/tours\/traslado-privado-cusco-a-pisac\/#breadcrumb\",\"itemListElement\":[{\"@type\":\"ListItem\",\"position\":1,\"name\":\"Portada\",\"item\":\"https:\/\/www.cuscoairporttransport.com\/es\/\"},{\"@type\":\"ListItem\",\"position\":2,\"name\":\"Productos\",\"item\":\"https:\/\/www.cuscoairporttransport.com\/es\/shop\/\"},{\"@type\":\"ListItem\",\"position\":3,\"name\":\"Traslado Privado Cusco a Pisac\"}]},{\"@type\":\"WebSite\",\"@id\":\"https:\/\/www.cuscoairporttransport.com\/es\/#website\",\"url\":\"https:\/\/www.cuscoairporttransport.com\/es\/\",\"name\":\"Traslados Aeropuerto a Hotel en Cusco\",\"description\":\"\",\"publisher\":{\"@id\":\"https:\/\/www.cuscoairporttransport.com\/es\/#organization\"},\"potentialAction\":[{\"@type\":\"SearchAction\",\"target\":{\"@type\":\"EntryPoint\",\"urlTemplate\":\"https:\/\/www.cuscoairporttransport.com\/es\/?s={search_term_string}\"},\"query-input\":{\"@type\":\"PropertyValueSpecification\",\"valueRequired\":true,\"valueName\":\"search_term_string\"}}],\"inLanguage\":\"es\"},{\"@type\":\"Organization\",\"@id\":\"https:\/\/www.cuscoairporttransport.com\/es\/#organization\",\"name\":\"Traslados Aeropuerto a Hotel en Cusco\",\"url\":\"https:\/\/www.cuscoairporttransport.com\/es\/\",\"logo\":{\"@type\":\"ImageObject\",\"inLanguage\":\"es\",\"@id\":\"https:\/\/www.cuscoairporttransport.com\/es\/#\/schema\/logo\/image\/\",\"url\":\"https:\/\/www.cuscoairporttransport.com\/es\/wp-content\/uploads\/2019\/10\/cuscoairporttransport.jpg\",\"contentUrl\":\"https:\/\/www.cuscoairporttransport.com\/es\/wp-content\/uploads\/2019\/10\/cuscoairporttransport.jpg\",\"width\":348,\"height\":113,\"caption\":\"Traslados Aeropuerto a Hotel en Cusco\"},\"image\":{\"@id\":\"https:\/\/www.cuscoairporttransport.com\/es\/#\/schema\/logo\/image\/\"},\"sameAs\":[\"https:\/\/www.facebook.com\/cuscoairport\",\"https:\/\/www.instagram.com\/cuscoairporttransport\/\"]}]}<\/script>\n<!-- \/ Yoast SEO plugin. -->","yoast_head_json":{"title":"Traslado Privado Cusco a Pisac","description":"Traslado privado de Cusco a Pisac. Ofrecemos el servicio de traslado privado desde el Aeropuerto de Cusco y\/o Hotel en Cusco a Pisac o viceversa!","robots":{"index":"index","follow":"follow","max-snippet":"max-snippet:-1","max-image-preview":"max-image-preview:large","max-video-preview":"max-video-preview:-1"},"canonical":"https:\/\/www.cuscoairporttransport.com\/es\/tours\/traslado-privado-cusco-a-pisac\/","og_locale":"es_ES","og_type":"article","og_title":"Traslado Privado Cusco a Pisac","og_description":"Traslado privado de Cusco a Pisac. Ofrecemos el servicio de traslado privado desde el Aeropuerto de Cusco y\/o Hotel en Cusco a Pisac o viceversa!","og_url":"https:\/\/www.cuscoairporttransport.com\/es\/tours\/traslado-privado-cusco-a-pisac\/","og_site_name":"Traslados privados Cusco","article_publisher":"https:\/\/www.facebook.com\/cuscoairport","article_modified_time":"2025-03-26T23:30:58+00:00","og_image":[{"width":2560,"height":752,"url":"https:\/\/www.cuscoairporttransport.com\/es\/wp-content\/uploads\/2023\/01\/pisac-traslado.jpg","type":"image\/jpeg"}],"twitter_card":"summary_large_image","twitter_misc":{"Tiempo de lectura":"2 minutos"},"schema":{"@context":"https:\/\/schema.org","@graph":[{"@type":"WebPage","@id":"https:\/\/www.cuscoairporttransport.com\/es\/tours\/traslado-privado-cusco-a-pisac\/","url":"https:\/\/www.cuscoairporttransport.com\/es\/tours\/traslado-privado-cusco-a-pisac\/","name":"Traslado Privado Cusco a Pisac","isPartOf":{"@id":"https:\/\/www.cuscoairporttransport.com\/es\/#website"},"primaryImageOfPage":{"@id":"https:\/\/www.cuscoairporttransport.com\/es\/tours\/traslado-privado-cusco-a-pisac\/#primaryimage"},"image":{"@id":"https:\/\/www.cuscoairporttransport.com\/es\/tours\/traslado-privado-cusco-a-pisac\/#primaryimage"},"thumbnailUrl":"https:\/\/www.cuscoairporttransport.com\/es\/wp-content\/uploads\/2023\/01\/pisac-traslado.jpg","datePublished":"2023-01-02T17:06:11+00:00","dateModified":"2025-03-26T23:30:58+00:00","description":"Traslado privado de Cusco a Pisac. Ofrecemos el servicio de traslado privado desde el Aeropuerto de Cusco y\/o Hotel en Cusco a Pisac o viceversa!","breadcrumb":{"@id":"https:\/\/www.cuscoairporttransport.com\/es\/tours\/traslado-privado-cusco-a-pisac\/#breadcrumb"},"inLanguage":"es","potentialAction":[{"@type":"ReadAction","target":["https:\/\/www.cuscoairporttransport.com\/es\/tours\/traslado-privado-cusco-a-pisac\/"]}]},{"@type":"ImageObject","inLanguage":"es","@id":"https:\/\/www.cuscoairporttransport.com\/es\/tours\/traslado-privado-cusco-a-pisac\/#primaryimage","url":"https:\/\/www.cuscoairporttransport.com\/es\/wp-content\/uploads\/2023\/01\/pisac-traslado.jpg","contentUrl":"https:\/\/www.cuscoairporttransport.com\/es\/wp-content\/uploads\/2023\/01\/pisac-traslado.jpg","width":2560,"height":752},{"@type":"BreadcrumbList","@id":"https:\/\/www.cuscoairporttransport.com\/es\/tours\/traslado-privado-cusco-a-pisac\/#breadcrumb","itemListElement":[{"@type":"ListItem","position":1,"name":"Portada","item":"https:\/\/www.cuscoairporttransport.com\/es\/"},{"@type":"ListItem","position":2,"name":"Productos","item":"https:\/\/www.cuscoairporttransport.com\/es\/shop\/"},{"@type":"ListItem","position":3,"name":"Traslado Privado Cusco a Pisac"}]},{"@type":"WebSite","@id":"https:\/\/www.cuscoairporttransport.com\/es\/#website","url":"https:\/\/www.cuscoairporttransport.com\/es\/","name":"Traslados Aeropuerto a Hotel en Cusco","description":"","publisher":{"@id":"https:\/\/www.cuscoairporttransport.com\/es\/#organization"},"potentialAction":[{"@type":"SearchAction","target":{"@type":"EntryPoint","urlTemplate":"https:\/\/www.cuscoairporttransport.com\/es\/?s={search_term_string}"},"query-input":{"@type":"PropertyValueSpecification","valueRequired":true,"valueName":"search_term_string"}}],"inLanguage":"es"},{"@type":"Organization","@id":"https:\/\/www.cuscoairporttransport.com\/es\/#organization","name":"Traslados Aeropuerto a Hotel en Cusco","url":"https:\/\/www.cuscoairporttransport.com\/es\/","logo":{"@type":"ImageObject","inLanguage":"es","@id":"https:\/\/www.cuscoairporttransport.com\/es\/#\/schema\/logo\/image\/","url":"https:\/\/www.cuscoairporttransport.com\/es\/wp-content\/uploads\/2019\/10\/cuscoairporttransport.jpg","contentUrl":"https:\/\/www.cuscoairporttransport.com\/es\/wp-content\/uploads\/2019\/10\/cuscoairporttransport.jpg","width":348,"height":113,"caption":"Traslados Aeropuerto a Hotel en Cusco"},"image":{"@id":"https:\/\/www.cuscoairporttransport.com\/es\/#\/schema\/logo\/image\/"},"sameAs":["https:\/\/www.facebook.com\/cuscoairport","https:\/\/www.instagram.com\/cuscoairporttransport\/"]}]}},"_links":{"self":[{"href":"https:\/\/www.cuscoairporttransport.com\/es\/wp-json\/wp\/v2\/product\/330","targetHints":{"allow":["GET"]}}],"collection":[{"href":"https:\/\/www.cuscoairporttransport.com\/es\/wp-json\/wp\/v2\/product"}],"about":[{"href":"https:\/\/www.cuscoairporttransport.com\/es\/wp-json\/wp\/v2\/types\/product"}],"replies":[{"embeddable":true,"href":"https:\/\/www.cuscoairporttransport.com\/es\/wp-json\/wp\/v2\/comments?post=330"}],"wp:featuredmedia":[{"embeddable":true,"href":"https:\/\/www.cuscoairporttransport.com\/es\/wp-json\/wp\/v2\/media\/331"}],"wp:attachment":[{"href":"https:\/\/www.cuscoairporttransport.com\/es\/wp-json\/wp\/v2\/media?parent=330"}],"wp:term":[{"taxonomy":"product_brand","embeddable":true,"href":"https:\/\/www.cuscoairporttransport.com\/es\/wp-json\/wp\/v2\/product_brand?post=330"},{"taxonomy":"product_cat","embeddable":true,"href":"https:\/\/www.cuscoairporttransport.com\/es\/wp-json\/wp\/v2\/product_cat?post=330"},{"taxonomy":"product_tag","embeddable":true,"href":"https:\/\/www.cuscoairporttransport.com\/es\/wp-json\/wp\/v2\/product_tag?post=330"}],"curies":[{"name":"wp","href":"https:\/\/api.w.org\/{rel}","templated":true}]}}