{"id":363,"date":"2023-06-15T15:59:04","date_gmt":"2023-06-15T15:59:04","guid":{"rendered":"https:\/\/www.cuscoairporttransport.com\/es\/?post_type=product&#038;p=363"},"modified":"2025-03-26T22:19:13","modified_gmt":"2025-03-26T22:19:13","slug":"traslado-ollantaytambo-a-aeropuerto-cusco","status":"publish","type":"product","link":"https:\/\/www.cuscoairporttransport.com\/es\/tours\/traslado-ollantaytambo-a-aeropuerto-cusco\/","title":{"rendered":"Traslado Ollantaytambo a Aeropuerto Cusco"},"content":{"rendered":"<p>Nuestra agencia de viajes ofrece el <strong>traslado privado desde la estaci\u00f3n de Ollantaytambo o Hotel en Ollantaytambo hacia el Aeropuerto del Cusco o Hotel en Cusco<\/strong>. Si est\u00e1s buscando un traslado privado nosotros somos la mejor opci\u00f3n. El viaje de <a href=\"https:\/\/www.cuscoairporttransport.com\/es\/tours\/hotel-en-cusco-a-estacion-de-tren-de-ollantaytambo\/\" target=\"_blank\" rel=\"noopener noreferrer\">Ollantaytambo<\/a> a Cusco es de aprox 1 hora y 35 minutos. Tenemos salidas diarias y contamos con diferentes tipos de movilidades: Autos, Camionetas, Van y Sprinter.<\/p>\n<h2>Ollantaytambo a Cusco<\/h2>\n<table style=\"height: 86px;\" width=\"240\">\n<tbody>\n<tr>\n<td style=\"background-color: #ff3333; border-color: #ff3333; text-align: center;\"><a href=\"https:\/\/wa.me\/51989694842\"><span style=\"color: #ffffff;\">WhatsApp: +51989694842<\/span><\/a><\/td>\n<\/tr>\n<tr>\n<td style=\"border-color: #ffffff;\"><\/td>\n<\/tr>\n<\/tbody>\n<\/table>\n<p><strong>Para solicitar este traslado indique<\/strong><\/p>\n<p><i class=\"fa fa-check icon-tick icon-tick--on\"><\/i> \u00a0Numero de personas<br \/>\n<i class=\"fa fa-check icon-tick icon-tick--on\"><\/i>\u00a0 Direcci\u00f3n de recojo en Ollantaytambo<br \/>\n<i class=\"fa fa-check icon-tick icon-tick--on\"><\/i> \u00a0Hora y fecha de recojo<br \/>\n<i class=\"fa fa-check icon-tick icon-tick--on\"><\/i> \u00a0Direcci\u00f3n en Cusco \/ Hotel en Cusco o <a href=\"https:\/\/www.mountainpalcoyo.com\/es\/cusco-traslado-aeropuerto\/\" target=\"_blank\" rel=\"noopener noreferrer\">Aeropuerto Cusco<\/a><\/p>\n<p><strong>Incluye<\/strong>:<br \/>\n\u2022 Recojo y drop off (Indicar direcci\u00f3n)<br \/>\n\u2022 Movilidad y Conductor<\/p>\n<p><strong>NO incluye<\/strong><br \/>\n<i class=\"fa fa-times icon-tick icon-tick--off\"><\/i> \u00a0Seguro de viaje y otros servicios no mencionados<\/p>\n<p><strong>Importante (Adicional)<\/strong>: Si desea realizar alguna parada en el camino para visitar alg\u00fan atractivo tur\u00edstico del <a href=\"https:\/\/www.cuscoairporttransport.com\/es\/tours\/tour-privado-por-el-valle-sagrado-de-los-incas\/\" target=\"_blank\" rel=\"noopener noreferrer\">Valle sagrado de los Incas<\/a> indique al momento de consultar su traslado. SI desea adicionar un <a href=\"https:\/\/www.donperutours.com\/es\/turismoperu\/guia-turistico-privado-en-cusco\/\" target=\"_blank\" rel=\"noopener\">gu\u00eda profesional<\/a> (Espa\u00f1ol \/ Ingles) indique.<\/p>\n<p>Nuestro canal de WhatsApp est\u00e1 disponible las 24 horas. Reserve su traslado de <a href=\"https:\/\/www.cuscoairporttransport.com\/es\/2025\/02\/07\/traslado-privado-aeropuerto-cusco-a-ollantaytambo-ida-y-vuelta\/\" target=\"_blank\" rel=\"noopener\">Ollantaytambo a Cusco<\/a> de una forma r\u00e1pida y segura. Tambi\u00e9n ofrecemos diferentes traslados hacia el Valle sagrado de los Incas ida y vuelta.<\/p>\n<p>Si deseas alg\u00fan traslado privado a los diferentes atractivos tur\u00edstico del Cusco, tambi\u00e9n puedes indicarnos y te ayudaremos r\u00e1pidamente.<\/p>\n<h2>Nuestros Viajeros<\/h2>\n<p><img loading=\"lazy\" decoding=\"async\" class=\"alignnone size-full wp-image-364\" src=\"https:\/\/www.cuscoairporttransport.com\/es\/wp-content\/uploads\/2023\/06\/ollantaytambo-a-cusco.jpg\" alt=\"ollantaytambo a cusco\" width=\"899\" height=\"1599\" srcset=\"https:\/\/www.cuscoairporttransport.com\/es\/wp-content\/uploads\/2023\/06\/ollantaytambo-a-cusco.jpg 899w, https:\/\/www.cuscoairporttransport.com\/es\/wp-content\/uploads\/2023\/06\/ollantaytambo-a-cusco-169x300.jpg 169w, https:\/\/www.cuscoairporttransport.com\/es\/wp-content\/uploads\/2023\/06\/ollantaytambo-a-cusco-576x1024.jpg 576w, https:\/\/www.cuscoairporttransport.com\/es\/wp-content\/uploads\/2023\/06\/ollantaytambo-a-cusco-768x1366.jpg 768w, https:\/\/www.cuscoairporttransport.com\/es\/wp-content\/uploads\/2023\/06\/ollantaytambo-a-cusco-864x1536.jpg 864w, https:\/\/www.cuscoairporttransport.com\/es\/wp-content\/uploads\/2023\/06\/ollantaytambo-a-cusco-600x1067.jpg 600w\" sizes=\"auto, (max-width: 899px) 100vw, 899px\" \/><\/p>\n<p><img loading=\"lazy\" decoding=\"async\" class=\"alignnone size-full wp-image-365\" src=\"https:\/\/www.cuscoairporttransport.com\/es\/wp-content\/uploads\/2023\/06\/ollantaytambo-a-hotel-en-cusco.jpg\" alt=\"ollantaytambo a hotel en cusco\" width=\"899\" height=\"1599\" srcset=\"https:\/\/www.cuscoairporttransport.com\/es\/wp-content\/uploads\/2023\/06\/ollantaytambo-a-hotel-en-cusco.jpg 899w, https:\/\/www.cuscoairporttransport.com\/es\/wp-content\/uploads\/2023\/06\/ollantaytambo-a-hotel-en-cusco-169x300.jpg 169w, https:\/\/www.cuscoairporttransport.com\/es\/wp-content\/uploads\/2023\/06\/ollantaytambo-a-hotel-en-cusco-576x1024.jpg 576w, https:\/\/www.cuscoairporttransport.com\/es\/wp-content\/uploads\/2023\/06\/ollantaytambo-a-hotel-en-cusco-768x1366.jpg 768w, https:\/\/www.cuscoairporttransport.com\/es\/wp-content\/uploads\/2023\/06\/ollantaytambo-a-hotel-en-cusco-864x1536.jpg 864w, https:\/\/www.cuscoairporttransport.com\/es\/wp-content\/uploads\/2023\/06\/ollantaytambo-a-hotel-en-cusco-600x1067.jpg 600w\" sizes=\"auto, (max-width: 899px) 100vw, 899px\" \/><\/p>\n<p>&nbsp;<\/p>\n","protected":false},"excerpt":{"rendered":"<div class=\"padding-top text-center\"><a href=\"https:\/\/www.cuscoairporttransport.com\/es\/tours\/traslado-ollantaytambo-a-aeropuerto-cusco\/\" class=\"atbtn atbtn--medium atbtn--rounded atbtn--transparent\">Continuar lectura<i class=\"atbtn__icon atbtn__icon--right fa fa-long-arrow-right\"><\/i><\/a><\/div>\n","protected":false},"featured_media":364,"comment_status":"closed","ping_status":"closed","template":"","meta":[],"product_brand":[],"product_cat":[18],"product_tag":[],"class_list":{"0":"post-363","1":"product","2":"type-product","3":"status-publish","4":"has-post-thumbnail","6":"product_cat-traslados-cusco","7":"tour_category-cusco-traslados","9":"first","10":"instock","11":"shipping-taxable","12":"product-type-tour"},"yoast_head":"<!-- This site is optimized with the Yoast SEO plugin v27.1.1 - https:\/\/yoast.com\/product\/yoast-seo-wordpress\/ -->\n<title>Traslado Ollantaytambo a Aeropuerto Cusco<\/title>\n<meta name=\"description\" content=\"Traslado Ollantaytambo a Aeropuerto Cusco. Ofrecemos el servicio de traslado privado desde Ollantaytambo a Cusco \/ Hotel en Cusco o Aeropuerto Cusco.\" \/>\n<meta name=\"robots\" content=\"index, follow, max-snippet:-1, max-image-preview:large, max-video-preview:-1\" \/>\n<link rel=\"canonical\" href=\"https:\/\/www.cuscoairporttransport.com\/es\/tours\/traslado-ollantaytambo-a-aeropuerto-cusco\/\" \/>\n<meta property=\"og:locale\" content=\"es_ES\" \/>\n<meta property=\"og:type\" content=\"article\" \/>\n<meta property=\"og:title\" content=\"Traslado Ollantaytambo a Aeropuerto Cusco\" \/>\n<meta property=\"og:description\" content=\"Traslado Ollantaytambo a Aeropuerto Cusco. Ofrecemos el servicio de traslado privado desde Ollantaytambo a Cusco \/ Hotel en Cusco o Aeropuerto Cusco.\" \/>\n<meta property=\"og:url\" content=\"https:\/\/www.cuscoairporttransport.com\/es\/tours\/traslado-ollantaytambo-a-aeropuerto-cusco\/\" \/>\n<meta property=\"og:site_name\" content=\"Traslados privados Cusco\" \/>\n<meta property=\"article:publisher\" content=\"https:\/\/www.facebook.com\/cuscoairport\" \/>\n<meta property=\"article:modified_time\" content=\"2025-03-26T22:19:13+00:00\" \/>\n<meta property=\"og:image\" content=\"https:\/\/www.cuscoairporttransport.com\/es\/wp-content\/uploads\/2023\/06\/ollantaytambo-a-cusco.jpg\" \/>\n\t<meta property=\"og:image:width\" content=\"899\" \/>\n\t<meta property=\"og:image:height\" content=\"1599\" \/>\n\t<meta property=\"og:image:type\" content=\"image\/jpeg\" \/>\n<meta name=\"twitter:card\" content=\"summary_large_image\" \/>\n<meta name=\"twitter:label1\" content=\"Tiempo de lectura\" \/>\n\t<meta name=\"twitter:data1\" content=\"2 minutos\" \/>\n<script type=\"application\/ld+json\" class=\"yoast-schema-graph\">{\"@context\":\"https:\/\/schema.org\",\"@graph\":[{\"@type\":\"WebPage\",\"@id\":\"https:\/\/www.cuscoairporttransport.com\/es\/tours\/traslado-ollantaytambo-a-aeropuerto-cusco\/\",\"url\":\"https:\/\/www.cuscoairporttransport.com\/es\/tours\/traslado-ollantaytambo-a-aeropuerto-cusco\/\",\"name\":\"Traslado Ollantaytambo a Aeropuerto Cusco\",\"isPartOf\":{\"@id\":\"https:\/\/www.cuscoairporttransport.com\/es\/#website\"},\"primaryImageOfPage\":{\"@id\":\"https:\/\/www.cuscoairporttransport.com\/es\/tours\/traslado-ollantaytambo-a-aeropuerto-cusco\/#primaryimage\"},\"image\":{\"@id\":\"https:\/\/www.cuscoairporttransport.com\/es\/tours\/traslado-ollantaytambo-a-aeropuerto-cusco\/#primaryimage\"},\"thumbnailUrl\":\"https:\/\/www.cuscoairporttransport.com\/es\/wp-content\/uploads\/2023\/06\/ollantaytambo-a-cusco.jpg\",\"datePublished\":\"2023-06-15T15:59:04+00:00\",\"dateModified\":\"2025-03-26T22:19:13+00:00\",\"description\":\"Traslado Ollantaytambo a Aeropuerto Cusco. Ofrecemos el servicio de traslado privado desde Ollantaytambo a Cusco \/ Hotel en Cusco o Aeropuerto Cusco.\",\"breadcrumb\":{\"@id\":\"https:\/\/www.cuscoairporttransport.com\/es\/tours\/traslado-ollantaytambo-a-aeropuerto-cusco\/#breadcrumb\"},\"inLanguage\":\"es\",\"potentialAction\":[{\"@type\":\"ReadAction\",\"target\":[\"https:\/\/www.cuscoairporttransport.com\/es\/tours\/traslado-ollantaytambo-a-aeropuerto-cusco\/\"]}]},{\"@type\":\"ImageObject\",\"inLanguage\":\"es\",\"@id\":\"https:\/\/www.cuscoairporttransport.com\/es\/tours\/traslado-ollantaytambo-a-aeropuerto-cusco\/#primaryimage\",\"url\":\"https:\/\/www.cuscoairporttransport.com\/es\/wp-content\/uploads\/2023\/06\/ollantaytambo-a-cusco.jpg\",\"contentUrl\":\"https:\/\/www.cuscoairporttransport.com\/es\/wp-content\/uploads\/2023\/06\/ollantaytambo-a-cusco.jpg\",\"width\":899,\"height\":1599,\"caption\":\"ollantaytambo a cusco\"},{\"@type\":\"BreadcrumbList\",\"@id\":\"https:\/\/www.cuscoairporttransport.com\/es\/tours\/traslado-ollantaytambo-a-aeropuerto-cusco\/#breadcrumb\",\"itemListElement\":[{\"@type\":\"ListItem\",\"position\":1,\"name\":\"Portada\",\"item\":\"https:\/\/www.cuscoairporttransport.com\/es\/\"},{\"@type\":\"ListItem\",\"position\":2,\"name\":\"Productos\",\"item\":\"https:\/\/www.cuscoairporttransport.com\/es\/shop\/\"},{\"@type\":\"ListItem\",\"position\":3,\"name\":\"Traslado Ollantaytambo a Aeropuerto Cusco\"}]},{\"@type\":\"WebSite\",\"@id\":\"https:\/\/www.cuscoairporttransport.com\/es\/#website\",\"url\":\"https:\/\/www.cuscoairporttransport.com\/es\/\",\"name\":\"Traslados Aeropuerto a Hotel en Cusco\",\"description\":\"\",\"publisher\":{\"@id\":\"https:\/\/www.cuscoairporttransport.com\/es\/#organization\"},\"potentialAction\":[{\"@type\":\"SearchAction\",\"target\":{\"@type\":\"EntryPoint\",\"urlTemplate\":\"https:\/\/www.cuscoairporttransport.com\/es\/?s={search_term_string}\"},\"query-input\":{\"@type\":\"PropertyValueSpecification\",\"valueRequired\":true,\"valueName\":\"search_term_string\"}}],\"inLanguage\":\"es\"},{\"@type\":\"Organization\",\"@id\":\"https:\/\/www.cuscoairporttransport.com\/es\/#organization\",\"name\":\"Traslados Aeropuerto a Hotel en Cusco\",\"url\":\"https:\/\/www.cuscoairporttransport.com\/es\/\",\"logo\":{\"@type\":\"ImageObject\",\"inLanguage\":\"es\",\"@id\":\"https:\/\/www.cuscoairporttransport.com\/es\/#\/schema\/logo\/image\/\",\"url\":\"https:\/\/www.cuscoairporttransport.com\/es\/wp-content\/uploads\/2019\/10\/cuscoairporttransport.jpg\",\"contentUrl\":\"https:\/\/www.cuscoairporttransport.com\/es\/wp-content\/uploads\/2019\/10\/cuscoairporttransport.jpg\",\"width\":348,\"height\":113,\"caption\":\"Traslados Aeropuerto a Hotel en Cusco\"},\"image\":{\"@id\":\"https:\/\/www.cuscoairporttransport.com\/es\/#\/schema\/logo\/image\/\"},\"sameAs\":[\"https:\/\/www.facebook.com\/cuscoairport\",\"https:\/\/www.instagram.com\/cuscoairporttransport\/\"]}]}<\/script>\n<!-- \/ Yoast SEO plugin. -->","yoast_head_json":{"title":"Traslado Ollantaytambo a Aeropuerto Cusco","description":"Traslado Ollantaytambo a Aeropuerto Cusco. Ofrecemos el servicio de traslado privado desde Ollantaytambo a Cusco \/ Hotel en Cusco o Aeropuerto Cusco.","robots":{"index":"index","follow":"follow","max-snippet":"max-snippet:-1","max-image-preview":"max-image-preview:large","max-video-preview":"max-video-preview:-1"},"canonical":"https:\/\/www.cuscoairporttransport.com\/es\/tours\/traslado-ollantaytambo-a-aeropuerto-cusco\/","og_locale":"es_ES","og_type":"article","og_title":"Traslado Ollantaytambo a Aeropuerto Cusco","og_description":"Traslado Ollantaytambo a Aeropuerto Cusco. Ofrecemos el servicio de traslado privado desde Ollantaytambo a Cusco \/ Hotel en Cusco o Aeropuerto Cusco.","og_url":"https:\/\/www.cuscoairporttransport.com\/es\/tours\/traslado-ollantaytambo-a-aeropuerto-cusco\/","og_site_name":"Traslados privados Cusco","article_publisher":"https:\/\/www.facebook.com\/cuscoairport","article_modified_time":"2025-03-26T22:19:13+00:00","og_image":[{"width":899,"height":1599,"url":"https:\/\/www.cuscoairporttransport.com\/es\/wp-content\/uploads\/2023\/06\/ollantaytambo-a-cusco.jpg","type":"image\/jpeg"}],"twitter_card":"summary_large_image","twitter_misc":{"Tiempo de lectura":"2 minutos"},"schema":{"@context":"https:\/\/schema.org","@graph":[{"@type":"WebPage","@id":"https:\/\/www.cuscoairporttransport.com\/es\/tours\/traslado-ollantaytambo-a-aeropuerto-cusco\/","url":"https:\/\/www.cuscoairporttransport.com\/es\/tours\/traslado-ollantaytambo-a-aeropuerto-cusco\/","name":"Traslado Ollantaytambo a Aeropuerto Cusco","isPartOf":{"@id":"https:\/\/www.cuscoairporttransport.com\/es\/#website"},"primaryImageOfPage":{"@id":"https:\/\/www.cuscoairporttransport.com\/es\/tours\/traslado-ollantaytambo-a-aeropuerto-cusco\/#primaryimage"},"image":{"@id":"https:\/\/www.cuscoairporttransport.com\/es\/tours\/traslado-ollantaytambo-a-aeropuerto-cusco\/#primaryimage"},"thumbnailUrl":"https:\/\/www.cuscoairporttransport.com\/es\/wp-content\/uploads\/2023\/06\/ollantaytambo-a-cusco.jpg","datePublished":"2023-06-15T15:59:04+00:00","dateModified":"2025-03-26T22:19:13+00:00","description":"Traslado Ollantaytambo a Aeropuerto Cusco. Ofrecemos el servicio de traslado privado desde Ollantaytambo a Cusco \/ Hotel en Cusco o Aeropuerto Cusco.","breadcrumb":{"@id":"https:\/\/www.cuscoairporttransport.com\/es\/tours\/traslado-ollantaytambo-a-aeropuerto-cusco\/#breadcrumb"},"inLanguage":"es","potentialAction":[{"@type":"ReadAction","target":["https:\/\/www.cuscoairporttransport.com\/es\/tours\/traslado-ollantaytambo-a-aeropuerto-cusco\/"]}]},{"@type":"ImageObject","inLanguage":"es","@id":"https:\/\/www.cuscoairporttransport.com\/es\/tours\/traslado-ollantaytambo-a-aeropuerto-cusco\/#primaryimage","url":"https:\/\/www.cuscoairporttransport.com\/es\/wp-content\/uploads\/2023\/06\/ollantaytambo-a-cusco.jpg","contentUrl":"https:\/\/www.cuscoairporttransport.com\/es\/wp-content\/uploads\/2023\/06\/ollantaytambo-a-cusco.jpg","width":899,"height":1599,"caption":"ollantaytambo a cusco"},{"@type":"BreadcrumbList","@id":"https:\/\/www.cuscoairporttransport.com\/es\/tours\/traslado-ollantaytambo-a-aeropuerto-cusco\/#breadcrumb","itemListElement":[{"@type":"ListItem","position":1,"name":"Portada","item":"https:\/\/www.cuscoairporttransport.com\/es\/"},{"@type":"ListItem","position":2,"name":"Productos","item":"https:\/\/www.cuscoairporttransport.com\/es\/shop\/"},{"@type":"ListItem","position":3,"name":"Traslado Ollantaytambo a Aeropuerto Cusco"}]},{"@type":"WebSite","@id":"https:\/\/www.cuscoairporttransport.com\/es\/#website","url":"https:\/\/www.cuscoairporttransport.com\/es\/","name":"Traslados Aeropuerto a Hotel en Cusco","description":"","publisher":{"@id":"https:\/\/www.cuscoairporttransport.com\/es\/#organization"},"potentialAction":[{"@type":"SearchAction","target":{"@type":"EntryPoint","urlTemplate":"https:\/\/www.cuscoairporttransport.com\/es\/?s={search_term_string}"},"query-input":{"@type":"PropertyValueSpecification","valueRequired":true,"valueName":"search_term_string"}}],"inLanguage":"es"},{"@type":"Organization","@id":"https:\/\/www.cuscoairporttransport.com\/es\/#organization","name":"Traslados Aeropuerto a Hotel en Cusco","url":"https:\/\/www.cuscoairporttransport.com\/es\/","logo":{"@type":"ImageObject","inLanguage":"es","@id":"https:\/\/www.cuscoairporttransport.com\/es\/#\/schema\/logo\/image\/","url":"https:\/\/www.cuscoairporttransport.com\/es\/wp-content\/uploads\/2019\/10\/cuscoairporttransport.jpg","contentUrl":"https:\/\/www.cuscoairporttransport.com\/es\/wp-content\/uploads\/2019\/10\/cuscoairporttransport.jpg","width":348,"height":113,"caption":"Traslados Aeropuerto a Hotel en Cusco"},"image":{"@id":"https:\/\/www.cuscoairporttransport.com\/es\/#\/schema\/logo\/image\/"},"sameAs":["https:\/\/www.facebook.com\/cuscoairport","https:\/\/www.instagram.com\/cuscoairporttransport\/"]}]}},"_links":{"self":[{"href":"https:\/\/www.cuscoairporttransport.com\/es\/wp-json\/wp\/v2\/product\/363","targetHints":{"allow":["GET"]}}],"collection":[{"href":"https:\/\/www.cuscoairporttransport.com\/es\/wp-json\/wp\/v2\/product"}],"about":[{"href":"https:\/\/www.cuscoairporttransport.com\/es\/wp-json\/wp\/v2\/types\/product"}],"replies":[{"embeddable":true,"href":"https:\/\/www.cuscoairporttransport.com\/es\/wp-json\/wp\/v2\/comments?post=363"}],"wp:featuredmedia":[{"embeddable":true,"href":"https:\/\/www.cuscoairporttransport.com\/es\/wp-json\/wp\/v2\/media\/364"}],"wp:attachment":[{"href":"https:\/\/www.cuscoairporttransport.com\/es\/wp-json\/wp\/v2\/media?parent=363"}],"wp:term":[{"taxonomy":"product_brand","embeddable":true,"href":"https:\/\/www.cuscoairporttransport.com\/es\/wp-json\/wp\/v2\/product_brand?post=363"},{"taxonomy":"product_cat","embeddable":true,"href":"https:\/\/www.cuscoairporttransport.com\/es\/wp-json\/wp\/v2\/product_cat?post=363"},{"taxonomy":"product_tag","embeddable":true,"href":"https:\/\/www.cuscoairporttransport.com\/es\/wp-json\/wp\/v2\/product_tag?post=363"}],"curies":[{"name":"wp","href":"https:\/\/api.w.org\/{rel}","templated":true}]}}