{"id":410,"date":"2023-10-23T14:35:06","date_gmt":"2023-10-23T14:35:06","guid":{"rendered":"https:\/\/www.cuscoairporttransport.com\/es\/?post_type=product&#038;p=410"},"modified":"2025-03-26T21:55:01","modified_gmt":"2025-03-26T21:55:01","slug":"traslado-cusco-a-tipon","status":"publish","type":"product","link":"https:\/\/www.cuscoairporttransport.com\/es\/tours\/traslado-cusco-a-tipon\/","title":{"rendered":"Traslado Cusco a Tipon"},"content":{"rendered":"<p>Nuestra agencia de traslados <strong>Cusco Airport Transport<\/strong> ofrece el servicio de <strong>traslado tur\u00edstico privado desde Cusco al parque arqueol\u00f3gico de Tipon<\/strong>. Contamos con diferentes tipos de movilidades ideales para viajeros solitarios, amigos, familias y grupos escolares.<\/p>\n<p>El parque arqueol\u00f3gico de <a href=\"https:\/\/www.cuscoairporttransport.com\/es\/tours\/tour-privado-tipon-valle-sur-cusco\/\" target=\"_blank\" rel=\"noopener\">Tipon<\/a> se encuentra a 1 hora aproximadamente del centro Cusco.<\/p>\n<table style=\"height: 86px;\" width=\"240\">\n<tbody>\n<tr>\n<td style=\"background-color: #ff3333; border-color: #ff3333; text-align: center;\"><a href=\"https:\/\/wa.me\/51989694842\"><span style=\"color: #ffffff;\">WhatsApp: Reservar<\/span><\/a><\/td>\n<\/tr>\n<tr>\n<td style=\"border-color: #ffffff;\"><\/td>\n<\/tr>\n<\/tbody>\n<\/table>\n<h2>Cusco a Tipon<\/h2>\n<table>\n<tbody>\n<tr>\n<td style=\"background-color: #55ab30;\"><span style=\"color: #ffffff;\">Servicio:<br \/>\n<\/span><\/td>\n<td style=\"background-color: #1787bf;\"><span style=\"color: #ffffff;\">Auto (Max 2 personas)<\/span><\/td>\n<td style=\"background-color: #ff4e21;\"><span style=\"color: #ffffff;\">Camioneta (de 1 a 4 personas)<\/span><\/td>\n<\/tr>\n<tr>\n<td>Cusco a Tipon<\/td>\n<td>US$ 60<\/td>\n<td>US$ 75<\/td>\n<\/tr>\n<\/tbody>\n<\/table>\n<p><strong>Importante<\/strong>: Si son m\u00e1s viajeros por favor solicite una cotizaci\u00f3n en l\u00ednea, directamente en nuestro canal de <strong>WhatsApp<\/strong> <a href=\"https:\/\/wa.me\/51989694842\">+ 51989694842<\/a><\/p>\n<p><strong>Incluye<\/strong>:<br \/>\n<i class=\"fa fa-check icon-tick icon-tick--on\"><\/i> Recojo de tu Hotel \/ Airbnb en <a href=\"https:\/\/www.trasladosaeropuertocusco.com\/tours\/tour-privado-por-la-ciudad-del-cusco\/\" target=\"_blank\" rel=\"noopener\">Cusco<\/a><br \/>\n<i class=\"fa fa-check icon-tick icon-tick--on\"><\/i> Movilidad y conductor<\/p>\n<p><strong>Nota<\/strong>:<br \/>\n\u2022 La movilidad te esperara durante 1 hora para que puedas visitar todo el <a href=\"https:\/\/www.donperutours.com\/es\/tours\/valle-sur-cusco-tour-tipon-pikillacta-y-andahuaylillas\/\" target=\"_blank\" rel=\"noopener\">parque arqueol\u00f3gico de Tipon<\/a> y luego retornar a la ciudad del Cusco.<br \/>\n\u2022 Para visitar el parque arqueol\u00f3gico de Tipon necesitas comprar el boleto tur\u00edstico del Cusco parcial que tiene un costo de 70 soles y se adquiere el mismo d\u00eda. Si vas a estar varios d\u00edas y tienes la oportunidad de visitar otros atractivos tur\u00edsticos se recomienda compra el boleto tur\u00edstico del Cusco general.<br \/>\n\u2022 Si deseas gu\u00eda profesional tambi\u00e9n podemos ayudarte.<br \/>\n\u2022 Tambi\u00e9n es posible visitar otros atractivos tur\u00edsticos que se encuentran al sur de la <a href=\"https:\/\/www.cuscoairporttransport.com\/es\/tours\/tour-privado-por-la-ciudad-del-cusco\/\" target=\"_blank\" rel=\"noopener\">ciudad del Cusco<\/a>, solo indica al momento de solicitar tu reserva.<\/p>\n<h2>Tipon<\/h2>\n<p><img loading=\"lazy\" decoding=\"async\" class=\"alignnone size-full wp-image-412\" src=\"https:\/\/www.cuscoairporttransport.com\/es\/wp-content\/uploads\/2023\/10\/tipon-privado.jpg\" alt=\"tipon privado\" width=\"1080\" height=\"1080\" srcset=\"https:\/\/www.cuscoairporttransport.com\/es\/wp-content\/uploads\/2023\/10\/tipon-privado.jpg 1080w, https:\/\/www.cuscoairporttransport.com\/es\/wp-content\/uploads\/2023\/10\/tipon-privado-300x300.jpg 300w, https:\/\/www.cuscoairporttransport.com\/es\/wp-content\/uploads\/2023\/10\/tipon-privado-1024x1024.jpg 1024w, https:\/\/www.cuscoairporttransport.com\/es\/wp-content\/uploads\/2023\/10\/tipon-privado-150x150.jpg 150w, https:\/\/www.cuscoairporttransport.com\/es\/wp-content\/uploads\/2023\/10\/tipon-privado-768x768.jpg 768w, https:\/\/www.cuscoairporttransport.com\/es\/wp-content\/uploads\/2023\/10\/tipon-privado-600x600.jpg 600w\" sizes=\"auto, (max-width: 1080px) 100vw, 1080px\" \/><\/p>\n","protected":false},"excerpt":{"rendered":"<div class=\"padding-top text-center\"><a href=\"https:\/\/www.cuscoairporttransport.com\/es\/tours\/traslado-cusco-a-tipon\/\" class=\"atbtn atbtn--medium atbtn--rounded atbtn--transparent\">Continuar lectura<i class=\"atbtn__icon atbtn__icon--right fa fa-long-arrow-right\"><\/i><\/a><\/div>\n","protected":false},"featured_media":411,"comment_status":"closed","ping_status":"closed","template":"","meta":[],"product_brand":[],"product_cat":[18],"product_tag":[],"class_list":{"0":"post-410","1":"product","2":"type-product","3":"status-publish","4":"has-post-thumbnail","6":"product_cat-traslados-cusco","7":"tour_category-cusco-traslados","9":"first","10":"instock","11":"shipping-taxable","12":"product-type-tour"},"yoast_head":"<!-- This site is optimized with the Yoast SEO plugin v27.1.1 - https:\/\/yoast.com\/product\/yoast-seo-wordpress\/ -->\n<title>Traslado Cusco a Tipon<\/title>\n<meta name=\"description\" content=\"Traslado Cusco a Tipon. Traslados privados desde Cusco a Tipon. Contamos con diferentes movilidades y tenemos salidas diarias.\" \/>\n<meta name=\"robots\" content=\"index, follow, max-snippet:-1, max-image-preview:large, max-video-preview:-1\" \/>\n<link rel=\"canonical\" href=\"https:\/\/www.cuscoairporttransport.com\/es\/tours\/traslado-cusco-a-tipon\/\" \/>\n<meta property=\"og:locale\" content=\"es_ES\" \/>\n<meta property=\"og:type\" content=\"article\" \/>\n<meta property=\"og:title\" content=\"Traslado Cusco a Tipon\" \/>\n<meta property=\"og:description\" content=\"Traslado Cusco a Tipon. Traslados privados desde Cusco a Tipon. Contamos con diferentes movilidades y tenemos salidas diarias.\" \/>\n<meta property=\"og:url\" content=\"https:\/\/www.cuscoairporttransport.com\/es\/tours\/traslado-cusco-a-tipon\/\" \/>\n<meta property=\"og:site_name\" content=\"Traslados privados Cusco\" \/>\n<meta property=\"article:publisher\" content=\"https:\/\/www.facebook.com\/cuscoairport\" \/>\n<meta property=\"article:modified_time\" content=\"2025-03-26T21:55:01+00:00\" \/>\n<meta property=\"og:image\" content=\"https:\/\/www.cuscoairporttransport.com\/es\/wp-content\/uploads\/2023\/10\/transporte-privado-tipon.jpg\" \/>\n\t<meta property=\"og:image:width\" content=\"1080\" \/>\n\t<meta property=\"og:image:height\" content=\"1350\" \/>\n\t<meta property=\"og:image:type\" content=\"image\/jpeg\" \/>\n<meta name=\"twitter:card\" content=\"summary_large_image\" \/>\n<meta name=\"twitter:label1\" content=\"Tiempo de lectura\" \/>\n\t<meta name=\"twitter:data1\" content=\"2 minutos\" \/>\n<script type=\"application\/ld+json\" class=\"yoast-schema-graph\">{\"@context\":\"https:\/\/schema.org\",\"@graph\":[{\"@type\":\"WebPage\",\"@id\":\"https:\/\/www.cuscoairporttransport.com\/es\/tours\/traslado-cusco-a-tipon\/\",\"url\":\"https:\/\/www.cuscoairporttransport.com\/es\/tours\/traslado-cusco-a-tipon\/\",\"name\":\"Traslado Cusco a Tipon\",\"isPartOf\":{\"@id\":\"https:\/\/www.cuscoairporttransport.com\/es\/#website\"},\"primaryImageOfPage\":{\"@id\":\"https:\/\/www.cuscoairporttransport.com\/es\/tours\/traslado-cusco-a-tipon\/#primaryimage\"},\"image\":{\"@id\":\"https:\/\/www.cuscoairporttransport.com\/es\/tours\/traslado-cusco-a-tipon\/#primaryimage\"},\"thumbnailUrl\":\"https:\/\/www.cuscoairporttransport.com\/es\/wp-content\/uploads\/2023\/10\/transporte-privado-tipon.jpg\",\"datePublished\":\"2023-10-23T14:35:06+00:00\",\"dateModified\":\"2025-03-26T21:55:01+00:00\",\"description\":\"Traslado Cusco a Tipon. Traslados privados desde Cusco a Tipon. Contamos con diferentes movilidades y tenemos salidas diarias.\",\"breadcrumb\":{\"@id\":\"https:\/\/www.cuscoairporttransport.com\/es\/tours\/traslado-cusco-a-tipon\/#breadcrumb\"},\"inLanguage\":\"es\",\"potentialAction\":[{\"@type\":\"ReadAction\",\"target\":[\"https:\/\/www.cuscoairporttransport.com\/es\/tours\/traslado-cusco-a-tipon\/\"]}]},{\"@type\":\"ImageObject\",\"inLanguage\":\"es\",\"@id\":\"https:\/\/www.cuscoairporttransport.com\/es\/tours\/traslado-cusco-a-tipon\/#primaryimage\",\"url\":\"https:\/\/www.cuscoairporttransport.com\/es\/wp-content\/uploads\/2023\/10\/transporte-privado-tipon.jpg\",\"contentUrl\":\"https:\/\/www.cuscoairporttransport.com\/es\/wp-content\/uploads\/2023\/10\/transporte-privado-tipon.jpg\",\"width\":1080,\"height\":1350,\"caption\":\"transporte privado tipon\"},{\"@type\":\"BreadcrumbList\",\"@id\":\"https:\/\/www.cuscoairporttransport.com\/es\/tours\/traslado-cusco-a-tipon\/#breadcrumb\",\"itemListElement\":[{\"@type\":\"ListItem\",\"position\":1,\"name\":\"Portada\",\"item\":\"https:\/\/www.cuscoairporttransport.com\/es\/\"},{\"@type\":\"ListItem\",\"position\":2,\"name\":\"Productos\",\"item\":\"https:\/\/www.cuscoairporttransport.com\/es\/shop\/\"},{\"@type\":\"ListItem\",\"position\":3,\"name\":\"Traslado Cusco a Tipon\"}]},{\"@type\":\"WebSite\",\"@id\":\"https:\/\/www.cuscoairporttransport.com\/es\/#website\",\"url\":\"https:\/\/www.cuscoairporttransport.com\/es\/\",\"name\":\"Traslados Aeropuerto a Hotel en Cusco\",\"description\":\"\",\"publisher\":{\"@id\":\"https:\/\/www.cuscoairporttransport.com\/es\/#organization\"},\"potentialAction\":[{\"@type\":\"SearchAction\",\"target\":{\"@type\":\"EntryPoint\",\"urlTemplate\":\"https:\/\/www.cuscoairporttransport.com\/es\/?s={search_term_string}\"},\"query-input\":{\"@type\":\"PropertyValueSpecification\",\"valueRequired\":true,\"valueName\":\"search_term_string\"}}],\"inLanguage\":\"es\"},{\"@type\":\"Organization\",\"@id\":\"https:\/\/www.cuscoairporttransport.com\/es\/#organization\",\"name\":\"Traslados Aeropuerto a Hotel en Cusco\",\"url\":\"https:\/\/www.cuscoairporttransport.com\/es\/\",\"logo\":{\"@type\":\"ImageObject\",\"inLanguage\":\"es\",\"@id\":\"https:\/\/www.cuscoairporttransport.com\/es\/#\/schema\/logo\/image\/\",\"url\":\"https:\/\/www.cuscoairporttransport.com\/es\/wp-content\/uploads\/2019\/10\/cuscoairporttransport.jpg\",\"contentUrl\":\"https:\/\/www.cuscoairporttransport.com\/es\/wp-content\/uploads\/2019\/10\/cuscoairporttransport.jpg\",\"width\":348,\"height\":113,\"caption\":\"Traslados Aeropuerto a Hotel en Cusco\"},\"image\":{\"@id\":\"https:\/\/www.cuscoairporttransport.com\/es\/#\/schema\/logo\/image\/\"},\"sameAs\":[\"https:\/\/www.facebook.com\/cuscoairport\",\"https:\/\/www.instagram.com\/cuscoairporttransport\/\"]}]}<\/script>\n<!-- \/ Yoast SEO plugin. -->","yoast_head_json":{"title":"Traslado Cusco a Tipon","description":"Traslado Cusco a Tipon. Traslados privados desde Cusco a Tipon. Contamos con diferentes movilidades y tenemos salidas diarias.","robots":{"index":"index","follow":"follow","max-snippet":"max-snippet:-1","max-image-preview":"max-image-preview:large","max-video-preview":"max-video-preview:-1"},"canonical":"https:\/\/www.cuscoairporttransport.com\/es\/tours\/traslado-cusco-a-tipon\/","og_locale":"es_ES","og_type":"article","og_title":"Traslado Cusco a Tipon","og_description":"Traslado Cusco a Tipon. Traslados privados desde Cusco a Tipon. Contamos con diferentes movilidades y tenemos salidas diarias.","og_url":"https:\/\/www.cuscoairporttransport.com\/es\/tours\/traslado-cusco-a-tipon\/","og_site_name":"Traslados privados Cusco","article_publisher":"https:\/\/www.facebook.com\/cuscoairport","article_modified_time":"2025-03-26T21:55:01+00:00","og_image":[{"width":1080,"height":1350,"url":"https:\/\/www.cuscoairporttransport.com\/es\/wp-content\/uploads\/2023\/10\/transporte-privado-tipon.jpg","type":"image\/jpeg"}],"twitter_card":"summary_large_image","twitter_misc":{"Tiempo de lectura":"2 minutos"},"schema":{"@context":"https:\/\/schema.org","@graph":[{"@type":"WebPage","@id":"https:\/\/www.cuscoairporttransport.com\/es\/tours\/traslado-cusco-a-tipon\/","url":"https:\/\/www.cuscoairporttransport.com\/es\/tours\/traslado-cusco-a-tipon\/","name":"Traslado Cusco a Tipon","isPartOf":{"@id":"https:\/\/www.cuscoairporttransport.com\/es\/#website"},"primaryImageOfPage":{"@id":"https:\/\/www.cuscoairporttransport.com\/es\/tours\/traslado-cusco-a-tipon\/#primaryimage"},"image":{"@id":"https:\/\/www.cuscoairporttransport.com\/es\/tours\/traslado-cusco-a-tipon\/#primaryimage"},"thumbnailUrl":"https:\/\/www.cuscoairporttransport.com\/es\/wp-content\/uploads\/2023\/10\/transporte-privado-tipon.jpg","datePublished":"2023-10-23T14:35:06+00:00","dateModified":"2025-03-26T21:55:01+00:00","description":"Traslado Cusco a Tipon. Traslados privados desde Cusco a Tipon. Contamos con diferentes movilidades y tenemos salidas diarias.","breadcrumb":{"@id":"https:\/\/www.cuscoairporttransport.com\/es\/tours\/traslado-cusco-a-tipon\/#breadcrumb"},"inLanguage":"es","potentialAction":[{"@type":"ReadAction","target":["https:\/\/www.cuscoairporttransport.com\/es\/tours\/traslado-cusco-a-tipon\/"]}]},{"@type":"ImageObject","inLanguage":"es","@id":"https:\/\/www.cuscoairporttransport.com\/es\/tours\/traslado-cusco-a-tipon\/#primaryimage","url":"https:\/\/www.cuscoairporttransport.com\/es\/wp-content\/uploads\/2023\/10\/transporte-privado-tipon.jpg","contentUrl":"https:\/\/www.cuscoairporttransport.com\/es\/wp-content\/uploads\/2023\/10\/transporte-privado-tipon.jpg","width":1080,"height":1350,"caption":"transporte privado tipon"},{"@type":"BreadcrumbList","@id":"https:\/\/www.cuscoairporttransport.com\/es\/tours\/traslado-cusco-a-tipon\/#breadcrumb","itemListElement":[{"@type":"ListItem","position":1,"name":"Portada","item":"https:\/\/www.cuscoairporttransport.com\/es\/"},{"@type":"ListItem","position":2,"name":"Productos","item":"https:\/\/www.cuscoairporttransport.com\/es\/shop\/"},{"@type":"ListItem","position":3,"name":"Traslado Cusco a Tipon"}]},{"@type":"WebSite","@id":"https:\/\/www.cuscoairporttransport.com\/es\/#website","url":"https:\/\/www.cuscoairporttransport.com\/es\/","name":"Traslados Aeropuerto a Hotel en Cusco","description":"","publisher":{"@id":"https:\/\/www.cuscoairporttransport.com\/es\/#organization"},"potentialAction":[{"@type":"SearchAction","target":{"@type":"EntryPoint","urlTemplate":"https:\/\/www.cuscoairporttransport.com\/es\/?s={search_term_string}"},"query-input":{"@type":"PropertyValueSpecification","valueRequired":true,"valueName":"search_term_string"}}],"inLanguage":"es"},{"@type":"Organization","@id":"https:\/\/www.cuscoairporttransport.com\/es\/#organization","name":"Traslados Aeropuerto a Hotel en Cusco","url":"https:\/\/www.cuscoairporttransport.com\/es\/","logo":{"@type":"ImageObject","inLanguage":"es","@id":"https:\/\/www.cuscoairporttransport.com\/es\/#\/schema\/logo\/image\/","url":"https:\/\/www.cuscoairporttransport.com\/es\/wp-content\/uploads\/2019\/10\/cuscoairporttransport.jpg","contentUrl":"https:\/\/www.cuscoairporttransport.com\/es\/wp-content\/uploads\/2019\/10\/cuscoairporttransport.jpg","width":348,"height":113,"caption":"Traslados Aeropuerto a Hotel en Cusco"},"image":{"@id":"https:\/\/www.cuscoairporttransport.com\/es\/#\/schema\/logo\/image\/"},"sameAs":["https:\/\/www.facebook.com\/cuscoairport","https:\/\/www.instagram.com\/cuscoairporttransport\/"]}]}},"_links":{"self":[{"href":"https:\/\/www.cuscoairporttransport.com\/es\/wp-json\/wp\/v2\/product\/410","targetHints":{"allow":["GET"]}}],"collection":[{"href":"https:\/\/www.cuscoairporttransport.com\/es\/wp-json\/wp\/v2\/product"}],"about":[{"href":"https:\/\/www.cuscoairporttransport.com\/es\/wp-json\/wp\/v2\/types\/product"}],"replies":[{"embeddable":true,"href":"https:\/\/www.cuscoairporttransport.com\/es\/wp-json\/wp\/v2\/comments?post=410"}],"wp:featuredmedia":[{"embeddable":true,"href":"https:\/\/www.cuscoairporttransport.com\/es\/wp-json\/wp\/v2\/media\/411"}],"wp:attachment":[{"href":"https:\/\/www.cuscoairporttransport.com\/es\/wp-json\/wp\/v2\/media?parent=410"}],"wp:term":[{"taxonomy":"product_brand","embeddable":true,"href":"https:\/\/www.cuscoairporttransport.com\/es\/wp-json\/wp\/v2\/product_brand?post=410"},{"taxonomy":"product_cat","embeddable":true,"href":"https:\/\/www.cuscoairporttransport.com\/es\/wp-json\/wp\/v2\/product_cat?post=410"},{"taxonomy":"product_tag","embeddable":true,"href":"https:\/\/www.cuscoairporttransport.com\/es\/wp-json\/wp\/v2\/product_tag?post=410"}],"curies":[{"name":"wp","href":"https:\/\/api.w.org\/{rel}","templated":true}]}}