{"id":44,"date":"2019-10-26T13:23:52","date_gmt":"2019-10-26T13:23:52","guid":{"rendered":"https:\/\/www.cuscoairporttransport.com\/es\/?post_type=product&#038;p=44"},"modified":"2025-03-26T21:28:16","modified_gmt":"2025-03-26T21:28:16","slug":"traslado-aeropuerto-cusco-a-hotel-en-cusco","status":"publish","type":"product","link":"https:\/\/www.cuscoairporttransport.com\/es\/tours\/traslado-aeropuerto-cusco-a-hotel-en-cusco\/","title":{"rendered":"Traslado Aeropuerto Cusco a Hotel en Cusco"},"content":{"rendered":"<p>Ofrecemos el servicio de <strong>traslado desde el aeropuerto de Cusco a su hotel en Cusco<\/strong>. Seguridad y confianza en su traslado.<\/p>\n<p>Solo debe indicar su nombre completo, el n\u00famero de su vuelo y su hora de llegada a la ciudad de Cusco y nuestro personal lo estar\u00e1 esperando en el aeropuerto con su nombre para llevarlo a su hotel respectivo. Contamos con diferentes tipos de veh\u00edculos los cuales son ideales para viajeros solitarios, familias, parejas, promociones y grupos de amigos.\u00a0 Nuestro servicio esta disponible todos los d\u00edas 24\/7.<\/p>\n<table style=\"height: 86px;\" width=\"240\">\n<tbody>\n<tr>\n<td style=\"background-color: #ff3333; border-color: #ff3333; text-align: center;\"><a href=\"https:\/\/wa.me\/51989694842\"><span style=\"color: #ffffff;\">WhatsApp: Book Now<\/span><\/a><\/td>\n<\/tr>\n<tr>\n<td style=\"border-color: #ffffff;\"><\/td>\n<\/tr>\n<\/tbody>\n<\/table>\n<h2>Aeropuerto Cusco a Hotel<\/h2>\n<table>\n<tbody>\n<tr>\n<td style=\"background-color: #55ab30; width: 426px;\"><span style=\"color: #ffffff;\">Servicio: Precio por Vehiculo<br \/>\n<\/span><\/td>\n<td style=\"background-color: #1787bf; width: 165px;\"><span style=\"color: #ffffff;\">Auto (Max 2 personas)<\/span><\/td>\n<td style=\"background-color: #ff4e21; width: 195px;\"><span style=\"color: #ffffff;\">Camioneta (of 2 a 4 personas)<\/span><\/td>\n<td style=\"background-color: #55ab30; width: 4px;\"><span style=\"color: #ffffff;\"> H1\/ Van\u00a0 4 a 6 personas\u00a0<\/span><\/td>\n<\/tr>\n<tr>\n<td style=\"width: 426px;\">Aeropuerto Cusco a Hotel<\/td>\n<td style=\"width: 165px;\">US$ 10<\/td>\n<td style=\"width: 195px;\">US$ 20<\/td>\n<td style=\"width: 4px;\">US$ 35<\/td>\n<\/tr>\n<tr>\n<td style=\"width: 426px;\">Hotel a <a href=\"https:\/\/www.cuscoairporttransport.com\/es\/2025\/02\/07\/traslado-privado-aeropuerto-cusco-a-ollantaytambo-ida-y-vuelta\/\" target=\"_blank\" rel=\"noopener\">Aeropuerto Cusco<\/a><\/td>\n<td style=\"width: 165px;\">US$ 10<\/td>\n<td style=\"width: 195px;\">US$ 20<\/td>\n<td style=\"width: 4px;\">US$ 35<\/td>\n<\/tr>\n<tr>\n<td style=\"width: 426px;\">Ida y Vuelta: Aeropuerto Cusco \u2013 Hotel \u2013 Aeropuerto Cusco<\/td>\n<td style=\"width: 165px;\">US$ 20<\/td>\n<td style=\"width: 195px;\">US$ 40<\/td>\n<td style=\"width: 4px;\">US$ 70<\/td>\n<\/tr>\n<\/tbody>\n<\/table>\n<p>Para el servicio de <a href=\"https:\/\/www.donperutours.com\/es\/turismoperu\/aeropuerto-cusco-a-ollantaytambo\/\" target=\"_blank\" rel=\"noopener\">traslado de retorno<\/a> desde su hotel en Cusco al aeropuerto de Cusco, es recomendable salir 2 horas antes de su vuelo.<\/p>\n<p><strong>Importante<\/strong>:<\/p>\n<p>\u2022 Si tiene alg\u00fan retraso en su vuelo, no se preocupe, nuestro personal lo esperar\u00e1, ya que estaremos monitoreando su vuelo. Si tienes cambio en tu vuelo solo debes indicarnos r\u00e1pidamente para nosotros hacer los cambios r\u00e1pidamente.<\/p>\n<p>\u2022 Si son m\u00e1s viajeros por favor solicite una cotizaci\u00f3n en l\u00ednea, directamente en nuestro canal de <strong>WhatsApp<\/strong> <a href=\"https:\/\/wa.me\/51989694842\">+ 51989694842<\/a><\/p>\n<h2>Viaje seguro &#8211; Covid 19<\/h2>\n<p>\u2022 Para cada recorrido debe usar m\u00e1scara (Obligatorio).<br \/>\n\u2022 Nuestro personal ser\u00e1 monitoreado diariamente para descartar Covid-19.<br \/>\n\u2022 Desinfecci\u00f3n frecuente de veh\u00edculos de transporte.<\/p>\n<h2>Aeropuerto Cusco<\/h2>\n<p><img loading=\"lazy\" decoding=\"async\" class=\"alignnone wp-image-33\" src=\"https:\/\/www.cuscoairporttransport.com\/es\/wp-content\/uploads\/2019\/10\/cusco-airport.jpg\" alt=\"cusco aeropuerto\" width=\"335\" height=\"335\" srcset=\"https:\/\/www.cuscoairporttransport.com\/es\/wp-content\/uploads\/2019\/10\/cusco-airport.jpg 400w, https:\/\/www.cuscoairporttransport.com\/es\/wp-content\/uploads\/2019\/10\/cusco-airport-150x150.jpg 150w, https:\/\/www.cuscoairporttransport.com\/es\/wp-content\/uploads\/2019\/10\/cusco-airport-300x300.jpg 300w\" sizes=\"auto, (max-width: 335px) 100vw, 335px\" \/> <img loading=\"lazy\" decoding=\"async\" class=\"alignnone wp-image-34\" src=\"https:\/\/www.cuscoairporttransport.com\/es\/wp-content\/uploads\/2019\/10\/airportcusco.jpg\" alt=\"aeropuerto cusco\" width=\"335\" height=\"335\" srcset=\"https:\/\/www.cuscoairporttransport.com\/es\/wp-content\/uploads\/2019\/10\/airportcusco.jpg 400w, https:\/\/www.cuscoairporttransport.com\/es\/wp-content\/uploads\/2019\/10\/airportcusco-150x150.jpg 150w, https:\/\/www.cuscoairporttransport.com\/es\/wp-content\/uploads\/2019\/10\/airportcusco-300x300.jpg 300w\" sizes=\"auto, (max-width: 335px) 100vw, 335px\" \/><\/p>\n<p>&nbsp;<\/p>\n","protected":false},"excerpt":{"rendered":"<div class=\"padding-top text-center\"><a href=\"https:\/\/www.cuscoairporttransport.com\/es\/tours\/traslado-aeropuerto-cusco-a-hotel-en-cusco\/\" class=\"atbtn atbtn--medium atbtn--rounded atbtn--transparent\">Continuar lectura<i class=\"atbtn__icon atbtn__icon--right fa fa-long-arrow-right\"><\/i><\/a><\/div>\n","protected":false},"featured_media":45,"comment_status":"closed","ping_status":"closed","template":"","meta":[],"product_brand":[],"product_cat":[18],"product_tag":[],"class_list":{"0":"post-44","1":"product","2":"type-product","3":"status-publish","4":"has-post-thumbnail","6":"product_cat-traslados-cusco","7":"tour_category-cusco-traslados","9":"first","10":"instock","11":"shipping-taxable","12":"product-type-tour"},"yoast_head":"<!-- This site is optimized with the Yoast SEO plugin v27.1.1 - https:\/\/yoast.com\/product\/yoast-seo-wordpress\/ -->\n<title>Traslado Aeropuerto Cusco a Hotel en Cusco<\/title>\n<meta name=\"description\" content=\"Traslado Aeropuerto Cusco a Hotel en Cusco o Viceversa. Ofrecemos el servicio de recojos desde el aeropuerto a tu hotel respectivo en Cusco.\" \/>\n<meta name=\"robots\" content=\"index, follow, max-snippet:-1, max-image-preview:large, max-video-preview:-1\" \/>\n<link rel=\"canonical\" href=\"https:\/\/www.cuscoairporttransport.com\/es\/tours\/traslado-aeropuerto-cusco-a-hotel-en-cusco\/\" \/>\n<meta property=\"og:locale\" content=\"es_ES\" \/>\n<meta property=\"og:type\" content=\"article\" \/>\n<meta property=\"og:title\" content=\"Traslado Aeropuerto Cusco a Hotel en Cusco\" \/>\n<meta property=\"og:description\" content=\"Traslado Aeropuerto Cusco a Hotel en Cusco o Viceversa. Ofrecemos el servicio de recojos desde el aeropuerto a tu hotel respectivo en Cusco.\" \/>\n<meta property=\"og:url\" content=\"https:\/\/www.cuscoairporttransport.com\/es\/tours\/traslado-aeropuerto-cusco-a-hotel-en-cusco\/\" \/>\n<meta property=\"og:site_name\" content=\"Traslados privados Cusco\" \/>\n<meta property=\"article:publisher\" content=\"https:\/\/www.facebook.com\/cuscoairport\" \/>\n<meta property=\"article:modified_time\" content=\"2025-03-26T21:28:16+00:00\" \/>\n<meta property=\"og:image\" content=\"https:\/\/www.cuscoairporttransport.com\/es\/wp-content\/uploads\/2019\/10\/cuscoaeropuerto.jpg\" \/>\n\t<meta property=\"og:image:width\" content=\"1080\" \/>\n\t<meta property=\"og:image:height\" content=\"1080\" \/>\n\t<meta property=\"og:image:type\" content=\"image\/jpeg\" \/>\n<meta name=\"twitter:card\" content=\"summary_large_image\" \/>\n<meta name=\"twitter:label1\" content=\"Tiempo de lectura\" \/>\n\t<meta name=\"twitter:data1\" content=\"2 minutos\" \/>\n<script type=\"application\/ld+json\" class=\"yoast-schema-graph\">{\"@context\":\"https:\/\/schema.org\",\"@graph\":[{\"@type\":\"WebPage\",\"@id\":\"https:\/\/www.cuscoairporttransport.com\/es\/tours\/traslado-aeropuerto-cusco-a-hotel-en-cusco\/\",\"url\":\"https:\/\/www.cuscoairporttransport.com\/es\/tours\/traslado-aeropuerto-cusco-a-hotel-en-cusco\/\",\"name\":\"Traslado Aeropuerto Cusco a Hotel en Cusco\",\"isPartOf\":{\"@id\":\"https:\/\/www.cuscoairporttransport.com\/es\/#website\"},\"primaryImageOfPage\":{\"@id\":\"https:\/\/www.cuscoairporttransport.com\/es\/tours\/traslado-aeropuerto-cusco-a-hotel-en-cusco\/#primaryimage\"},\"image\":{\"@id\":\"https:\/\/www.cuscoairporttransport.com\/es\/tours\/traslado-aeropuerto-cusco-a-hotel-en-cusco\/#primaryimage\"},\"thumbnailUrl\":\"https:\/\/www.cuscoairporttransport.com\/es\/wp-content\/uploads\/2019\/10\/cuscoaeropuerto.jpg\",\"datePublished\":\"2019-10-26T13:23:52+00:00\",\"dateModified\":\"2025-03-26T21:28:16+00:00\",\"description\":\"Traslado Aeropuerto Cusco a Hotel en Cusco o Viceversa. Ofrecemos el servicio de recojos desde el aeropuerto a tu hotel respectivo en Cusco.\",\"breadcrumb\":{\"@id\":\"https:\/\/www.cuscoairporttransport.com\/es\/tours\/traslado-aeropuerto-cusco-a-hotel-en-cusco\/#breadcrumb\"},\"inLanguage\":\"es\",\"potentialAction\":[{\"@type\":\"ReadAction\",\"target\":[\"https:\/\/www.cuscoairporttransport.com\/es\/tours\/traslado-aeropuerto-cusco-a-hotel-en-cusco\/\"]}]},{\"@type\":\"ImageObject\",\"inLanguage\":\"es\",\"@id\":\"https:\/\/www.cuscoairporttransport.com\/es\/tours\/traslado-aeropuerto-cusco-a-hotel-en-cusco\/#primaryimage\",\"url\":\"https:\/\/www.cuscoairporttransport.com\/es\/wp-content\/uploads\/2019\/10\/cuscoaeropuerto.jpg\",\"contentUrl\":\"https:\/\/www.cuscoairporttransport.com\/es\/wp-content\/uploads\/2019\/10\/cuscoaeropuerto.jpg\",\"width\":1080,\"height\":1080,\"caption\":\"cusco aeropuerto chinchero\"},{\"@type\":\"BreadcrumbList\",\"@id\":\"https:\/\/www.cuscoairporttransport.com\/es\/tours\/traslado-aeropuerto-cusco-a-hotel-en-cusco\/#breadcrumb\",\"itemListElement\":[{\"@type\":\"ListItem\",\"position\":1,\"name\":\"Portada\",\"item\":\"https:\/\/www.cuscoairporttransport.com\/es\/\"},{\"@type\":\"ListItem\",\"position\":2,\"name\":\"Productos\",\"item\":\"https:\/\/www.cuscoairporttransport.com\/es\/shop\/\"},{\"@type\":\"ListItem\",\"position\":3,\"name\":\"Traslado Aeropuerto Cusco a Hotel en Cusco\"}]},{\"@type\":\"WebSite\",\"@id\":\"https:\/\/www.cuscoairporttransport.com\/es\/#website\",\"url\":\"https:\/\/www.cuscoairporttransport.com\/es\/\",\"name\":\"Traslados Aeropuerto a Hotel en Cusco\",\"description\":\"\",\"publisher\":{\"@id\":\"https:\/\/www.cuscoairporttransport.com\/es\/#organization\"},\"potentialAction\":[{\"@type\":\"SearchAction\",\"target\":{\"@type\":\"EntryPoint\",\"urlTemplate\":\"https:\/\/www.cuscoairporttransport.com\/es\/?s={search_term_string}\"},\"query-input\":{\"@type\":\"PropertyValueSpecification\",\"valueRequired\":true,\"valueName\":\"search_term_string\"}}],\"inLanguage\":\"es\"},{\"@type\":\"Organization\",\"@id\":\"https:\/\/www.cuscoairporttransport.com\/es\/#organization\",\"name\":\"Traslados Aeropuerto a Hotel en Cusco\",\"url\":\"https:\/\/www.cuscoairporttransport.com\/es\/\",\"logo\":{\"@type\":\"ImageObject\",\"inLanguage\":\"es\",\"@id\":\"https:\/\/www.cuscoairporttransport.com\/es\/#\/schema\/logo\/image\/\",\"url\":\"https:\/\/www.cuscoairporttransport.com\/es\/wp-content\/uploads\/2019\/10\/cuscoairporttransport.jpg\",\"contentUrl\":\"https:\/\/www.cuscoairporttransport.com\/es\/wp-content\/uploads\/2019\/10\/cuscoairporttransport.jpg\",\"width\":348,\"height\":113,\"caption\":\"Traslados Aeropuerto a Hotel en Cusco\"},\"image\":{\"@id\":\"https:\/\/www.cuscoairporttransport.com\/es\/#\/schema\/logo\/image\/\"},\"sameAs\":[\"https:\/\/www.facebook.com\/cuscoairport\",\"https:\/\/www.instagram.com\/cuscoairporttransport\/\"]}]}<\/script>\n<!-- \/ Yoast SEO plugin. -->","yoast_head_json":{"title":"Traslado Aeropuerto Cusco a Hotel en Cusco","description":"Traslado Aeropuerto Cusco a Hotel en Cusco o Viceversa. Ofrecemos el servicio de recojos desde el aeropuerto a tu hotel respectivo en Cusco.","robots":{"index":"index","follow":"follow","max-snippet":"max-snippet:-1","max-image-preview":"max-image-preview:large","max-video-preview":"max-video-preview:-1"},"canonical":"https:\/\/www.cuscoairporttransport.com\/es\/tours\/traslado-aeropuerto-cusco-a-hotel-en-cusco\/","og_locale":"es_ES","og_type":"article","og_title":"Traslado Aeropuerto Cusco a Hotel en Cusco","og_description":"Traslado Aeropuerto Cusco a Hotel en Cusco o Viceversa. Ofrecemos el servicio de recojos desde el aeropuerto a tu hotel respectivo en Cusco.","og_url":"https:\/\/www.cuscoairporttransport.com\/es\/tours\/traslado-aeropuerto-cusco-a-hotel-en-cusco\/","og_site_name":"Traslados privados Cusco","article_publisher":"https:\/\/www.facebook.com\/cuscoairport","article_modified_time":"2025-03-26T21:28:16+00:00","og_image":[{"width":1080,"height":1080,"url":"https:\/\/www.cuscoairporttransport.com\/es\/wp-content\/uploads\/2019\/10\/cuscoaeropuerto.jpg","type":"image\/jpeg"}],"twitter_card":"summary_large_image","twitter_misc":{"Tiempo de lectura":"2 minutos"},"schema":{"@context":"https:\/\/schema.org","@graph":[{"@type":"WebPage","@id":"https:\/\/www.cuscoairporttransport.com\/es\/tours\/traslado-aeropuerto-cusco-a-hotel-en-cusco\/","url":"https:\/\/www.cuscoairporttransport.com\/es\/tours\/traslado-aeropuerto-cusco-a-hotel-en-cusco\/","name":"Traslado Aeropuerto Cusco a Hotel en Cusco","isPartOf":{"@id":"https:\/\/www.cuscoairporttransport.com\/es\/#website"},"primaryImageOfPage":{"@id":"https:\/\/www.cuscoairporttransport.com\/es\/tours\/traslado-aeropuerto-cusco-a-hotel-en-cusco\/#primaryimage"},"image":{"@id":"https:\/\/www.cuscoairporttransport.com\/es\/tours\/traslado-aeropuerto-cusco-a-hotel-en-cusco\/#primaryimage"},"thumbnailUrl":"https:\/\/www.cuscoairporttransport.com\/es\/wp-content\/uploads\/2019\/10\/cuscoaeropuerto.jpg","datePublished":"2019-10-26T13:23:52+00:00","dateModified":"2025-03-26T21:28:16+00:00","description":"Traslado Aeropuerto Cusco a Hotel en Cusco o Viceversa. Ofrecemos el servicio de recojos desde el aeropuerto a tu hotel respectivo en Cusco.","breadcrumb":{"@id":"https:\/\/www.cuscoairporttransport.com\/es\/tours\/traslado-aeropuerto-cusco-a-hotel-en-cusco\/#breadcrumb"},"inLanguage":"es","potentialAction":[{"@type":"ReadAction","target":["https:\/\/www.cuscoairporttransport.com\/es\/tours\/traslado-aeropuerto-cusco-a-hotel-en-cusco\/"]}]},{"@type":"ImageObject","inLanguage":"es","@id":"https:\/\/www.cuscoairporttransport.com\/es\/tours\/traslado-aeropuerto-cusco-a-hotel-en-cusco\/#primaryimage","url":"https:\/\/www.cuscoairporttransport.com\/es\/wp-content\/uploads\/2019\/10\/cuscoaeropuerto.jpg","contentUrl":"https:\/\/www.cuscoairporttransport.com\/es\/wp-content\/uploads\/2019\/10\/cuscoaeropuerto.jpg","width":1080,"height":1080,"caption":"cusco aeropuerto chinchero"},{"@type":"BreadcrumbList","@id":"https:\/\/www.cuscoairporttransport.com\/es\/tours\/traslado-aeropuerto-cusco-a-hotel-en-cusco\/#breadcrumb","itemListElement":[{"@type":"ListItem","position":1,"name":"Portada","item":"https:\/\/www.cuscoairporttransport.com\/es\/"},{"@type":"ListItem","position":2,"name":"Productos","item":"https:\/\/www.cuscoairporttransport.com\/es\/shop\/"},{"@type":"ListItem","position":3,"name":"Traslado Aeropuerto Cusco a Hotel en Cusco"}]},{"@type":"WebSite","@id":"https:\/\/www.cuscoairporttransport.com\/es\/#website","url":"https:\/\/www.cuscoairporttransport.com\/es\/","name":"Traslados Aeropuerto a Hotel en Cusco","description":"","publisher":{"@id":"https:\/\/www.cuscoairporttransport.com\/es\/#organization"},"potentialAction":[{"@type":"SearchAction","target":{"@type":"EntryPoint","urlTemplate":"https:\/\/www.cuscoairporttransport.com\/es\/?s={search_term_string}"},"query-input":{"@type":"PropertyValueSpecification","valueRequired":true,"valueName":"search_term_string"}}],"inLanguage":"es"},{"@type":"Organization","@id":"https:\/\/www.cuscoairporttransport.com\/es\/#organization","name":"Traslados Aeropuerto a Hotel en Cusco","url":"https:\/\/www.cuscoairporttransport.com\/es\/","logo":{"@type":"ImageObject","inLanguage":"es","@id":"https:\/\/www.cuscoairporttransport.com\/es\/#\/schema\/logo\/image\/","url":"https:\/\/www.cuscoairporttransport.com\/es\/wp-content\/uploads\/2019\/10\/cuscoairporttransport.jpg","contentUrl":"https:\/\/www.cuscoairporttransport.com\/es\/wp-content\/uploads\/2019\/10\/cuscoairporttransport.jpg","width":348,"height":113,"caption":"Traslados Aeropuerto a Hotel en Cusco"},"image":{"@id":"https:\/\/www.cuscoairporttransport.com\/es\/#\/schema\/logo\/image\/"},"sameAs":["https:\/\/www.facebook.com\/cuscoairport","https:\/\/www.instagram.com\/cuscoairporttransport\/"]}]}},"_links":{"self":[{"href":"https:\/\/www.cuscoairporttransport.com\/es\/wp-json\/wp\/v2\/product\/44","targetHints":{"allow":["GET"]}}],"collection":[{"href":"https:\/\/www.cuscoairporttransport.com\/es\/wp-json\/wp\/v2\/product"}],"about":[{"href":"https:\/\/www.cuscoairporttransport.com\/es\/wp-json\/wp\/v2\/types\/product"}],"replies":[{"embeddable":true,"href":"https:\/\/www.cuscoairporttransport.com\/es\/wp-json\/wp\/v2\/comments?post=44"}],"wp:featuredmedia":[{"embeddable":true,"href":"https:\/\/www.cuscoairporttransport.com\/es\/wp-json\/wp\/v2\/media\/45"}],"wp:attachment":[{"href":"https:\/\/www.cuscoairporttransport.com\/es\/wp-json\/wp\/v2\/media?parent=44"}],"wp:term":[{"taxonomy":"product_brand","embeddable":true,"href":"https:\/\/www.cuscoairporttransport.com\/es\/wp-json\/wp\/v2\/product_brand?post=44"},{"taxonomy":"product_cat","embeddable":true,"href":"https:\/\/www.cuscoairporttransport.com\/es\/wp-json\/wp\/v2\/product_cat?post=44"},{"taxonomy":"product_tag","embeddable":true,"href":"https:\/\/www.cuscoairporttransport.com\/es\/wp-json\/wp\/v2\/product_tag?post=44"}],"curies":[{"name":"wp","href":"https:\/\/api.w.org\/{rel}","templated":true}]}}