{"id":465,"date":"2024-04-02T01:44:42","date_gmt":"2024-04-02T01:44:42","guid":{"rendered":"https:\/\/www.cuscoairporttransport.com\/es\/?post_type=product&#038;p=465"},"modified":"2025-03-26T21:53:28","modified_gmt":"2025-03-26T21:53:28","slug":"traslado-cusco-a-raqchi","status":"publish","type":"product","link":"https:\/\/www.cuscoairporttransport.com\/es\/tours\/traslado-cusco-a-raqchi\/","title":{"rendered":"Traslado Cusco a Raqchi"},"content":{"rendered":"<p><strong>Traslado Cusco a Raqchi<\/strong>. Nuestra agencia de viajes Cusco Airport Transport tambi\u00e9n ofrece el servicio de <a href=\"https:\/\/www.cuscoairporttransport.com\/es\/tours\/traslado-privado-cusco-a-calca\/\" target=\"_blank\" rel=\"noopener\">traslado privado desde Cusco<\/a> hacia el sitio arqueol\u00f3gico de Raqchi que tambi\u00e9n es conocido como el templo de Viracocha. El <a href=\"https:\/\/www.mountainpalcoyo.com\/es\/traslado-cusco-valle-sagrado-de-los-incas\/\" target=\"_blank\" rel=\"noopener\">viaje desde Cusco<\/a> a Raqchi ser\u00e1 aproximadamente de 2 horas y media, el tiempo de viaje puede variar, todo depender\u00e1 del tr\u00e1fico de la ciudad.<\/p>\n<p>Tenemos salidas diarias y contamos con autos, camionetas, vans y sprinter. Solicite su cotizaci\u00f3n v\u00eda WhatsApp y uno de nuestros agentes le responder\u00e1 r\u00e1pidamente.<\/p>\n<h2>Transporte Cusco a Raqchi<\/h2>\n<table style=\"height: 86px;\" width=\"240\">\n<tbody>\n<tr>\n<td style=\"background-color: #ff3333; border-color: #ff3333; text-align: center;\"><a href=\"https:\/\/wa.me\/51989694842\"><span style=\"color: #ffffff;\">WhatsApp: Reservar<\/span><\/a><\/td>\n<\/tr>\n<tr>\n<td style=\"border-color: #ffffff;\"><\/td>\n<\/tr>\n<\/tbody>\n<\/table>\n<p><strong>Incluye<\/strong><br \/>\n<i class=\"fa fa-check icon-tick icon-tick--on\"><\/i> Recojo<br \/>\n<i class=\"fa fa-check icon-tick icon-tick--on\"><\/i> Movilidad y Conductor<\/p>\n<p style=\"text-align: left;\"><strong>No Incluye<\/strong>:<br \/>\n<i class=\"fa fa-times icon-tick icon-tick--off\"><\/i> Seguro de viaje y otros servicios no mencionados.<br \/>\n<strong>Importante<\/strong>:<br \/>\n\u2022 El recojo puede ser desde cualquier parte del <a href=\"https:\/\/www.cuscoairporttransport.com\/es\/tours\/traslado-cusco-a-tipon\/\" target=\"_blank\" rel=\"noopener\">Cusco<\/a> o <a href=\"https:\/\/www.cuscoairporttransport.com\/es\/tours\/transporte-valle-sagrado-a-cusco\/\" target=\"_blank\" rel=\"noopener\">Valle Sagrado de los Incas<\/a><br \/>\n\u2022 La movilidad te llevara al sitio arqueol\u00f3gico de Raqchi te esperara durante 1 hora y media aproximadamente para luego retornar a Cusco.<\/p>\n<h2>Sitio Arqueol\u00f3gico de Raqchi<\/h2>\n<p><img loading=\"lazy\" decoding=\"async\" class=\"alignnone size-full wp-image-468\" src=\"https:\/\/www.cuscoairporttransport.com\/es\/wp-content\/uploads\/2024\/04\/raqchi-cusco.jpg\" alt=\"raqchi cusco\" width=\"1440\" height=\"1440\" srcset=\"https:\/\/www.cuscoairporttransport.com\/es\/wp-content\/uploads\/2024\/04\/raqchi-cusco.jpg 1440w, https:\/\/www.cuscoairporttransport.com\/es\/wp-content\/uploads\/2024\/04\/raqchi-cusco-300x300.jpg 300w, https:\/\/www.cuscoairporttransport.com\/es\/wp-content\/uploads\/2024\/04\/raqchi-cusco-1024x1024.jpg 1024w, https:\/\/www.cuscoairporttransport.com\/es\/wp-content\/uploads\/2024\/04\/raqchi-cusco-150x150.jpg 150w, https:\/\/www.cuscoairporttransport.com\/es\/wp-content\/uploads\/2024\/04\/raqchi-cusco-768x768.jpg 768w, https:\/\/www.cuscoairporttransport.com\/es\/wp-content\/uploads\/2024\/04\/raqchi-cusco-600x600.jpg 600w\" sizes=\"auto, (max-width: 1440px) 100vw, 1440px\" \/><\/p>\n<p><img loading=\"lazy\" decoding=\"async\" class=\"alignnone size-full wp-image-469\" src=\"https:\/\/www.cuscoairporttransport.com\/es\/wp-content\/uploads\/2024\/04\/cusco-raqchi.jpg\" alt=\"cusco raqchi\" width=\"1440\" height=\"1440\" srcset=\"https:\/\/www.cuscoairporttransport.com\/es\/wp-content\/uploads\/2024\/04\/cusco-raqchi.jpg 1440w, https:\/\/www.cuscoairporttransport.com\/es\/wp-content\/uploads\/2024\/04\/cusco-raqchi-300x300.jpg 300w, https:\/\/www.cuscoairporttransport.com\/es\/wp-content\/uploads\/2024\/04\/cusco-raqchi-1024x1024.jpg 1024w, https:\/\/www.cuscoairporttransport.com\/es\/wp-content\/uploads\/2024\/04\/cusco-raqchi-150x150.jpg 150w, https:\/\/www.cuscoairporttransport.com\/es\/wp-content\/uploads\/2024\/04\/cusco-raqchi-768x768.jpg 768w, https:\/\/www.cuscoairporttransport.com\/es\/wp-content\/uploads\/2024\/04\/cusco-raqchi-600x600.jpg 600w\" sizes=\"auto, (max-width: 1440px) 100vw, 1440px\" \/><\/p>\n","protected":false},"excerpt":{"rendered":"<div class=\"padding-top text-center\"><a href=\"https:\/\/www.cuscoairporttransport.com\/es\/tours\/traslado-cusco-a-raqchi\/\" class=\"atbtn atbtn--medium atbtn--rounded atbtn--transparent\">Continuar lectura<i class=\"atbtn__icon atbtn__icon--right fa fa-long-arrow-right\"><\/i><\/a><\/div>\n","protected":false},"featured_media":467,"comment_status":"closed","ping_status":"closed","template":"","meta":[],"product_brand":[],"product_cat":[18],"product_tag":[],"class_list":{"0":"post-465","1":"product","2":"type-product","3":"status-publish","4":"has-post-thumbnail","6":"product_cat-traslados-cusco","7":"tour_category-cusco-traslados","9":"first","10":"instock","11":"shipping-taxable","12":"product-type-tour"},"yoast_head":"<!-- This site is optimized with the Yoast SEO plugin v27.1.1 - https:\/\/yoast.com\/product\/yoast-seo-wordpress\/ -->\n<title>Traslado Cusco a Raqchi<\/title>\n<meta name=\"description\" content=\"Traslado Cusco a Raqchi. Traslado privado desde Cusco a Raqchi. Tenemos salidas diarias, Transporte tur\u00edstico Cusco a Raqchi.\" \/>\n<meta name=\"robots\" content=\"index, follow, max-snippet:-1, max-image-preview:large, max-video-preview:-1\" \/>\n<link rel=\"canonical\" href=\"https:\/\/www.cuscoairporttransport.com\/es\/tours\/traslado-cusco-a-raqchi\/\" \/>\n<meta property=\"og:locale\" content=\"es_ES\" \/>\n<meta property=\"og:type\" content=\"article\" \/>\n<meta property=\"og:title\" content=\"Traslado Cusco a Raqchi\" \/>\n<meta property=\"og:description\" content=\"Traslado Cusco a Raqchi. Traslado privado desde Cusco a Raqchi. Tenemos salidas diarias, Transporte tur\u00edstico Cusco a Raqchi.\" \/>\n<meta property=\"og:url\" content=\"https:\/\/www.cuscoairporttransport.com\/es\/tours\/traslado-cusco-a-raqchi\/\" \/>\n<meta property=\"og:site_name\" content=\"Traslados privados Cusco\" \/>\n<meta property=\"article:publisher\" content=\"https:\/\/www.facebook.com\/cuscoairport\" \/>\n<meta property=\"article:modified_time\" content=\"2025-03-26T21:53:28+00:00\" \/>\n<meta property=\"og:image\" content=\"https:\/\/www.cuscoairporttransport.com\/es\/wp-content\/uploads\/2024\/04\/raqchi.jpg\" \/>\n\t<meta property=\"og:image:width\" content=\"2000\" \/>\n\t<meta property=\"og:image:height\" content=\"726\" \/>\n\t<meta property=\"og:image:type\" content=\"image\/jpeg\" \/>\n<meta name=\"twitter:card\" content=\"summary_large_image\" \/>\n<meta name=\"twitter:label1\" content=\"Tiempo de lectura\" \/>\n\t<meta name=\"twitter:data1\" content=\"2 minutos\" \/>\n<script type=\"application\/ld+json\" class=\"yoast-schema-graph\">{\"@context\":\"https:\/\/schema.org\",\"@graph\":[{\"@type\":\"WebPage\",\"@id\":\"https:\/\/www.cuscoairporttransport.com\/es\/tours\/traslado-cusco-a-raqchi\/\",\"url\":\"https:\/\/www.cuscoairporttransport.com\/es\/tours\/traslado-cusco-a-raqchi\/\",\"name\":\"Traslado Cusco a Raqchi\",\"isPartOf\":{\"@id\":\"https:\/\/www.cuscoairporttransport.com\/es\/#website\"},\"primaryImageOfPage\":{\"@id\":\"https:\/\/www.cuscoairporttransport.com\/es\/tours\/traslado-cusco-a-raqchi\/#primaryimage\"},\"image\":{\"@id\":\"https:\/\/www.cuscoairporttransport.com\/es\/tours\/traslado-cusco-a-raqchi\/#primaryimage\"},\"thumbnailUrl\":\"https:\/\/www.cuscoairporttransport.com\/es\/wp-content\/uploads\/2024\/04\/raqchi.jpg\",\"datePublished\":\"2024-04-02T01:44:42+00:00\",\"dateModified\":\"2025-03-26T21:53:28+00:00\",\"description\":\"Traslado Cusco a Raqchi. Traslado privado desde Cusco a Raqchi. Tenemos salidas diarias, Transporte tur\u00edstico Cusco a Raqchi.\",\"breadcrumb\":{\"@id\":\"https:\/\/www.cuscoairporttransport.com\/es\/tours\/traslado-cusco-a-raqchi\/#breadcrumb\"},\"inLanguage\":\"es\",\"potentialAction\":[{\"@type\":\"ReadAction\",\"target\":[\"https:\/\/www.cuscoairporttransport.com\/es\/tours\/traslado-cusco-a-raqchi\/\"]}]},{\"@type\":\"ImageObject\",\"inLanguage\":\"es\",\"@id\":\"https:\/\/www.cuscoairporttransport.com\/es\/tours\/traslado-cusco-a-raqchi\/#primaryimage\",\"url\":\"https:\/\/www.cuscoairporttransport.com\/es\/wp-content\/uploads\/2024\/04\/raqchi.jpg\",\"contentUrl\":\"https:\/\/www.cuscoairporttransport.com\/es\/wp-content\/uploads\/2024\/04\/raqchi.jpg\",\"width\":2000,\"height\":726,\"caption\":\"raqchi\"},{\"@type\":\"BreadcrumbList\",\"@id\":\"https:\/\/www.cuscoairporttransport.com\/es\/tours\/traslado-cusco-a-raqchi\/#breadcrumb\",\"itemListElement\":[{\"@type\":\"ListItem\",\"position\":1,\"name\":\"Portada\",\"item\":\"https:\/\/www.cuscoairporttransport.com\/es\/\"},{\"@type\":\"ListItem\",\"position\":2,\"name\":\"Productos\",\"item\":\"https:\/\/www.cuscoairporttransport.com\/es\/shop\/\"},{\"@type\":\"ListItem\",\"position\":3,\"name\":\"Traslado Cusco a Raqchi\"}]},{\"@type\":\"WebSite\",\"@id\":\"https:\/\/www.cuscoairporttransport.com\/es\/#website\",\"url\":\"https:\/\/www.cuscoairporttransport.com\/es\/\",\"name\":\"Traslados Aeropuerto a Hotel en Cusco\",\"description\":\"\",\"publisher\":{\"@id\":\"https:\/\/www.cuscoairporttransport.com\/es\/#organization\"},\"potentialAction\":[{\"@type\":\"SearchAction\",\"target\":{\"@type\":\"EntryPoint\",\"urlTemplate\":\"https:\/\/www.cuscoairporttransport.com\/es\/?s={search_term_string}\"},\"query-input\":{\"@type\":\"PropertyValueSpecification\",\"valueRequired\":true,\"valueName\":\"search_term_string\"}}],\"inLanguage\":\"es\"},{\"@type\":\"Organization\",\"@id\":\"https:\/\/www.cuscoairporttransport.com\/es\/#organization\",\"name\":\"Traslados Aeropuerto a Hotel en Cusco\",\"url\":\"https:\/\/www.cuscoairporttransport.com\/es\/\",\"logo\":{\"@type\":\"ImageObject\",\"inLanguage\":\"es\",\"@id\":\"https:\/\/www.cuscoairporttransport.com\/es\/#\/schema\/logo\/image\/\",\"url\":\"https:\/\/www.cuscoairporttransport.com\/es\/wp-content\/uploads\/2019\/10\/cuscoairporttransport.jpg\",\"contentUrl\":\"https:\/\/www.cuscoairporttransport.com\/es\/wp-content\/uploads\/2019\/10\/cuscoairporttransport.jpg\",\"width\":348,\"height\":113,\"caption\":\"Traslados Aeropuerto a Hotel en Cusco\"},\"image\":{\"@id\":\"https:\/\/www.cuscoairporttransport.com\/es\/#\/schema\/logo\/image\/\"},\"sameAs\":[\"https:\/\/www.facebook.com\/cuscoairport\",\"https:\/\/www.instagram.com\/cuscoairporttransport\/\"]}]}<\/script>\n<!-- \/ Yoast SEO plugin. -->","yoast_head_json":{"title":"Traslado Cusco a Raqchi","description":"Traslado Cusco a Raqchi. Traslado privado desde Cusco a Raqchi. Tenemos salidas diarias, Transporte tur\u00edstico Cusco a Raqchi.","robots":{"index":"index","follow":"follow","max-snippet":"max-snippet:-1","max-image-preview":"max-image-preview:large","max-video-preview":"max-video-preview:-1"},"canonical":"https:\/\/www.cuscoairporttransport.com\/es\/tours\/traslado-cusco-a-raqchi\/","og_locale":"es_ES","og_type":"article","og_title":"Traslado Cusco a Raqchi","og_description":"Traslado Cusco a Raqchi. Traslado privado desde Cusco a Raqchi. Tenemos salidas diarias, Transporte tur\u00edstico Cusco a Raqchi.","og_url":"https:\/\/www.cuscoairporttransport.com\/es\/tours\/traslado-cusco-a-raqchi\/","og_site_name":"Traslados privados Cusco","article_publisher":"https:\/\/www.facebook.com\/cuscoairport","article_modified_time":"2025-03-26T21:53:28+00:00","og_image":[{"width":2000,"height":726,"url":"https:\/\/www.cuscoairporttransport.com\/es\/wp-content\/uploads\/2024\/04\/raqchi.jpg","type":"image\/jpeg"}],"twitter_card":"summary_large_image","twitter_misc":{"Tiempo de lectura":"2 minutos"},"schema":{"@context":"https:\/\/schema.org","@graph":[{"@type":"WebPage","@id":"https:\/\/www.cuscoairporttransport.com\/es\/tours\/traslado-cusco-a-raqchi\/","url":"https:\/\/www.cuscoairporttransport.com\/es\/tours\/traslado-cusco-a-raqchi\/","name":"Traslado Cusco a Raqchi","isPartOf":{"@id":"https:\/\/www.cuscoairporttransport.com\/es\/#website"},"primaryImageOfPage":{"@id":"https:\/\/www.cuscoairporttransport.com\/es\/tours\/traslado-cusco-a-raqchi\/#primaryimage"},"image":{"@id":"https:\/\/www.cuscoairporttransport.com\/es\/tours\/traslado-cusco-a-raqchi\/#primaryimage"},"thumbnailUrl":"https:\/\/www.cuscoairporttransport.com\/es\/wp-content\/uploads\/2024\/04\/raqchi.jpg","datePublished":"2024-04-02T01:44:42+00:00","dateModified":"2025-03-26T21:53:28+00:00","description":"Traslado Cusco a Raqchi. Traslado privado desde Cusco a Raqchi. Tenemos salidas diarias, Transporte tur\u00edstico Cusco a Raqchi.","breadcrumb":{"@id":"https:\/\/www.cuscoairporttransport.com\/es\/tours\/traslado-cusco-a-raqchi\/#breadcrumb"},"inLanguage":"es","potentialAction":[{"@type":"ReadAction","target":["https:\/\/www.cuscoairporttransport.com\/es\/tours\/traslado-cusco-a-raqchi\/"]}]},{"@type":"ImageObject","inLanguage":"es","@id":"https:\/\/www.cuscoairporttransport.com\/es\/tours\/traslado-cusco-a-raqchi\/#primaryimage","url":"https:\/\/www.cuscoairporttransport.com\/es\/wp-content\/uploads\/2024\/04\/raqchi.jpg","contentUrl":"https:\/\/www.cuscoairporttransport.com\/es\/wp-content\/uploads\/2024\/04\/raqchi.jpg","width":2000,"height":726,"caption":"raqchi"},{"@type":"BreadcrumbList","@id":"https:\/\/www.cuscoairporttransport.com\/es\/tours\/traslado-cusco-a-raqchi\/#breadcrumb","itemListElement":[{"@type":"ListItem","position":1,"name":"Portada","item":"https:\/\/www.cuscoairporttransport.com\/es\/"},{"@type":"ListItem","position":2,"name":"Productos","item":"https:\/\/www.cuscoairporttransport.com\/es\/shop\/"},{"@type":"ListItem","position":3,"name":"Traslado Cusco a Raqchi"}]},{"@type":"WebSite","@id":"https:\/\/www.cuscoairporttransport.com\/es\/#website","url":"https:\/\/www.cuscoairporttransport.com\/es\/","name":"Traslados Aeropuerto a Hotel en Cusco","description":"","publisher":{"@id":"https:\/\/www.cuscoairporttransport.com\/es\/#organization"},"potentialAction":[{"@type":"SearchAction","target":{"@type":"EntryPoint","urlTemplate":"https:\/\/www.cuscoairporttransport.com\/es\/?s={search_term_string}"},"query-input":{"@type":"PropertyValueSpecification","valueRequired":true,"valueName":"search_term_string"}}],"inLanguage":"es"},{"@type":"Organization","@id":"https:\/\/www.cuscoairporttransport.com\/es\/#organization","name":"Traslados Aeropuerto a Hotel en Cusco","url":"https:\/\/www.cuscoairporttransport.com\/es\/","logo":{"@type":"ImageObject","inLanguage":"es","@id":"https:\/\/www.cuscoairporttransport.com\/es\/#\/schema\/logo\/image\/","url":"https:\/\/www.cuscoairporttransport.com\/es\/wp-content\/uploads\/2019\/10\/cuscoairporttransport.jpg","contentUrl":"https:\/\/www.cuscoairporttransport.com\/es\/wp-content\/uploads\/2019\/10\/cuscoairporttransport.jpg","width":348,"height":113,"caption":"Traslados Aeropuerto a Hotel en Cusco"},"image":{"@id":"https:\/\/www.cuscoairporttransport.com\/es\/#\/schema\/logo\/image\/"},"sameAs":["https:\/\/www.facebook.com\/cuscoairport","https:\/\/www.instagram.com\/cuscoairporttransport\/"]}]}},"_links":{"self":[{"href":"https:\/\/www.cuscoairporttransport.com\/es\/wp-json\/wp\/v2\/product\/465","targetHints":{"allow":["GET"]}}],"collection":[{"href":"https:\/\/www.cuscoairporttransport.com\/es\/wp-json\/wp\/v2\/product"}],"about":[{"href":"https:\/\/www.cuscoairporttransport.com\/es\/wp-json\/wp\/v2\/types\/product"}],"replies":[{"embeddable":true,"href":"https:\/\/www.cuscoairporttransport.com\/es\/wp-json\/wp\/v2\/comments?post=465"}],"wp:featuredmedia":[{"embeddable":true,"href":"https:\/\/www.cuscoairporttransport.com\/es\/wp-json\/wp\/v2\/media\/467"}],"wp:attachment":[{"href":"https:\/\/www.cuscoairporttransport.com\/es\/wp-json\/wp\/v2\/media?parent=465"}],"wp:term":[{"taxonomy":"product_brand","embeddable":true,"href":"https:\/\/www.cuscoairporttransport.com\/es\/wp-json\/wp\/v2\/product_brand?post=465"},{"taxonomy":"product_cat","embeddable":true,"href":"https:\/\/www.cuscoairporttransport.com\/es\/wp-json\/wp\/v2\/product_cat?post=465"},{"taxonomy":"product_tag","embeddable":true,"href":"https:\/\/www.cuscoairporttransport.com\/es\/wp-json\/wp\/v2\/product_tag?post=465"}],"curies":[{"name":"wp","href":"https:\/\/api.w.org\/{rel}","templated":true}]}}