{"id":471,"date":"2024-05-05T19:10:17","date_gmt":"2024-05-05T19:10:17","guid":{"rendered":"https:\/\/www.cuscoairporttransport.com\/es\/?post_type=product&#038;p=471"},"modified":"2025-03-27T01:05:21","modified_gmt":"2025-03-27T01:05:21","slug":"tour-privado-machu-picchu-con-tren-observatory-en-1-dia","status":"publish","type":"product","link":"https:\/\/www.cuscoairporttransport.com\/es\/tours\/tour-privado-machu-picchu-con-tren-observatory-en-1-dia\/","title":{"rendered":"Tour privado Machu Picchu con tren Observatory en 1 dia"},"content":{"rendered":"<p><strong>Tour privado Machu Picchu con tren Observatory en 1 d\u00eda<\/strong>. Hermosos paisajes podr\u00e1s observar en tu viaje por el valle sagrado de los incas rumbo a la ciudad inca de <a href=\"https:\/\/www.cuscoairporttransport.com\/es\/tours\/tour-privado-machu-picchu-en-1-dia\/\" target=\"_blank\" rel=\"noopener\">Machu Picchu<\/a>. El tren tur\u00edstico vistadome observatory es uno de los mejores de la ruta, ya que es panor\u00e1mico y tendr\u00e1s excelentes vistas del Valle Sagrado. El tren vistadome observatory tiene un coche adicional para que puedas disfrutar de danzas t\u00edpicas y m\u00fasica en vivo.<\/p>\n<h2>Machu Picchu con Vistadome Observatory<\/h2>\n<table style=\"height: 86px;\" width=\"240\">\n<tbody>\n<tr>\n<td style=\"background-color: #ff3333; border-color: #ff3333; text-align: center;\"><a href=\"https:\/\/wa.me\/51989694842\"><span style=\"color: #ffffff;\">WhatsApp: Reservar<\/span><\/a><\/td>\n<\/tr>\n<tr>\n<td style=\"border-color: #ffffff;\"><\/td>\n<\/tr>\n<\/tbody>\n<\/table>\n<p><strong>Que incluye<\/strong>:<br \/>\n<i class=\"fa fa-check icon-tick icon-tick--on\"><\/i> Recojo y Drop off en tu Hotel<br \/>\n<i class=\"fa fa-check icon-tick icon-tick--on\"><\/i> <a href=\"https:\/\/www.trasladosaeropuertocusco.com\/tours\/traslado-aeropuerto-cusco-a-hotel-en-cusco\/\" target=\"_blank\" rel=\"noopener\">Traslado Tur\u00edstico privado Cusco<\/a> a estaci\u00f3n de tren ida y vuelta<br \/>\n<i class=\"fa fa-check icon-tick icon-tick--on\"><\/i> Gu\u00eda profesional certificado privado (Espa\u00f1ol o Ingles)<br \/>\n<i class=\"fa fa-check icon-tick icon-tick--on\"><\/i> Tren tur\u00edstico vistadome observatory (Ollantaytambo \u2013 Aguas Calientes \u2013 Ollantaytambo).<br \/>\n<i class=\"fa fa-check icon-tick icon-tick--on\"><\/i> <a href=\"https:\/\/www.mountainpalcoyo.com\/es\/tour-category\/entradas\/\" target=\"_blank\" rel=\"noopener\">Entrada a Machu Picchu<\/a> (Circuito 1 o 2 \/ Zona arqueologica)<br \/>\n<i class=\"fa fa-check icon-tick icon-tick--on\"><\/i> Bus consettur ida y vuelta (Aguas Calientes \u2013 Machu Picchu \u2013 Aguas Calientes)<br \/>\n<i class=\"fa fa-check icon-tick icon-tick--on\"><\/i> Asistencia Personalizada.<\/p>\n<p><strong>No Incluye<\/strong><br \/>\n<i class=\"fa fa-times icon-tick icon-tick--off\"><\/i> Seguro de viaje y otros servicios no mencionados.<\/p>\n<p><strong>Importante<\/strong>: El tren tur\u00edstico vistadome y el bus consettur son servicios compartidos.<\/p>\n<h2>Itinerario Machu Picchu<\/h2>\n<p>00:00 A la hora acordada iremos a tu <a href=\"https:\/\/www.cuscoairporttransport.com\/es\/tours\/traslado-aeropuerto-cusco-a-hotel-en-cusco\/\" target=\"_blank\" rel=\"noopener\">hotel en Cusco<\/a> para recogerte y llevarte a la <a href=\"https:\/\/www.cuscoairporttransport.com\/es\/tours\/hotel-en-cusco-a-estacion-de-tren-de-ollantaytambo\/\" target=\"_blank\" rel=\"noopener\">estaci\u00f3n de tren<\/a> respectiva para que posteriormente puedas abordar el tren tur\u00edstico vistadome observatory. El viaje en tren ser\u00e1 aproximadamente 1 hora y 40 minutos. Posteriormente estar\u00e1s llegando a la estaci\u00f3n de Aguas Calientes, y aqu\u00ed te esperara el gu\u00eda para iniciar el recorrido por la ciudad inca. Abordaremos el bus desde Aguas Calientes a Machu Picchu y aqu\u00ed tendr\u00e1s una visita guiada durante 2horas y media aproximadamente. Posteriormente abordaremos el bus para retornar a Aguas Calientes.<\/p>\n<p>Tendr\u00e1s tiempo libre para visitar el Pueblo de Machu Picchu. Y m\u00e1s tarde abordaremos el tren tur\u00edstico vistadome observatory rumbo a Ollantaytambo. En <a href=\"https:\/\/www.mountainpalcoyo.com\/es\/traslado-cusco-ollantaytambo\/\" target=\"_blank\" rel=\"noopener\">ollantaytambo<\/a> te esperara nuestro transfer para retornar a la ciudad de Cusco.<\/p>\n<p><strong>Importante<\/strong>: El horario exacto se te brindara una vez realizado la reserva. Ya que todo est\u00e1 sujeto a disponibilidad.<\/p>\n<h2>Vistadome Observatory<\/h2>\n<p><img loading=\"lazy\" decoding=\"async\" class=\"alignnone size-full wp-image-473\" src=\"https:\/\/www.cuscoairporttransport.com\/es\/wp-content\/uploads\/2024\/05\/vistadome-tren.jpg\" alt=\"vistadome tren\" width=\"1440\" height=\"1800\" srcset=\"https:\/\/www.cuscoairporttransport.com\/es\/wp-content\/uploads\/2024\/05\/vistadome-tren.jpg 1440w, https:\/\/www.cuscoairporttransport.com\/es\/wp-content\/uploads\/2024\/05\/vistadome-tren-240x300.jpg 240w, https:\/\/www.cuscoairporttransport.com\/es\/wp-content\/uploads\/2024\/05\/vistadome-tren-819x1024.jpg 819w, https:\/\/www.cuscoairporttransport.com\/es\/wp-content\/uploads\/2024\/05\/vistadome-tren-768x960.jpg 768w, https:\/\/www.cuscoairporttransport.com\/es\/wp-content\/uploads\/2024\/05\/vistadome-tren-1229x1536.jpg 1229w, https:\/\/www.cuscoairporttransport.com\/es\/wp-content\/uploads\/2024\/05\/vistadome-tren-600x750.jpg 600w\" sizes=\"auto, (max-width: 1440px) 100vw, 1440px\" \/><\/p>\n<blockquote class=\"instagram-media\" style=\"background: #FFF; border: 0; border-radius: 3px; box-shadow: 0 0 1px 0 rgba(0,0,0,0.5),0 1px 10px 0 rgba(0,0,0,0.15); margin: 1px; max-width: 540px; min-width: 326px; padding: 0; width: calc(100% - 2px);\" data-instgrm-permalink=\"https:\/\/www.instagram.com\/reel\/C3qNbyqOKVk\/?utm_source=ig_embed&amp;utm_campaign=loading\" data-instgrm-version=\"14\">\n<div style=\"padding: 16px;\">\n<p>&nbsp;<\/p>\n<div style=\"display: flex; flex-direction: row; align-items: center;\">\n<div style=\"background-color: #f4f4f4; border-radius: 50%; flex-grow: 0; height: 40px; margin-right: 14px; width: 40px;\"><\/div>\n<div style=\"display: flex; flex-direction: column; flex-grow: 1; justify-content: center;\">\n<div style=\"background-color: #f4f4f4; border-radius: 4px; flex-grow: 0; height: 14px; margin-bottom: 6px; width: 100px;\"><\/div>\n<div style=\"background-color: #f4f4f4; border-radius: 4px; flex-grow: 0; height: 14px; width: 60px;\"><\/div>\n<\/div>\n<\/div>\n<div style=\"padding: 19% 0;\"><\/div>\n<div style=\"display: block; height: 50px; margin: 0 auto 12px; width: 50px;\"><\/div>\n<div style=\"padding-top: 8px;\">\n<div style=\"color: #3897f0; font-family: Arial,sans-serif; font-size: 14px; font-style: normal; font-weight: 550; line-height: 18px;\">Ver esta publicaci\u00f3n en Instagram<\/div>\n<\/div>\n<div style=\"padding: 12.5% 0;\"><\/div>\n<div style=\"display: flex; flex-direction: row; margin-bottom: 14px; align-items: center;\">\n<div>\n<div style=\"background-color: #f4f4f4; border-radius: 50%; height: 12.5px; width: 12.5px; transform: translateX(0px) translateY(7px);\"><\/div>\n<div style=\"background-color: #f4f4f4; height: 12.5px; transform: rotate(-45deg) translateX(3px) translateY(1px); width: 12.5px; flex-grow: 0; margin-right: 14px; margin-left: 2px;\"><\/div>\n<div style=\"background-color: #f4f4f4; border-radius: 50%; height: 12.5px; width: 12.5px; transform: translateX(9px) translateY(-18px);\"><\/div>\n<\/div>\n<div style=\"margin-left: 8px;\">\n<div style=\"background-color: #f4f4f4; border-radius: 50%; flex-grow: 0; height: 20px; width: 20px;\"><\/div>\n<div style=\"width: 0; height: 0; border-top: 2px solid transparent; border-left: 6px solid #f4f4f4; border-bottom: 2px solid transparent; transform: translateX(16px) translateY(-4px) rotate(30deg);\"><\/div>\n<\/div>\n<div style=\"margin-left: auto;\">\n<div style=\"width: 0px; border-top: 8px solid #F4F4F4; border-right: 8px solid transparent; transform: translateY(16px);\"><\/div>\n<div style=\"background-color: #f4f4f4; flex-grow: 0; height: 12px; width: 16px; transform: translateY(-4px);\"><\/div>\n<div style=\"width: 0; height: 0; border-top: 8px solid #F4F4F4; border-left: 8px solid transparent; transform: translateY(-4px) translateX(8px);\"><\/div>\n<\/div>\n<\/div>\n<div style=\"display: flex; flex-direction: column; flex-grow: 1; justify-content: center; margin-bottom: 24px;\">\n<div style=\"background-color: #f4f4f4; border-radius: 4px; flex-grow: 0; height: 14px; margin-bottom: 6px; width: 224px;\"><\/div>\n<div style=\"background-color: #f4f4f4; border-radius: 4px; flex-grow: 0; height: 14px; width: 144px;\"><\/div>\n<\/div>\n<p>&nbsp;<\/p>\n<p style=\"color: #c9c8cd; font-family: Arial,sans-serif; font-size: 14px; line-height: 17px; margin-bottom: 0; margin-top: 8px; overflow: hidden; padding: 8px 0 7px; text-align: center; text-overflow: ellipsis; white-space: nowrap;\"><a style=\"color: #c9c8cd; font-family: Arial,sans-serif; font-size: 14px; font-style: normal; font-weight: normal; line-height: 17px; text-decoration: none;\" href=\"https:\/\/www.instagram.com\/reel\/C3qNbyqOKVk\/?utm_source=ig_embed&amp;utm_campaign=loading\" target=\"_blank\" rel=\"noopener\">Una publicaci\u00f3n compartida de @sonxven<\/a><\/p>\n<\/div>\n<\/blockquote>\n<p><script async src=\"\/\/www.instagram.com\/embed.js\"><\/script><\/p>\n","protected":false},"excerpt":{"rendered":"<div class=\"padding-top text-center\"><a href=\"https:\/\/www.cuscoairporttransport.com\/es\/tours\/tour-privado-machu-picchu-con-tren-observatory-en-1-dia\/\" class=\"atbtn atbtn--medium atbtn--rounded atbtn--transparent\">Continuar lectura<i class=\"atbtn__icon atbtn__icon--right fa fa-long-arrow-right\"><\/i><\/a><\/div>\n","protected":false},"featured_media":472,"comment_status":"closed","ping_status":"closed","template":"","meta":[],"product_brand":[],"product_cat":[20],"product_tag":[],"class_list":{"0":"post-471","1":"product","2":"type-product","3":"status-publish","4":"has-post-thumbnail","6":"product_cat-tour-privados","7":"tour_category-cusco-tour-privados","9":"first","10":"instock","11":"shipping-taxable","12":"product-type-tour"},"yoast_head":"<!-- This site is optimized with the Yoast SEO plugin v27.1.1 - https:\/\/yoast.com\/product\/yoast-seo-wordpress\/ -->\n<title>Tour privado Machu Picchu con tren Observatory en 1 dia<\/title>\n<meta name=\"description\" content=\"Tour privado Machu Picchu con tren Observatory en 1 d\u00eda desde Cusco, Viaja en el tren tur\u00edstico Vistadome Observatory rumbo a Machu Picchu.\" \/>\n<meta name=\"robots\" content=\"index, follow, max-snippet:-1, max-image-preview:large, max-video-preview:-1\" \/>\n<link rel=\"canonical\" href=\"https:\/\/www.cuscoairporttransport.com\/es\/tours\/tour-privado-machu-picchu-con-tren-observatory-en-1-dia\/\" \/>\n<meta property=\"og:locale\" content=\"es_ES\" \/>\n<meta property=\"og:type\" content=\"article\" \/>\n<meta property=\"og:title\" content=\"Tour privado Machu Picchu con tren Observatory en 1 dia\" \/>\n<meta property=\"og:description\" content=\"Tour privado Machu Picchu con tren Observatory en 1 d\u00eda desde Cusco, Viaja en el tren tur\u00edstico Vistadome Observatory rumbo a Machu Picchu.\" \/>\n<meta property=\"og:url\" content=\"https:\/\/www.cuscoairporttransport.com\/es\/tours\/tour-privado-machu-picchu-con-tren-observatory-en-1-dia\/\" \/>\n<meta property=\"og:site_name\" content=\"Traslados privados Cusco\" \/>\n<meta property=\"article:publisher\" content=\"https:\/\/www.facebook.com\/cuscoairport\" \/>\n<meta property=\"article:modified_time\" content=\"2025-03-27T01:05:21+00:00\" \/>\n<meta property=\"og:image\" content=\"https:\/\/www.cuscoairporttransport.com\/es\/wp-content\/uploads\/2024\/05\/vistadome-observatory.jpg\" \/>\n\t<meta property=\"og:image:width\" content=\"2560\" \/>\n\t<meta property=\"og:image:height\" content=\"752\" \/>\n\t<meta property=\"og:image:type\" content=\"image\/jpeg\" \/>\n<meta name=\"twitter:card\" content=\"summary_large_image\" \/>\n<meta name=\"twitter:label1\" content=\"Tiempo de lectura\" \/>\n\t<meta name=\"twitter:data1\" content=\"2 minutos\" \/>\n<script type=\"application\/ld+json\" class=\"yoast-schema-graph\">{\"@context\":\"https:\/\/schema.org\",\"@graph\":[{\"@type\":\"WebPage\",\"@id\":\"https:\/\/www.cuscoairporttransport.com\/es\/tours\/tour-privado-machu-picchu-con-tren-observatory-en-1-dia\/\",\"url\":\"https:\/\/www.cuscoairporttransport.com\/es\/tours\/tour-privado-machu-picchu-con-tren-observatory-en-1-dia\/\",\"name\":\"Tour privado Machu Picchu con tren Observatory en 1 dia\",\"isPartOf\":{\"@id\":\"https:\/\/www.cuscoairporttransport.com\/es\/#website\"},\"primaryImageOfPage\":{\"@id\":\"https:\/\/www.cuscoairporttransport.com\/es\/tours\/tour-privado-machu-picchu-con-tren-observatory-en-1-dia\/#primaryimage\"},\"image\":{\"@id\":\"https:\/\/www.cuscoairporttransport.com\/es\/tours\/tour-privado-machu-picchu-con-tren-observatory-en-1-dia\/#primaryimage\"},\"thumbnailUrl\":\"https:\/\/www.cuscoairporttransport.com\/es\/wp-content\/uploads\/2024\/05\/vistadome-observatory.jpg\",\"datePublished\":\"2024-05-05T19:10:17+00:00\",\"dateModified\":\"2025-03-27T01:05:21+00:00\",\"description\":\"Tour privado Machu Picchu con tren Observatory en 1 d\u00eda desde Cusco, Viaja en el tren tur\u00edstico Vistadome Observatory rumbo a Machu Picchu.\",\"breadcrumb\":{\"@id\":\"https:\/\/www.cuscoairporttransport.com\/es\/tours\/tour-privado-machu-picchu-con-tren-observatory-en-1-dia\/#breadcrumb\"},\"inLanguage\":\"es\",\"potentialAction\":[{\"@type\":\"ReadAction\",\"target\":[\"https:\/\/www.cuscoairporttransport.com\/es\/tours\/tour-privado-machu-picchu-con-tren-observatory-en-1-dia\/\"]}]},{\"@type\":\"ImageObject\",\"inLanguage\":\"es\",\"@id\":\"https:\/\/www.cuscoairporttransport.com\/es\/tours\/tour-privado-machu-picchu-con-tren-observatory-en-1-dia\/#primaryimage\",\"url\":\"https:\/\/www.cuscoairporttransport.com\/es\/wp-content\/uploads\/2024\/05\/vistadome-observatory.jpg\",\"contentUrl\":\"https:\/\/www.cuscoairporttransport.com\/es\/wp-content\/uploads\/2024\/05\/vistadome-observatory.jpg\",\"width\":2560,\"height\":752,\"caption\":\"vistadome observatory\"},{\"@type\":\"BreadcrumbList\",\"@id\":\"https:\/\/www.cuscoairporttransport.com\/es\/tours\/tour-privado-machu-picchu-con-tren-observatory-en-1-dia\/#breadcrumb\",\"itemListElement\":[{\"@type\":\"ListItem\",\"position\":1,\"name\":\"Portada\",\"item\":\"https:\/\/www.cuscoairporttransport.com\/es\/\"},{\"@type\":\"ListItem\",\"position\":2,\"name\":\"Productos\",\"item\":\"https:\/\/www.cuscoairporttransport.com\/es\/shop\/\"},{\"@type\":\"ListItem\",\"position\":3,\"name\":\"Tour privado Machu Picchu con tren Observatory en 1 dia\"}]},{\"@type\":\"WebSite\",\"@id\":\"https:\/\/www.cuscoairporttransport.com\/es\/#website\",\"url\":\"https:\/\/www.cuscoairporttransport.com\/es\/\",\"name\":\"Traslados Aeropuerto a Hotel en Cusco\",\"description\":\"\",\"publisher\":{\"@id\":\"https:\/\/www.cuscoairporttransport.com\/es\/#organization\"},\"potentialAction\":[{\"@type\":\"SearchAction\",\"target\":{\"@type\":\"EntryPoint\",\"urlTemplate\":\"https:\/\/www.cuscoairporttransport.com\/es\/?s={search_term_string}\"},\"query-input\":{\"@type\":\"PropertyValueSpecification\",\"valueRequired\":true,\"valueName\":\"search_term_string\"}}],\"inLanguage\":\"es\"},{\"@type\":\"Organization\",\"@id\":\"https:\/\/www.cuscoairporttransport.com\/es\/#organization\",\"name\":\"Traslados Aeropuerto a Hotel en Cusco\",\"url\":\"https:\/\/www.cuscoairporttransport.com\/es\/\",\"logo\":{\"@type\":\"ImageObject\",\"inLanguage\":\"es\",\"@id\":\"https:\/\/www.cuscoairporttransport.com\/es\/#\/schema\/logo\/image\/\",\"url\":\"https:\/\/www.cuscoairporttransport.com\/es\/wp-content\/uploads\/2019\/10\/cuscoairporttransport.jpg\",\"contentUrl\":\"https:\/\/www.cuscoairporttransport.com\/es\/wp-content\/uploads\/2019\/10\/cuscoairporttransport.jpg\",\"width\":348,\"height\":113,\"caption\":\"Traslados Aeropuerto a Hotel en Cusco\"},\"image\":{\"@id\":\"https:\/\/www.cuscoairporttransport.com\/es\/#\/schema\/logo\/image\/\"},\"sameAs\":[\"https:\/\/www.facebook.com\/cuscoairport\",\"https:\/\/www.instagram.com\/cuscoairporttransport\/\"]}]}<\/script>\n<!-- \/ Yoast SEO plugin. -->","yoast_head_json":{"title":"Tour privado Machu Picchu con tren Observatory en 1 dia","description":"Tour privado Machu Picchu con tren Observatory en 1 d\u00eda desde Cusco, Viaja en el tren tur\u00edstico Vistadome Observatory rumbo a Machu Picchu.","robots":{"index":"index","follow":"follow","max-snippet":"max-snippet:-1","max-image-preview":"max-image-preview:large","max-video-preview":"max-video-preview:-1"},"canonical":"https:\/\/www.cuscoairporttransport.com\/es\/tours\/tour-privado-machu-picchu-con-tren-observatory-en-1-dia\/","og_locale":"es_ES","og_type":"article","og_title":"Tour privado Machu Picchu con tren Observatory en 1 dia","og_description":"Tour privado Machu Picchu con tren Observatory en 1 d\u00eda desde Cusco, Viaja en el tren tur\u00edstico Vistadome Observatory rumbo a Machu Picchu.","og_url":"https:\/\/www.cuscoairporttransport.com\/es\/tours\/tour-privado-machu-picchu-con-tren-observatory-en-1-dia\/","og_site_name":"Traslados privados Cusco","article_publisher":"https:\/\/www.facebook.com\/cuscoairport","article_modified_time":"2025-03-27T01:05:21+00:00","og_image":[{"width":2560,"height":752,"url":"https:\/\/www.cuscoairporttransport.com\/es\/wp-content\/uploads\/2024\/05\/vistadome-observatory.jpg","type":"image\/jpeg"}],"twitter_card":"summary_large_image","twitter_misc":{"Tiempo de lectura":"2 minutos"},"schema":{"@context":"https:\/\/schema.org","@graph":[{"@type":"WebPage","@id":"https:\/\/www.cuscoairporttransport.com\/es\/tours\/tour-privado-machu-picchu-con-tren-observatory-en-1-dia\/","url":"https:\/\/www.cuscoairporttransport.com\/es\/tours\/tour-privado-machu-picchu-con-tren-observatory-en-1-dia\/","name":"Tour privado Machu Picchu con tren Observatory en 1 dia","isPartOf":{"@id":"https:\/\/www.cuscoairporttransport.com\/es\/#website"},"primaryImageOfPage":{"@id":"https:\/\/www.cuscoairporttransport.com\/es\/tours\/tour-privado-machu-picchu-con-tren-observatory-en-1-dia\/#primaryimage"},"image":{"@id":"https:\/\/www.cuscoairporttransport.com\/es\/tours\/tour-privado-machu-picchu-con-tren-observatory-en-1-dia\/#primaryimage"},"thumbnailUrl":"https:\/\/www.cuscoairporttransport.com\/es\/wp-content\/uploads\/2024\/05\/vistadome-observatory.jpg","datePublished":"2024-05-05T19:10:17+00:00","dateModified":"2025-03-27T01:05:21+00:00","description":"Tour privado Machu Picchu con tren Observatory en 1 d\u00eda desde Cusco, Viaja en el tren tur\u00edstico Vistadome Observatory rumbo a Machu Picchu.","breadcrumb":{"@id":"https:\/\/www.cuscoairporttransport.com\/es\/tours\/tour-privado-machu-picchu-con-tren-observatory-en-1-dia\/#breadcrumb"},"inLanguage":"es","potentialAction":[{"@type":"ReadAction","target":["https:\/\/www.cuscoairporttransport.com\/es\/tours\/tour-privado-machu-picchu-con-tren-observatory-en-1-dia\/"]}]},{"@type":"ImageObject","inLanguage":"es","@id":"https:\/\/www.cuscoairporttransport.com\/es\/tours\/tour-privado-machu-picchu-con-tren-observatory-en-1-dia\/#primaryimage","url":"https:\/\/www.cuscoairporttransport.com\/es\/wp-content\/uploads\/2024\/05\/vistadome-observatory.jpg","contentUrl":"https:\/\/www.cuscoairporttransport.com\/es\/wp-content\/uploads\/2024\/05\/vistadome-observatory.jpg","width":2560,"height":752,"caption":"vistadome observatory"},{"@type":"BreadcrumbList","@id":"https:\/\/www.cuscoairporttransport.com\/es\/tours\/tour-privado-machu-picchu-con-tren-observatory-en-1-dia\/#breadcrumb","itemListElement":[{"@type":"ListItem","position":1,"name":"Portada","item":"https:\/\/www.cuscoairporttransport.com\/es\/"},{"@type":"ListItem","position":2,"name":"Productos","item":"https:\/\/www.cuscoairporttransport.com\/es\/shop\/"},{"@type":"ListItem","position":3,"name":"Tour privado Machu Picchu con tren Observatory en 1 dia"}]},{"@type":"WebSite","@id":"https:\/\/www.cuscoairporttransport.com\/es\/#website","url":"https:\/\/www.cuscoairporttransport.com\/es\/","name":"Traslados Aeropuerto a Hotel en Cusco","description":"","publisher":{"@id":"https:\/\/www.cuscoairporttransport.com\/es\/#organization"},"potentialAction":[{"@type":"SearchAction","target":{"@type":"EntryPoint","urlTemplate":"https:\/\/www.cuscoairporttransport.com\/es\/?s={search_term_string}"},"query-input":{"@type":"PropertyValueSpecification","valueRequired":true,"valueName":"search_term_string"}}],"inLanguage":"es"},{"@type":"Organization","@id":"https:\/\/www.cuscoairporttransport.com\/es\/#organization","name":"Traslados Aeropuerto a Hotel en Cusco","url":"https:\/\/www.cuscoairporttransport.com\/es\/","logo":{"@type":"ImageObject","inLanguage":"es","@id":"https:\/\/www.cuscoairporttransport.com\/es\/#\/schema\/logo\/image\/","url":"https:\/\/www.cuscoairporttransport.com\/es\/wp-content\/uploads\/2019\/10\/cuscoairporttransport.jpg","contentUrl":"https:\/\/www.cuscoairporttransport.com\/es\/wp-content\/uploads\/2019\/10\/cuscoairporttransport.jpg","width":348,"height":113,"caption":"Traslados Aeropuerto a Hotel en Cusco"},"image":{"@id":"https:\/\/www.cuscoairporttransport.com\/es\/#\/schema\/logo\/image\/"},"sameAs":["https:\/\/www.facebook.com\/cuscoairport","https:\/\/www.instagram.com\/cuscoairporttransport\/"]}]}},"_links":{"self":[{"href":"https:\/\/www.cuscoairporttransport.com\/es\/wp-json\/wp\/v2\/product\/471","targetHints":{"allow":["GET"]}}],"collection":[{"href":"https:\/\/www.cuscoairporttransport.com\/es\/wp-json\/wp\/v2\/product"}],"about":[{"href":"https:\/\/www.cuscoairporttransport.com\/es\/wp-json\/wp\/v2\/types\/product"}],"replies":[{"embeddable":true,"href":"https:\/\/www.cuscoairporttransport.com\/es\/wp-json\/wp\/v2\/comments?post=471"}],"wp:featuredmedia":[{"embeddable":true,"href":"https:\/\/www.cuscoairporttransport.com\/es\/wp-json\/wp\/v2\/media\/472"}],"wp:attachment":[{"href":"https:\/\/www.cuscoairporttransport.com\/es\/wp-json\/wp\/v2\/media?parent=471"}],"wp:term":[{"taxonomy":"product_brand","embeddable":true,"href":"https:\/\/www.cuscoairporttransport.com\/es\/wp-json\/wp\/v2\/product_brand?post=471"},{"taxonomy":"product_cat","embeddable":true,"href":"https:\/\/www.cuscoairporttransport.com\/es\/wp-json\/wp\/v2\/product_cat?post=471"},{"taxonomy":"product_tag","embeddable":true,"href":"https:\/\/www.cuscoairporttransport.com\/es\/wp-json\/wp\/v2\/product_tag?post=471"}],"curies":[{"name":"wp","href":"https:\/\/api.w.org\/{rel}","templated":true}]}}