{"id":544,"date":"2024-12-19T00:53:23","date_gmt":"2024-12-19T00:53:23","guid":{"rendered":"https:\/\/www.cuscoairporttransport.com\/es\/?post_type=product&#038;p=544"},"modified":"2025-03-26T23:50:36","modified_gmt":"2025-03-26T23:50:36","slug":"traslado-privado-estacion-ollantaytambo-a-aeropuerto-cusco","status":"publish","type":"product","link":"https:\/\/www.cuscoairporttransport.com\/es\/tours\/traslado-privado-estacion-ollantaytambo-a-aeropuerto-cusco\/","title":{"rendered":"Traslado privado Estacion Ollantaytambo a Aeropuerto Cusco"},"content":{"rendered":"<p><strong>Traslado privado estaci\u00f3n Ollantaytambo a Aeropuerto Cusco<\/strong>. Nuestra agencia de viajes tambi\u00e9n ofrece el servicio de traslado privado desde la <a href=\"https:\/\/www.cuscoairporttransport.com\/es\/tours\/hotel-en-cusco-a-estacion-de-tren-de-ollantaytambo\/\" target=\"_blank\" rel=\"noopener\">estaci\u00f3n de Ollantaytambo<\/a> o Hotel en Ollantaytambo al <a href=\"https:\/\/www.cuscoairporttransport.com\/es\/tours\/traslado-aeropuerto-cusco-a-hotel-en-cusco\/\" target=\"_blank\" rel=\"noopener\">Aeropuerto del Cusco<\/a> o Hotel en Cusco. El viaje tiene una duraci\u00f3n de 1 hora y 40 minutos aproximadamente, pero puede variar todo depende del tr\u00e1fico de la ciudad. Si tienes vuelo debes solicitar tu hora de recojo con 4 horas y media de anticipaci\u00f3n antes de la salida de tu vuelo. Recuerda que puede a ver trafico a la entrada de la ciudad por tal motivo se recomienda solicitar tu hora de recojo con varias horas antes de tu vuelo.<\/p>\n<p>Para el traslado desde la <a href=\"https:\/\/www.cuscoairporttransport.com\/es\/2024\/11\/28\/transporte-privado-aeropuerto-cusco-a-estacion-de-tren\/\" target=\"_blank\" rel=\"noopener\">estaci\u00f3n de Ollantaytambo<\/a> al Aeropuerto de Cusco o viceversa, contamos con autos, camionetas, van y sprinter y tenemos salidas diarias 24 horas, incluido feriados. Viajes privados ideales para viajeros solitarios, familias, grupo de amigos o promociones.<\/p>\n<h2>Estaci\u00f3n Ollantaytambo a Aeropuerto Cusco<\/h2>\n<table style=\"height: 86px;\" width=\"240\">\n<tbody>\n<tr>\n<td style=\"background-color: #ff3333; border-color: #ff3333; text-align: center;\"><a href=\"https:\/\/wa.me\/51989694842\"><span style=\"color: #ffffff;\">WhatsApp: Reservar<\/span><\/a><\/td>\n<\/tr>\n<tr>\n<td style=\"border-color: #ffffff;\"><\/td>\n<\/tr>\n<\/tbody>\n<\/table>\n<p><strong>Incluye<\/strong>:<br \/>\n<i class=\"fa fa-check icon-tick icon-tick--on\"><\/i> Movilidad y Conductor<br \/>\n<i class=\"fa fa-check icon-tick icon-tick--on\"><\/i> Recojo (Indicar direcci\u00f3n)<br \/>\n<i class=\"fa fa-check icon-tick icon-tick--on\"><\/i> Drop off (Indicar direcci\u00f3n)<\/p>\n<h2>Traslado estaci\u00f3n a Aeropuerto Cusco<\/h2>\n<table style=\"width: 100%; height: 144px;\">\n<tbody>\n<tr style=\"height: 48px;\">\n<td style=\"background-color: #55ab30; height: 48px; width: 25.344%;\"><span style=\"color: #ffffff;\">Ruta:<\/span><\/td>\n<td style=\"background-color: #1787bf; height: 48px; width: 15.7132%;\"><span style=\"color: #ffffff;\">Auto (Max 2 personas)<\/span><\/td>\n<td style=\"background-color: #bf16d9; width: 21.9406%;\"><span style=\"color: #ffffff;\">Camioneta (Max 4 personas)<br \/>\n<\/span><\/td>\n<td style=\"background-color: #ff4e21; height: 48px; width: 19.9855%;\"><span style=\"color: #ffffff;\">Van\/H1 (Max 6 personas)<\/span><\/td>\n<td style=\"background-color: #472bfc; width: 16.1477%;\"><span style=\"color: #ffffff;\">Sprinter (7 a 10 personas)<br \/>\n<\/span><\/td>\n<\/tr>\n<tr style=\"height: 24px;\">\n<td style=\"height: 24px; width: 25.344%;\">Estaci\u00f3n <a href=\"https:\/\/www.mountainpalcoyo.com\/es\/tour-privado-pisac-y-ollantaytambo\/\" target=\"_blank\" rel=\"noopener\">Ollantaytambo<\/a> a Aeropuerto Cusco<\/td>\n<td style=\"height: 24px; width: 15.7132%;\">US$ 50<\/td>\n<td style=\"width: 21.9406%;\">US$ 60<\/td>\n<td style=\"height: 24px; width: 19.9855%;\">US$ 95<\/td>\n<td style=\"width: 16.1477%;\">US$ 120<\/td>\n<\/tr>\n<tr style=\"height: 24px;\">\n<td style=\"height: 24px; width: 25.344%;\">Aeropuerto Cusco a Estaci\u00f3n Ollantaytambo<\/td>\n<td style=\"height: 24px; width: 15.7132%;\">US$ 50<\/td>\n<td style=\"width: 21.9406%;\">US$ 60<\/td>\n<td style=\"height: 24px; width: 19.9855%;\">US$ 95<\/td>\n<td style=\"width: 16.1477%;\">US$ 120<\/td>\n<\/tr>\n<\/tbody>\n<\/table>\n<p><strong>Importante<\/strong>: Si son m\u00e1s viajeros por favor solicite una cotizaci\u00f3n en l\u00ednea, directamente en nuestro canal de <strong>WhatsApp<\/strong> <a href=\"https:\/\/wa.me\/51989694842\">+ 51989694842<\/a><\/p>\n<h2>Ollantaytambo<\/h2>\n<p><img loading=\"lazy\" decoding=\"async\" class=\"alignnone size-full wp-image-546\" src=\"https:\/\/www.cuscoairporttransport.com\/es\/wp-content\/uploads\/2024\/12\/estacion-ollantaytambo-a-aeropuerto-cusco.jpg\" alt=\"estacion ollantaytambo a aeropuerto cusco\" width=\"899\" height=\"1384\" srcset=\"https:\/\/www.cuscoairporttransport.com\/es\/wp-content\/uploads\/2024\/12\/estacion-ollantaytambo-a-aeropuerto-cusco.jpg 899w, https:\/\/www.cuscoairporttransport.com\/es\/wp-content\/uploads\/2024\/12\/estacion-ollantaytambo-a-aeropuerto-cusco-195x300.jpg 195w, https:\/\/www.cuscoairporttransport.com\/es\/wp-content\/uploads\/2024\/12\/estacion-ollantaytambo-a-aeropuerto-cusco-665x1024.jpg 665w, https:\/\/www.cuscoairporttransport.com\/es\/wp-content\/uploads\/2024\/12\/estacion-ollantaytambo-a-aeropuerto-cusco-768x1182.jpg 768w, https:\/\/www.cuscoairporttransport.com\/es\/wp-content\/uploads\/2024\/12\/estacion-ollantaytambo-a-aeropuerto-cusco-600x924.jpg 600w\" sizes=\"auto, (max-width: 899px) 100vw, 899px\" \/> <img loading=\"lazy\" decoding=\"async\" class=\"alignnone size-full wp-image-547\" src=\"https:\/\/www.cuscoairporttransport.com\/es\/wp-content\/uploads\/2024\/12\/traslado-privado-aeropuerto-cusco.jpg\" alt=\"traslado privado aeropuerto cusco\" width=\"899\" height=\"1384\" srcset=\"https:\/\/www.cuscoairporttransport.com\/es\/wp-content\/uploads\/2024\/12\/traslado-privado-aeropuerto-cusco.jpg 899w, https:\/\/www.cuscoairporttransport.com\/es\/wp-content\/uploads\/2024\/12\/traslado-privado-aeropuerto-cusco-195x300.jpg 195w, https:\/\/www.cuscoairporttransport.com\/es\/wp-content\/uploads\/2024\/12\/traslado-privado-aeropuerto-cusco-665x1024.jpg 665w, https:\/\/www.cuscoairporttransport.com\/es\/wp-content\/uploads\/2024\/12\/traslado-privado-aeropuerto-cusco-768x1182.jpg 768w, https:\/\/www.cuscoairporttransport.com\/es\/wp-content\/uploads\/2024\/12\/traslado-privado-aeropuerto-cusco-600x924.jpg 600w\" sizes=\"auto, (max-width: 899px) 100vw, 899px\" \/> <img loading=\"lazy\" decoding=\"async\" class=\"alignnone size-full wp-image-548\" src=\"https:\/\/www.cuscoairporttransport.com\/es\/wp-content\/uploads\/2024\/12\/aeropuerto-cusco.jpg\" alt=\"aeropuerto cusco\" width=\"899\" height=\"1384\" srcset=\"https:\/\/www.cuscoairporttransport.com\/es\/wp-content\/uploads\/2024\/12\/aeropuerto-cusco.jpg 899w, https:\/\/www.cuscoairporttransport.com\/es\/wp-content\/uploads\/2024\/12\/aeropuerto-cusco-195x300.jpg 195w, https:\/\/www.cuscoairporttransport.com\/es\/wp-content\/uploads\/2024\/12\/aeropuerto-cusco-665x1024.jpg 665w, https:\/\/www.cuscoairporttransport.com\/es\/wp-content\/uploads\/2024\/12\/aeropuerto-cusco-768x1182.jpg 768w, https:\/\/www.cuscoairporttransport.com\/es\/wp-content\/uploads\/2024\/12\/aeropuerto-cusco-600x924.jpg 600w\" sizes=\"auto, (max-width: 899px) 100vw, 899px\" \/><\/p>\n","protected":false},"excerpt":{"rendered":"<div class=\"padding-top text-center\"><a href=\"https:\/\/www.cuscoairporttransport.com\/es\/tours\/traslado-privado-estacion-ollantaytambo-a-aeropuerto-cusco\/\" class=\"atbtn atbtn--medium atbtn--rounded atbtn--transparent\">Continuar lectura<i class=\"atbtn__icon atbtn__icon--right fa fa-long-arrow-right\"><\/i><\/a><\/div>\n","protected":false},"featured_media":545,"comment_status":"closed","ping_status":"closed","template":"","meta":[],"product_brand":[],"product_cat":[18],"product_tag":[],"class_list":{"0":"post-544","1":"product","2":"type-product","3":"status-publish","4":"has-post-thumbnail","6":"product_cat-traslados-cusco","7":"tour_category-cusco-traslados","9":"first","10":"instock","11":"sale","12":"shipping-taxable","13":"purchasable","14":"product-type-tour"},"yoast_head":"<!-- This site is optimized with the Yoast SEO plugin v27.1.1 - https:\/\/yoast.com\/product\/yoast-seo-wordpress\/ -->\n<title>Traslado privado Estacion Ollantaytambo a Aeropuerto Cusco<\/title>\n<meta name=\"description\" content=\"Traslado privado Estaci\u00f3n Ollantaytambo a Aeropuerto Cusco. Servicio de transporte desde la estaci\u00f3n o hotel de ollantaytambo al Aeropuerto del Cusco.\" \/>\n<meta name=\"robots\" content=\"index, follow, max-snippet:-1, max-image-preview:large, max-video-preview:-1\" \/>\n<link rel=\"canonical\" href=\"https:\/\/www.cuscoairporttransport.com\/es\/tours\/traslado-privado-estacion-ollantaytambo-a-aeropuerto-cusco\/\" \/>\n<meta property=\"og:locale\" content=\"es_ES\" \/>\n<meta property=\"og:type\" content=\"article\" \/>\n<meta property=\"og:title\" content=\"Traslado privado Estacion Ollantaytambo a Aeropuerto Cusco\" \/>\n<meta property=\"og:description\" content=\"Traslado privado Estaci\u00f3n Ollantaytambo a Aeropuerto Cusco. Servicio de transporte desde la estaci\u00f3n o hotel de ollantaytambo al Aeropuerto del Cusco.\" \/>\n<meta property=\"og:url\" content=\"https:\/\/www.cuscoairporttransport.com\/es\/tours\/traslado-privado-estacion-ollantaytambo-a-aeropuerto-cusco\/\" \/>\n<meta property=\"og:site_name\" content=\"Traslados privados Cusco\" \/>\n<meta property=\"article:publisher\" content=\"https:\/\/www.facebook.com\/cuscoairport\" \/>\n<meta property=\"article:modified_time\" content=\"2025-03-26T23:50:36+00:00\" \/>\n<meta property=\"og:image\" content=\"https:\/\/www.cuscoairporttransport.com\/es\/wp-content\/uploads\/2024\/12\/traslado-privado-ollantaytambo.jpg\" \/>\n\t<meta property=\"og:image:width\" content=\"1608\" \/>\n\t<meta property=\"og:image:height\" content=\"901\" \/>\n\t<meta property=\"og:image:type\" content=\"image\/jpeg\" \/>\n<meta name=\"twitter:card\" content=\"summary_large_image\" \/>\n<meta name=\"twitter:label1\" content=\"Tiempo de lectura\" \/>\n\t<meta name=\"twitter:data1\" content=\"2 minutos\" \/>\n<script type=\"application\/ld+json\" class=\"yoast-schema-graph\">{\"@context\":\"https:\/\/schema.org\",\"@graph\":[{\"@type\":\"WebPage\",\"@id\":\"https:\/\/www.cuscoairporttransport.com\/es\/tours\/traslado-privado-estacion-ollantaytambo-a-aeropuerto-cusco\/\",\"url\":\"https:\/\/www.cuscoairporttransport.com\/es\/tours\/traslado-privado-estacion-ollantaytambo-a-aeropuerto-cusco\/\",\"name\":\"Traslado privado Estacion Ollantaytambo a Aeropuerto Cusco\",\"isPartOf\":{\"@id\":\"https:\/\/www.cuscoairporttransport.com\/es\/#website\"},\"primaryImageOfPage\":{\"@id\":\"https:\/\/www.cuscoairporttransport.com\/es\/tours\/traslado-privado-estacion-ollantaytambo-a-aeropuerto-cusco\/#primaryimage\"},\"image\":{\"@id\":\"https:\/\/www.cuscoairporttransport.com\/es\/tours\/traslado-privado-estacion-ollantaytambo-a-aeropuerto-cusco\/#primaryimage\"},\"thumbnailUrl\":\"https:\/\/www.cuscoairporttransport.com\/es\/wp-content\/uploads\/2024\/12\/traslado-privado-ollantaytambo.jpg\",\"datePublished\":\"2024-12-19T00:53:23+00:00\",\"dateModified\":\"2025-03-26T23:50:36+00:00\",\"description\":\"Traslado privado Estaci\u00f3n Ollantaytambo a Aeropuerto Cusco. Servicio de transporte desde la estaci\u00f3n o hotel de ollantaytambo al Aeropuerto del Cusco.\",\"breadcrumb\":{\"@id\":\"https:\/\/www.cuscoairporttransport.com\/es\/tours\/traslado-privado-estacion-ollantaytambo-a-aeropuerto-cusco\/#breadcrumb\"},\"inLanguage\":\"es\",\"potentialAction\":[{\"@type\":\"ReadAction\",\"target\":[\"https:\/\/www.cuscoairporttransport.com\/es\/tours\/traslado-privado-estacion-ollantaytambo-a-aeropuerto-cusco\/\"]}]},{\"@type\":\"ImageObject\",\"inLanguage\":\"es\",\"@id\":\"https:\/\/www.cuscoairporttransport.com\/es\/tours\/traslado-privado-estacion-ollantaytambo-a-aeropuerto-cusco\/#primaryimage\",\"url\":\"https:\/\/www.cuscoairporttransport.com\/es\/wp-content\/uploads\/2024\/12\/traslado-privado-ollantaytambo.jpg\",\"contentUrl\":\"https:\/\/www.cuscoairporttransport.com\/es\/wp-content\/uploads\/2024\/12\/traslado-privado-ollantaytambo.jpg\",\"width\":1608,\"height\":901,\"caption\":\"traslado privado ollantaytambo\"},{\"@type\":\"BreadcrumbList\",\"@id\":\"https:\/\/www.cuscoairporttransport.com\/es\/tours\/traslado-privado-estacion-ollantaytambo-a-aeropuerto-cusco\/#breadcrumb\",\"itemListElement\":[{\"@type\":\"ListItem\",\"position\":1,\"name\":\"Portada\",\"item\":\"https:\/\/www.cuscoairporttransport.com\/es\/\"},{\"@type\":\"ListItem\",\"position\":2,\"name\":\"Productos\",\"item\":\"https:\/\/www.cuscoairporttransport.com\/es\/shop\/\"},{\"@type\":\"ListItem\",\"position\":3,\"name\":\"Traslado privado Estacion Ollantaytambo a Aeropuerto Cusco\"}]},{\"@type\":\"WebSite\",\"@id\":\"https:\/\/www.cuscoairporttransport.com\/es\/#website\",\"url\":\"https:\/\/www.cuscoairporttransport.com\/es\/\",\"name\":\"Traslados Aeropuerto a Hotel en Cusco\",\"description\":\"\",\"publisher\":{\"@id\":\"https:\/\/www.cuscoairporttransport.com\/es\/#organization\"},\"potentialAction\":[{\"@type\":\"SearchAction\",\"target\":{\"@type\":\"EntryPoint\",\"urlTemplate\":\"https:\/\/www.cuscoairporttransport.com\/es\/?s={search_term_string}\"},\"query-input\":{\"@type\":\"PropertyValueSpecification\",\"valueRequired\":true,\"valueName\":\"search_term_string\"}}],\"inLanguage\":\"es\"},{\"@type\":\"Organization\",\"@id\":\"https:\/\/www.cuscoairporttransport.com\/es\/#organization\",\"name\":\"Traslados Aeropuerto a Hotel en Cusco\",\"url\":\"https:\/\/www.cuscoairporttransport.com\/es\/\",\"logo\":{\"@type\":\"ImageObject\",\"inLanguage\":\"es\",\"@id\":\"https:\/\/www.cuscoairporttransport.com\/es\/#\/schema\/logo\/image\/\",\"url\":\"https:\/\/www.cuscoairporttransport.com\/es\/wp-content\/uploads\/2019\/10\/cuscoairporttransport.jpg\",\"contentUrl\":\"https:\/\/www.cuscoairporttransport.com\/es\/wp-content\/uploads\/2019\/10\/cuscoairporttransport.jpg\",\"width\":348,\"height\":113,\"caption\":\"Traslados Aeropuerto a Hotel en Cusco\"},\"image\":{\"@id\":\"https:\/\/www.cuscoairporttransport.com\/es\/#\/schema\/logo\/image\/\"},\"sameAs\":[\"https:\/\/www.facebook.com\/cuscoairport\",\"https:\/\/www.instagram.com\/cuscoairporttransport\/\"]}]}<\/script>\n<!-- \/ Yoast SEO plugin. -->","yoast_head_json":{"title":"Traslado privado Estacion Ollantaytambo a Aeropuerto Cusco","description":"Traslado privado Estaci\u00f3n Ollantaytambo a Aeropuerto Cusco. Servicio de transporte desde la estaci\u00f3n o hotel de ollantaytambo al Aeropuerto del Cusco.","robots":{"index":"index","follow":"follow","max-snippet":"max-snippet:-1","max-image-preview":"max-image-preview:large","max-video-preview":"max-video-preview:-1"},"canonical":"https:\/\/www.cuscoairporttransport.com\/es\/tours\/traslado-privado-estacion-ollantaytambo-a-aeropuerto-cusco\/","og_locale":"es_ES","og_type":"article","og_title":"Traslado privado Estacion Ollantaytambo a Aeropuerto Cusco","og_description":"Traslado privado Estaci\u00f3n Ollantaytambo a Aeropuerto Cusco. Servicio de transporte desde la estaci\u00f3n o hotel de ollantaytambo al Aeropuerto del Cusco.","og_url":"https:\/\/www.cuscoairporttransport.com\/es\/tours\/traslado-privado-estacion-ollantaytambo-a-aeropuerto-cusco\/","og_site_name":"Traslados privados Cusco","article_publisher":"https:\/\/www.facebook.com\/cuscoairport","article_modified_time":"2025-03-26T23:50:36+00:00","og_image":[{"width":1608,"height":901,"url":"https:\/\/www.cuscoairporttransport.com\/es\/wp-content\/uploads\/2024\/12\/traslado-privado-ollantaytambo.jpg","type":"image\/jpeg"}],"twitter_card":"summary_large_image","twitter_misc":{"Tiempo de lectura":"2 minutos"},"schema":{"@context":"https:\/\/schema.org","@graph":[{"@type":"WebPage","@id":"https:\/\/www.cuscoairporttransport.com\/es\/tours\/traslado-privado-estacion-ollantaytambo-a-aeropuerto-cusco\/","url":"https:\/\/www.cuscoairporttransport.com\/es\/tours\/traslado-privado-estacion-ollantaytambo-a-aeropuerto-cusco\/","name":"Traslado privado Estacion Ollantaytambo a Aeropuerto Cusco","isPartOf":{"@id":"https:\/\/www.cuscoairporttransport.com\/es\/#website"},"primaryImageOfPage":{"@id":"https:\/\/www.cuscoairporttransport.com\/es\/tours\/traslado-privado-estacion-ollantaytambo-a-aeropuerto-cusco\/#primaryimage"},"image":{"@id":"https:\/\/www.cuscoairporttransport.com\/es\/tours\/traslado-privado-estacion-ollantaytambo-a-aeropuerto-cusco\/#primaryimage"},"thumbnailUrl":"https:\/\/www.cuscoairporttransport.com\/es\/wp-content\/uploads\/2024\/12\/traslado-privado-ollantaytambo.jpg","datePublished":"2024-12-19T00:53:23+00:00","dateModified":"2025-03-26T23:50:36+00:00","description":"Traslado privado Estaci\u00f3n Ollantaytambo a Aeropuerto Cusco. Servicio de transporte desde la estaci\u00f3n o hotel de ollantaytambo al Aeropuerto del Cusco.","breadcrumb":{"@id":"https:\/\/www.cuscoairporttransport.com\/es\/tours\/traslado-privado-estacion-ollantaytambo-a-aeropuerto-cusco\/#breadcrumb"},"inLanguage":"es","potentialAction":[{"@type":"ReadAction","target":["https:\/\/www.cuscoairporttransport.com\/es\/tours\/traslado-privado-estacion-ollantaytambo-a-aeropuerto-cusco\/"]}]},{"@type":"ImageObject","inLanguage":"es","@id":"https:\/\/www.cuscoairporttransport.com\/es\/tours\/traslado-privado-estacion-ollantaytambo-a-aeropuerto-cusco\/#primaryimage","url":"https:\/\/www.cuscoairporttransport.com\/es\/wp-content\/uploads\/2024\/12\/traslado-privado-ollantaytambo.jpg","contentUrl":"https:\/\/www.cuscoairporttransport.com\/es\/wp-content\/uploads\/2024\/12\/traslado-privado-ollantaytambo.jpg","width":1608,"height":901,"caption":"traslado privado ollantaytambo"},{"@type":"BreadcrumbList","@id":"https:\/\/www.cuscoairporttransport.com\/es\/tours\/traslado-privado-estacion-ollantaytambo-a-aeropuerto-cusco\/#breadcrumb","itemListElement":[{"@type":"ListItem","position":1,"name":"Portada","item":"https:\/\/www.cuscoairporttransport.com\/es\/"},{"@type":"ListItem","position":2,"name":"Productos","item":"https:\/\/www.cuscoairporttransport.com\/es\/shop\/"},{"@type":"ListItem","position":3,"name":"Traslado privado Estacion Ollantaytambo a Aeropuerto Cusco"}]},{"@type":"WebSite","@id":"https:\/\/www.cuscoairporttransport.com\/es\/#website","url":"https:\/\/www.cuscoairporttransport.com\/es\/","name":"Traslados Aeropuerto a Hotel en Cusco","description":"","publisher":{"@id":"https:\/\/www.cuscoairporttransport.com\/es\/#organization"},"potentialAction":[{"@type":"SearchAction","target":{"@type":"EntryPoint","urlTemplate":"https:\/\/www.cuscoairporttransport.com\/es\/?s={search_term_string}"},"query-input":{"@type":"PropertyValueSpecification","valueRequired":true,"valueName":"search_term_string"}}],"inLanguage":"es"},{"@type":"Organization","@id":"https:\/\/www.cuscoairporttransport.com\/es\/#organization","name":"Traslados Aeropuerto a Hotel en Cusco","url":"https:\/\/www.cuscoairporttransport.com\/es\/","logo":{"@type":"ImageObject","inLanguage":"es","@id":"https:\/\/www.cuscoairporttransport.com\/es\/#\/schema\/logo\/image\/","url":"https:\/\/www.cuscoairporttransport.com\/es\/wp-content\/uploads\/2019\/10\/cuscoairporttransport.jpg","contentUrl":"https:\/\/www.cuscoairporttransport.com\/es\/wp-content\/uploads\/2019\/10\/cuscoairporttransport.jpg","width":348,"height":113,"caption":"Traslados Aeropuerto a Hotel en Cusco"},"image":{"@id":"https:\/\/www.cuscoairporttransport.com\/es\/#\/schema\/logo\/image\/"},"sameAs":["https:\/\/www.facebook.com\/cuscoairport","https:\/\/www.instagram.com\/cuscoairporttransport\/"]}]}},"_links":{"self":[{"href":"https:\/\/www.cuscoairporttransport.com\/es\/wp-json\/wp\/v2\/product\/544","targetHints":{"allow":["GET"]}}],"collection":[{"href":"https:\/\/www.cuscoairporttransport.com\/es\/wp-json\/wp\/v2\/product"}],"about":[{"href":"https:\/\/www.cuscoairporttransport.com\/es\/wp-json\/wp\/v2\/types\/product"}],"replies":[{"embeddable":true,"href":"https:\/\/www.cuscoairporttransport.com\/es\/wp-json\/wp\/v2\/comments?post=544"}],"wp:featuredmedia":[{"embeddable":true,"href":"https:\/\/www.cuscoairporttransport.com\/es\/wp-json\/wp\/v2\/media\/545"}],"wp:attachment":[{"href":"https:\/\/www.cuscoairporttransport.com\/es\/wp-json\/wp\/v2\/media?parent=544"}],"wp:term":[{"taxonomy":"product_brand","embeddable":true,"href":"https:\/\/www.cuscoairporttransport.com\/es\/wp-json\/wp\/v2\/product_brand?post=544"},{"taxonomy":"product_cat","embeddable":true,"href":"https:\/\/www.cuscoairporttransport.com\/es\/wp-json\/wp\/v2\/product_cat?post=544"},{"taxonomy":"product_tag","embeddable":true,"href":"https:\/\/www.cuscoairporttransport.com\/es\/wp-json\/wp\/v2\/product_tag?post=544"}],"curies":[{"name":"wp","href":"https:\/\/api.w.org\/{rel}","templated":true}]}}