{"id":69,"date":"2019-10-27T18:26:10","date_gmt":"2019-10-27T18:26:10","guid":{"rendered":"https:\/\/www.cuscoairporttransport.com\/es\/?post_type=product&#038;p=69"},"modified":"2025-03-27T00:49:16","modified_gmt":"2025-03-27T00:49:16","slug":"tour-privado-laguna-humantay-en-1-dia","status":"publish","type":"product","link":"https:\/\/www.cuscoairporttransport.com\/es\/tours\/tour-privado-laguna-humantay-en-1-dia\/","title":{"rendered":"Tour Privado Laguna Humantay en 1 Dia"},"content":{"rendered":"<p><strong>Tour privado Laguna Humantay<\/strong>, este tour es totalmente m\u00e1gico porque conoceremos la laguna turquesa ubicada a 4200 metros sobre el nivel del mar, la laguna Huamantay nace del nevado Salkantay. Para realizar este circuito debes tener una condici\u00f3n f\u00edsica moderada.<\/p>\n<h2>Visita Laguna Humantay<\/h2>\n<p><strong>Hora<\/strong>: horario flexible<br \/>\n<strong>Duraci\u00f3n<\/strong>: 11 horas aproximadamente<br \/>\n<strong>Grupo privado<\/strong><br \/>\n<strong>Salidas diarias<\/strong><\/p>\n<p><strong>Importante<\/strong>: Para realizar este recorrido solo necesitamos el nombre de todos los pasajeros y la direcci\u00f3n de su hotel para recogerlo.<\/p>\n<table style=\"height: 86px;\" width=\"240\">\n<tbody>\n<tr>\n<td style=\"background-color: #ff3333; border-color: #ff3333; text-align: center;\"><a href=\"https:\/\/wa.me\/51989694842\"><span style=\"color: #ffffff;\">WhatsApp: Reservar<\/span><\/a><\/td>\n<\/tr>\n<tr>\n<td style=\"border-color: #ffffff;\"><\/td>\n<\/tr>\n<\/tbody>\n<\/table>\n<p><span style=\"color: #993300;\"><strong>Precio por Vehiculo + Conductor<\/strong><\/span><br \/>\n1 a 2 personas: USD 160<br \/>\n3 a 4 personas: USD 190<br \/>\n5 a 7 personas: USD 250<br \/>\n8 a 12 personas: USD 320<\/p>\n<p><strong>Nota<\/strong>: El conductor (Chofer) unicamente lo llevara al punto de partida de la caminata hacia la Laguna Humantay.<\/p>\n<p><span style=\"color: #993300;\"><strong>Precio por Vehiculo + Conductor + Guia (Bilingue)<\/strong><\/span><br \/>\n1 a 2 personas: USD 220<br \/>\n3 a 4 personas: USD 250<br \/>\n5 a 7 personas: USD 310<br \/>\n8 a 12 personas: USD 380<\/p>\n<p><strong>Nota<\/strong>: Con Guia adicional usted podra conocer la historia de Laguna Humantay y el Guia lo acompa\u00f1ara hasta la Laguna Humantay.<\/p>\n<p><strong>Incluye<\/strong>:<br \/>\n<i class=\"fa fa-check icon-tick icon-tick--on\"><\/i> Recojo y Drop off en tu Hotel \/ Airbnb en Cusco<br \/>\n<i class=\"fa fa-check icon-tick icon-tick--on\"><\/i> Movilidad y Conductor<\/p>\n<p><strong>No incluye<\/strong>:<br \/>\n<i class=\"fa fa-times icon-tick icon-tick--off\"><\/i> Desayuno<br \/>\n<i class=\"fa fa-times icon-tick icon-tick--off\"><\/i> Almuerzo<br \/>\n<i class=\"fa fa-times icon-tick icon-tick--off\"><\/i> Caballo: Adicionar 30 USD<br \/>\n<i class=\"fa fa-times icon-tick icon-tick--off\"><\/i> Ticket de entrada<br \/>\n<i class=\"fa fa-times icon-tick icon-tick--off\"><\/i> Seguro de viaje<\/p>\n<h2>Itinerario Laguna Humantay<\/h2>\n<p>Nuestro circuito comenzar\u00e1 a la hora acordada y en el lugar acordado.<\/p>\n<p>\u2022 Viaje de Cusco a Mollepata y luego a Soraypampa. En este punto nuestra caminata comenzar\u00e1, aproximadamente 1 hora.<\/p>\n<p>\u2022 Visitaremos la laguna Humantay y tendremos tiempo para recorrer el lugar y tomar fotos para el recuerdo. En la laguna de Humantay estaremos aproximadamente 1 hora.<\/p>\n<p>\u2022 Luego regresaremos a Soraypampa donde nuestra movilidad nos espera para regresar a Cusco.<\/p>\n<p>\u2022 Retorno a la ciudad del Cusco y el drop off en su Hotel respectivo.<\/p>\n<table style=\"height: 86px;\" width=\"240\">\n<tbody>\n<tr>\n<td style=\"background-color: #ff3333; border-color: #ff3333; text-align: center;\"><a href=\"https:\/\/wa.me\/51989694842\"><span style=\"color: #ffffff;\">Consulta en Linea<\/span><\/a><\/td>\n<\/tr>\n<tr>\n<td style=\"border-color: #ffffff;\"><\/td>\n<\/tr>\n<\/tbody>\n<\/table>\n<h2>Humantay<\/h2>\n<p><img loading=\"lazy\" decoding=\"async\" class=\"alignnone size-full wp-image-441\" src=\"https:\/\/www.cuscoairporttransport.com\/es\/wp-content\/uploads\/2019\/10\/humantay-privado.jpg\" alt=\"humantay privado\" width=\"1440\" height=\"1400\" srcset=\"https:\/\/www.cuscoairporttransport.com\/es\/wp-content\/uploads\/2019\/10\/humantay-privado.jpg 1440w, https:\/\/www.cuscoairporttransport.com\/es\/wp-content\/uploads\/2019\/10\/humantay-privado-300x292.jpg 300w, https:\/\/www.cuscoairporttransport.com\/es\/wp-content\/uploads\/2019\/10\/humantay-privado-1024x996.jpg 1024w, https:\/\/www.cuscoairporttransport.com\/es\/wp-content\/uploads\/2019\/10\/humantay-privado-768x747.jpg 768w, https:\/\/www.cuscoairporttransport.com\/es\/wp-content\/uploads\/2019\/10\/humantay-privado-600x583.jpg 600w\" sizes=\"auto, (max-width: 1440px) 100vw, 1440px\" \/><\/p>\n","protected":false},"excerpt":{"rendered":"<div class=\"padding-top text-center\"><a href=\"https:\/\/www.cuscoairporttransport.com\/es\/tours\/tour-privado-laguna-humantay-en-1-dia\/\" class=\"atbtn atbtn--medium atbtn--rounded atbtn--transparent\">Continuar lectura<i class=\"atbtn__icon atbtn__icon--right fa fa-long-arrow-right\"><\/i><\/a><\/div>\n","protected":false},"featured_media":70,"comment_status":"closed","ping_status":"closed","template":"","meta":[],"product_brand":[],"product_cat":[20],"product_tag":[],"class_list":{"0":"post-69","1":"product","2":"type-product","3":"status-publish","4":"has-post-thumbnail","6":"product_cat-tour-privados","7":"tour_category-cusco-tour-privados","9":"first","10":"instock","11":"sale","12":"shipping-taxable","13":"purchasable","14":"product-type-tour"},"yoast_head":"<!-- This site is optimized with the Yoast SEO plugin v27.1.1 - https:\/\/yoast.com\/product\/yoast-seo-wordpress\/ -->\n<title>Tour Privado Laguna Humantay en 1 Dia<\/title>\n<meta name=\"description\" content=\"Tour Privado Laguna Humantay en 1 D\u00eda, este destino tur\u00edstico es m\u00e1gico y hermoso. Visita la Laguna Humanta en 1 d\u00eda. Incluye transporte privado!\" \/>\n<meta name=\"robots\" content=\"index, follow, max-snippet:-1, max-image-preview:large, max-video-preview:-1\" \/>\n<link rel=\"canonical\" href=\"https:\/\/www.cuscoairporttransport.com\/es\/tours\/tour-privado-laguna-humantay-en-1-dia\/\" \/>\n<meta property=\"og:locale\" content=\"es_ES\" \/>\n<meta property=\"og:type\" content=\"article\" \/>\n<meta property=\"og:title\" content=\"Tour Privado Laguna Humantay en 1 Dia\" \/>\n<meta property=\"og:description\" content=\"Tour Privado Laguna Humantay en 1 D\u00eda, este destino tur\u00edstico es m\u00e1gico y hermoso. Visita la Laguna Humanta en 1 d\u00eda. Incluye transporte privado!\" \/>\n<meta property=\"og:url\" content=\"https:\/\/www.cuscoairporttransport.com\/es\/tours\/tour-privado-laguna-humantay-en-1-dia\/\" \/>\n<meta property=\"og:site_name\" content=\"Traslados privados Cusco\" \/>\n<meta property=\"article:publisher\" content=\"https:\/\/www.facebook.com\/cuscoairport\" \/>\n<meta property=\"article:modified_time\" content=\"2025-03-27T00:49:16+00:00\" \/>\n<meta property=\"og:image\" content=\"https:\/\/www.cuscoairporttransport.com\/es\/wp-content\/uploads\/2019\/10\/lagunahumantay.jpg\" \/>\n\t<meta property=\"og:image:width\" content=\"2560\" \/>\n\t<meta property=\"og:image:height\" content=\"752\" \/>\n\t<meta property=\"og:image:type\" content=\"image\/jpeg\" \/>\n<meta name=\"twitter:card\" content=\"summary_large_image\" \/>\n<meta name=\"twitter:label1\" content=\"Tiempo de lectura\" \/>\n\t<meta name=\"twitter:data1\" content=\"2 minutos\" \/>\n<script type=\"application\/ld+json\" class=\"yoast-schema-graph\">{\"@context\":\"https:\/\/schema.org\",\"@graph\":[{\"@type\":\"WebPage\",\"@id\":\"https:\/\/www.cuscoairporttransport.com\/es\/tours\/tour-privado-laguna-humantay-en-1-dia\/\",\"url\":\"https:\/\/www.cuscoairporttransport.com\/es\/tours\/tour-privado-laguna-humantay-en-1-dia\/\",\"name\":\"Tour Privado Laguna Humantay en 1 Dia\",\"isPartOf\":{\"@id\":\"https:\/\/www.cuscoairporttransport.com\/es\/#website\"},\"primaryImageOfPage\":{\"@id\":\"https:\/\/www.cuscoairporttransport.com\/es\/tours\/tour-privado-laguna-humantay-en-1-dia\/#primaryimage\"},\"image\":{\"@id\":\"https:\/\/www.cuscoairporttransport.com\/es\/tours\/tour-privado-laguna-humantay-en-1-dia\/#primaryimage\"},\"thumbnailUrl\":\"https:\/\/www.cuscoairporttransport.com\/es\/wp-content\/uploads\/2019\/10\/lagunahumantay.jpg\",\"datePublished\":\"2019-10-27T18:26:10+00:00\",\"dateModified\":\"2025-03-27T00:49:16+00:00\",\"description\":\"Tour Privado Laguna Humantay en 1 D\u00eda, este destino tur\u00edstico es m\u00e1gico y hermoso. Visita la Laguna Humanta en 1 d\u00eda. Incluye transporte privado!\",\"breadcrumb\":{\"@id\":\"https:\/\/www.cuscoairporttransport.com\/es\/tours\/tour-privado-laguna-humantay-en-1-dia\/#breadcrumb\"},\"inLanguage\":\"es\",\"potentialAction\":[{\"@type\":\"ReadAction\",\"target\":[\"https:\/\/www.cuscoairporttransport.com\/es\/tours\/tour-privado-laguna-humantay-en-1-dia\/\"]}]},{\"@type\":\"ImageObject\",\"inLanguage\":\"es\",\"@id\":\"https:\/\/www.cuscoairporttransport.com\/es\/tours\/tour-privado-laguna-humantay-en-1-dia\/#primaryimage\",\"url\":\"https:\/\/www.cuscoairporttransport.com\/es\/wp-content\/uploads\/2019\/10\/lagunahumantay.jpg\",\"contentUrl\":\"https:\/\/www.cuscoairporttransport.com\/es\/wp-content\/uploads\/2019\/10\/lagunahumantay.jpg\",\"width\":2560,\"height\":752,\"caption\":\"laguna humantay\"},{\"@type\":\"BreadcrumbList\",\"@id\":\"https:\/\/www.cuscoairporttransport.com\/es\/tours\/tour-privado-laguna-humantay-en-1-dia\/#breadcrumb\",\"itemListElement\":[{\"@type\":\"ListItem\",\"position\":1,\"name\":\"Portada\",\"item\":\"https:\/\/www.cuscoairporttransport.com\/es\/\"},{\"@type\":\"ListItem\",\"position\":2,\"name\":\"Productos\",\"item\":\"https:\/\/www.cuscoairporttransport.com\/es\/shop\/\"},{\"@type\":\"ListItem\",\"position\":3,\"name\":\"Tour Privado Laguna Humantay en 1 Dia\"}]},{\"@type\":\"WebSite\",\"@id\":\"https:\/\/www.cuscoairporttransport.com\/es\/#website\",\"url\":\"https:\/\/www.cuscoairporttransport.com\/es\/\",\"name\":\"Traslados Aeropuerto a Hotel en Cusco\",\"description\":\"\",\"publisher\":{\"@id\":\"https:\/\/www.cuscoairporttransport.com\/es\/#organization\"},\"potentialAction\":[{\"@type\":\"SearchAction\",\"target\":{\"@type\":\"EntryPoint\",\"urlTemplate\":\"https:\/\/www.cuscoairporttransport.com\/es\/?s={search_term_string}\"},\"query-input\":{\"@type\":\"PropertyValueSpecification\",\"valueRequired\":true,\"valueName\":\"search_term_string\"}}],\"inLanguage\":\"es\"},{\"@type\":\"Organization\",\"@id\":\"https:\/\/www.cuscoairporttransport.com\/es\/#organization\",\"name\":\"Traslados Aeropuerto a Hotel en Cusco\",\"url\":\"https:\/\/www.cuscoairporttransport.com\/es\/\",\"logo\":{\"@type\":\"ImageObject\",\"inLanguage\":\"es\",\"@id\":\"https:\/\/www.cuscoairporttransport.com\/es\/#\/schema\/logo\/image\/\",\"url\":\"https:\/\/www.cuscoairporttransport.com\/es\/wp-content\/uploads\/2019\/10\/cuscoairporttransport.jpg\",\"contentUrl\":\"https:\/\/www.cuscoairporttransport.com\/es\/wp-content\/uploads\/2019\/10\/cuscoairporttransport.jpg\",\"width\":348,\"height\":113,\"caption\":\"Traslados Aeropuerto a Hotel en Cusco\"},\"image\":{\"@id\":\"https:\/\/www.cuscoairporttransport.com\/es\/#\/schema\/logo\/image\/\"},\"sameAs\":[\"https:\/\/www.facebook.com\/cuscoairport\",\"https:\/\/www.instagram.com\/cuscoairporttransport\/\"]}]}<\/script>\n<!-- \/ Yoast SEO plugin. -->","yoast_head_json":{"title":"Tour Privado Laguna Humantay en 1 Dia","description":"Tour Privado Laguna Humantay en 1 D\u00eda, este destino tur\u00edstico es m\u00e1gico y hermoso. Visita la Laguna Humanta en 1 d\u00eda. Incluye transporte privado!","robots":{"index":"index","follow":"follow","max-snippet":"max-snippet:-1","max-image-preview":"max-image-preview:large","max-video-preview":"max-video-preview:-1"},"canonical":"https:\/\/www.cuscoairporttransport.com\/es\/tours\/tour-privado-laguna-humantay-en-1-dia\/","og_locale":"es_ES","og_type":"article","og_title":"Tour Privado Laguna Humantay en 1 Dia","og_description":"Tour Privado Laguna Humantay en 1 D\u00eda, este destino tur\u00edstico es m\u00e1gico y hermoso. Visita la Laguna Humanta en 1 d\u00eda. Incluye transporte privado!","og_url":"https:\/\/www.cuscoairporttransport.com\/es\/tours\/tour-privado-laguna-humantay-en-1-dia\/","og_site_name":"Traslados privados Cusco","article_publisher":"https:\/\/www.facebook.com\/cuscoairport","article_modified_time":"2025-03-27T00:49:16+00:00","og_image":[{"width":2560,"height":752,"url":"https:\/\/www.cuscoairporttransport.com\/es\/wp-content\/uploads\/2019\/10\/lagunahumantay.jpg","type":"image\/jpeg"}],"twitter_card":"summary_large_image","twitter_misc":{"Tiempo de lectura":"2 minutos"},"schema":{"@context":"https:\/\/schema.org","@graph":[{"@type":"WebPage","@id":"https:\/\/www.cuscoairporttransport.com\/es\/tours\/tour-privado-laguna-humantay-en-1-dia\/","url":"https:\/\/www.cuscoairporttransport.com\/es\/tours\/tour-privado-laguna-humantay-en-1-dia\/","name":"Tour Privado Laguna Humantay en 1 Dia","isPartOf":{"@id":"https:\/\/www.cuscoairporttransport.com\/es\/#website"},"primaryImageOfPage":{"@id":"https:\/\/www.cuscoairporttransport.com\/es\/tours\/tour-privado-laguna-humantay-en-1-dia\/#primaryimage"},"image":{"@id":"https:\/\/www.cuscoairporttransport.com\/es\/tours\/tour-privado-laguna-humantay-en-1-dia\/#primaryimage"},"thumbnailUrl":"https:\/\/www.cuscoairporttransport.com\/es\/wp-content\/uploads\/2019\/10\/lagunahumantay.jpg","datePublished":"2019-10-27T18:26:10+00:00","dateModified":"2025-03-27T00:49:16+00:00","description":"Tour Privado Laguna Humantay en 1 D\u00eda, este destino tur\u00edstico es m\u00e1gico y hermoso. Visita la Laguna Humanta en 1 d\u00eda. Incluye transporte privado!","breadcrumb":{"@id":"https:\/\/www.cuscoairporttransport.com\/es\/tours\/tour-privado-laguna-humantay-en-1-dia\/#breadcrumb"},"inLanguage":"es","potentialAction":[{"@type":"ReadAction","target":["https:\/\/www.cuscoairporttransport.com\/es\/tours\/tour-privado-laguna-humantay-en-1-dia\/"]}]},{"@type":"ImageObject","inLanguage":"es","@id":"https:\/\/www.cuscoairporttransport.com\/es\/tours\/tour-privado-laguna-humantay-en-1-dia\/#primaryimage","url":"https:\/\/www.cuscoairporttransport.com\/es\/wp-content\/uploads\/2019\/10\/lagunahumantay.jpg","contentUrl":"https:\/\/www.cuscoairporttransport.com\/es\/wp-content\/uploads\/2019\/10\/lagunahumantay.jpg","width":2560,"height":752,"caption":"laguna humantay"},{"@type":"BreadcrumbList","@id":"https:\/\/www.cuscoairporttransport.com\/es\/tours\/tour-privado-laguna-humantay-en-1-dia\/#breadcrumb","itemListElement":[{"@type":"ListItem","position":1,"name":"Portada","item":"https:\/\/www.cuscoairporttransport.com\/es\/"},{"@type":"ListItem","position":2,"name":"Productos","item":"https:\/\/www.cuscoairporttransport.com\/es\/shop\/"},{"@type":"ListItem","position":3,"name":"Tour Privado Laguna Humantay en 1 Dia"}]},{"@type":"WebSite","@id":"https:\/\/www.cuscoairporttransport.com\/es\/#website","url":"https:\/\/www.cuscoairporttransport.com\/es\/","name":"Traslados Aeropuerto a Hotel en Cusco","description":"","publisher":{"@id":"https:\/\/www.cuscoairporttransport.com\/es\/#organization"},"potentialAction":[{"@type":"SearchAction","target":{"@type":"EntryPoint","urlTemplate":"https:\/\/www.cuscoairporttransport.com\/es\/?s={search_term_string}"},"query-input":{"@type":"PropertyValueSpecification","valueRequired":true,"valueName":"search_term_string"}}],"inLanguage":"es"},{"@type":"Organization","@id":"https:\/\/www.cuscoairporttransport.com\/es\/#organization","name":"Traslados Aeropuerto a Hotel en Cusco","url":"https:\/\/www.cuscoairporttransport.com\/es\/","logo":{"@type":"ImageObject","inLanguage":"es","@id":"https:\/\/www.cuscoairporttransport.com\/es\/#\/schema\/logo\/image\/","url":"https:\/\/www.cuscoairporttransport.com\/es\/wp-content\/uploads\/2019\/10\/cuscoairporttransport.jpg","contentUrl":"https:\/\/www.cuscoairporttransport.com\/es\/wp-content\/uploads\/2019\/10\/cuscoairporttransport.jpg","width":348,"height":113,"caption":"Traslados Aeropuerto a Hotel en Cusco"},"image":{"@id":"https:\/\/www.cuscoairporttransport.com\/es\/#\/schema\/logo\/image\/"},"sameAs":["https:\/\/www.facebook.com\/cuscoairport","https:\/\/www.instagram.com\/cuscoairporttransport\/"]}]}},"_links":{"self":[{"href":"https:\/\/www.cuscoairporttransport.com\/es\/wp-json\/wp\/v2\/product\/69","targetHints":{"allow":["GET"]}}],"collection":[{"href":"https:\/\/www.cuscoairporttransport.com\/es\/wp-json\/wp\/v2\/product"}],"about":[{"href":"https:\/\/www.cuscoairporttransport.com\/es\/wp-json\/wp\/v2\/types\/product"}],"replies":[{"embeddable":true,"href":"https:\/\/www.cuscoairporttransport.com\/es\/wp-json\/wp\/v2\/comments?post=69"}],"wp:featuredmedia":[{"embeddable":true,"href":"https:\/\/www.cuscoairporttransport.com\/es\/wp-json\/wp\/v2\/media\/70"}],"wp:attachment":[{"href":"https:\/\/www.cuscoairporttransport.com\/es\/wp-json\/wp\/v2\/media?parent=69"}],"wp:term":[{"taxonomy":"product_brand","embeddable":true,"href":"https:\/\/www.cuscoairporttransport.com\/es\/wp-json\/wp\/v2\/product_brand?post=69"},{"taxonomy":"product_cat","embeddable":true,"href":"https:\/\/www.cuscoairporttransport.com\/es\/wp-json\/wp\/v2\/product_cat?post=69"},{"taxonomy":"product_tag","embeddable":true,"href":"https:\/\/www.cuscoairporttransport.com\/es\/wp-json\/wp\/v2\/product_tag?post=69"}],"curies":[{"name":"wp","href":"https:\/\/api.w.org\/{rel}","templated":true}]}}