{"id":722,"date":"2025-04-15T08:54:08","date_gmt":"2025-04-15T08:54:08","guid":{"rendered":"https:\/\/www.cuscoairporttransport.com\/es\/?post_type=product&#038;p=722"},"modified":"2025-04-15T08:56:20","modified_gmt":"2025-04-15T08:56:20","slug":"traslado-privado-cusco-a-maras","status":"publish","type":"product","link":"https:\/\/www.cuscoairporttransport.com\/es\/tours\/traslado-privado-cusco-a-maras\/","title":{"rendered":"Traslado privado Cusco a Maras"},"content":{"rendered":"<p><strong>Traslado privado Cusco a Maras<\/strong>. Nuestra agencia de transporte tambi\u00e9n ofrece el servicio de transporte tur\u00edstico privado desde Cusco a Maras o de <a href=\"https:\/\/www.mountainvinicunca.com\/es\/traslado-privado-cusco-a-maras\/\" target=\"_blank\" rel=\"noopener\">Maras a Cusco<\/a>. El pueblo de Maras se encuentra en la provincia de <a href=\"https:\/\/www.cuscoairporttransport.com\/es\/2021\/08\/04\/traslado-cusco-a-urubamba\/\" target=\"_blank\" rel=\"noopener\">Urubamba<\/a> en el coraz\u00f3n del <a href=\"https:\/\/www.cuscoairporttransport.com\/es\/2025\/03\/20\/trasporte-privado-aeropuerto-cusco-a-valle-sagrado-con-paradas\/\" target=\"_blank\" rel=\"noopener\">Valle Sagrado de los Incas<\/a>. Esta localidad se encuentra a 1 hora aproximadamente de la ciudad del Cusco y en este punto se encuentran diferentes atractivos y entre ellos: Las <a href=\"https:\/\/www.riorojocusco.com\/transporte-privado-cusco-a-maras\/\" target=\"_blank\" rel=\"noopener\">Salinera de Maras<\/a>, tambi\u00e9n se encuentra uno de los mejores restaurantes del Cusco <strong>Mil Food Lab and Interpretation Center<\/strong>, y tambi\u00e9n una bonita casa de campo con hermosos paisajes del valle sagrado <strong>Mountain View Experience<\/strong>s. Y si vas alguno de estos lugares u otro destino en el poblado de Maras nuestra agencia puede ayudarte con tu traslado privado.<\/p>\n<h2>Cusco a Maras<\/h2>\n<table style=\"height: 86px;\" width=\"240\">\n<tbody>\n<tr>\n<td style=\"background-color: #ff3333; border-color: #ff3333; text-align: center;\"><a href=\"https:\/\/wa.me\/51989694842\"><span style=\"color: #ffffff;\"><strong>WhatsApp: Reservar<\/strong><\/span><\/a><\/td>\n<\/tr>\n<tr>\n<td style=\"border-color: #ffffff;\"><\/td>\n<\/tr>\n<\/tbody>\n<\/table>\n<p><strong>Incluye<\/strong><br \/>\n<i class=\"fa fa-check icon-tick icon-tick--on\"><\/i> Recojo (Indicar Direcci\u00f3n: Aeropuerto Cusco \/ Hotel en Cusco \/ Airbnb en Cusco)<br \/>\n<i class=\"fa fa-check icon-tick icon-tick--on\"><\/i> Movilidad y Conductor<br \/>\n<i class=\"fa fa-check icon-tick icon-tick--on\"><\/i> Indicar Fecha y Hora de recojo<br \/>\n<i class=\"fa fa-check icon-tick icon-tick--on\"><\/i> Drop off (Indicar Direcci\u00f3n)<\/p>\n<p><strong>No Incluye<\/strong>:<br \/>\n\u2022 Seguro de viaje y otros servicios no mencionados.<\/p>\n<p><strong>Importante<\/strong>:<br \/>\n\u2022 Si deseas el servicio de retorno de Maras a Cusco solo ind\u00edcanos al momento de realizar tu reserva.<br \/>\n\u2022 Puedes solicitar el servicio ida y vuelta.<br \/>\n\u2022 Si deseas ir a otro destino en el <a href=\"https:\/\/www.cuscoairporttransport.com\/es\/tours\/transporte-valle-sagrado-a-cusco\/\" target=\"_blank\" rel=\"noopener\">Valle Sagrado<\/a> de los Incas solo ind\u00edcanos y te ayudaremos r\u00e1pidamente. Nuestros agentes de viajes est\u00e1n disponibles 24 horas para poderte ayudarte.<\/p>\n<p><img loading=\"lazy\" decoding=\"async\" class=\"alignnone size-full wp-image-724\" src=\"https:\/\/www.cuscoairporttransport.com\/es\/wp-content\/uploads\/2025\/04\/transporte-maras-cusco.jpg\" alt=\"transporte maras cusco\" width=\"1080\" height=\"1350\" srcset=\"https:\/\/www.cuscoairporttransport.com\/es\/wp-content\/uploads\/2025\/04\/transporte-maras-cusco.jpg 1080w, https:\/\/www.cuscoairporttransport.com\/es\/wp-content\/uploads\/2025\/04\/transporte-maras-cusco-240x300.jpg 240w, https:\/\/www.cuscoairporttransport.com\/es\/wp-content\/uploads\/2025\/04\/transporte-maras-cusco-819x1024.jpg 819w, https:\/\/www.cuscoairporttransport.com\/es\/wp-content\/uploads\/2025\/04\/transporte-maras-cusco-768x960.jpg 768w, https:\/\/www.cuscoairporttransport.com\/es\/wp-content\/uploads\/2025\/04\/transporte-maras-cusco-600x750.jpg 600w\" sizes=\"auto, (max-width: 1080px) 100vw, 1080px\" \/> <img loading=\"lazy\" decoding=\"async\" class=\"alignnone size-full wp-image-725\" src=\"https:\/\/www.cuscoairporttransport.com\/es\/wp-content\/uploads\/2025\/04\/traslado-maras.jpg\" alt=\"traslado maras\" width=\"1080\" height=\"1350\" srcset=\"https:\/\/www.cuscoairporttransport.com\/es\/wp-content\/uploads\/2025\/04\/traslado-maras.jpg 1080w, https:\/\/www.cuscoairporttransport.com\/es\/wp-content\/uploads\/2025\/04\/traslado-maras-240x300.jpg 240w, https:\/\/www.cuscoairporttransport.com\/es\/wp-content\/uploads\/2025\/04\/traslado-maras-819x1024.jpg 819w, https:\/\/www.cuscoairporttransport.com\/es\/wp-content\/uploads\/2025\/04\/traslado-maras-768x960.jpg 768w, https:\/\/www.cuscoairporttransport.com\/es\/wp-content\/uploads\/2025\/04\/traslado-maras-600x750.jpg 600w\" sizes=\"auto, (max-width: 1080px) 100vw, 1080px\" \/> <img loading=\"lazy\" decoding=\"async\" class=\"alignnone size-full wp-image-726\" src=\"https:\/\/www.cuscoairporttransport.com\/es\/wp-content\/uploads\/2025\/04\/maras-transporte.jpg\" alt=\"maras transporte\" width=\"1080\" height=\"1350\" srcset=\"https:\/\/www.cuscoairporttransport.com\/es\/wp-content\/uploads\/2025\/04\/maras-transporte.jpg 1080w, https:\/\/www.cuscoairporttransport.com\/es\/wp-content\/uploads\/2025\/04\/maras-transporte-240x300.jpg 240w, https:\/\/www.cuscoairporttransport.com\/es\/wp-content\/uploads\/2025\/04\/maras-transporte-819x1024.jpg 819w, https:\/\/www.cuscoairporttransport.com\/es\/wp-content\/uploads\/2025\/04\/maras-transporte-768x960.jpg 768w, https:\/\/www.cuscoairporttransport.com\/es\/wp-content\/uploads\/2025\/04\/maras-transporte-600x750.jpg 600w\" sizes=\"auto, (max-width: 1080px) 100vw, 1080px\" \/><\/p>\n","protected":false},"excerpt":{"rendered":"<div class=\"padding-top text-center\"><a href=\"https:\/\/www.cuscoairporttransport.com\/es\/tours\/traslado-privado-cusco-a-maras\/\" class=\"atbtn atbtn--medium atbtn--rounded atbtn--transparent\">Continuar lectura<i class=\"atbtn__icon atbtn__icon--right fa fa-long-arrow-right\"><\/i><\/a><\/div>\n","protected":false},"featured_media":723,"comment_status":"closed","ping_status":"closed","template":"","meta":[],"product_brand":[],"product_cat":[18],"product_tag":[],"class_list":{"0":"post-722","1":"product","2":"type-product","3":"status-publish","4":"has-post-thumbnail","6":"product_cat-traslados-cusco","7":"tour_category-cusco-traslados","9":"first","10":"instock","11":"shipping-taxable","12":"product-type-tour"},"yoast_head":"<!-- This site is optimized with the Yoast SEO plugin v27.1.1 - https:\/\/yoast.com\/product\/yoast-seo-wordpress\/ -->\n<title>Traslado privado Cusco a Maras<\/title>\n<meta name=\"description\" content=\"Traslado privado Cusco a Maras. Servicio de transporte tur\u00edstico privado desde Cusco a Maras o Maras a Cusco. Tenemos salidas diarias!\" \/>\n<meta name=\"robots\" content=\"index, follow, max-snippet:-1, max-image-preview:large, max-video-preview:-1\" \/>\n<link rel=\"canonical\" href=\"https:\/\/www.cuscoairporttransport.com\/es\/tours\/traslado-privado-cusco-a-maras\/\" \/>\n<meta property=\"og:locale\" content=\"es_ES\" \/>\n<meta property=\"og:type\" content=\"article\" \/>\n<meta property=\"og:title\" content=\"Traslado privado Cusco a Maras\" \/>\n<meta property=\"og:description\" content=\"Traslado privado Cusco a Maras. Servicio de transporte tur\u00edstico privado desde Cusco a Maras o Maras a Cusco. Tenemos salidas diarias!\" \/>\n<meta property=\"og:url\" content=\"https:\/\/www.cuscoairporttransport.com\/es\/tours\/traslado-privado-cusco-a-maras\/\" \/>\n<meta property=\"og:site_name\" content=\"Traslados privados Cusco\" \/>\n<meta property=\"article:publisher\" content=\"https:\/\/www.facebook.com\/cuscoairport\" \/>\n<meta property=\"article:modified_time\" content=\"2025-04-15T08:56:20+00:00\" \/>\n<meta property=\"og:image\" content=\"https:\/\/www.cuscoairporttransport.com\/es\/wp-content\/uploads\/2025\/04\/maras-traslado.jpg\" \/>\n\t<meta property=\"og:image:width\" content=\"2560\" \/>\n\t<meta property=\"og:image:height\" content=\"752\" \/>\n\t<meta property=\"og:image:type\" content=\"image\/jpeg\" \/>\n<meta name=\"twitter:card\" content=\"summary_large_image\" \/>\n<meta name=\"twitter:label1\" content=\"Tiempo de lectura\" \/>\n\t<meta name=\"twitter:data1\" content=\"2 minutos\" \/>\n<script type=\"application\/ld+json\" class=\"yoast-schema-graph\">{\"@context\":\"https:\/\/schema.org\",\"@graph\":[{\"@type\":\"WebPage\",\"@id\":\"https:\/\/www.cuscoairporttransport.com\/es\/tours\/traslado-privado-cusco-a-maras\/\",\"url\":\"https:\/\/www.cuscoairporttransport.com\/es\/tours\/traslado-privado-cusco-a-maras\/\",\"name\":\"Traslado privado Cusco a Maras\",\"isPartOf\":{\"@id\":\"https:\/\/www.cuscoairporttransport.com\/es\/#website\"},\"primaryImageOfPage\":{\"@id\":\"https:\/\/www.cuscoairporttransport.com\/es\/tours\/traslado-privado-cusco-a-maras\/#primaryimage\"},\"image\":{\"@id\":\"https:\/\/www.cuscoairporttransport.com\/es\/tours\/traslado-privado-cusco-a-maras\/#primaryimage\"},\"thumbnailUrl\":\"https:\/\/www.cuscoairporttransport.com\/es\/wp-content\/uploads\/2025\/04\/maras-traslado.jpg\",\"datePublished\":\"2025-04-15T08:54:08+00:00\",\"dateModified\":\"2025-04-15T08:56:20+00:00\",\"description\":\"Traslado privado Cusco a Maras. Servicio de transporte tur\u00edstico privado desde Cusco a Maras o Maras a Cusco. Tenemos salidas diarias!\",\"breadcrumb\":{\"@id\":\"https:\/\/www.cuscoairporttransport.com\/es\/tours\/traslado-privado-cusco-a-maras\/#breadcrumb\"},\"inLanguage\":\"es\",\"potentialAction\":[{\"@type\":\"ReadAction\",\"target\":[\"https:\/\/www.cuscoairporttransport.com\/es\/tours\/traslado-privado-cusco-a-maras\/\"]}]},{\"@type\":\"ImageObject\",\"inLanguage\":\"es\",\"@id\":\"https:\/\/www.cuscoairporttransport.com\/es\/tours\/traslado-privado-cusco-a-maras\/#primaryimage\",\"url\":\"https:\/\/www.cuscoairporttransport.com\/es\/wp-content\/uploads\/2025\/04\/maras-traslado.jpg\",\"contentUrl\":\"https:\/\/www.cuscoairporttransport.com\/es\/wp-content\/uploads\/2025\/04\/maras-traslado.jpg\",\"width\":2560,\"height\":752,\"caption\":\"maras traslado\"},{\"@type\":\"BreadcrumbList\",\"@id\":\"https:\/\/www.cuscoairporttransport.com\/es\/tours\/traslado-privado-cusco-a-maras\/#breadcrumb\",\"itemListElement\":[{\"@type\":\"ListItem\",\"position\":1,\"name\":\"Portada\",\"item\":\"https:\/\/www.cuscoairporttransport.com\/es\/\"},{\"@type\":\"ListItem\",\"position\":2,\"name\":\"Productos\",\"item\":\"https:\/\/www.cuscoairporttransport.com\/es\/shop\/\"},{\"@type\":\"ListItem\",\"position\":3,\"name\":\"Traslado privado Cusco a Maras\"}]},{\"@type\":\"WebSite\",\"@id\":\"https:\/\/www.cuscoairporttransport.com\/es\/#website\",\"url\":\"https:\/\/www.cuscoairporttransport.com\/es\/\",\"name\":\"Traslados Aeropuerto a Hotel en Cusco\",\"description\":\"\",\"publisher\":{\"@id\":\"https:\/\/www.cuscoairporttransport.com\/es\/#organization\"},\"potentialAction\":[{\"@type\":\"SearchAction\",\"target\":{\"@type\":\"EntryPoint\",\"urlTemplate\":\"https:\/\/www.cuscoairporttransport.com\/es\/?s={search_term_string}\"},\"query-input\":{\"@type\":\"PropertyValueSpecification\",\"valueRequired\":true,\"valueName\":\"search_term_string\"}}],\"inLanguage\":\"es\"},{\"@type\":\"Organization\",\"@id\":\"https:\/\/www.cuscoairporttransport.com\/es\/#organization\",\"name\":\"Traslados Aeropuerto a Hotel en Cusco\",\"url\":\"https:\/\/www.cuscoairporttransport.com\/es\/\",\"logo\":{\"@type\":\"ImageObject\",\"inLanguage\":\"es\",\"@id\":\"https:\/\/www.cuscoairporttransport.com\/es\/#\/schema\/logo\/image\/\",\"url\":\"https:\/\/www.cuscoairporttransport.com\/es\/wp-content\/uploads\/2019\/10\/cuscoairporttransport.jpg\",\"contentUrl\":\"https:\/\/www.cuscoairporttransport.com\/es\/wp-content\/uploads\/2019\/10\/cuscoairporttransport.jpg\",\"width\":348,\"height\":113,\"caption\":\"Traslados Aeropuerto a Hotel en Cusco\"},\"image\":{\"@id\":\"https:\/\/www.cuscoairporttransport.com\/es\/#\/schema\/logo\/image\/\"},\"sameAs\":[\"https:\/\/www.facebook.com\/cuscoairport\",\"https:\/\/www.instagram.com\/cuscoairporttransport\/\"]}]}<\/script>\n<!-- \/ Yoast SEO plugin. -->","yoast_head_json":{"title":"Traslado privado Cusco a Maras","description":"Traslado privado Cusco a Maras. Servicio de transporte tur\u00edstico privado desde Cusco a Maras o Maras a Cusco. Tenemos salidas diarias!","robots":{"index":"index","follow":"follow","max-snippet":"max-snippet:-1","max-image-preview":"max-image-preview:large","max-video-preview":"max-video-preview:-1"},"canonical":"https:\/\/www.cuscoairporttransport.com\/es\/tours\/traslado-privado-cusco-a-maras\/","og_locale":"es_ES","og_type":"article","og_title":"Traslado privado Cusco a Maras","og_description":"Traslado privado Cusco a Maras. Servicio de transporte tur\u00edstico privado desde Cusco a Maras o Maras a Cusco. Tenemos salidas diarias!","og_url":"https:\/\/www.cuscoairporttransport.com\/es\/tours\/traslado-privado-cusco-a-maras\/","og_site_name":"Traslados privados Cusco","article_publisher":"https:\/\/www.facebook.com\/cuscoairport","article_modified_time":"2025-04-15T08:56:20+00:00","og_image":[{"width":2560,"height":752,"url":"https:\/\/www.cuscoairporttransport.com\/es\/wp-content\/uploads\/2025\/04\/maras-traslado.jpg","type":"image\/jpeg"}],"twitter_card":"summary_large_image","twitter_misc":{"Tiempo de lectura":"2 minutos"},"schema":{"@context":"https:\/\/schema.org","@graph":[{"@type":"WebPage","@id":"https:\/\/www.cuscoairporttransport.com\/es\/tours\/traslado-privado-cusco-a-maras\/","url":"https:\/\/www.cuscoairporttransport.com\/es\/tours\/traslado-privado-cusco-a-maras\/","name":"Traslado privado Cusco a Maras","isPartOf":{"@id":"https:\/\/www.cuscoairporttransport.com\/es\/#website"},"primaryImageOfPage":{"@id":"https:\/\/www.cuscoairporttransport.com\/es\/tours\/traslado-privado-cusco-a-maras\/#primaryimage"},"image":{"@id":"https:\/\/www.cuscoairporttransport.com\/es\/tours\/traslado-privado-cusco-a-maras\/#primaryimage"},"thumbnailUrl":"https:\/\/www.cuscoairporttransport.com\/es\/wp-content\/uploads\/2025\/04\/maras-traslado.jpg","datePublished":"2025-04-15T08:54:08+00:00","dateModified":"2025-04-15T08:56:20+00:00","description":"Traslado privado Cusco a Maras. Servicio de transporte tur\u00edstico privado desde Cusco a Maras o Maras a Cusco. Tenemos salidas diarias!","breadcrumb":{"@id":"https:\/\/www.cuscoairporttransport.com\/es\/tours\/traslado-privado-cusco-a-maras\/#breadcrumb"},"inLanguage":"es","potentialAction":[{"@type":"ReadAction","target":["https:\/\/www.cuscoairporttransport.com\/es\/tours\/traslado-privado-cusco-a-maras\/"]}]},{"@type":"ImageObject","inLanguage":"es","@id":"https:\/\/www.cuscoairporttransport.com\/es\/tours\/traslado-privado-cusco-a-maras\/#primaryimage","url":"https:\/\/www.cuscoairporttransport.com\/es\/wp-content\/uploads\/2025\/04\/maras-traslado.jpg","contentUrl":"https:\/\/www.cuscoairporttransport.com\/es\/wp-content\/uploads\/2025\/04\/maras-traslado.jpg","width":2560,"height":752,"caption":"maras traslado"},{"@type":"BreadcrumbList","@id":"https:\/\/www.cuscoairporttransport.com\/es\/tours\/traslado-privado-cusco-a-maras\/#breadcrumb","itemListElement":[{"@type":"ListItem","position":1,"name":"Portada","item":"https:\/\/www.cuscoairporttransport.com\/es\/"},{"@type":"ListItem","position":2,"name":"Productos","item":"https:\/\/www.cuscoairporttransport.com\/es\/shop\/"},{"@type":"ListItem","position":3,"name":"Traslado privado Cusco a Maras"}]},{"@type":"WebSite","@id":"https:\/\/www.cuscoairporttransport.com\/es\/#website","url":"https:\/\/www.cuscoairporttransport.com\/es\/","name":"Traslados Aeropuerto a Hotel en Cusco","description":"","publisher":{"@id":"https:\/\/www.cuscoairporttransport.com\/es\/#organization"},"potentialAction":[{"@type":"SearchAction","target":{"@type":"EntryPoint","urlTemplate":"https:\/\/www.cuscoairporttransport.com\/es\/?s={search_term_string}"},"query-input":{"@type":"PropertyValueSpecification","valueRequired":true,"valueName":"search_term_string"}}],"inLanguage":"es"},{"@type":"Organization","@id":"https:\/\/www.cuscoairporttransport.com\/es\/#organization","name":"Traslados Aeropuerto a Hotel en Cusco","url":"https:\/\/www.cuscoairporttransport.com\/es\/","logo":{"@type":"ImageObject","inLanguage":"es","@id":"https:\/\/www.cuscoairporttransport.com\/es\/#\/schema\/logo\/image\/","url":"https:\/\/www.cuscoairporttransport.com\/es\/wp-content\/uploads\/2019\/10\/cuscoairporttransport.jpg","contentUrl":"https:\/\/www.cuscoairporttransport.com\/es\/wp-content\/uploads\/2019\/10\/cuscoairporttransport.jpg","width":348,"height":113,"caption":"Traslados Aeropuerto a Hotel en Cusco"},"image":{"@id":"https:\/\/www.cuscoairporttransport.com\/es\/#\/schema\/logo\/image\/"},"sameAs":["https:\/\/www.facebook.com\/cuscoairport","https:\/\/www.instagram.com\/cuscoairporttransport\/"]}]}},"_links":{"self":[{"href":"https:\/\/www.cuscoairporttransport.com\/es\/wp-json\/wp\/v2\/product\/722","targetHints":{"allow":["GET"]}}],"collection":[{"href":"https:\/\/www.cuscoairporttransport.com\/es\/wp-json\/wp\/v2\/product"}],"about":[{"href":"https:\/\/www.cuscoairporttransport.com\/es\/wp-json\/wp\/v2\/types\/product"}],"replies":[{"embeddable":true,"href":"https:\/\/www.cuscoairporttransport.com\/es\/wp-json\/wp\/v2\/comments?post=722"}],"wp:featuredmedia":[{"embeddable":true,"href":"https:\/\/www.cuscoairporttransport.com\/es\/wp-json\/wp\/v2\/media\/723"}],"wp:attachment":[{"href":"https:\/\/www.cuscoairporttransport.com\/es\/wp-json\/wp\/v2\/media?parent=722"}],"wp:term":[{"taxonomy":"product_brand","embeddable":true,"href":"https:\/\/www.cuscoairporttransport.com\/es\/wp-json\/wp\/v2\/product_brand?post=722"},{"taxonomy":"product_cat","embeddable":true,"href":"https:\/\/www.cuscoairporttransport.com\/es\/wp-json\/wp\/v2\/product_cat?post=722"},{"taxonomy":"product_tag","embeddable":true,"href":"https:\/\/www.cuscoairporttransport.com\/es\/wp-json\/wp\/v2\/product_tag?post=722"}],"curies":[{"name":"wp","href":"https:\/\/api.w.org\/{rel}","templated":true}]}}