{"id":821,"date":"2025-06-28T19:35:36","date_gmt":"2025-06-28T19:35:36","guid":{"rendered":"https:\/\/www.cuscoairporttransport.com\/es\/?post_type=product&#038;p=821"},"modified":"2025-06-28T19:48:21","modified_gmt":"2025-06-28T19:48:21","slug":"transporte-privado-cusco-a-estacion-poroy-ida-y-vuelta","status":"publish","type":"product","link":"https:\/\/www.cuscoairporttransport.com\/es\/tours\/transporte-privado-cusco-a-estacion-poroy-ida-y-vuelta\/","title":{"rendered":"Transporte privado Cusco a Estacion Poroy ida y vuelta"},"content":{"rendered":"<p><strong>Transporte privado Cusco a Estacion Poroy ida y vuelta<\/strong>. Servicio de traslado privado desde Cusco \/ Aeropuerto <a href=\"https:\/\/www.cuscoairporttransport.com\/es\/tours\/traslado-desde-cusco-a-la-estacion-de-tren-de-poroy\/\" target=\"_blank\" rel=\"noopener\">Cusco a Estaci\u00f3n de Poroy<\/a>. Tenemos salidas en todos los horarios, solicite su traslado privado por nuestro canal de WhatsApp. Contamos con diferentes tipos de Veh\u00edculos ideales para viajeros solitarios, familias y grupos de amigos. La estaci\u00f3n de Poroy se encuentra a 35 minutos aproximadamente del centro del Cusco. El tiempo de viaje puede variar todo depender\u00e1 del tr\u00e1fico de la ciudad.<\/p>\n<h2>Traslado Cusco a estacion de Poroy<\/h2>\n<table style=\"height: 86px;\" width=\"240\">\n<tbody>\n<tr>\n<td style=\"background-color: #ff3333; border-color: #ff3333; text-align: center;\"><a href=\"https:\/\/wa.me\/51989694842\"><span style=\"color: #ffffff;\">WhatsApp: Reservar<\/span><\/a><\/td>\n<\/tr>\n<tr>\n<td style=\"border-color: #ffffff;\"><\/td>\n<\/tr>\n<\/tbody>\n<\/table>\n<p><strong>Incluye<\/strong><br \/>\n<i class=\"fa fa-check icon-tick icon-tick--on\"><\/i> Recojo en Cusco (Hotel o Aeropuerto)<br \/>\n<i class=\"fa fa-check icon-tick icon-tick--on\"><\/i> Movilidad y Conductor<br \/>\n<i class=\"fa fa-check icon-tick icon-tick--on\"><\/i> Drop off en <a href=\"https:\/\/www.mountainpalcoyo.com\/es\/traslado-cusco-poroy\/\" target=\"_blank\" rel=\"noopener\">Estaci\u00f3n de Poroy<\/a><\/p>\n<p><strong>No Incluye<\/strong>:<br \/>\n<i class=\"fa fa-times icon-tick icon-tick--off\"><\/i> Seguro de viaje y otros servicios no mencionados.<\/p>\n<p><strong>Importante<\/strong>:<br \/>\n\u2022 Para el servicio de ida debe indicar la fecha, hora y direcci\u00f3n de Recojo.<br \/>\n\u2022 Para el retorno indicar la fecha, hora y n\u00famero de tren.<br \/>\n\u2022 Si tu recojo es del <a href=\"https:\/\/www.cuscoairporttransport.com\/es\/tours\/traslado-aeropuerto-cusco-a-hotel-en-cusco\/\" target=\"_blank\" rel=\"noopener\">Aeropuerto Cusco<\/a> debes indicar el n\u00famero de vuelo.<\/p>\n<p><img loading=\"lazy\" decoding=\"async\" class=\"alignnone size-full wp-image-823\" src=\"https:\/\/www.cuscoairporttransport.com\/es\/wp-content\/uploads\/2025\/06\/transporte-poroy.jpg\" alt=\"transporte poroy\" width=\"900\" height=\"1200\" srcset=\"https:\/\/www.cuscoairporttransport.com\/es\/wp-content\/uploads\/2025\/06\/transporte-poroy.jpg 900w, https:\/\/www.cuscoairporttransport.com\/es\/wp-content\/uploads\/2025\/06\/transporte-poroy-225x300.jpg 225w, https:\/\/www.cuscoairporttransport.com\/es\/wp-content\/uploads\/2025\/06\/transporte-poroy-768x1024.jpg 768w, https:\/\/www.cuscoairporttransport.com\/es\/wp-content\/uploads\/2025\/06\/transporte-poroy-600x800.jpg 600w\" sizes=\"auto, (max-width: 900px) 100vw, 900px\" \/> <img loading=\"lazy\" decoding=\"async\" class=\"alignnone size-full wp-image-824\" src=\"https:\/\/www.cuscoairporttransport.com\/es\/wp-content\/uploads\/2025\/06\/traslado-poroy.jpg\" alt=\"traslado poroy\" width=\"900\" height=\"1200\" srcset=\"https:\/\/www.cuscoairporttransport.com\/es\/wp-content\/uploads\/2025\/06\/traslado-poroy.jpg 900w, https:\/\/www.cuscoairporttransport.com\/es\/wp-content\/uploads\/2025\/06\/traslado-poroy-225x300.jpg 225w, https:\/\/www.cuscoairporttransport.com\/es\/wp-content\/uploads\/2025\/06\/traslado-poroy-768x1024.jpg 768w, https:\/\/www.cuscoairporttransport.com\/es\/wp-content\/uploads\/2025\/06\/traslado-poroy-600x800.jpg 600w\" sizes=\"auto, (max-width: 900px) 100vw, 900px\" \/><\/p>\n","protected":false},"excerpt":{"rendered":"<div class=\"padding-top text-center\"><a href=\"https:\/\/www.cuscoairporttransport.com\/es\/tours\/transporte-privado-cusco-a-estacion-poroy-ida-y-vuelta\/\" class=\"atbtn atbtn--medium atbtn--rounded atbtn--transparent\">Continuar lectura<i class=\"atbtn__icon atbtn__icon--right fa fa-long-arrow-right\"><\/i><\/a><\/div>\n","protected":false},"featured_media":822,"comment_status":"closed","ping_status":"closed","template":"","meta":[],"product_brand":[],"product_cat":[18],"product_tag":[],"class_list":{"0":"post-821","1":"product","2":"type-product","3":"status-publish","4":"has-post-thumbnail","6":"product_cat-traslados-cusco","7":"tour_category-cusco-traslados","9":"first","10":"instock","11":"shipping-taxable","12":"product-type-tour"},"yoast_head":"<!-- This site is optimized with the Yoast SEO plugin v27.1.1 - https:\/\/yoast.com\/product\/yoast-seo-wordpress\/ -->\n<title>Transporte privado Cusco a Estacion Poroy ida y vuelta<\/title>\n<meta name=\"description\" content=\"Transporte privado Cusco a Estacion Poroy ida y vuelta. Servicio de traslado privado desde Cusco a Estacion de Poroy ida y vuelta. Salidas diarias!\" \/>\n<meta name=\"robots\" content=\"index, follow, max-snippet:-1, max-image-preview:large, max-video-preview:-1\" \/>\n<link rel=\"canonical\" href=\"https:\/\/www.cuscoairporttransport.com\/es\/tours\/transporte-privado-cusco-a-estacion-poroy-ida-y-vuelta\/\" \/>\n<meta property=\"og:locale\" content=\"es_ES\" \/>\n<meta property=\"og:type\" content=\"article\" \/>\n<meta property=\"og:title\" content=\"Transporte privado Cusco a Estacion Poroy ida y vuelta\" \/>\n<meta property=\"og:description\" content=\"Transporte privado Cusco a Estacion Poroy ida y vuelta. Servicio de traslado privado desde Cusco a Estacion de Poroy ida y vuelta. Salidas diarias!\" \/>\n<meta property=\"og:url\" content=\"https:\/\/www.cuscoairporttransport.com\/es\/tours\/transporte-privado-cusco-a-estacion-poroy-ida-y-vuelta\/\" \/>\n<meta property=\"og:site_name\" content=\"Traslados privados Cusco\" \/>\n<meta property=\"article:publisher\" content=\"https:\/\/www.facebook.com\/cuscoairport\" \/>\n<meta property=\"article:modified_time\" content=\"2025-06-28T19:48:21+00:00\" \/>\n<meta property=\"og:image\" content=\"https:\/\/www.cuscoairporttransport.com\/es\/wp-content\/uploads\/2025\/06\/poroy-transporte.jpg\" \/>\n\t<meta property=\"og:image:width\" content=\"2560\" \/>\n\t<meta property=\"og:image:height\" content=\"752\" \/>\n\t<meta property=\"og:image:type\" content=\"image\/jpeg\" \/>\n<meta name=\"twitter:card\" content=\"summary_large_image\" \/>\n<meta name=\"twitter:label1\" content=\"Tiempo de lectura\" \/>\n\t<meta name=\"twitter:data1\" content=\"2 minutos\" \/>\n<script type=\"application\/ld+json\" class=\"yoast-schema-graph\">{\"@context\":\"https:\/\/schema.org\",\"@graph\":[{\"@type\":\"WebPage\",\"@id\":\"https:\/\/www.cuscoairporttransport.com\/es\/tours\/transporte-privado-cusco-a-estacion-poroy-ida-y-vuelta\/\",\"url\":\"https:\/\/www.cuscoairporttransport.com\/es\/tours\/transporte-privado-cusco-a-estacion-poroy-ida-y-vuelta\/\",\"name\":\"Transporte privado Cusco a Estacion Poroy ida y vuelta\",\"isPartOf\":{\"@id\":\"https:\/\/www.cuscoairporttransport.com\/es\/#website\"},\"primaryImageOfPage\":{\"@id\":\"https:\/\/www.cuscoairporttransport.com\/es\/tours\/transporte-privado-cusco-a-estacion-poroy-ida-y-vuelta\/#primaryimage\"},\"image\":{\"@id\":\"https:\/\/www.cuscoairporttransport.com\/es\/tours\/transporte-privado-cusco-a-estacion-poroy-ida-y-vuelta\/#primaryimage\"},\"thumbnailUrl\":\"https:\/\/www.cuscoairporttransport.com\/es\/wp-content\/uploads\/2025\/06\/poroy-transporte.jpg\",\"datePublished\":\"2025-06-28T19:35:36+00:00\",\"dateModified\":\"2025-06-28T19:48:21+00:00\",\"description\":\"Transporte privado Cusco a Estacion Poroy ida y vuelta. Servicio de traslado privado desde Cusco a Estacion de Poroy ida y vuelta. Salidas diarias!\",\"breadcrumb\":{\"@id\":\"https:\/\/www.cuscoairporttransport.com\/es\/tours\/transporte-privado-cusco-a-estacion-poroy-ida-y-vuelta\/#breadcrumb\"},\"inLanguage\":\"es\",\"potentialAction\":[{\"@type\":\"ReadAction\",\"target\":[\"https:\/\/www.cuscoairporttransport.com\/es\/tours\/transporte-privado-cusco-a-estacion-poroy-ida-y-vuelta\/\"]}]},{\"@type\":\"ImageObject\",\"inLanguage\":\"es\",\"@id\":\"https:\/\/www.cuscoairporttransport.com\/es\/tours\/transporte-privado-cusco-a-estacion-poroy-ida-y-vuelta\/#primaryimage\",\"url\":\"https:\/\/www.cuscoairporttransport.com\/es\/wp-content\/uploads\/2025\/06\/poroy-transporte.jpg\",\"contentUrl\":\"https:\/\/www.cuscoairporttransport.com\/es\/wp-content\/uploads\/2025\/06\/poroy-transporte.jpg\",\"width\":2560,\"height\":752,\"caption\":\"poroy transporte\"},{\"@type\":\"BreadcrumbList\",\"@id\":\"https:\/\/www.cuscoairporttransport.com\/es\/tours\/transporte-privado-cusco-a-estacion-poroy-ida-y-vuelta\/#breadcrumb\",\"itemListElement\":[{\"@type\":\"ListItem\",\"position\":1,\"name\":\"Portada\",\"item\":\"https:\/\/www.cuscoairporttransport.com\/es\/\"},{\"@type\":\"ListItem\",\"position\":2,\"name\":\"Productos\",\"item\":\"https:\/\/www.cuscoairporttransport.com\/es\/shop\/\"},{\"@type\":\"ListItem\",\"position\":3,\"name\":\"Transporte privado Cusco a Estacion Poroy ida y vuelta\"}]},{\"@type\":\"WebSite\",\"@id\":\"https:\/\/www.cuscoairporttransport.com\/es\/#website\",\"url\":\"https:\/\/www.cuscoairporttransport.com\/es\/\",\"name\":\"Traslados Aeropuerto a Hotel en Cusco\",\"description\":\"\",\"publisher\":{\"@id\":\"https:\/\/www.cuscoairporttransport.com\/es\/#organization\"},\"potentialAction\":[{\"@type\":\"SearchAction\",\"target\":{\"@type\":\"EntryPoint\",\"urlTemplate\":\"https:\/\/www.cuscoairporttransport.com\/es\/?s={search_term_string}\"},\"query-input\":{\"@type\":\"PropertyValueSpecification\",\"valueRequired\":true,\"valueName\":\"search_term_string\"}}],\"inLanguage\":\"es\"},{\"@type\":\"Organization\",\"@id\":\"https:\/\/www.cuscoairporttransport.com\/es\/#organization\",\"name\":\"Traslados Aeropuerto a Hotel en Cusco\",\"url\":\"https:\/\/www.cuscoairporttransport.com\/es\/\",\"logo\":{\"@type\":\"ImageObject\",\"inLanguage\":\"es\",\"@id\":\"https:\/\/www.cuscoairporttransport.com\/es\/#\/schema\/logo\/image\/\",\"url\":\"https:\/\/www.cuscoairporttransport.com\/es\/wp-content\/uploads\/2019\/10\/cuscoairporttransport.jpg\",\"contentUrl\":\"https:\/\/www.cuscoairporttransport.com\/es\/wp-content\/uploads\/2019\/10\/cuscoairporttransport.jpg\",\"width\":348,\"height\":113,\"caption\":\"Traslados Aeropuerto a Hotel en Cusco\"},\"image\":{\"@id\":\"https:\/\/www.cuscoairporttransport.com\/es\/#\/schema\/logo\/image\/\"},\"sameAs\":[\"https:\/\/www.facebook.com\/cuscoairport\",\"https:\/\/www.instagram.com\/cuscoairporttransport\/\"]}]}<\/script>\n<!-- \/ Yoast SEO plugin. -->","yoast_head_json":{"title":"Transporte privado Cusco a Estacion Poroy ida y vuelta","description":"Transporte privado Cusco a Estacion Poroy ida y vuelta. Servicio de traslado privado desde Cusco a Estacion de Poroy ida y vuelta. Salidas diarias!","robots":{"index":"index","follow":"follow","max-snippet":"max-snippet:-1","max-image-preview":"max-image-preview:large","max-video-preview":"max-video-preview:-1"},"canonical":"https:\/\/www.cuscoairporttransport.com\/es\/tours\/transporte-privado-cusco-a-estacion-poroy-ida-y-vuelta\/","og_locale":"es_ES","og_type":"article","og_title":"Transporte privado Cusco a Estacion Poroy ida y vuelta","og_description":"Transporte privado Cusco a Estacion Poroy ida y vuelta. Servicio de traslado privado desde Cusco a Estacion de Poroy ida y vuelta. Salidas diarias!","og_url":"https:\/\/www.cuscoairporttransport.com\/es\/tours\/transporte-privado-cusco-a-estacion-poroy-ida-y-vuelta\/","og_site_name":"Traslados privados Cusco","article_publisher":"https:\/\/www.facebook.com\/cuscoairport","article_modified_time":"2025-06-28T19:48:21+00:00","og_image":[{"width":2560,"height":752,"url":"https:\/\/www.cuscoairporttransport.com\/es\/wp-content\/uploads\/2025\/06\/poroy-transporte.jpg","type":"image\/jpeg"}],"twitter_card":"summary_large_image","twitter_misc":{"Tiempo de lectura":"2 minutos"},"schema":{"@context":"https:\/\/schema.org","@graph":[{"@type":"WebPage","@id":"https:\/\/www.cuscoairporttransport.com\/es\/tours\/transporte-privado-cusco-a-estacion-poroy-ida-y-vuelta\/","url":"https:\/\/www.cuscoairporttransport.com\/es\/tours\/transporte-privado-cusco-a-estacion-poroy-ida-y-vuelta\/","name":"Transporte privado Cusco a Estacion Poroy ida y vuelta","isPartOf":{"@id":"https:\/\/www.cuscoairporttransport.com\/es\/#website"},"primaryImageOfPage":{"@id":"https:\/\/www.cuscoairporttransport.com\/es\/tours\/transporte-privado-cusco-a-estacion-poroy-ida-y-vuelta\/#primaryimage"},"image":{"@id":"https:\/\/www.cuscoairporttransport.com\/es\/tours\/transporte-privado-cusco-a-estacion-poroy-ida-y-vuelta\/#primaryimage"},"thumbnailUrl":"https:\/\/www.cuscoairporttransport.com\/es\/wp-content\/uploads\/2025\/06\/poroy-transporte.jpg","datePublished":"2025-06-28T19:35:36+00:00","dateModified":"2025-06-28T19:48:21+00:00","description":"Transporte privado Cusco a Estacion Poroy ida y vuelta. Servicio de traslado privado desde Cusco a Estacion de Poroy ida y vuelta. Salidas diarias!","breadcrumb":{"@id":"https:\/\/www.cuscoairporttransport.com\/es\/tours\/transporte-privado-cusco-a-estacion-poroy-ida-y-vuelta\/#breadcrumb"},"inLanguage":"es","potentialAction":[{"@type":"ReadAction","target":["https:\/\/www.cuscoairporttransport.com\/es\/tours\/transporte-privado-cusco-a-estacion-poroy-ida-y-vuelta\/"]}]},{"@type":"ImageObject","inLanguage":"es","@id":"https:\/\/www.cuscoairporttransport.com\/es\/tours\/transporte-privado-cusco-a-estacion-poroy-ida-y-vuelta\/#primaryimage","url":"https:\/\/www.cuscoairporttransport.com\/es\/wp-content\/uploads\/2025\/06\/poroy-transporte.jpg","contentUrl":"https:\/\/www.cuscoairporttransport.com\/es\/wp-content\/uploads\/2025\/06\/poroy-transporte.jpg","width":2560,"height":752,"caption":"poroy transporte"},{"@type":"BreadcrumbList","@id":"https:\/\/www.cuscoairporttransport.com\/es\/tours\/transporte-privado-cusco-a-estacion-poroy-ida-y-vuelta\/#breadcrumb","itemListElement":[{"@type":"ListItem","position":1,"name":"Portada","item":"https:\/\/www.cuscoairporttransport.com\/es\/"},{"@type":"ListItem","position":2,"name":"Productos","item":"https:\/\/www.cuscoairporttransport.com\/es\/shop\/"},{"@type":"ListItem","position":3,"name":"Transporte privado Cusco a Estacion Poroy ida y vuelta"}]},{"@type":"WebSite","@id":"https:\/\/www.cuscoairporttransport.com\/es\/#website","url":"https:\/\/www.cuscoairporttransport.com\/es\/","name":"Traslados Aeropuerto a Hotel en Cusco","description":"","publisher":{"@id":"https:\/\/www.cuscoairporttransport.com\/es\/#organization"},"potentialAction":[{"@type":"SearchAction","target":{"@type":"EntryPoint","urlTemplate":"https:\/\/www.cuscoairporttransport.com\/es\/?s={search_term_string}"},"query-input":{"@type":"PropertyValueSpecification","valueRequired":true,"valueName":"search_term_string"}}],"inLanguage":"es"},{"@type":"Organization","@id":"https:\/\/www.cuscoairporttransport.com\/es\/#organization","name":"Traslados Aeropuerto a Hotel en Cusco","url":"https:\/\/www.cuscoairporttransport.com\/es\/","logo":{"@type":"ImageObject","inLanguage":"es","@id":"https:\/\/www.cuscoairporttransport.com\/es\/#\/schema\/logo\/image\/","url":"https:\/\/www.cuscoairporttransport.com\/es\/wp-content\/uploads\/2019\/10\/cuscoairporttransport.jpg","contentUrl":"https:\/\/www.cuscoairporttransport.com\/es\/wp-content\/uploads\/2019\/10\/cuscoairporttransport.jpg","width":348,"height":113,"caption":"Traslados Aeropuerto a Hotel en Cusco"},"image":{"@id":"https:\/\/www.cuscoairporttransport.com\/es\/#\/schema\/logo\/image\/"},"sameAs":["https:\/\/www.facebook.com\/cuscoairport","https:\/\/www.instagram.com\/cuscoairporttransport\/"]}]}},"_links":{"self":[{"href":"https:\/\/www.cuscoairporttransport.com\/es\/wp-json\/wp\/v2\/product\/821","targetHints":{"allow":["GET"]}}],"collection":[{"href":"https:\/\/www.cuscoairporttransport.com\/es\/wp-json\/wp\/v2\/product"}],"about":[{"href":"https:\/\/www.cuscoairporttransport.com\/es\/wp-json\/wp\/v2\/types\/product"}],"replies":[{"embeddable":true,"href":"https:\/\/www.cuscoairporttransport.com\/es\/wp-json\/wp\/v2\/comments?post=821"}],"wp:featuredmedia":[{"embeddable":true,"href":"https:\/\/www.cuscoairporttransport.com\/es\/wp-json\/wp\/v2\/media\/822"}],"wp:attachment":[{"href":"https:\/\/www.cuscoairporttransport.com\/es\/wp-json\/wp\/v2\/media?parent=821"}],"wp:term":[{"taxonomy":"product_brand","embeddable":true,"href":"https:\/\/www.cuscoairporttransport.com\/es\/wp-json\/wp\/v2\/product_brand?post=821"},{"taxonomy":"product_cat","embeddable":true,"href":"https:\/\/www.cuscoairporttransport.com\/es\/wp-json\/wp\/v2\/product_cat?post=821"},{"taxonomy":"product_tag","embeddable":true,"href":"https:\/\/www.cuscoairporttransport.com\/es\/wp-json\/wp\/v2\/product_tag?post=821"}],"curies":[{"name":"wp","href":"https:\/\/api.w.org\/{rel}","templated":true}]}}