{"id":95,"date":"2019-10-30T16:30:26","date_gmt":"2019-10-30T16:30:26","guid":{"rendered":"https:\/\/www.cuscoairporttransport.com\/es\/?post_type=product&#038;p=95"},"modified":"2025-03-27T08:52:12","modified_gmt":"2025-03-27T08:52:12","slug":"tour-privado-tipon-valle-sur-cusco","status":"publish","type":"product","link":"https:\/\/www.cuscoairporttransport.com\/es\/tours\/tour-privado-tipon-valle-sur-cusco\/","title":{"rendered":"Tour Privado Tipon Valle Sur Cusco"},"content":{"rendered":"<p><strong>Tour privado por el Valle Sur del Cusco<\/strong>, este circuito es perfecto porque visitaremos uno de los sitios arqueol\u00f3gicos m\u00e1s interesantes de <a href=\"https:\/\/www.cuscoairporttransport.com\/es\/tours\/tour-privado-por-la-ciudad-del-cusco\/\" target=\"_blank\" rel=\"noopener\">Cusco<\/a>. Los lugares para visitar ser\u00e1n el centro de riego arqueol\u00f3gico de <a href=\"https:\/\/www.mountainpalcoyo.com\/es\/tours\/humedales-de-huasao-y-ruinas-de-tipon\/\" target=\"_blank\" rel=\"noopener\">Tip\u00f3n<\/a>, Pikillaqta y Andahuaylillas, cuya atracci\u00f3n principal es el templo cat\u00f3lico considerado la Capilla Sixtina de Am\u00e9rica. Un circuito donde se pueden observar hermosos paisajes.<\/p>\n<h2>Valle Sur Cusco<\/h2>\n<p><strong>Hora<\/strong>: horario flexible<br \/>\n<strong>Duraci\u00f3n<\/strong>: 6 horas aproximadamente<br \/>\n<strong>Grupo privado<\/strong><br \/>\n<strong>Salidas diarias<\/strong><\/p>\n<p><strong>Importante<\/strong>: Para realizar este recorrido solo necesitamos el nombre de todos los pasajeros y la direcci\u00f3n de su hotel para recogerlo.<\/p>\n<table style=\"height: 86px;\" width=\"240\">\n<tbody>\n<tr>\n<td style=\"background-color: #ff3333; border-color: #ff3333; text-align: center;\"><a href=\"https:\/\/wa.me\/51989694842\"><span style=\"color: #ffffff;\">WhatsApp: Reservar<\/span><\/a><\/td>\n<\/tr>\n<tr>\n<td style=\"border-color: #ffffff;\"><\/td>\n<\/tr>\n<\/tbody>\n<\/table>\n<p><span style=\"color: #993300;\"><strong>Precio por Vehiculo + Conductor<\/strong><\/span><\/p>\n<p><strong>1 a 2 personas<\/strong>: USD 90<br \/>\n<strong>3 a 5 personas<\/strong>: USD 110<br \/>\n<strong>5 a 8 personas<\/strong>: USD 140<br \/>\n<strong>9 a 12 personas<\/strong>: USD 180<\/p>\n<p><strong>Nota<\/strong>: El conductor (Chofer) unicamente lo llevara a los destinos turisticos mencionados.<\/p>\n<p><span style=\"color: #993300;\"><strong>Precio por Vehiculo + Conductor + Guia (Bilingue)<\/strong><\/span><\/p>\n<p><strong>1 a 2 personas<\/strong>: USD 140<br \/>\n<strong>3 a 5 personas<\/strong>: USD 160<br \/>\n<strong>5 a 8 personas<\/strong>: USD 200<br \/>\n<strong>9 a 12 personas<\/strong>: USD 240<\/p>\n<p><strong>Nota<\/strong>: Con Guia adicional usted podra conocer la historia de cada lugar que visitaremos.<\/p>\n<p><strong>Incluye<\/strong>:<br \/>\n<i class=\"fa fa-check icon-tick icon-tick--on\"><\/i> Transporte privado<br \/>\n<i class=\"fa fa-check icon-tick icon-tick--on\"><\/i> Recojo y Drop off en tu Hotel \/ Airbnb en Cusco<\/p>\n<p><strong>No incluye<\/strong>:<br \/>\n<i class=\"fa fa-times icon-tick icon-tick--off\"><\/i> Boleto Tur\u00edstico Cusco<br \/>\n<i class=\"fa fa-times icon-tick icon-tick--off\"><\/i> Entrada Iglesia de Andahuaylillas<br \/>\n<i class=\"fa fa-times icon-tick icon-tick--off\"><\/i> Almuerzo<br \/>\n<i class=\"fa fa-times icon-tick icon-tick--off\"><\/i> Seguro de viaje<\/p>\n<h2>Itinerario Valle Sur Cusco<\/h2>\n<p>Nuestro circuito comenzar\u00e1 a la hora acordada y en el lugar acordado.<\/p>\n<p>\u2022 Primer lugar para visitar Tipon<br \/>\n\u2022 Segundo lugar para visitar Pikillacta<br \/>\n\u2022 Tercer lugar para visitar la Capilla Sixtina de Am\u00e9rica, ubicada en Andahuaylillas.<\/p>\n<p>Si contratas a un gu\u00eda, tendr\u00e1s una explicaci\u00f3n de todos los destinos tur\u00edsticos para visitar.<\/p>\n<table style=\"height: 86px;\" width=\"240\">\n<tbody>\n<tr>\n<td style=\"background-color: #ff3333; border-color: #ff3333; text-align: center;\"><a href=\"https:\/\/wa.me\/51989694842\"><span style=\"color: #ffffff;\">Consulta en Linea<\/span><\/a><\/td>\n<\/tr>\n<tr>\n<td style=\"border-color: #ffffff;\"><\/td>\n<\/tr>\n<\/tbody>\n<\/table>\n<h2>Tipon<\/h2>\n<p><img loading=\"lazy\" decoding=\"async\" class=\"alignnone size-full wp-image-437\" src=\"https:\/\/www.cuscoairporttransport.com\/es\/wp-content\/uploads\/2019\/10\/tipon-cusco.jpg\" alt=\"tipon cusco\" width=\"1440\" height=\"1800\" srcset=\"https:\/\/www.cuscoairporttransport.com\/es\/wp-content\/uploads\/2019\/10\/tipon-cusco.jpg 1440w, https:\/\/www.cuscoairporttransport.com\/es\/wp-content\/uploads\/2019\/10\/tipon-cusco-240x300.jpg 240w, https:\/\/www.cuscoairporttransport.com\/es\/wp-content\/uploads\/2019\/10\/tipon-cusco-819x1024.jpg 819w, https:\/\/www.cuscoairporttransport.com\/es\/wp-content\/uploads\/2019\/10\/tipon-cusco-768x960.jpg 768w, https:\/\/www.cuscoairporttransport.com\/es\/wp-content\/uploads\/2019\/10\/tipon-cusco-1229x1536.jpg 1229w, https:\/\/www.cuscoairporttransport.com\/es\/wp-content\/uploads\/2019\/10\/tipon-cusco-600x750.jpg 600w\" sizes=\"auto, (max-width: 1440px) 100vw, 1440px\" \/><\/p>\n","protected":false},"excerpt":{"rendered":"<div class=\"padding-top text-center\"><a href=\"https:\/\/www.cuscoairporttransport.com\/es\/tours\/tour-privado-tipon-valle-sur-cusco\/\" class=\"atbtn atbtn--medium atbtn--rounded atbtn--transparent\">Continuar lectura<i class=\"atbtn__icon atbtn__icon--right fa fa-long-arrow-right\"><\/i><\/a><\/div>\n","protected":false},"featured_media":96,"comment_status":"closed","ping_status":"closed","template":"","meta":[],"product_brand":[],"product_cat":[20],"product_tag":[],"class_list":{"0":"post-95","1":"product","2":"type-product","3":"status-publish","4":"has-post-thumbnail","6":"product_cat-tour-privados","7":"tour_category-cusco-tour-privados","9":"first","10":"instock","11":"sale","12":"shipping-taxable","13":"purchasable","14":"product-type-tour"},"yoast_head":"<!-- This site is optimized with the Yoast SEO plugin v27.1.1 - https:\/\/yoast.com\/product\/yoast-seo-wordpress\/ -->\n<title>Tour Privado Tipon Valle Sur Cusco<\/title>\n<meta name=\"description\" content=\"Tour Privado Tipon Valle Sur Cusco. Circuito perfecto para visitar Tipon, Pikillacta y la inglesia de Andahuaylillas. Incluye transporte privado!\" \/>\n<meta name=\"robots\" content=\"index, follow, max-snippet:-1, max-image-preview:large, max-video-preview:-1\" \/>\n<link rel=\"canonical\" href=\"https:\/\/www.cuscoairporttransport.com\/es\/tours\/tour-privado-tipon-valle-sur-cusco\/\" \/>\n<meta property=\"og:locale\" content=\"es_ES\" \/>\n<meta property=\"og:type\" content=\"article\" \/>\n<meta property=\"og:title\" content=\"Tour Privado Tipon Valle Sur Cusco\" \/>\n<meta property=\"og:description\" content=\"Tour Privado Tipon Valle Sur Cusco. Circuito perfecto para visitar Tipon, Pikillacta y la inglesia de Andahuaylillas. Incluye transporte privado!\" \/>\n<meta property=\"og:url\" content=\"https:\/\/www.cuscoairporttransport.com\/es\/tours\/tour-privado-tipon-valle-sur-cusco\/\" \/>\n<meta property=\"og:site_name\" content=\"Traslados privados Cusco\" \/>\n<meta property=\"article:publisher\" content=\"https:\/\/www.facebook.com\/cuscoairport\" \/>\n<meta property=\"article:modified_time\" content=\"2025-03-27T08:52:12+00:00\" \/>\n<meta property=\"og:image\" content=\"https:\/\/www.cuscoairporttransport.com\/es\/wp-content\/uploads\/2019\/10\/tipon.jpg\" \/>\n\t<meta property=\"og:image:width\" content=\"2560\" \/>\n\t<meta property=\"og:image:height\" content=\"752\" \/>\n\t<meta property=\"og:image:type\" content=\"image\/jpeg\" \/>\n<meta name=\"twitter:card\" content=\"summary_large_image\" \/>\n<meta name=\"twitter:label1\" content=\"Tiempo de lectura\" \/>\n\t<meta name=\"twitter:data1\" content=\"2 minutos\" \/>\n<script type=\"application\/ld+json\" class=\"yoast-schema-graph\">{\"@context\":\"https:\/\/schema.org\",\"@graph\":[{\"@type\":\"WebPage\",\"@id\":\"https:\/\/www.cuscoairporttransport.com\/es\/tours\/tour-privado-tipon-valle-sur-cusco\/\",\"url\":\"https:\/\/www.cuscoairporttransport.com\/es\/tours\/tour-privado-tipon-valle-sur-cusco\/\",\"name\":\"Tour Privado Tipon Valle Sur Cusco\",\"isPartOf\":{\"@id\":\"https:\/\/www.cuscoairporttransport.com\/es\/#website\"},\"primaryImageOfPage\":{\"@id\":\"https:\/\/www.cuscoairporttransport.com\/es\/tours\/tour-privado-tipon-valle-sur-cusco\/#primaryimage\"},\"image\":{\"@id\":\"https:\/\/www.cuscoairporttransport.com\/es\/tours\/tour-privado-tipon-valle-sur-cusco\/#primaryimage\"},\"thumbnailUrl\":\"https:\/\/www.cuscoairporttransport.com\/es\/wp-content\/uploads\/2019\/10\/tipon.jpg\",\"datePublished\":\"2019-10-30T16:30:26+00:00\",\"dateModified\":\"2025-03-27T08:52:12+00:00\",\"description\":\"Tour Privado Tipon Valle Sur Cusco. Circuito perfecto para visitar Tipon, Pikillacta y la inglesia de Andahuaylillas. Incluye transporte privado!\",\"breadcrumb\":{\"@id\":\"https:\/\/www.cuscoairporttransport.com\/es\/tours\/tour-privado-tipon-valle-sur-cusco\/#breadcrumb\"},\"inLanguage\":\"es\",\"potentialAction\":[{\"@type\":\"ReadAction\",\"target\":[\"https:\/\/www.cuscoairporttransport.com\/es\/tours\/tour-privado-tipon-valle-sur-cusco\/\"]}]},{\"@type\":\"ImageObject\",\"inLanguage\":\"es\",\"@id\":\"https:\/\/www.cuscoairporttransport.com\/es\/tours\/tour-privado-tipon-valle-sur-cusco\/#primaryimage\",\"url\":\"https:\/\/www.cuscoairporttransport.com\/es\/wp-content\/uploads\/2019\/10\/tipon.jpg\",\"contentUrl\":\"https:\/\/www.cuscoairporttransport.com\/es\/wp-content\/uploads\/2019\/10\/tipon.jpg\",\"width\":2560,\"height\":752,\"caption\":\"tipon\"},{\"@type\":\"BreadcrumbList\",\"@id\":\"https:\/\/www.cuscoairporttransport.com\/es\/tours\/tour-privado-tipon-valle-sur-cusco\/#breadcrumb\",\"itemListElement\":[{\"@type\":\"ListItem\",\"position\":1,\"name\":\"Portada\",\"item\":\"https:\/\/www.cuscoairporttransport.com\/es\/\"},{\"@type\":\"ListItem\",\"position\":2,\"name\":\"Productos\",\"item\":\"https:\/\/www.cuscoairporttransport.com\/es\/shop\/\"},{\"@type\":\"ListItem\",\"position\":3,\"name\":\"Tour Privado Tipon Valle Sur Cusco\"}]},{\"@type\":\"WebSite\",\"@id\":\"https:\/\/www.cuscoairporttransport.com\/es\/#website\",\"url\":\"https:\/\/www.cuscoairporttransport.com\/es\/\",\"name\":\"Traslados Aeropuerto a Hotel en Cusco\",\"description\":\"\",\"publisher\":{\"@id\":\"https:\/\/www.cuscoairporttransport.com\/es\/#organization\"},\"potentialAction\":[{\"@type\":\"SearchAction\",\"target\":{\"@type\":\"EntryPoint\",\"urlTemplate\":\"https:\/\/www.cuscoairporttransport.com\/es\/?s={search_term_string}\"},\"query-input\":{\"@type\":\"PropertyValueSpecification\",\"valueRequired\":true,\"valueName\":\"search_term_string\"}}],\"inLanguage\":\"es\"},{\"@type\":\"Organization\",\"@id\":\"https:\/\/www.cuscoairporttransport.com\/es\/#organization\",\"name\":\"Traslados Aeropuerto a Hotel en Cusco\",\"url\":\"https:\/\/www.cuscoairporttransport.com\/es\/\",\"logo\":{\"@type\":\"ImageObject\",\"inLanguage\":\"es\",\"@id\":\"https:\/\/www.cuscoairporttransport.com\/es\/#\/schema\/logo\/image\/\",\"url\":\"https:\/\/www.cuscoairporttransport.com\/es\/wp-content\/uploads\/2019\/10\/cuscoairporttransport.jpg\",\"contentUrl\":\"https:\/\/www.cuscoairporttransport.com\/es\/wp-content\/uploads\/2019\/10\/cuscoairporttransport.jpg\",\"width\":348,\"height\":113,\"caption\":\"Traslados Aeropuerto a Hotel en Cusco\"},\"image\":{\"@id\":\"https:\/\/www.cuscoairporttransport.com\/es\/#\/schema\/logo\/image\/\"},\"sameAs\":[\"https:\/\/www.facebook.com\/cuscoairport\",\"https:\/\/www.instagram.com\/cuscoairporttransport\/\"]}]}<\/script>\n<!-- \/ Yoast SEO plugin. -->","yoast_head_json":{"title":"Tour Privado Tipon Valle Sur Cusco","description":"Tour Privado Tipon Valle Sur Cusco. Circuito perfecto para visitar Tipon, Pikillacta y la inglesia de Andahuaylillas. Incluye transporte privado!","robots":{"index":"index","follow":"follow","max-snippet":"max-snippet:-1","max-image-preview":"max-image-preview:large","max-video-preview":"max-video-preview:-1"},"canonical":"https:\/\/www.cuscoairporttransport.com\/es\/tours\/tour-privado-tipon-valle-sur-cusco\/","og_locale":"es_ES","og_type":"article","og_title":"Tour Privado Tipon Valle Sur Cusco","og_description":"Tour Privado Tipon Valle Sur Cusco. Circuito perfecto para visitar Tipon, Pikillacta y la inglesia de Andahuaylillas. Incluye transporte privado!","og_url":"https:\/\/www.cuscoairporttransport.com\/es\/tours\/tour-privado-tipon-valle-sur-cusco\/","og_site_name":"Traslados privados Cusco","article_publisher":"https:\/\/www.facebook.com\/cuscoairport","article_modified_time":"2025-03-27T08:52:12+00:00","og_image":[{"width":2560,"height":752,"url":"https:\/\/www.cuscoairporttransport.com\/es\/wp-content\/uploads\/2019\/10\/tipon.jpg","type":"image\/jpeg"}],"twitter_card":"summary_large_image","twitter_misc":{"Tiempo de lectura":"2 minutos"},"schema":{"@context":"https:\/\/schema.org","@graph":[{"@type":"WebPage","@id":"https:\/\/www.cuscoairporttransport.com\/es\/tours\/tour-privado-tipon-valle-sur-cusco\/","url":"https:\/\/www.cuscoairporttransport.com\/es\/tours\/tour-privado-tipon-valle-sur-cusco\/","name":"Tour Privado Tipon Valle Sur Cusco","isPartOf":{"@id":"https:\/\/www.cuscoairporttransport.com\/es\/#website"},"primaryImageOfPage":{"@id":"https:\/\/www.cuscoairporttransport.com\/es\/tours\/tour-privado-tipon-valle-sur-cusco\/#primaryimage"},"image":{"@id":"https:\/\/www.cuscoairporttransport.com\/es\/tours\/tour-privado-tipon-valle-sur-cusco\/#primaryimage"},"thumbnailUrl":"https:\/\/www.cuscoairporttransport.com\/es\/wp-content\/uploads\/2019\/10\/tipon.jpg","datePublished":"2019-10-30T16:30:26+00:00","dateModified":"2025-03-27T08:52:12+00:00","description":"Tour Privado Tipon Valle Sur Cusco. Circuito perfecto para visitar Tipon, Pikillacta y la inglesia de Andahuaylillas. Incluye transporte privado!","breadcrumb":{"@id":"https:\/\/www.cuscoairporttransport.com\/es\/tours\/tour-privado-tipon-valle-sur-cusco\/#breadcrumb"},"inLanguage":"es","potentialAction":[{"@type":"ReadAction","target":["https:\/\/www.cuscoairporttransport.com\/es\/tours\/tour-privado-tipon-valle-sur-cusco\/"]}]},{"@type":"ImageObject","inLanguage":"es","@id":"https:\/\/www.cuscoairporttransport.com\/es\/tours\/tour-privado-tipon-valle-sur-cusco\/#primaryimage","url":"https:\/\/www.cuscoairporttransport.com\/es\/wp-content\/uploads\/2019\/10\/tipon.jpg","contentUrl":"https:\/\/www.cuscoairporttransport.com\/es\/wp-content\/uploads\/2019\/10\/tipon.jpg","width":2560,"height":752,"caption":"tipon"},{"@type":"BreadcrumbList","@id":"https:\/\/www.cuscoairporttransport.com\/es\/tours\/tour-privado-tipon-valle-sur-cusco\/#breadcrumb","itemListElement":[{"@type":"ListItem","position":1,"name":"Portada","item":"https:\/\/www.cuscoairporttransport.com\/es\/"},{"@type":"ListItem","position":2,"name":"Productos","item":"https:\/\/www.cuscoairporttransport.com\/es\/shop\/"},{"@type":"ListItem","position":3,"name":"Tour Privado Tipon Valle Sur Cusco"}]},{"@type":"WebSite","@id":"https:\/\/www.cuscoairporttransport.com\/es\/#website","url":"https:\/\/www.cuscoairporttransport.com\/es\/","name":"Traslados Aeropuerto a Hotel en Cusco","description":"","publisher":{"@id":"https:\/\/www.cuscoairporttransport.com\/es\/#organization"},"potentialAction":[{"@type":"SearchAction","target":{"@type":"EntryPoint","urlTemplate":"https:\/\/www.cuscoairporttransport.com\/es\/?s={search_term_string}"},"query-input":{"@type":"PropertyValueSpecification","valueRequired":true,"valueName":"search_term_string"}}],"inLanguage":"es"},{"@type":"Organization","@id":"https:\/\/www.cuscoairporttransport.com\/es\/#organization","name":"Traslados Aeropuerto a Hotel en Cusco","url":"https:\/\/www.cuscoairporttransport.com\/es\/","logo":{"@type":"ImageObject","inLanguage":"es","@id":"https:\/\/www.cuscoairporttransport.com\/es\/#\/schema\/logo\/image\/","url":"https:\/\/www.cuscoairporttransport.com\/es\/wp-content\/uploads\/2019\/10\/cuscoairporttransport.jpg","contentUrl":"https:\/\/www.cuscoairporttransport.com\/es\/wp-content\/uploads\/2019\/10\/cuscoairporttransport.jpg","width":348,"height":113,"caption":"Traslados Aeropuerto a Hotel en Cusco"},"image":{"@id":"https:\/\/www.cuscoairporttransport.com\/es\/#\/schema\/logo\/image\/"},"sameAs":["https:\/\/www.facebook.com\/cuscoairport","https:\/\/www.instagram.com\/cuscoairporttransport\/"]}]}},"_links":{"self":[{"href":"https:\/\/www.cuscoairporttransport.com\/es\/wp-json\/wp\/v2\/product\/95","targetHints":{"allow":["GET"]}}],"collection":[{"href":"https:\/\/www.cuscoairporttransport.com\/es\/wp-json\/wp\/v2\/product"}],"about":[{"href":"https:\/\/www.cuscoairporttransport.com\/es\/wp-json\/wp\/v2\/types\/product"}],"replies":[{"embeddable":true,"href":"https:\/\/www.cuscoairporttransport.com\/es\/wp-json\/wp\/v2\/comments?post=95"}],"wp:featuredmedia":[{"embeddable":true,"href":"https:\/\/www.cuscoairporttransport.com\/es\/wp-json\/wp\/v2\/media\/96"}],"wp:attachment":[{"href":"https:\/\/www.cuscoairporttransport.com\/es\/wp-json\/wp\/v2\/media?parent=95"}],"wp:term":[{"taxonomy":"product_brand","embeddable":true,"href":"https:\/\/www.cuscoairporttransport.com\/es\/wp-json\/wp\/v2\/product_brand?post=95"},{"taxonomy":"product_cat","embeddable":true,"href":"https:\/\/www.cuscoairporttransport.com\/es\/wp-json\/wp\/v2\/product_cat?post=95"},{"taxonomy":"product_tag","embeddable":true,"href":"https:\/\/www.cuscoairporttransport.com\/es\/wp-json\/wp\/v2\/product_tag?post=95"}],"curies":[{"name":"wp","href":"https:\/\/api.w.org\/{rel}","templated":true}]}}