{"id":959,"date":"2025-10-16T22:13:58","date_gmt":"2025-10-16T22:13:58","guid":{"rendered":"https:\/\/www.cuscoairporttransport.com\/es\/?post_type=product&#038;p=959"},"modified":"2025-10-16T22:17:37","modified_gmt":"2025-10-16T22:17:37","slug":"traslado-privado-cusco-a-aranwa-valle-sagrado","status":"publish","type":"product","link":"https:\/\/www.cuscoairporttransport.com\/es\/tours\/traslado-privado-cusco-a-aranwa-valle-sagrado\/","title":{"rendered":"Traslado privado Cusco a Aranwa Valle Sagrado"},"content":{"rendered":"<p><strong>Traslado privado Cusco a Aranwa Valle Sagrado<\/strong>. Servicio de transporte privado desde Cusco o <a href=\"https:\/\/www.cuscoairporttransport.com\/es\/tours\/traslado-aeropuerto-cusco-a-hotel-en-cusco\/\" target=\"_blank\" rel=\"noopener\">Aeropuerto Cusco<\/a> a Aranwa Valle Sagrado localizado en la antigua Hacienda Yaravilca, <a href=\"https:\/\/www.cuscoairporttransport.com\/es\/traslado-cusco-a-urubamba\/\" target=\"_blank\" rel=\"noopener\">Urubamba<\/a>. Puedes solicitar tu traslado privado ida y vuelta o si deseas solo un tramo. Contamos con salidas diarias y en todos los horarios. El Hotel Aranwa <a href=\"https:\/\/www.trasladosaeropuertocusco.com\/privado-transporte-valle-sagrado-a-cusco\/\" target=\"_blank\" rel=\"noopener\">Valle Sagrado<\/a> es uno de los mejores del valle y pernoctar aqu\u00ed es toda una linda experiencia.<\/p>\n<h2>Cusco a Aranwa Valle Sagrado<\/h2>\n<table style=\"height: 86px;\" width=\"240\">\n<tbody>\n<tr>\n<td style=\"background-color: #ff3333; border-color: #ff3333; text-align: center;\"><a href=\"https:\/\/wa.me\/51989694842\"><span style=\"color: #ffffff;\">WhatsApp Reservar<\/span><\/a><\/td>\n<\/tr>\n<tr>\n<td style=\"border-color: #ffffff;\"><\/td>\n<\/tr>\n<\/tbody>\n<\/table>\n<p><strong>Para solicitar este traslado indique<\/strong><\/p>\n<p>\u2022 Numero de personas<br \/>\n\u2022 Hora y fecha de recojo<\/p>\n<p><strong>Nota<\/strong>: Si tu recojo es del Aeropuerto indicar numero de vuelo y hora de llegada<\/p>\n<p><strong>Incluye<\/strong>:<br \/>\n<i class=\"fa fa-check icon-tick icon-tick--on\"><\/i> Recojo y drop off (Indicar direcci\u00f3n)<br \/>\n<i class=\"fa fa-check icon-tick icon-tick--on\"><\/i> Movilidad y Conductor<\/p>\n<p><strong>NO incluye<\/strong><br \/>\n<i class=\"fa fa-times icon-tick icon-tick--off\"><\/i> \u00a0Seguro de viaje y otros servicios no mencionados<\/p>\n<p>El viaje desde <a href=\"https:\/\/www.mountainvinicunca.com\/es\/traslado-privado-cusco-a-valle-sagrado-ida-y-vuelta\/\" target=\"_blank\" rel=\"noopener\">Cusco hasta el Hotel Aranwa Valle Sagrado<\/a> tendr\u00e1 una duraci\u00f3n de 1 hora y 40 minutos aproximadamente, el tiempo puede variar brevemente todo depender\u00e1 del tr\u00e1fico de la ciudad. Y si deseas hacer paradas en el camino tambien es posible solo debes indicar al momento de solicitar tu traslado. Si deseas el traslado de retorno indique al momento de contactarnos.<\/p>\n<p><img loading=\"lazy\" decoding=\"async\" class=\"alignnone size-full wp-image-961\" src=\"https:\/\/www.cuscoairporttransport.com\/es\/wp-content\/uploads\/2025\/10\/traslado-aranwa-valle-sagrado.jpg\" alt=\"traslado aranwa valle sagrado\" width=\"1080\" height=\"1350\" srcset=\"https:\/\/www.cuscoairporttransport.com\/es\/wp-content\/uploads\/2025\/10\/traslado-aranwa-valle-sagrado.jpg 1080w, https:\/\/www.cuscoairporttransport.com\/es\/wp-content\/uploads\/2025\/10\/traslado-aranwa-valle-sagrado-240x300.jpg 240w, https:\/\/www.cuscoairporttransport.com\/es\/wp-content\/uploads\/2025\/10\/traslado-aranwa-valle-sagrado-819x1024.jpg 819w, https:\/\/www.cuscoairporttransport.com\/es\/wp-content\/uploads\/2025\/10\/traslado-aranwa-valle-sagrado-768x960.jpg 768w, https:\/\/www.cuscoairporttransport.com\/es\/wp-content\/uploads\/2025\/10\/traslado-aranwa-valle-sagrado-600x750.jpg 600w\" sizes=\"auto, (max-width: 1080px) 100vw, 1080px\" \/><\/p>\n<p><img loading=\"lazy\" decoding=\"async\" class=\"alignnone size-full wp-image-962\" src=\"https:\/\/www.cuscoairporttransport.com\/es\/wp-content\/uploads\/2025\/10\/aranwa-valle-sagrado-traslado.jpg\" alt=\"aranwa valle sagrado traslado\" width=\"1080\" height=\"1350\" srcset=\"https:\/\/www.cuscoairporttransport.com\/es\/wp-content\/uploads\/2025\/10\/aranwa-valle-sagrado-traslado.jpg 1080w, https:\/\/www.cuscoairporttransport.com\/es\/wp-content\/uploads\/2025\/10\/aranwa-valle-sagrado-traslado-240x300.jpg 240w, https:\/\/www.cuscoairporttransport.com\/es\/wp-content\/uploads\/2025\/10\/aranwa-valle-sagrado-traslado-819x1024.jpg 819w, https:\/\/www.cuscoairporttransport.com\/es\/wp-content\/uploads\/2025\/10\/aranwa-valle-sagrado-traslado-768x960.jpg 768w, https:\/\/www.cuscoairporttransport.com\/es\/wp-content\/uploads\/2025\/10\/aranwa-valle-sagrado-traslado-600x750.jpg 600w\" sizes=\"auto, (max-width: 1080px) 100vw, 1080px\" \/><\/p>\n","protected":false},"excerpt":{"rendered":"<div class=\"padding-top text-center\"><a href=\"https:\/\/www.cuscoairporttransport.com\/es\/tours\/traslado-privado-cusco-a-aranwa-valle-sagrado\/\" class=\"atbtn atbtn--medium atbtn--rounded atbtn--transparent\">Continuar lectura<i class=\"atbtn__icon atbtn__icon--right fa fa-long-arrow-right\"><\/i><\/a><\/div>\n","protected":false},"featured_media":960,"comment_status":"closed","ping_status":"closed","template":"","meta":[],"product_brand":[],"product_cat":[18],"product_tag":[],"class_list":{"0":"post-959","1":"product","2":"type-product","3":"status-publish","4":"has-post-thumbnail","6":"product_cat-traslados-cusco","7":"tour_category-cusco-traslados","9":"first","10":"instock","11":"shipping-taxable","12":"product-type-tour"},"yoast_head":"<!-- This site is optimized with the Yoast SEO plugin v27.1.1 - https:\/\/yoast.com\/product\/yoast-seo-wordpress\/ -->\n<title>Traslado privado Cusco a Aranwa Valle Sagrado<\/title>\n<meta name=\"description\" content=\"Traslado privado Cusco a Aranwa Valle Sagrado. Servicio de transporte privado desde Cusco o aeropuertp Cusco a Aranwa Valle Sagrado ubicado en Urubamba.\" \/>\n<meta name=\"robots\" content=\"index, follow, max-snippet:-1, max-image-preview:large, max-video-preview:-1\" \/>\n<link rel=\"canonical\" href=\"https:\/\/www.cuscoairporttransport.com\/es\/tours\/traslado-privado-cusco-a-aranwa-valle-sagrado\/\" \/>\n<meta property=\"og:locale\" content=\"es_ES\" \/>\n<meta property=\"og:type\" content=\"article\" \/>\n<meta property=\"og:title\" content=\"Traslado privado Cusco a Aranwa Valle Sagrado\" \/>\n<meta property=\"og:description\" content=\"Traslado privado Cusco a Aranwa Valle Sagrado. Servicio de transporte privado desde Cusco o aeropuertp Cusco a Aranwa Valle Sagrado ubicado en Urubamba.\" \/>\n<meta property=\"og:url\" content=\"https:\/\/www.cuscoairporttransport.com\/es\/tours\/traslado-privado-cusco-a-aranwa-valle-sagrado\/\" \/>\n<meta property=\"og:site_name\" content=\"Traslados privados Cusco\" \/>\n<meta property=\"article:publisher\" content=\"https:\/\/www.facebook.com\/cuscoairport\" \/>\n<meta property=\"article:modified_time\" content=\"2025-10-16T22:17:37+00:00\" \/>\n<meta property=\"og:image\" content=\"https:\/\/www.cuscoairporttransport.com\/es\/wp-content\/uploads\/2025\/10\/aranwa-valle-sagrado-transporte.jpg\" \/>\n\t<meta property=\"og:image:width\" content=\"2000\" \/>\n\t<meta property=\"og:image:height\" content=\"726\" \/>\n\t<meta property=\"og:image:type\" content=\"image\/jpeg\" \/>\n<meta name=\"twitter:card\" content=\"summary_large_image\" \/>\n<meta name=\"twitter:label1\" content=\"Tiempo de lectura\" \/>\n\t<meta name=\"twitter:data1\" content=\"2 minutos\" \/>\n<script type=\"application\/ld+json\" class=\"yoast-schema-graph\">{\"@context\":\"https:\/\/schema.org\",\"@graph\":[{\"@type\":\"WebPage\",\"@id\":\"https:\/\/www.cuscoairporttransport.com\/es\/tours\/traslado-privado-cusco-a-aranwa-valle-sagrado\/\",\"url\":\"https:\/\/www.cuscoairporttransport.com\/es\/tours\/traslado-privado-cusco-a-aranwa-valle-sagrado\/\",\"name\":\"Traslado privado Cusco a Aranwa Valle Sagrado\",\"isPartOf\":{\"@id\":\"https:\/\/www.cuscoairporttransport.com\/es\/#website\"},\"primaryImageOfPage\":{\"@id\":\"https:\/\/www.cuscoairporttransport.com\/es\/tours\/traslado-privado-cusco-a-aranwa-valle-sagrado\/#primaryimage\"},\"image\":{\"@id\":\"https:\/\/www.cuscoairporttransport.com\/es\/tours\/traslado-privado-cusco-a-aranwa-valle-sagrado\/#primaryimage\"},\"thumbnailUrl\":\"https:\/\/www.cuscoairporttransport.com\/es\/wp-content\/uploads\/2025\/10\/aranwa-valle-sagrado-transporte.jpg\",\"datePublished\":\"2025-10-16T22:13:58+00:00\",\"dateModified\":\"2025-10-16T22:17:37+00:00\",\"description\":\"Traslado privado Cusco a Aranwa Valle Sagrado. Servicio de transporte privado desde Cusco o aeropuertp Cusco a Aranwa Valle Sagrado ubicado en Urubamba.\",\"breadcrumb\":{\"@id\":\"https:\/\/www.cuscoairporttransport.com\/es\/tours\/traslado-privado-cusco-a-aranwa-valle-sagrado\/#breadcrumb\"},\"inLanguage\":\"es\",\"potentialAction\":[{\"@type\":\"ReadAction\",\"target\":[\"https:\/\/www.cuscoairporttransport.com\/es\/tours\/traslado-privado-cusco-a-aranwa-valle-sagrado\/\"]}]},{\"@type\":\"ImageObject\",\"inLanguage\":\"es\",\"@id\":\"https:\/\/www.cuscoairporttransport.com\/es\/tours\/traslado-privado-cusco-a-aranwa-valle-sagrado\/#primaryimage\",\"url\":\"https:\/\/www.cuscoairporttransport.com\/es\/wp-content\/uploads\/2025\/10\/aranwa-valle-sagrado-transporte.jpg\",\"contentUrl\":\"https:\/\/www.cuscoairporttransport.com\/es\/wp-content\/uploads\/2025\/10\/aranwa-valle-sagrado-transporte.jpg\",\"width\":2000,\"height\":726,\"caption\":\"aranwa valle sagrado transporte\"},{\"@type\":\"BreadcrumbList\",\"@id\":\"https:\/\/www.cuscoairporttransport.com\/es\/tours\/traslado-privado-cusco-a-aranwa-valle-sagrado\/#breadcrumb\",\"itemListElement\":[{\"@type\":\"ListItem\",\"position\":1,\"name\":\"Portada\",\"item\":\"https:\/\/www.cuscoairporttransport.com\/es\/\"},{\"@type\":\"ListItem\",\"position\":2,\"name\":\"Productos\",\"item\":\"https:\/\/www.cuscoairporttransport.com\/es\/shop\/\"},{\"@type\":\"ListItem\",\"position\":3,\"name\":\"Traslado privado Cusco a Aranwa Valle Sagrado\"}]},{\"@type\":\"WebSite\",\"@id\":\"https:\/\/www.cuscoairporttransport.com\/es\/#website\",\"url\":\"https:\/\/www.cuscoairporttransport.com\/es\/\",\"name\":\"Traslados Aeropuerto a Hotel en Cusco\",\"description\":\"\",\"publisher\":{\"@id\":\"https:\/\/www.cuscoairporttransport.com\/es\/#organization\"},\"potentialAction\":[{\"@type\":\"SearchAction\",\"target\":{\"@type\":\"EntryPoint\",\"urlTemplate\":\"https:\/\/www.cuscoairporttransport.com\/es\/?s={search_term_string}\"},\"query-input\":{\"@type\":\"PropertyValueSpecification\",\"valueRequired\":true,\"valueName\":\"search_term_string\"}}],\"inLanguage\":\"es\"},{\"@type\":\"Organization\",\"@id\":\"https:\/\/www.cuscoairporttransport.com\/es\/#organization\",\"name\":\"Traslados Aeropuerto a Hotel en Cusco\",\"url\":\"https:\/\/www.cuscoairporttransport.com\/es\/\",\"logo\":{\"@type\":\"ImageObject\",\"inLanguage\":\"es\",\"@id\":\"https:\/\/www.cuscoairporttransport.com\/es\/#\/schema\/logo\/image\/\",\"url\":\"https:\/\/www.cuscoairporttransport.com\/es\/wp-content\/uploads\/2019\/10\/cuscoairporttransport.jpg\",\"contentUrl\":\"https:\/\/www.cuscoairporttransport.com\/es\/wp-content\/uploads\/2019\/10\/cuscoairporttransport.jpg\",\"width\":348,\"height\":113,\"caption\":\"Traslados Aeropuerto a Hotel en Cusco\"},\"image\":{\"@id\":\"https:\/\/www.cuscoairporttransport.com\/es\/#\/schema\/logo\/image\/\"},\"sameAs\":[\"https:\/\/www.facebook.com\/cuscoairport\",\"https:\/\/www.instagram.com\/cuscoairporttransport\/\"]}]}<\/script>\n<!-- \/ Yoast SEO plugin. -->","yoast_head_json":{"title":"Traslado privado Cusco a Aranwa Valle Sagrado","description":"Traslado privado Cusco a Aranwa Valle Sagrado. Servicio de transporte privado desde Cusco o aeropuertp Cusco a Aranwa Valle Sagrado ubicado en Urubamba.","robots":{"index":"index","follow":"follow","max-snippet":"max-snippet:-1","max-image-preview":"max-image-preview:large","max-video-preview":"max-video-preview:-1"},"canonical":"https:\/\/www.cuscoairporttransport.com\/es\/tours\/traslado-privado-cusco-a-aranwa-valle-sagrado\/","og_locale":"es_ES","og_type":"article","og_title":"Traslado privado Cusco a Aranwa Valle Sagrado","og_description":"Traslado privado Cusco a Aranwa Valle Sagrado. Servicio de transporte privado desde Cusco o aeropuertp Cusco a Aranwa Valle Sagrado ubicado en Urubamba.","og_url":"https:\/\/www.cuscoairporttransport.com\/es\/tours\/traslado-privado-cusco-a-aranwa-valle-sagrado\/","og_site_name":"Traslados privados Cusco","article_publisher":"https:\/\/www.facebook.com\/cuscoairport","article_modified_time":"2025-10-16T22:17:37+00:00","og_image":[{"width":2000,"height":726,"url":"https:\/\/www.cuscoairporttransport.com\/es\/wp-content\/uploads\/2025\/10\/aranwa-valle-sagrado-transporte.jpg","type":"image\/jpeg"}],"twitter_card":"summary_large_image","twitter_misc":{"Tiempo de lectura":"2 minutos"},"schema":{"@context":"https:\/\/schema.org","@graph":[{"@type":"WebPage","@id":"https:\/\/www.cuscoairporttransport.com\/es\/tours\/traslado-privado-cusco-a-aranwa-valle-sagrado\/","url":"https:\/\/www.cuscoairporttransport.com\/es\/tours\/traslado-privado-cusco-a-aranwa-valle-sagrado\/","name":"Traslado privado Cusco a Aranwa Valle Sagrado","isPartOf":{"@id":"https:\/\/www.cuscoairporttransport.com\/es\/#website"},"primaryImageOfPage":{"@id":"https:\/\/www.cuscoairporttransport.com\/es\/tours\/traslado-privado-cusco-a-aranwa-valle-sagrado\/#primaryimage"},"image":{"@id":"https:\/\/www.cuscoairporttransport.com\/es\/tours\/traslado-privado-cusco-a-aranwa-valle-sagrado\/#primaryimage"},"thumbnailUrl":"https:\/\/www.cuscoairporttransport.com\/es\/wp-content\/uploads\/2025\/10\/aranwa-valle-sagrado-transporte.jpg","datePublished":"2025-10-16T22:13:58+00:00","dateModified":"2025-10-16T22:17:37+00:00","description":"Traslado privado Cusco a Aranwa Valle Sagrado. Servicio de transporte privado desde Cusco o aeropuertp Cusco a Aranwa Valle Sagrado ubicado en Urubamba.","breadcrumb":{"@id":"https:\/\/www.cuscoairporttransport.com\/es\/tours\/traslado-privado-cusco-a-aranwa-valle-sagrado\/#breadcrumb"},"inLanguage":"es","potentialAction":[{"@type":"ReadAction","target":["https:\/\/www.cuscoairporttransport.com\/es\/tours\/traslado-privado-cusco-a-aranwa-valle-sagrado\/"]}]},{"@type":"ImageObject","inLanguage":"es","@id":"https:\/\/www.cuscoairporttransport.com\/es\/tours\/traslado-privado-cusco-a-aranwa-valle-sagrado\/#primaryimage","url":"https:\/\/www.cuscoairporttransport.com\/es\/wp-content\/uploads\/2025\/10\/aranwa-valle-sagrado-transporte.jpg","contentUrl":"https:\/\/www.cuscoairporttransport.com\/es\/wp-content\/uploads\/2025\/10\/aranwa-valle-sagrado-transporte.jpg","width":2000,"height":726,"caption":"aranwa valle sagrado transporte"},{"@type":"BreadcrumbList","@id":"https:\/\/www.cuscoairporttransport.com\/es\/tours\/traslado-privado-cusco-a-aranwa-valle-sagrado\/#breadcrumb","itemListElement":[{"@type":"ListItem","position":1,"name":"Portada","item":"https:\/\/www.cuscoairporttransport.com\/es\/"},{"@type":"ListItem","position":2,"name":"Productos","item":"https:\/\/www.cuscoairporttransport.com\/es\/shop\/"},{"@type":"ListItem","position":3,"name":"Traslado privado Cusco a Aranwa Valle Sagrado"}]},{"@type":"WebSite","@id":"https:\/\/www.cuscoairporttransport.com\/es\/#website","url":"https:\/\/www.cuscoairporttransport.com\/es\/","name":"Traslados Aeropuerto a Hotel en Cusco","description":"","publisher":{"@id":"https:\/\/www.cuscoairporttransport.com\/es\/#organization"},"potentialAction":[{"@type":"SearchAction","target":{"@type":"EntryPoint","urlTemplate":"https:\/\/www.cuscoairporttransport.com\/es\/?s={search_term_string}"},"query-input":{"@type":"PropertyValueSpecification","valueRequired":true,"valueName":"search_term_string"}}],"inLanguage":"es"},{"@type":"Organization","@id":"https:\/\/www.cuscoairporttransport.com\/es\/#organization","name":"Traslados Aeropuerto a Hotel en Cusco","url":"https:\/\/www.cuscoairporttransport.com\/es\/","logo":{"@type":"ImageObject","inLanguage":"es","@id":"https:\/\/www.cuscoairporttransport.com\/es\/#\/schema\/logo\/image\/","url":"https:\/\/www.cuscoairporttransport.com\/es\/wp-content\/uploads\/2019\/10\/cuscoairporttransport.jpg","contentUrl":"https:\/\/www.cuscoairporttransport.com\/es\/wp-content\/uploads\/2019\/10\/cuscoairporttransport.jpg","width":348,"height":113,"caption":"Traslados Aeropuerto a Hotel en Cusco"},"image":{"@id":"https:\/\/www.cuscoairporttransport.com\/es\/#\/schema\/logo\/image\/"},"sameAs":["https:\/\/www.facebook.com\/cuscoairport","https:\/\/www.instagram.com\/cuscoairporttransport\/"]}]}},"_links":{"self":[{"href":"https:\/\/www.cuscoairporttransport.com\/es\/wp-json\/wp\/v2\/product\/959","targetHints":{"allow":["GET"]}}],"collection":[{"href":"https:\/\/www.cuscoairporttransport.com\/es\/wp-json\/wp\/v2\/product"}],"about":[{"href":"https:\/\/www.cuscoairporttransport.com\/es\/wp-json\/wp\/v2\/types\/product"}],"replies":[{"embeddable":true,"href":"https:\/\/www.cuscoairporttransport.com\/es\/wp-json\/wp\/v2\/comments?post=959"}],"wp:featuredmedia":[{"embeddable":true,"href":"https:\/\/www.cuscoairporttransport.com\/es\/wp-json\/wp\/v2\/media\/960"}],"wp:attachment":[{"href":"https:\/\/www.cuscoairporttransport.com\/es\/wp-json\/wp\/v2\/media?parent=959"}],"wp:term":[{"taxonomy":"product_brand","embeddable":true,"href":"https:\/\/www.cuscoairporttransport.com\/es\/wp-json\/wp\/v2\/product_brand?post=959"},{"taxonomy":"product_cat","embeddable":true,"href":"https:\/\/www.cuscoairporttransport.com\/es\/wp-json\/wp\/v2\/product_cat?post=959"},{"taxonomy":"product_tag","embeddable":true,"href":"https:\/\/www.cuscoairporttransport.com\/es\/wp-json\/wp\/v2\/product_tag?post=959"}],"curies":[{"name":"wp","href":"https:\/\/api.w.org\/{rel}","templated":true}]}}