{"id":964,"date":"2025-10-23T13:11:14","date_gmt":"2025-10-23T13:11:14","guid":{"rendered":"https:\/\/www.cuscoairporttransport.com\/es\/?post_type=product&#038;p=964"},"modified":"2025-10-23T13:18:56","modified_gmt":"2025-10-23T13:18:56","slug":"traslado-cusco-a-urubamba-con-paradas","status":"publish","type":"product","link":"https:\/\/www.cuscoairporttransport.com\/es\/tours\/traslado-cusco-a-urubamba-con-paradas\/","title":{"rendered":"Traslado Cusco a Urubamba con paradas"},"content":{"rendered":"<p><strong>Traslado Cusco a Urubamba con paradas<\/strong>. Varios viajeros optan por alojarse en Urubamba y antes de llegar a su destino optan por realizar algunas paradas en el camino y nuestra agencia de transporte puede ayudarte con tu traslado desde Cusco o <a href=\"https:\/\/www.cuscoairporttransport.com\/es\/traslado-cusco-a-urubamba\/\" target=\"_blank\" rel=\"noopener\">Aeropuerto Cusco a Urubamba<\/a> realizando paradas en el camino. La <a href=\"https:\/\/www.cuscoairporttransport.com\/es\/tours\/privado-traslado-cusco-a-urubamba\/\" target=\"_blank\" rel=\"noopener\">ciudad de Urubamba<\/a> se encuentra en el <a href=\"https:\/\/www.cuscoairporttransport.com\/es\/trasporte-privado-aeropuerto-cusco-a-valle-sagrado-con-paradas\/\" target=\"_blank\" rel=\"noopener\">valle sagrado de los Incas<\/a> a 1 hora y media aproximadamente de la ciudad del Cusco.<\/p>\n<h2>Cusco a Urubamba con paradas<\/h2>\n<p><strong>De Cusco a Urubamba<\/strong> podemos hacer paradas en:<\/p>\n<p><strong>Ruta 1<\/strong>: <a href=\"https:\/\/www.cuscoairporttransport.com\/es\/tours\/traslado-privado-cusco-a-pisac\/\" target=\"_blank\" rel=\"noopener\">Pisac<\/a> y Mercado Pisac<br \/>\n<strong>Ruta 2<\/strong>: Chinchero, Salinera de Maras, Andenes de Moray y <a href=\"https:\/\/www.mountainpalcoyo.com\/es\/aeropuerto-cusco-a-estacion-de-ollantaytambo-ida-y-vuelta\/\" target=\"_blank\" rel=\"noopener\">Ollantaytambo<\/a>.<\/p>\n<p>Tambi\u00e9n puedes escoger los destinos que deseas visitar y nuestros agentes te ayudaran r\u00e1pidamente. Una de las ventajas de solicitar tu traslado privado es que tendr\u00e1s m\u00e1s tiempo en visitar los atractivos tur\u00edsticos.<\/p>\n<table style=\"height: 86px;\" width=\"240\">\n<tbody>\n<tr>\n<td style=\"background-color: #ff3333; border-color: #ff3333; text-align: center;\"><a href=\"https:\/\/wa.me\/51989694842\"><span style=\"color: #ffffff;\">WhatsApp: Reservar<\/span><\/a><\/td>\n<\/tr>\n<tr>\n<td style=\"border-color: #ffffff;\"><\/td>\n<\/tr>\n<\/tbody>\n<\/table>\n<p><strong>Incluye<\/strong><br \/>\n<i class=\"fa fa-check icon-tick icon-tick--on\"><\/i> Recojo en <a href=\"https:\/\/www.trasladosaeropuertocusco.com\/tours\/traslado-aeropuerto-cusco-a-hotel-en-cusco\/\" target=\"_blank\" rel=\"noopener\">Aeropuerto Cusco<\/a> \/ Hotel en Cusco (Indicar direcci\u00f3n)<br \/>\n<i class=\"fa fa-check icon-tick icon-tick--on\"><\/i> Movilidad y Conductor<br \/>\n<i class=\"fa fa-check icon-tick icon-tick--on\"><\/i> Drop off en Urubamba (Indicar direcci\u00f3n)<\/p>\n<p><strong>No Incluye<\/strong>:<br \/>\n<i class=\"fa fa-times icon-tick icon-tick--off\"><\/i> Seguro de viaje y otros servicios no mencionados.<\/p>\n<p><strong>Servicios adicionales<\/strong>:<br \/>\n\u2022 Gu\u00eda profesional certificado<br \/>\n\u2022 Almuerzo buffet<\/p>\n<p>Selecciona los atractivos tur\u00edsticos que deseas visitar en el camino. Recuerda que para visitar los atractivos tur\u00edsticos del <a href=\"https:\/\/www.donperutours.com\/es\/tours\/privado-traslado-cusco-a-valle-sagrado-de-los-incas\/\" target=\"_blank\" rel=\"noopener\">Valle Sagrado<\/a> de los Incas necesitaras el boleto tur\u00edstico del Cusco parcial y puedes adquirirlo el mismo d\u00eda. Se recomienda llevar efectivo soles ya que no aceptan tarjeta de cr\u00e9dito \/ d\u00e9bito.<\/p>\n<p>Contamos con diferentes tipos de veh\u00edculos ideales para viajeros solitarios, amigos, parejas, familias y promociones escolares.<\/p>\n<p><img loading=\"lazy\" decoding=\"async\" class=\"alignnone size-full wp-image-966\" src=\"https:\/\/www.cuscoairporttransport.com\/es\/wp-content\/uploads\/2025\/10\/transporte-urubamba.jpg\" alt=\"transporte urubamba\" width=\"1440\" height=\"1910\" srcset=\"https:\/\/www.cuscoairporttransport.com\/es\/wp-content\/uploads\/2025\/10\/transporte-urubamba.jpg 1440w, https:\/\/www.cuscoairporttransport.com\/es\/wp-content\/uploads\/2025\/10\/transporte-urubamba-226x300.jpg 226w, https:\/\/www.cuscoairporttransport.com\/es\/wp-content\/uploads\/2025\/10\/transporte-urubamba-772x1024.jpg 772w, https:\/\/www.cuscoairporttransport.com\/es\/wp-content\/uploads\/2025\/10\/transporte-urubamba-768x1019.jpg 768w, https:\/\/www.cuscoairporttransport.com\/es\/wp-content\/uploads\/2025\/10\/transporte-urubamba-1158x1536.jpg 1158w, https:\/\/www.cuscoairporttransport.com\/es\/wp-content\/uploads\/2025\/10\/transporte-urubamba-600x796.jpg 600w\" sizes=\"auto, (max-width: 1440px) 100vw, 1440px\" \/> <img loading=\"lazy\" decoding=\"async\" class=\"alignnone size-full wp-image-967\" src=\"https:\/\/www.cuscoairporttransport.com\/es\/wp-content\/uploads\/2025\/10\/maras-valle-sagrado-de-los-incas.jpg\" alt=\"maras valle sagrado de los incas\" width=\"1440\" height=\"1910\" srcset=\"https:\/\/www.cuscoairporttransport.com\/es\/wp-content\/uploads\/2025\/10\/maras-valle-sagrado-de-los-incas.jpg 1440w, https:\/\/www.cuscoairporttransport.com\/es\/wp-content\/uploads\/2025\/10\/maras-valle-sagrado-de-los-incas-226x300.jpg 226w, https:\/\/www.cuscoairporttransport.com\/es\/wp-content\/uploads\/2025\/10\/maras-valle-sagrado-de-los-incas-772x1024.jpg 772w, https:\/\/www.cuscoairporttransport.com\/es\/wp-content\/uploads\/2025\/10\/maras-valle-sagrado-de-los-incas-768x1019.jpg 768w, https:\/\/www.cuscoairporttransport.com\/es\/wp-content\/uploads\/2025\/10\/maras-valle-sagrado-de-los-incas-1158x1536.jpg 1158w, https:\/\/www.cuscoairporttransport.com\/es\/wp-content\/uploads\/2025\/10\/maras-valle-sagrado-de-los-incas-600x796.jpg 600w\" sizes=\"auto, (max-width: 1440px) 100vw, 1440px\" \/> <img loading=\"lazy\" decoding=\"async\" class=\"alignnone size-full wp-image-968\" src=\"https:\/\/www.cuscoairporttransport.com\/es\/wp-content\/uploads\/2025\/10\/moray-valle-sagrado.jpg\" alt=\"moray valle sagrado\" width=\"1440\" height=\"1910\" srcset=\"https:\/\/www.cuscoairporttransport.com\/es\/wp-content\/uploads\/2025\/10\/moray-valle-sagrado.jpg 1440w, https:\/\/www.cuscoairporttransport.com\/es\/wp-content\/uploads\/2025\/10\/moray-valle-sagrado-226x300.jpg 226w, https:\/\/www.cuscoairporttransport.com\/es\/wp-content\/uploads\/2025\/10\/moray-valle-sagrado-772x1024.jpg 772w, https:\/\/www.cuscoairporttransport.com\/es\/wp-content\/uploads\/2025\/10\/moray-valle-sagrado-768x1019.jpg 768w, https:\/\/www.cuscoairporttransport.com\/es\/wp-content\/uploads\/2025\/10\/moray-valle-sagrado-1158x1536.jpg 1158w, https:\/\/www.cuscoairporttransport.com\/es\/wp-content\/uploads\/2025\/10\/moray-valle-sagrado-600x796.jpg 600w\" sizes=\"auto, (max-width: 1440px) 100vw, 1440px\" \/><\/p>\n","protected":false},"excerpt":{"rendered":"<div class=\"padding-top text-center\"><a href=\"https:\/\/www.cuscoairporttransport.com\/es\/tours\/traslado-cusco-a-urubamba-con-paradas\/\" class=\"atbtn atbtn--medium atbtn--rounded atbtn--transparent\">Continuar lectura<i class=\"atbtn__icon atbtn__icon--right fa fa-long-arrow-right\"><\/i><\/a><\/div>\n","protected":false},"featured_media":965,"comment_status":"closed","ping_status":"closed","template":"","meta":[],"product_brand":[],"product_cat":[18],"product_tag":[],"class_list":{"0":"post-964","1":"product","2":"type-product","3":"status-publish","4":"has-post-thumbnail","6":"product_cat-traslados-cusco","7":"tour_category-cusco-traslados","9":"first","10":"instock","11":"shipping-taxable","12":"product-type-tour"},"yoast_head":"<!-- This site is optimized with the Yoast SEO plugin v27.1.1 - https:\/\/yoast.com\/product\/yoast-seo-wordpress\/ -->\n<title>Traslado Cusco a Urubamba con paradas<\/title>\n<meta name=\"description\" content=\"Traslado Cusco a Urubamba con paradas. Servicio de transporte privado desde Cusco o Aeropuerto Cusco a Urubamba con paradas en el camino!\" \/>\n<meta name=\"robots\" content=\"index, follow, max-snippet:-1, max-image-preview:large, max-video-preview:-1\" \/>\n<link rel=\"canonical\" href=\"https:\/\/www.cuscoairporttransport.com\/es\/tours\/traslado-cusco-a-urubamba-con-paradas\/\" \/>\n<meta property=\"og:locale\" content=\"es_ES\" \/>\n<meta property=\"og:type\" content=\"article\" \/>\n<meta property=\"og:title\" content=\"Traslado Cusco a Urubamba con paradas\" \/>\n<meta property=\"og:description\" content=\"Traslado Cusco a Urubamba con paradas. Servicio de transporte privado desde Cusco o Aeropuerto Cusco a Urubamba con paradas en el camino!\" \/>\n<meta property=\"og:url\" content=\"https:\/\/www.cuscoairporttransport.com\/es\/tours\/traslado-cusco-a-urubamba-con-paradas\/\" \/>\n<meta property=\"og:site_name\" content=\"Traslados privados Cusco\" \/>\n<meta property=\"article:publisher\" content=\"https:\/\/www.facebook.com\/cuscoairport\" \/>\n<meta property=\"article:modified_time\" content=\"2025-10-23T13:18:56+00:00\" \/>\n<meta property=\"og:image\" content=\"https:\/\/www.cuscoairporttransport.com\/es\/wp-content\/uploads\/2025\/10\/cusco-a-urubamba.jpg\" \/>\n\t<meta property=\"og:image:width\" content=\"2000\" \/>\n\t<meta property=\"og:image:height\" content=\"726\" \/>\n\t<meta property=\"og:image:type\" content=\"image\/jpeg\" \/>\n<meta name=\"twitter:card\" content=\"summary_large_image\" \/>\n<meta name=\"twitter:label1\" content=\"Tiempo de lectura\" \/>\n\t<meta name=\"twitter:data1\" content=\"2 minutos\" \/>\n<script type=\"application\/ld+json\" class=\"yoast-schema-graph\">{\"@context\":\"https:\/\/schema.org\",\"@graph\":[{\"@type\":\"WebPage\",\"@id\":\"https:\/\/www.cuscoairporttransport.com\/es\/tours\/traslado-cusco-a-urubamba-con-paradas\/\",\"url\":\"https:\/\/www.cuscoairporttransport.com\/es\/tours\/traslado-cusco-a-urubamba-con-paradas\/\",\"name\":\"Traslado Cusco a Urubamba con paradas\",\"isPartOf\":{\"@id\":\"https:\/\/www.cuscoairporttransport.com\/es\/#website\"},\"primaryImageOfPage\":{\"@id\":\"https:\/\/www.cuscoairporttransport.com\/es\/tours\/traslado-cusco-a-urubamba-con-paradas\/#primaryimage\"},\"image\":{\"@id\":\"https:\/\/www.cuscoairporttransport.com\/es\/tours\/traslado-cusco-a-urubamba-con-paradas\/#primaryimage\"},\"thumbnailUrl\":\"https:\/\/www.cuscoairporttransport.com\/es\/wp-content\/uploads\/2025\/10\/cusco-a-urubamba.jpg\",\"datePublished\":\"2025-10-23T13:11:14+00:00\",\"dateModified\":\"2025-10-23T13:18:56+00:00\",\"description\":\"Traslado Cusco a Urubamba con paradas. Servicio de transporte privado desde Cusco o Aeropuerto Cusco a Urubamba con paradas en el camino!\",\"breadcrumb\":{\"@id\":\"https:\/\/www.cuscoairporttransport.com\/es\/tours\/traslado-cusco-a-urubamba-con-paradas\/#breadcrumb\"},\"inLanguage\":\"es\",\"potentialAction\":[{\"@type\":\"ReadAction\",\"target\":[\"https:\/\/www.cuscoairporttransport.com\/es\/tours\/traslado-cusco-a-urubamba-con-paradas\/\"]}]},{\"@type\":\"ImageObject\",\"inLanguage\":\"es\",\"@id\":\"https:\/\/www.cuscoairporttransport.com\/es\/tours\/traslado-cusco-a-urubamba-con-paradas\/#primaryimage\",\"url\":\"https:\/\/www.cuscoairporttransport.com\/es\/wp-content\/uploads\/2025\/10\/cusco-a-urubamba.jpg\",\"contentUrl\":\"https:\/\/www.cuscoairporttransport.com\/es\/wp-content\/uploads\/2025\/10\/cusco-a-urubamba.jpg\",\"width\":2000,\"height\":726,\"caption\":\"cusco a urubamba\"},{\"@type\":\"BreadcrumbList\",\"@id\":\"https:\/\/www.cuscoairporttransport.com\/es\/tours\/traslado-cusco-a-urubamba-con-paradas\/#breadcrumb\",\"itemListElement\":[{\"@type\":\"ListItem\",\"position\":1,\"name\":\"Portada\",\"item\":\"https:\/\/www.cuscoairporttransport.com\/es\/\"},{\"@type\":\"ListItem\",\"position\":2,\"name\":\"Productos\",\"item\":\"https:\/\/www.cuscoairporttransport.com\/es\/shop\/\"},{\"@type\":\"ListItem\",\"position\":3,\"name\":\"Traslado Cusco a Urubamba con paradas\"}]},{\"@type\":\"WebSite\",\"@id\":\"https:\/\/www.cuscoairporttransport.com\/es\/#website\",\"url\":\"https:\/\/www.cuscoairporttransport.com\/es\/\",\"name\":\"Traslados Aeropuerto a Hotel en Cusco\",\"description\":\"\",\"publisher\":{\"@id\":\"https:\/\/www.cuscoairporttransport.com\/es\/#organization\"},\"potentialAction\":[{\"@type\":\"SearchAction\",\"target\":{\"@type\":\"EntryPoint\",\"urlTemplate\":\"https:\/\/www.cuscoairporttransport.com\/es\/?s={search_term_string}\"},\"query-input\":{\"@type\":\"PropertyValueSpecification\",\"valueRequired\":true,\"valueName\":\"search_term_string\"}}],\"inLanguage\":\"es\"},{\"@type\":\"Organization\",\"@id\":\"https:\/\/www.cuscoairporttransport.com\/es\/#organization\",\"name\":\"Traslados Aeropuerto a Hotel en Cusco\",\"url\":\"https:\/\/www.cuscoairporttransport.com\/es\/\",\"logo\":{\"@type\":\"ImageObject\",\"inLanguage\":\"es\",\"@id\":\"https:\/\/www.cuscoairporttransport.com\/es\/#\/schema\/logo\/image\/\",\"url\":\"https:\/\/www.cuscoairporttransport.com\/es\/wp-content\/uploads\/2019\/10\/cuscoairporttransport.jpg\",\"contentUrl\":\"https:\/\/www.cuscoairporttransport.com\/es\/wp-content\/uploads\/2019\/10\/cuscoairporttransport.jpg\",\"width\":348,\"height\":113,\"caption\":\"Traslados Aeropuerto a Hotel en Cusco\"},\"image\":{\"@id\":\"https:\/\/www.cuscoairporttransport.com\/es\/#\/schema\/logo\/image\/\"},\"sameAs\":[\"https:\/\/www.facebook.com\/cuscoairport\",\"https:\/\/www.instagram.com\/cuscoairporttransport\/\"]}]}<\/script>\n<!-- \/ Yoast SEO plugin. -->","yoast_head_json":{"title":"Traslado Cusco a Urubamba con paradas","description":"Traslado Cusco a Urubamba con paradas. Servicio de transporte privado desde Cusco o Aeropuerto Cusco a Urubamba con paradas en el camino!","robots":{"index":"index","follow":"follow","max-snippet":"max-snippet:-1","max-image-preview":"max-image-preview:large","max-video-preview":"max-video-preview:-1"},"canonical":"https:\/\/www.cuscoairporttransport.com\/es\/tours\/traslado-cusco-a-urubamba-con-paradas\/","og_locale":"es_ES","og_type":"article","og_title":"Traslado Cusco a Urubamba con paradas","og_description":"Traslado Cusco a Urubamba con paradas. Servicio de transporte privado desde Cusco o Aeropuerto Cusco a Urubamba con paradas en el camino!","og_url":"https:\/\/www.cuscoairporttransport.com\/es\/tours\/traslado-cusco-a-urubamba-con-paradas\/","og_site_name":"Traslados privados Cusco","article_publisher":"https:\/\/www.facebook.com\/cuscoairport","article_modified_time":"2025-10-23T13:18:56+00:00","og_image":[{"width":2000,"height":726,"url":"https:\/\/www.cuscoairporttransport.com\/es\/wp-content\/uploads\/2025\/10\/cusco-a-urubamba.jpg","type":"image\/jpeg"}],"twitter_card":"summary_large_image","twitter_misc":{"Tiempo de lectura":"2 minutos"},"schema":{"@context":"https:\/\/schema.org","@graph":[{"@type":"WebPage","@id":"https:\/\/www.cuscoairporttransport.com\/es\/tours\/traslado-cusco-a-urubamba-con-paradas\/","url":"https:\/\/www.cuscoairporttransport.com\/es\/tours\/traslado-cusco-a-urubamba-con-paradas\/","name":"Traslado Cusco a Urubamba con paradas","isPartOf":{"@id":"https:\/\/www.cuscoairporttransport.com\/es\/#website"},"primaryImageOfPage":{"@id":"https:\/\/www.cuscoairporttransport.com\/es\/tours\/traslado-cusco-a-urubamba-con-paradas\/#primaryimage"},"image":{"@id":"https:\/\/www.cuscoairporttransport.com\/es\/tours\/traslado-cusco-a-urubamba-con-paradas\/#primaryimage"},"thumbnailUrl":"https:\/\/www.cuscoairporttransport.com\/es\/wp-content\/uploads\/2025\/10\/cusco-a-urubamba.jpg","datePublished":"2025-10-23T13:11:14+00:00","dateModified":"2025-10-23T13:18:56+00:00","description":"Traslado Cusco a Urubamba con paradas. Servicio de transporte privado desde Cusco o Aeropuerto Cusco a Urubamba con paradas en el camino!","breadcrumb":{"@id":"https:\/\/www.cuscoairporttransport.com\/es\/tours\/traslado-cusco-a-urubamba-con-paradas\/#breadcrumb"},"inLanguage":"es","potentialAction":[{"@type":"ReadAction","target":["https:\/\/www.cuscoairporttransport.com\/es\/tours\/traslado-cusco-a-urubamba-con-paradas\/"]}]},{"@type":"ImageObject","inLanguage":"es","@id":"https:\/\/www.cuscoairporttransport.com\/es\/tours\/traslado-cusco-a-urubamba-con-paradas\/#primaryimage","url":"https:\/\/www.cuscoairporttransport.com\/es\/wp-content\/uploads\/2025\/10\/cusco-a-urubamba.jpg","contentUrl":"https:\/\/www.cuscoairporttransport.com\/es\/wp-content\/uploads\/2025\/10\/cusco-a-urubamba.jpg","width":2000,"height":726,"caption":"cusco a urubamba"},{"@type":"BreadcrumbList","@id":"https:\/\/www.cuscoairporttransport.com\/es\/tours\/traslado-cusco-a-urubamba-con-paradas\/#breadcrumb","itemListElement":[{"@type":"ListItem","position":1,"name":"Portada","item":"https:\/\/www.cuscoairporttransport.com\/es\/"},{"@type":"ListItem","position":2,"name":"Productos","item":"https:\/\/www.cuscoairporttransport.com\/es\/shop\/"},{"@type":"ListItem","position":3,"name":"Traslado Cusco a Urubamba con paradas"}]},{"@type":"WebSite","@id":"https:\/\/www.cuscoairporttransport.com\/es\/#website","url":"https:\/\/www.cuscoairporttransport.com\/es\/","name":"Traslados Aeropuerto a Hotel en Cusco","description":"","publisher":{"@id":"https:\/\/www.cuscoairporttransport.com\/es\/#organization"},"potentialAction":[{"@type":"SearchAction","target":{"@type":"EntryPoint","urlTemplate":"https:\/\/www.cuscoairporttransport.com\/es\/?s={search_term_string}"},"query-input":{"@type":"PropertyValueSpecification","valueRequired":true,"valueName":"search_term_string"}}],"inLanguage":"es"},{"@type":"Organization","@id":"https:\/\/www.cuscoairporttransport.com\/es\/#organization","name":"Traslados Aeropuerto a Hotel en Cusco","url":"https:\/\/www.cuscoairporttransport.com\/es\/","logo":{"@type":"ImageObject","inLanguage":"es","@id":"https:\/\/www.cuscoairporttransport.com\/es\/#\/schema\/logo\/image\/","url":"https:\/\/www.cuscoairporttransport.com\/es\/wp-content\/uploads\/2019\/10\/cuscoairporttransport.jpg","contentUrl":"https:\/\/www.cuscoairporttransport.com\/es\/wp-content\/uploads\/2019\/10\/cuscoairporttransport.jpg","width":348,"height":113,"caption":"Traslados Aeropuerto a Hotel en Cusco"},"image":{"@id":"https:\/\/www.cuscoairporttransport.com\/es\/#\/schema\/logo\/image\/"},"sameAs":["https:\/\/www.facebook.com\/cuscoairport","https:\/\/www.instagram.com\/cuscoairporttransport\/"]}]}},"_links":{"self":[{"href":"https:\/\/www.cuscoairporttransport.com\/es\/wp-json\/wp\/v2\/product\/964","targetHints":{"allow":["GET"]}}],"collection":[{"href":"https:\/\/www.cuscoairporttransport.com\/es\/wp-json\/wp\/v2\/product"}],"about":[{"href":"https:\/\/www.cuscoairporttransport.com\/es\/wp-json\/wp\/v2\/types\/product"}],"replies":[{"embeddable":true,"href":"https:\/\/www.cuscoairporttransport.com\/es\/wp-json\/wp\/v2\/comments?post=964"}],"wp:featuredmedia":[{"embeddable":true,"href":"https:\/\/www.cuscoairporttransport.com\/es\/wp-json\/wp\/v2\/media\/965"}],"wp:attachment":[{"href":"https:\/\/www.cuscoairporttransport.com\/es\/wp-json\/wp\/v2\/media?parent=964"}],"wp:term":[{"taxonomy":"product_brand","embeddable":true,"href":"https:\/\/www.cuscoairporttransport.com\/es\/wp-json\/wp\/v2\/product_brand?post=964"},{"taxonomy":"product_cat","embeddable":true,"href":"https:\/\/www.cuscoairporttransport.com\/es\/wp-json\/wp\/v2\/product_cat?post=964"},{"taxonomy":"product_tag","embeddable":true,"href":"https:\/\/www.cuscoairporttransport.com\/es\/wp-json\/wp\/v2\/product_tag?post=964"}],"curies":[{"name":"wp","href":"https:\/\/api.w.org\/{rel}","templated":true}]}}